{"id":2815,"date":"2024-04-12T15:44:12","date_gmt":"2024-04-12T07:44:12","guid":{"rendered":"https:\/\/www.okval.com\/?post_type=product&#038;p=2815"},"modified":"2025-10-28T11:09:27","modified_gmt":"2025-10-28T03:09:27","slug":"%d1%81%d0%b5%d0%b4%d0%b5%d0%bb%d1%8c%d0%bd%d1%8b%d0%b9-%d1%85%d0%be%d0%bc%d1%83%d1%82-%d0%b4%d0%bb%d1%8f-%d1%82%d1%80%d1%83%d0%b1%d1%8b-%d0%bf%d0%b2%d1%85","status":"publish","type":"product","link":"https:\/\/www.okval.com\/ru\/%d1%85%d0%be%d0%bc%d1%83%d1%82-%d1%81%d0%b5%d0%b4%d0%bb%d0%be%d0%b2%d0%b8%d0%b4%d0%bd%d1%8b%d0%b9-%d0%b4%d0%bb%d1%8f-%d1%82%d1%80%d1%83%d0%b1%d1%8b-%d0%bf%d0%b2%d1%85-html","title":{"rendered":"Saddle Clamp for PVC HDPE Pipe"},"content":{"rendered":"<p><span class=\"fontstyle0\">\u25a0 \u041e\u0441\u043e\u0431\u0435\u043d\u043d\u043e\u0441\u0442\u0438<br \/>\n<\/span><span class=\"fontstyle2\">\u00b7 \u042d\u043f\u043e\u043a\u0441\u0438\u0434\u043d\u043e\u0435 \u043f\u043e\u043a\u0440\u044b\u0442\u0438\u0435 \u043c\u0438\u043d. 250 \u043c\u0438\u043a\u0440\u043e\u043d.<br \/>\n\u00b7 \u0420\u0430\u0431\u043e\u0447\u0435\u0435 \u0434\u0430\u0432\u043b\u0435\u043d\u0438\u0435 PN10, PN16<\/span><span class=\"fontstyle3\">.<\/span><\/p>\n<p><span class=\"fontstyle0\">\u25a0 \u041e\u0441\u043d\u043e\u0432\u043d\u044b\u0435 \u0434\u0435\u0442\u0430\u043b\u0438 \u0438 \u043c\u0430\u0442\u0435\u0440\u0438\u0430\u043b\u044b<br \/>\n<\/span><span class=\"fontstyle2\">\u00b7 \u041c\u0430\u0442\u0435\u0440\u0438\u0430\u043b \u0438\u0437 \u043a\u043e\u0432\u043a\u043e\u0433\u043e \u0447\u0443\u0433\u0443\u043d\u0430 \u0441 \u043f\u043e\u043a\u0440\u044b\u0442\u0438\u0435\u043c FBE.<br \/>\n\u00b7 \u0411\u043e\u043b\u0442\u044b, \u0433\u0430\u0439\u043a\u0438 \u0438\u0437 \u043e\u0446\u0438\u043d\u043a\u043e\u0432\u0430\u043d\u043d\u043e\u0439 \u0441\u0442\u0430\u043b\u0438.<br \/>\n<\/span><span class=\"fontstyle0\">\u25a0 \u041f\u0440\u043e\u043a\u043b\u0430\u0434\u043a\u0430<br \/>\n<\/span><span class=\"fontstyle2\">\u00b7 \u041f\u0440\u043e\u043a\u043b\u0430\u0434\u043a\u0430 EPDM<br \/>\n<\/span><span class=\"fontstyle0\">\u25a0 \u0420\u0430\u0437\u043c\u0435\u0440\u044b (\u043c\u043c)<br \/>\n<\/span><\/p>\n<p>Collar\u00edn salida rosca para tuber\u00eda pl\u00e1stica<br \/>\nSoluci\u00f3n r\u00e1pida y fiable para realizar derivaciones y tomas en tuber\u00edas de PVC y PE.<\/p>\n<p>Amplia gama que cubre desde 40 hasta 315 mil\u00edmetros<br \/>\nMecanismo de ajuste m\u00e1ximo del tornillo consiguiendo la estanqueidad<br \/>\nPresi\u00f3n de trabajo PN10 y PN16<br \/>\nFundici\u00f3n nodular GGG50<br \/>\nRevestimiento epoxi de 250\u03bcm de media<br \/>\nTorniller\u00eda inoxidable y juntas de goma EPDM aptas para agua potable<br \/>\nPara instalaci\u00f3n sobre tubos seg\u00fan normas:<br \/>\nPE: EN 12201 \/ ISO 3607 \/ ISO 14236 \/ DIN 8072 \/ DIN 8074 \/ UNI 10910<br \/>\nPP: ISO 3609 \/ DIN 8077 \/ UNI 8318<br \/>\nPVC: EN 1452-2<\/p>\n<table width=\"790\">\n<tbody>\n<tr>\n<td width=\"511\">COLLARIN PARA PVC\/PE DN 40 X 3\/4&#8243; PN16<\/td>\n<td width=\"279\">DN40 X 3\/4&#8243;<\/td>\n<\/tr>\n<tr>\n<td>COLLARIN PARA PVC\/PE DN 40 X 1&#8243; PN16<\/td>\n<td>DN40 X 1&#8243;<\/td>\n<\/tr>\n<tr>\n<td>COLLARIN PARA PVC\/PE DN 50 X 3\/4&#8243; PN16<\/td>\n<td>DN50 X 3\/4&#8243;<\/td>\n<\/tr>\n<tr>\n<td>COLLARIN PARA PVC\/PE DN 50 X 1&#8243; PN16<\/td>\n<td>DN50 X 1&#8243;<\/td>\n<\/tr>\n<tr>\n<td>COLLARIN PARA PVC\/PE DN 63 X 3\/4&#8243; PN16<\/td>\n<td>DN63 X 3\/4&#8243;<\/td>\n<\/tr>\n<tr>\n<td>COLLARIN PARA PVC\/PE DN 63 X 1&#8243; PN16<\/td>\n<td>DN63 X 1&#8243;<\/td>\n<\/tr>\n<tr>\n<td>COLLARIN PARA PVC\/PE DN 63X1 1\/4&#8243; PN16<\/td>\n<td>DN63 X 1 1\/4&#8243;<\/td>\n<\/tr>\n<tr>\n<td>COLLARIN PARA PVC\/PE DN 63X1 1\/2&#8243; PN16<\/td>\n<td>DN63 X 1 1\/2&#8243;<\/td>\n<\/tr>\n<tr>\n<td>COLLARIN PARA PVC\/PE DN 63 X 2&#8243; PN16<\/td>\n<td>DN63 X 2&#8243;<\/td>\n<\/tr>\n<tr>\n<td>COLLARIN PARA PVC\/PE DN 75 X 3\/4&#8243; PN16<\/td>\n<td>DN75 X 3\/4&#8243;<\/td>\n<\/tr>\n<tr>\n<td>COLLARIN PARA PVC\/PE DN 75 X 1&#8243; PN16<\/td>\n<td>DN75 X 1&#8243;<\/td>\n<\/tr>\n<tr>\n<td>COLLARIN PARA PVC\/PE DN 75X1 1\/4&#8243; PN16<\/td>\n<td>DN75 X 1 1\/4&#8243;<\/td>\n<\/tr>\n<tr>\n<td>COLLARIN PARA PVC\/PE DN 75X1 1\/2&#8243; PN16<\/td>\n<td>DN75 X 1 1\/2&#8243;<\/td>\n<\/tr>\n<tr>\n<td>COLLARIN PARA PVC\/PE DN 75 X 2&#8243; PN16<\/td>\n<td>DN75 X 2&#8243;<\/td>\n<\/tr>\n<tr>\n<td>COLLARIN PARA PVC\/PE DN 90 X 3\/4&#8243; PN16<\/td>\n<td>DN90 X 3\/4&#8243;<\/td>\n<\/tr>\n<tr>\n<td>COLLARIN PARA PVC\/PE DN 90 X 1&#8243; PN16<\/td>\n<td>DN90 X 1&#8243;<\/td>\n<\/tr>\n<tr>\n<td>COLLARIN PARA PVC\/PE DN 90X1 1\/4&#8243; PN16<\/td>\n<td>DN90 X 1 1\/4&#8243;<\/td>\n<\/tr>\n<tr>\n<td>COLLARIN PARA PVC\/PE DN 90X1 1\/2&#8243; PN16<\/td>\n<td>DN90 X 1 1\/2&#8243;<\/td>\n<\/tr>\n<tr>\n<td>COLLARIN PARA PVC\/PE DN 90 X 2&#8243; PN16<\/td>\n<td>DN90 X 2&#8243;<\/td>\n<\/tr>\n<tr>\n<td>COLLARIN PARA PVC\/PE DN 110 X 3\/4&#8243; PN16<\/td>\n<td>DN110 X 3\/4&#8243;<\/td>\n<\/tr>\n<tr>\n<td>COLLARIN PARA PVC\/PE DN 110 X 1&#8243; PN16<\/td>\n<td>DN110 X 1&#8243;<\/td>\n<\/tr>\n<tr>\n<td>COLLARIN PARA PVC\/PE DN 110X1 1\/4&#8243; PN16<\/td>\n<td>DN110 X 1 1\/4&#8243;<\/td>\n<\/tr>\n<tr>\n<td>COLLARIN PARA PVC\/PE DN 110X1 1\/2&#8243; PN16<\/td>\n<td>DN110 X 1 1\/2&#8243;<\/td>\n<\/tr>\n<tr>\n<td>COLLARIN PARA PVC\/PE DN 110 X 2&#8243; PN16<\/td>\n<td>DN110 X 2&#8243;<\/td>\n<\/tr>\n<tr>\n<td>COLLARIN PARA PVC\/PE DN 125 X 3\/4&#8243; PN16<\/td>\n<td>DN 125 X 3\/4&#8243;<\/td>\n<\/tr>\n<tr>\n<td>COLLARIN PARA PVC\/PE DN 125 X 1&#8243; PN16<\/td>\n<td>DN 125 X 1&#8243;<\/td>\n<\/tr>\n<tr>\n<td>COLLARIN PARA PVC\/PE DN 125 X1 1\/4&#8243; PN16<\/td>\n<td>DN 125 X 1 1\/4&#8243;<\/td>\n<\/tr>\n<tr>\n<td>COLLARIN PARA PVC\/PE DN 125X1 1\/2&#8243; PN16<\/td>\n<td>DN 125 X 1 1\/2&#8243;<\/td>\n<\/tr>\n<tr>\n<td>COLLARIN PARA PVC\/PE DN 125 X 2&#8243; PN16<\/td>\n<td>DN 125 X 2&#8243;<\/td>\n<\/tr>\n<tr>\n<td>COLLARIN PARA PVC\/PE DN 140 X 3\/4&#8243; PN16<\/td>\n<td>DN 140 X 3\/4&#8243;<\/td>\n<\/tr>\n<tr>\n<td>COLLARIN PARA PVC\/PE DN 140 X 1&#8243; PN16<\/td>\n<td>DN 140 X 1&#8243;<\/td>\n<\/tr>\n<tr>\n<td>COLLARIN PARA PVC\/PE DN 140X1 1\/2&#8243; PN16<\/td>\n<td>DN 140 X 1 1\/2&#8243;<\/td>\n<\/tr>\n<tr>\n<td>COLLARIN PARA PVC\/PE DN 140 X 2&#8243; PN16<\/td>\n<td>DN 140 X 2&#8243;<\/td>\n<\/tr>\n<tr>\n<td>COLLARIN PARA PVC\/PE DN 160 X 3\/4&#8243; PN16<\/td>\n<td>DN 160 X\u00a0 3\/4&#8243;<\/td>\n<\/tr>\n<tr>\n<td>COLLARIN PARA PVC\/PE DN 160 X 1&#8243; PN16<\/td>\n<td>DN 160 X 1&#8243;<\/td>\n<\/tr>\n<tr>\n<td>COLLARIN PARA PVC\/PE DN 160X1 1\/4&#8243; PN16<\/td>\n<td>DN 160 X 1 1\/4&#8243;<\/td>\n<\/tr>\n<tr>\n<td>COLLARIN PARA PVC\/PE DN 160X1 1\/2&#8243; PN16<\/td>\n<td>DN 160 X 1 1\/2&#8243;<\/td>\n<\/tr>\n<tr>\n<td>COLLARIN PARA PVC\/PE DN 160 X 2&#8243; PN16<\/td>\n<td>DN 160 X 2&#8243;<\/td>\n<\/tr>\n<tr>\n<td>COLLARIN PARA PVC\/PE DN 160X2 1\/2&#8243; PN16<\/td>\n<td>DN 160 X 2 1\/2&#8243;<\/td>\n<\/tr>\n<tr>\n<td>COLLARIN PARA PVC\/PE DN 200 X 3\/4&#8243; PN16<\/td>\n<td>DN 200 X 3\/4&#8243;<\/td>\n<\/tr>\n<tr>\n<td>COLLARIN PARA PVC\/PE DN 200 X 1&#8243; PN16<\/td>\n<td>DN 200 X 1&#8243;<\/td>\n<\/tr>\n<tr>\n<td>COLLARIN PARA PVC\/PE DN 200X1 1\/4&#8243; PN16<\/td>\n<td>DN 200 X 1 1\/4&#8243;<\/td>\n<\/tr>\n<tr>\n<td>COLLARIN PARA PVC\/PE DN 200X1 1\/2&#8243; PN16<\/td>\n<td>DN 200 X 1 1\/2&#8243;<\/td>\n<\/tr>\n<tr>\n<td>COLLARIN PARA PVC\/PE DN 200 X 2&#8243; PN16<\/td>\n<td>DN 200 X 2&#8243;<\/td>\n<\/tr>\n<tr>\n<td>COLLARIN PARA PVC\/PE DN 200X2 1\/2&#8243; PN16<\/td>\n<td>DN 200 X 2 1\/2&#8243;<\/td>\n<\/tr>\n<tr>\n<td>COLLARIN PARA PVC\/PE DN 200 X 3&#8243; PN16<\/td>\n<td>DN 200 X 3&#8243;<\/td>\n<\/tr>\n<tr>\n<td>COLLARIN PARA PVC\/PE DN 250 X 3\/4&#8243; PN16<\/td>\n<td>DN 250 X 3\/4&#8243;<\/td>\n<\/tr>\n<tr>\n<td>COLLARIN PARA PVC\/PE DN 250 X 1&#8243; PN16<\/td>\n<td>DN 250 X 1&#8243;<\/td>\n<\/tr>\n<tr>\n<td>COLLARIN PARA PVC\/PE DN 250X1 1\/4&#8243; PN16<\/td>\n<td>DN 250 X 1 1\/4&#8243;<\/td>\n<\/tr>\n<tr>\n<td>COLLARIN PARA PVC\/PE DN 250X1 1\/2&#8243; PN16<\/td>\n<td>DN 250 X 1 1\/2&#8243;<\/td>\n<\/tr>\n<tr>\n<td>COLLARIN PARA PVC\/PE DN 250 X 2&#8243; PN16<\/td>\n<td>DN 250 X 2&#8243;<\/td>\n<\/tr>\n<tr>\n<td>COLLARIN PARA PVC\/PE DN 250X2 1\/2&#8243; PN16 (SR)<\/td>\n<td>DN 250 X 2 1\/2&#8243;<\/td>\n<\/tr>\n<tr>\n<td>COLLARIN PARA PVC\/PE DN 250 X 3&#8243; PN16<\/td>\n<td>DN 250 X 3&#8243;<\/td>\n<\/tr>\n<tr>\n<td>COLLARIN PARA PVC\/PE DN 315 X 3\/4&#8243; PN16<\/td>\n<td>DN 315 X 3\/4&#8243;<\/td>\n<\/tr>\n<tr>\n<td>COLLARIN PARA PVC\/PE DN 315 X 1&#8243; PN16<\/td>\n<td>DN 315 X 1&#8243;<\/td>\n<\/tr>\n<tr>\n<td>COLLARIN PARA PVC\/PE DN 315 X 1 1\/4&#8243; PN16<\/td>\n<td>DN315 X 1 1\/4&#8243;<\/td>\n<\/tr>\n<tr>\n<td>COLLARIN PARA PVC\/PE DN 315X1 1\/2&#8243; PN16<\/td>\n<td>DN 315 X 1 1\/2&#8243;<\/td>\n<\/tr>\n<tr>\n<td>COLLARIN PARA PVC\/PE DN 315 X 2&#8243; PN16<\/td>\n<td>DN 315 X 2&#8243;<\/td>\n<\/tr>\n<tr>\n<td>COLLARIN PARA PVC\/PE DN 315X2 1\/2&#8243; PN16 (SR)<\/td>\n<td>DN 315 X 2 1\/2&#8243;<\/td>\n<\/tr>\n<tr>\n<td>COLLARIN PARA PVC\/PE DN 315 X 3&#8243; PN16<\/td>\n<td>DN 315 X 3&#8243;<\/td>\n<\/tr>\n<\/tbody>\n<\/table>\n<p><span class=\"fontstyle0\">\u00a0<\/span><\/p>","protected":false},"excerpt":{"rendered":"<p>\u0421\u0435\u0434\u043b\u043e\u0432\u0438\u0434\u043d\u044b\u0435 \u0445\u043e\u043c\u0443\u0442\u044b \u2014 \u044d\u0442\u043e \u0443\u043d\u0438\u0432\u0435\u0440\u0441\u0430\u043b\u044c\u043d\u044b\u0435 \u043a\u0440\u0435\u043f\u0435\u0436\u043d\u044b\u0435 \u0443\u0441\u0442\u0440\u043e\u0439\u0441\u0442\u0432\u0430, \u0438\u0441\u043f\u043e\u043b\u044c\u0437\u0443\u0435\u043c\u044b\u0435 \u0434\u043b\u044f \u0444\u0438\u043a\u0441\u0430\u0446\u0438\u0438 \u0442\u0440\u0443\u0431 \u0438\u043b\u0438 \u0442\u0440\u0443\u0431\u043e\u043a. \u042d\u0442\u0438 \u0437\u0430\u0436\u0438\u043c\u044b \u043e\u0431\u0435\u0441\u043f\u0435\u0447\u0438\u0432\u0430\u044e\u0442 \u0443\u0441\u0442\u043e\u0439\u0447\u0438\u0432\u043e\u0441\u0442\u044c, \u043f\u043e\u0434\u0434\u0435\u0440\u0436\u043a\u0443 \u0438 \u043d\u0430\u0434\u0435\u0436\u043d\u0443\u044e \u0442\u043e\u0447\u043a\u0443 \u043a\u0440\u0435\u043f\u043b\u0435\u043d\u0438\u044f \u0442\u0440\u0443\u0431, \u0433\u043b\u0443\u0448\u0438\u0442\u0435\u043b\u0435\u0439 \u0438 \u0434\u0440\u0443\u0433\u0438\u0445 \u043a\u043e\u043c\u043f\u043e\u043d\u0435\u043d\u0442\u043e\u0432. \u0411\u0443\u0434\u044c \u0442\u043e \u043f\u0440\u043e\u043c\u044b\u0448\u043b\u0435\u043d\u043d\u043e\u0435 \u043f\u0440\u0438\u043c\u0435\u043d\u0435\u043d\u0438\u0435 \u0438\u043b\u0438 \u0432\u044b\u0445\u043b\u043e\u043f\u043d\u044b\u0435 \u0441\u0438\u0441\u0442\u0435\u043c\u044b, \u0441\u0435\u0434\u043b\u043e\u0432\u044b\u0435 \u0445\u043e\u043c\u0443\u0442\u044b \u0438\u0433\u0440\u0430\u044e\u0442 \u0440\u0435\u0448\u0430\u044e\u0449\u0443\u044e \u0440\u043e\u043b\u044c \u0432 \u0441\u043e\u0445\u0440\u0430\u043d\u0435\u043d\u0438\u0438 \u0441\u0442\u0440\u0443\u043a\u0442\u0443\u0440\u043d\u043e\u0439 \u0446\u0435\u043b\u043e\u0441\u0442\u043d\u043e\u0441\u0442\u0438.<\/p>","protected":false},"featured_media":3011,"template":"","meta":[],"product_brand":[],"product_cat":[37,172],"product_tag":[],"class_list":{"0":"post-2815","1":"product","2":"type-product","3":"status-publish","4":"has-post-thumbnail","6":"product_cat-pipe-joints","7":"product_cat-saddle-clamp","9":"first","10":"instock","11":"shipping-taxable","12":"product-type-simple"},"aioseo_notices":[],"_links":{"self":[{"href":"https:\/\/www.okval.com\/ru\/wp-json\/wp\/v2\/product\/2815","targetHints":{"allow":["GET"]}}],"collection":[{"href":"https:\/\/www.okval.com\/ru\/wp-json\/wp\/v2\/product"}],"about":[{"href":"https:\/\/www.okval.com\/ru\/wp-json\/wp\/v2\/types\/product"}],"wp:featuredmedia":[{"embeddable":true,"href":"https:\/\/www.okval.com\/ru\/wp-json\/wp\/v2\/media\/3011"}],"wp:attachment":[{"href":"https:\/\/www.okval.com\/ru\/wp-json\/wp\/v2\/media?parent=2815"}],"wp:term":[{"taxonomy":"product_brand","embeddable":true,"href":"https:\/\/www.okval.com\/ru\/wp-json\/wp\/v2\/product_brand?post=2815"},{"taxonomy":"product_cat","embeddable":true,"href":"https:\/\/www.okval.com\/ru\/wp-json\/wp\/v2\/product_cat?post=2815"},{"taxonomy":"product_tag","embeddable":true,"href":"https:\/\/www.okval.com\/ru\/wp-json\/wp\/v2\/product_tag?post=2815"}],"curies":[{"name":"wp","href":"https:\/\/api.w.org\/{rel}","templated":true}]}}