{"id":2891,"date":"2024-06-28T22:17:55","date_gmt":"2024-06-28T14:17:55","guid":{"rendered":"https:\/\/www.okval.com\/?post_type=product&#038;p=2891"},"modified":"2024-07-03T18:38:58","modified_gmt":"2024-07-03T10:38:58","slug":"valvula-de-plugue-excentrica-flxfl-extremidades-mjxmj-extremidades","status":"publish","type":"product","link":"https:\/\/www.okval.com\/pt\/produto\/valvula-de-plugue-excentrica-flxfl-extremidades-mjxmj-extremidades","title":{"rendered":"V\u00e1lvula macho exc\u00eantrica com extremidades FLxFL e MJxMJ"},"content":{"rendered":"<p><strong>Recurso:<\/strong><\/p>\n<p>\u00e1rea do assento com revestimento soldado de n\u00edquel m\u00ednimo 95%.<\/p>\n<p>eixo selado pelo tipo de anel em V m\u00faltiplo.<\/p>\n<p>plugue redondo totalmente revestido de borracha at\u00e9 12\u201d, plugues de 14\u201d a 24\u201d t\u00eam superf\u00edcie cil\u00edndrica selada de borracha.<\/p>\n<p>flangeado e perfurado em conformidade com EN 1092-2 PN10\/16, ANSI B16.1 Classe 125.<\/p>\n<p>junta mec\u00e2nica em conformidade com AWWA\/ANSI C153.<\/p>\n<p>press\u00e3o de trabalho 16 bar\/250 psi.<\/p>\n<p><strong>Especifica\u00e7\u00e3o do material:<\/strong><\/p>\n<table width=\"469\">\n<tbody>\n<tr>\n<td width=\"86\">Papel<\/td>\n<td width=\"173\">Material<\/td>\n<td width=\"210\">Especifica\u00e7\u00e3o ASTM<\/td>\n<\/tr>\n<tr>\n<td width=\"86\">Corpo<\/td>\n<td width=\"173\">Ferro d\u00factil<\/td>\n<td width=\"210\">A536 Grau 65-45-12<\/td>\n<\/tr>\n<tr>\n<td width=\"86\">Plug<\/td>\n<td colspan=\"2\" width=\"383\">Ferro d\u00factil encapsulado em EPDM<\/td>\n<\/tr>\n<tr>\n<td width=\"86\">Cap\u00f4<\/td>\n<td width=\"173\">Ferro d\u00factil<\/td>\n<td width=\"210\">A536 Grau 65-45-12<\/td>\n<\/tr>\n<tr>\n<td width=\"86\">Bucha do eixo<\/td>\n<td width=\"173\">A\u00e7o inoxid\u00e1vel<\/td>\n<td width=\"210\">A276 Tipo 316<\/td>\n<\/tr>\n<tr>\n<td width=\"86\">Arruela de press\u00e3o<\/td>\n<td colspan=\"2\" width=\"383\">PTFE<\/td>\n<\/tr>\n<tr>\n<td width=\"86\">Junta<\/td>\n<td width=\"173\">Borracha<\/td>\n<td width=\"210\">02000 NBR<\/td>\n<\/tr>\n<tr>\n<td width=\"86\">Embalagem em V<\/td>\n<td width=\"173\">Borracha<\/td>\n<td width=\"210\">02000 NBR<\/td>\n<\/tr>\n<tr>\n<td width=\"86\">Prensa-gaxeta<\/td>\n<td width=\"173\">A\u00e7o carbono<\/td>\n<td width=\"210\">A29 1045<\/td>\n<\/tr>\n<\/tbody>\n<\/table>","protected":false},"excerpt":{"rendered":"<p><b>Um estilo de v\u00e1lvula de controle rotativa com um elemento de restri\u00e7\u00e3o de fluxo em forma de plugue que segue um caminho exc\u00eantrico \u00e0 medida que gira<\/b>. O plugue n\u00e3o tem contato com sua sede at\u00e9 que gire alguns graus em rela\u00e7\u00e3o \u00e0 posi\u00e7\u00e3o de desligamento.<\/p>","protected":false},"featured_media":2893,"template":"","meta":[],"product_brand":[],"product_cat":[159,270],"product_tag":[271],"class_list":{"0":"post-2891","1":"product","2":"type-product","3":"status-publish","4":"has-post-thumbnail","6":"product_cat-valves","7":"product_cat-eccentric-plug-valve","8":"product_tag-eccentric-plug-valve","10":"first","11":"instock","12":"shipping-taxable","13":"product-type-simple"},"aioseo_notices":[],"_links":{"self":[{"href":"https:\/\/www.okval.com\/pt\/wp-json\/wp\/v2\/product\/2891","targetHints":{"allow":["GET"]}}],"collection":[{"href":"https:\/\/www.okval.com\/pt\/wp-json\/wp\/v2\/product"}],"about":[{"href":"https:\/\/www.okval.com\/pt\/wp-json\/wp\/v2\/types\/product"}],"wp:featuredmedia":[{"embeddable":true,"href":"https:\/\/www.okval.com\/pt\/wp-json\/wp\/v2\/media\/2893"}],"wp:attachment":[{"href":"https:\/\/www.okval.com\/pt\/wp-json\/wp\/v2\/media?parent=2891"}],"wp:term":[{"taxonomy":"product_brand","embeddable":true,"href":"https:\/\/www.okval.com\/pt\/wp-json\/wp\/v2\/product_brand?post=2891"},{"taxonomy":"product_cat","embeddable":true,"href":"https:\/\/www.okval.com\/pt\/wp-json\/wp\/v2\/product_cat?post=2891"},{"taxonomy":"product_tag","embeddable":true,"href":"https:\/\/www.okval.com\/pt\/wp-json\/wp\/v2\/product_tag?post=2891"}],"curies":[{"name":"wp","href":"https:\/\/api.w.org\/{rel}","templated":true}]}}