{"id":2857,"date":"2024-04-15T09:18:36","date_gmt":"2024-04-15T01:18:36","guid":{"rendered":"https:\/\/www.okval.com\/?post_type=product&#038;p=2857"},"modified":"2024-04-15T09:20:36","modified_gmt":"2024-04-15T01:20:36","slug":"bracadeira-de-reparo-de-juntas-de-sino","status":"publish","type":"product","link":"https:\/\/www.okval.com\/pt\/bracadeira-de-reparo-de-juntas-de-sino-html","title":{"rendered":"Grampo de reparo para juntas de sino"},"content":{"rendered":"<p>Flange: ferro d\u00factil EN-GJS-500-7 EN1092 EN545<br \/>\nJunta: EPDM NBR<br \/>\nParafusos, porcas: A\u00e7o inoxid\u00e1vel, parafuso Dacromet<br \/>\nRevestimento ep\u00f3xi RAL5015, espessura m\u00ednima de 250 \u03bcm DIN30677<br \/>\nTeste de press\u00e3o normal PN10: EN 12266-1<br \/>\nTemperatura m\u00e1xima -10\u00b0C a +70\u00b0C;<br \/>\nAdequado para \u00e1gua pot\u00e1vel, l\u00edquidos neutros e esgoto<\/p>\n<table width=\"600\">\n<tbody>\n<tr>\n<td width=\"99\">DN<\/td>\n<td width=\"279\">FAIXA<\/td>\n<td width=\"222\">Peso<\/td>\n<\/tr>\n<tr>\n<td width=\"99\">50<\/td>\n<td width=\"279\">62-68<\/td>\n<td width=\"222\">3.3<\/td>\n<\/tr>\n<tr>\n<td width=\"99\">65<\/td>\n<td width=\"279\">75-84<\/td>\n<td width=\"222\">4.3<\/td>\n<\/tr>\n<tr>\n<td width=\"99\">80<\/td>\n<td width=\"279\">94-100<\/td>\n<td width=\"222\">8.5<\/td>\n<\/tr>\n<tr>\n<td width=\"99\">100<\/td>\n<td width=\"279\">114-120<\/td>\n<td width=\"222\">9.1<\/td>\n<\/tr>\n<tr>\n<td width=\"99\">150<\/td>\n<td width=\"279\">166-173<\/td>\n<td width=\"222\">11.25<\/td>\n<\/tr>\n<tr>\n<td width=\"99\">200<\/td>\n<td width=\"279\">217-224<\/td>\n<td width=\"222\">13.45<\/td>\n<\/tr>\n<tr>\n<td width=\"99\">250<\/td>\n<td width=\"279\">270-276<\/td>\n<td width=\"222\">18.2<\/td>\n<\/tr>\n<tr>\n<td width=\"99\">300<\/td>\n<td width=\"279\">321-328<\/td>\n<td width=\"222\">19.6<\/td>\n<\/tr>\n<tr>\n<td width=\"99\">350<\/td>\n<td width=\"279\">373-380<\/td>\n<td width=\"222\">26.95<\/td>\n<\/tr>\n<tr>\n<td width=\"99\">400<\/td>\n<td width=\"279\">424-431<\/td>\n<td width=\"222\">30.35<\/td>\n<\/tr>\n<tr>\n<td width=\"99\">500<\/td>\n<td width=\"279\">527-534<\/td>\n<td width=\"222\">37.2<\/td>\n<\/tr>\n<tr>\n<td width=\"99\">600<\/td>\n<td width=\"279\">630-638<\/td>\n<td width=\"222\">50<\/td>\n<\/tr>\n<\/tbody>\n<\/table>","protected":false},"excerpt":{"rendered":"<p>As abra\u00e7adeiras de reparo de juntas de sino OKVAL foram desenvolvidas para reparar colares. Elas proporcionam um reparo permanente e eficaz de juntas de espiga e soquete com vazamento. Uma vez instalada, a junta refor\u00e7a a veda\u00e7\u00e3o da junta de espiga e soquete. As abra\u00e7adeiras de reparo de juntas de sino reparam vazamentos, reparam a junta sob press\u00e3o, eliminam cortes abertos e encapsulam rapidamente as juntas de sino. Competitivo com produtos usados para reparos de cortes abertos.<br \/>\nConex\u00e3o ou reparo de vazamentos em tomadas e juntas de torneira em tubos de ferro fundido d\u00factil, reparo de vazamentos em juntas de tubos de outros materiais (ar condicionado, fibra de vidro, a\u00e7o, pl\u00e1stico)<\/p>\n<p>&nbsp;<\/p>\n<p>&nbsp;<\/p>","protected":false},"featured_media":2858,"template":"","meta":[],"product_brand":[],"product_cat":[157],"product_tag":[266,267],"class_list":{"0":"post-2857","1":"product","2":"type-product","3":"status-publish","4":"has-post-thumbnail","6":"product_cat-repair-clamp","7":"product_tag-bell-joints-repair-clamp","8":"product_tag-spigot-repair-clamp","10":"first","11":"instock","12":"shipping-taxable","13":"product-type-simple"},"aioseo_notices":[],"_links":{"self":[{"href":"https:\/\/www.okval.com\/pt\/wp-json\/wp\/v2\/product\/2857","targetHints":{"allow":["GET"]}}],"collection":[{"href":"https:\/\/www.okval.com\/pt\/wp-json\/wp\/v2\/product"}],"about":[{"href":"https:\/\/www.okval.com\/pt\/wp-json\/wp\/v2\/types\/product"}],"wp:featuredmedia":[{"embeddable":true,"href":"https:\/\/www.okval.com\/pt\/wp-json\/wp\/v2\/media\/2858"}],"wp:attachment":[{"href":"https:\/\/www.okval.com\/pt\/wp-json\/wp\/v2\/media?parent=2857"}],"wp:term":[{"taxonomy":"product_brand","embeddable":true,"href":"https:\/\/www.okval.com\/pt\/wp-json\/wp\/v2\/product_brand?post=2857"},{"taxonomy":"product_cat","embeddable":true,"href":"https:\/\/www.okval.com\/pt\/wp-json\/wp\/v2\/product_cat?post=2857"},{"taxonomy":"product_tag","embeddable":true,"href":"https:\/\/www.okval.com\/pt\/wp-json\/wp\/v2\/product_tag?post=2857"}],"curies":[{"name":"wp","href":"https:\/\/api.w.org\/{rel}","templated":true}]}}