{"id":2844,"date":"2024-04-13T16:42:28","date_gmt":"2024-04-13T08:42:28","guid":{"rendered":"https:\/\/www.okval.com\/?post_type=product&#038;p=2844"},"modified":"2024-04-13T16:42:29","modified_gmt":"2024-04-13T08:42:29","slug":"valvula-de-ar-de-orificio-unico","status":"publish","type":"product","link":"https:\/\/www.okval.com\/pt\/valvula-de-ar-de-orificio-unico-html","title":{"rendered":"V\u00e1lvula de ar de orif\u00edcio \u00fanico"},"content":{"rendered":"<p><strong>Caracter\u00edsticas:<\/strong><\/p>\n<ul>\n<li>Projeto de acordo com BS EN 1074-4:2000<\/li>\n<li>com furos oblongos para flange DN40\/50\/60\/65, EN1092-2 PN10\/16<\/li>\n<li>Teste de acordo com EN 12266-1:2012<\/li>\n<li>Press\u00e3o de trabalho: 16kg\/cm<sup>3<\/sup><\/li>\n<li>Press\u00e3o de teste do casco: 25 kg\/cm<sup>3<\/sup><\/li>\n<li>Press\u00e3o de teste do assento: 18 kg\/cm<sup>3<\/sup><\/li>\n<li>Meio: \u00e1gua, \u00f3leo neutro<\/li>\n<li>Revestimento externo e interno: ep\u00f3xi fundido 100%<\/li>\n<li>Parafusos\/porcas\/arruelas SS304, 316 est\u00e3o dispon\u00edveis mediante solicita\u00e7\u00e3o<\/li>\n<\/ul>\n<p><strong>Materiais:<\/strong><\/p>\n<table width=\"264\">\n<tbody>\n<tr>\n<td rowspan=\"2\" width=\"26\">N\u00e3o..<\/td>\n<td rowspan=\"2\" width=\"67\">Nome da pe\u00e7a<\/td>\n<td rowspan=\"2\" width=\"65\">Material<\/td>\n<td colspan=\"2\" width=\"106\">Padr\u00f5es<\/td>\n<\/tr>\n<tr>\n<td colspan=\"2\" width=\"106\">N\u00e3o.<\/td>\n<\/tr>\n<tr>\n<td width=\"26\">1<\/td>\n<td width=\"67\">Corpo<\/td>\n<td width=\"65\">Ferro d\u00factil<\/td>\n<td width=\"64\">EN1563-GJS-450<\/td>\n<td width=\"42\">BS2789<\/td>\n<\/tr>\n<tr>\n<td width=\"26\">2<\/td>\n<td width=\"67\">Flutuador<\/td>\n<td width=\"65\">ABS<\/td>\n<td width=\"64\"><\/td>\n<td width=\"42\"><\/td>\n<\/tr>\n<tr>\n<td width=\"26\">3<\/td>\n<td width=\"67\">Noz<\/td>\n<td width=\"65\">A\u00e7o carbono<\/td>\n<td width=\"64\">EN ISO4032<\/td>\n<td width=\"42\">BS3692<\/td>\n<\/tr>\n<tr>\n<td width=\"26\">4<\/td>\n<td width=\"67\">M\u00e1quina de lavar<\/td>\n<td width=\"65\">A\u00e7o carbono<\/td>\n<td width=\"64\">EN ISO7089<\/td>\n<td width=\"42\">BS4320<\/td>\n<\/tr>\n<tr>\n<td width=\"26\">5<\/td>\n<td width=\"67\">O-ring<\/td>\n<td width=\"65\">EPDM<\/td>\n<td width=\"64\">EN681-1<\/td>\n<td width=\"42\">BS2494<\/td>\n<\/tr>\n<tr>\n<td width=\"26\">6<\/td>\n<td width=\"67\">Cobrir<\/td>\n<td width=\"65\">Ferro d\u00factil<\/td>\n<td width=\"64\">EN1563-GJS-450<\/td>\n<td width=\"42\">BS2789<\/td>\n<\/tr>\n<tr>\n<td width=\"26\">7<\/td>\n<td width=\"67\">Parafuso sextavado<\/td>\n<td width=\"65\">A\u00e7o carbono<\/td>\n<td width=\"64\">EN ISO4017<\/td>\n<td width=\"42\">BS3692<\/td>\n<\/tr>\n<tr>\n<td width=\"26\">8<\/td>\n<td width=\"67\">Parafuso de ajuste<\/td>\n<td width=\"65\">A\u00e7o inoxid\u00e1vel<\/td>\n<td width=\"64\">EN ISO15481<\/td>\n<td width=\"42\">BS4174<\/td>\n<\/tr>\n<tr>\n<td width=\"26\">9<\/td>\n<td width=\"67\">Junta<\/td>\n<td width=\"65\">EPDM<\/td>\n<td width=\"64\">EN681-1<\/td>\n<td width=\"42\">BS2494<\/td>\n<\/tr>\n<tr>\n<td width=\"26\">10<\/td>\n<td width=\"67\">Bon\u00e9<\/td>\n<td width=\"65\">Nylon\/Lat\u00e3o<\/td>\n<td width=\"64\"><\/td>\n<td width=\"42\"><\/td>\n<\/tr>\n<tr>\n<td width=\"26\">11<\/td>\n<td width=\"67\">Assento<\/td>\n<td width=\"65\">EPDM<\/td>\n<td width=\"64\">EN681-1<\/td>\n<td width=\"42\">BS2494<\/td>\n<\/tr>\n<tr>\n<td width=\"26\">12<\/td>\n<td width=\"67\">Suporte<\/td>\n<td width=\"65\">Nylon<\/td>\n<td width=\"64\"><\/td>\n<td width=\"42\"><\/td>\n<\/tr>\n<tr>\n<td width=\"26\">13<\/td>\n<td width=\"67\">Pino de dobradi\u00e7a<\/td>\n<td width=\"65\">A\u00e7o inoxid\u00e1vel<\/td>\n<td width=\"64\">EN ISO1234<\/td>\n<td width=\"42\">BS1574<\/td>\n<\/tr>\n<tr>\n<td width=\"26\">14<\/td>\n<td width=\"67\">V\u00e1lvula de isolamento<\/td>\n<td width=\"65\">Lat\u00e3o<\/td>\n<td width=\"64\">EN12164<\/td>\n<td width=\"42\">BS2874<\/td>\n<\/tr>\n<tr>\n<td width=\"26\">15<\/td>\n<td width=\"67\">Flange<\/td>\n<td width=\"65\">Ferro d\u00factil<\/td>\n<td width=\"64\">EN1563-GJS-450<\/td>\n<td width=\"42\">BS2789<\/td>\n<\/tr>\n<\/tbody>\n<\/table>\n<p><strong>Dimens\u00f5es:<\/strong><\/p>\n<table width=\"163\">\n<tbody>\n<tr>\n<td width=\"42\">DN<\/td>\n<td width=\"60\">C<\/td>\n<td width=\"60\">H<\/td>\n<\/tr>\n<tr>\n<td width=\"42\">15<\/td>\n<td width=\"60\">132<\/td>\n<td width=\"60\">224<\/td>\n<\/tr>\n<tr>\n<td width=\"42\">20<\/td>\n<td width=\"60\">132<\/td>\n<td width=\"60\">224<\/td>\n<\/tr>\n<tr>\n<td width=\"42\">25<\/td>\n<td width=\"60\">132<\/td>\n<td width=\"60\">224<\/td>\n<\/tr>\n<tr>\n<td width=\"42\">32<\/td>\n<td width=\"60\">132<\/td>\n<td width=\"60\">224<\/td>\n<\/tr>\n<\/tbody>\n<\/table>","protected":false},"excerpt":{"rendered":"<p><span class=\"fontstyle0\">V\u00e1lvula de ar de pequeno orif\u00edcio \u00fanico com v\u00e1lvula de isolamento de lat\u00e3o, corpo de ferro d\u00factil, b\u00f3ia\/suporte\/tampa de ABS, veda\u00e7\u00e3o de borracha EPDM, zincada<br \/>\nparafusos\/porcas, revestimento ep\u00f3xi azul escuro (RAL5005).<\/span><\/p>","protected":false},"featured_media":2845,"template":"","meta":[],"product_brand":[],"product_cat":[180,159],"product_tag":[235],"class_list":{"0":"post-2844","1":"product","2":"type-product","3":"status-publish","4":"has-post-thumbnail","6":"product_cat-air-release-valve","7":"product_cat-valves","8":"product_tag-air-release-valve","10":"first","11":"instock","12":"shipping-taxable","13":"product-type-simple"},"aioseo_notices":[],"_links":{"self":[{"href":"https:\/\/www.okval.com\/pt\/wp-json\/wp\/v2\/product\/2844","targetHints":{"allow":["GET"]}}],"collection":[{"href":"https:\/\/www.okval.com\/pt\/wp-json\/wp\/v2\/product"}],"about":[{"href":"https:\/\/www.okval.com\/pt\/wp-json\/wp\/v2\/types\/product"}],"wp:featuredmedia":[{"embeddable":true,"href":"https:\/\/www.okval.com\/pt\/wp-json\/wp\/v2\/media\/2845"}],"wp:attachment":[{"href":"https:\/\/www.okval.com\/pt\/wp-json\/wp\/v2\/media?parent=2844"}],"wp:term":[{"taxonomy":"product_brand","embeddable":true,"href":"https:\/\/www.okval.com\/pt\/wp-json\/wp\/v2\/product_brand?post=2844"},{"taxonomy":"product_cat","embeddable":true,"href":"https:\/\/www.okval.com\/pt\/wp-json\/wp\/v2\/product_cat?post=2844"},{"taxonomy":"product_tag","embeddable":true,"href":"https:\/\/www.okval.com\/pt\/wp-json\/wp\/v2\/product_tag?post=2844"}],"curies":[{"name":"wp","href":"https:\/\/api.w.org\/{rel}","templated":true}]}}