{"id":2824,"date":"2024-04-13T00:10:51","date_gmt":"2024-04-12T16:10:51","guid":{"rendered":"https:\/\/www.okval.com\/?post_type=product&#038;p=2824"},"modified":"2024-04-13T15:54:37","modified_gmt":"2024-04-13T07:54:37","slug":"bracadeira-dupla-universal-uu","status":"publish","type":"product","link":"https:\/\/www.okval.com\/pt\/bracadeira-dupla-universal-uu-html","title":{"rendered":"Grampo duplo universal (UU)"},"content":{"rendered":"<p><strong>Caracter\u00edsticas:<\/strong><\/p>\n<ul>\n<li>Meia concha feita de ferro fundido d\u00factil.<\/li>\n<li>Revestimento: Revestimento ep\u00f3xi fundido RAL5017 RAL5005 RAL5015<\/li>\n<li>Elemento de veda\u00e7\u00e3o: EPDM\/NBR\/SBR<\/li>\n<li>Parafusos: a\u00e7o cabon Galvaniza\u00e7\u00e3o<\/li>\n<li>PFA 16 de DN 40 a 150<\/li>\n<li>PFA 10 de DN 175 a 300<\/li>\n<li>Temperaturas de opera\u00e7\u00e3o: + 0 \u00b0 a + 60 \u00b0 C.<\/li>\n<\/ul>\n<p><strong>Desenho:<\/strong><\/p>\n<div id=\"attachment_2825\" style=\"width: 664px\" class=\"wp-caption alignnone\"><img decoding=\"async\" aria-describedby=\"caption-attachment-2825\" class=\"size-full wp-image-2825\" src=\"https:\/\/www.okval.com\/wp-content\/uploads\/2024\/04\/REPAIR-CLAMP.jpg\" alt=\"Grampo duplo universal (UU) Grampo de reparo de tubos de ferro d\u00factil Grampo de reparo de tubos para reparo r\u00e1pido, seguro e permanente no setor de \u00e1gua pot\u00e1vel. Grampo duplo universal OKVAL Couplings, grampos de reparo de tubos dispon\u00edveis do tamanho DN80 ao DN300. Grampo de reparo de vazamento de tubo de emerg\u00eancia OKVAL Revestimentos de duas partes, conectados entre si por aperto de 6 porcas e parafusos. Grampo de reparo de ferro d\u00factil de ampla gama OKVAL Manga de reparo longa Permite o reparo de todos os tipos de tubula\u00e7\u00f5es Descri\u00e7\u00e3o Para tubos de a\u00e7o, ferro fundido, PVC \/ PE e fibrocimento. Grande toler\u00e2ncia: n\u00famero reduzido de modelos para um di\u00e2metro nominal F\u00e1cil instala\u00e7\u00e3o: Desvio angular \u00b1 4 \u00b0\" width=\"654\" height=\"431\" srcset=\"https:\/\/www.okval.com\/wp-content\/uploads\/2024\/04\/REPAIR-CLAMP.jpg 654w, https:\/\/www.okval.com\/wp-content\/uploads\/2024\/04\/REPAIR-CLAMP-300x198.jpg 300w, https:\/\/www.okval.com\/wp-content\/uploads\/2024\/04\/REPAIR-CLAMP-18x12.jpg 18w, https:\/\/www.okval.com\/wp-content\/uploads\/2024\/04\/REPAIR-CLAMP-600x395.jpg 600w, https:\/\/www.okval.com\/wp-content\/uploads\/2024\/04\/REPAIR-CLAMP-150x99.jpg 150w\" sizes=\"(max-width: 654px) 100vw, 654px\" \/><p id=\"caption-attachment-2825\" class=\"wp-caption-text\">Grampo duplo universal (UU)<br \/>Grampo de reparo de tubo de ferro d\u00factil<br \/>Grampo de reparo de tubos para reparo r\u00e1pido, seguro e permanente no setor de \u00e1gua pot\u00e1vel.<br \/>Abra\u00e7adeiras duplas universais OKVAL Couplings, bra\u00e7adeiras para reparo de tubos dispon\u00edveis nos tamanhos DN80 a DN300.<br \/>Grampo de reparo de vazamento de tubula\u00e7\u00e3o de emerg\u00eancia OKVAL Revestimentos de duas partes, conectados entre si por meio do aperto de 6 porcas e parafusos.<br \/>OKVAL Bra\u00e7adeira de reparo de ferro d\u00factil de ampla gama e luva de reparo longa Permite o reparo de todos os tipos de tubula\u00e7\u00f5es Descri\u00e7\u00e3o Para tubos de a\u00e7o, ferro fundido, PVC\/PE e fibrocimento.<br \/>Grande toler\u00e2ncia: n\u00famero reduzido de modelos para um di\u00e2metro nominal<br \/>F\u00e1cil instala\u00e7\u00e3o: Desvio angular \u00b1 4 \u00b0<\/p><\/div>\n<p>&nbsp;<\/p>\n<p>&nbsp;<\/p>","protected":false},"excerpt":{"rendered":"<p>Grampo duplo universal (UU)<br \/>\nGrampo de reparo de tubo de ferro d\u00factil<br \/>\nGrampo de reparo de tubos para reparo r\u00e1pido, seguro e permanente no setor de \u00e1gua pot\u00e1vel.<br \/>\nAbra\u00e7adeiras duplas universais OKVAL Couplings, bra\u00e7adeiras para reparo de tubos dispon\u00edveis nos tamanhos DN80 a DN300.<br \/>\nGrampo de reparo de vazamento de tubula\u00e7\u00e3o de emerg\u00eancia OKVAL Revestimentos de duas partes, conectados entre si por meio do aperto de 6 porcas e parafusos.<br \/>\nOKVAL Bra\u00e7adeira de reparo de ferro d\u00factil de ampla gama e luva de reparo longa Permite o reparo de todos os tipos de tubula\u00e7\u00f5es Descri\u00e7\u00e3o Para tubos de a\u00e7o, ferro fundido, PVC\/PE e fibrocimento.<br \/>\nGrande toler\u00e2ncia: n\u00famero reduzido de modelos para um di\u00e2metro nominal<br \/>\nF\u00e1cil instala\u00e7\u00e3o: Desvio angular \u00b1 4 \u00b0<\/p>","protected":false},"featured_media":2826,"template":"","meta":[],"product_brand":[],"product_cat":[157],"product_tag":[242,262,263],"class_list":{"0":"post-2824","1":"product","2":"type-product","3":"status-publish","4":"has-post-thumbnail","6":"product_cat-repair-clamp","7":"product_tag-repair-clamp","8":"product_tag-pipe-repair-clamp","9":"product_tag-pipe-leak-repair-clamp","11":"first","12":"instock","13":"shipping-taxable","14":"product-type-simple"},"aioseo_notices":[],"_links":{"self":[{"href":"https:\/\/www.okval.com\/pt\/wp-json\/wp\/v2\/product\/2824","targetHints":{"allow":["GET"]}}],"collection":[{"href":"https:\/\/www.okval.com\/pt\/wp-json\/wp\/v2\/product"}],"about":[{"href":"https:\/\/www.okval.com\/pt\/wp-json\/wp\/v2\/types\/product"}],"wp:featuredmedia":[{"embeddable":true,"href":"https:\/\/www.okval.com\/pt\/wp-json\/wp\/v2\/media\/2826"}],"wp:attachment":[{"href":"https:\/\/www.okval.com\/pt\/wp-json\/wp\/v2\/media?parent=2824"}],"wp:term":[{"taxonomy":"product_brand","embeddable":true,"href":"https:\/\/www.okval.com\/pt\/wp-json\/wp\/v2\/product_brand?post=2824"},{"taxonomy":"product_cat","embeddable":true,"href":"https:\/\/www.okval.com\/pt\/wp-json\/wp\/v2\/product_cat?post=2824"},{"taxonomy":"product_tag","embeddable":true,"href":"https:\/\/www.okval.com\/pt\/wp-json\/wp\/v2\/product_tag?post=2824"}],"curies":[{"name":"wp","href":"https:\/\/api.w.org\/{rel}","templated":true}]}}