{"id":2820,"date":"2024-04-12T16:09:03","date_gmt":"2024-04-12T08:09:03","guid":{"rendered":"https:\/\/www.okval.com\/?post_type=product&#038;p=2820"},"modified":"2024-04-12T16:09:07","modified_gmt":"2024-04-12T08:09:07","slug":"bracadeira-de-sela-de-ferro-fundido-cinza-para-tubo-de-pvc","status":"publish","type":"product","link":"https:\/\/www.okval.com\/pt\/bracadeira-de-sela-de-ferro-fundido-cinza-para-tubo-de-pvc-html","title":{"rendered":"Abra\u00e7adeira de sela de ferro fundido cinzento para tubo de PVC"},"content":{"rendered":"<p><span class=\"fontstyle3\">\u25a0 Caracter\u00edsticas<br \/>\n<\/span><span class=\"fontstyle2\">\u00b7 Press\u00e3o de trabalho PN16<\/span><\/p>\n<p><span class=\"fontstyle3\">\u25a0 Principais pe\u00e7as e materiais<br \/>\n<\/span><span class=\"fontstyle2\">\u00b7 Material de ferro fundido cinzento com pintura preta<br \/>\n\u00b7 Parafusos e porcas de a\u00e7o galvanizado;<br \/>\nDacromet est\u00e1 dispon\u00edvel mediante solicita\u00e7\u00e3o<\/span><\/p>\n<p><span class=\"fontstyle2\"><br \/>\n<\/span><span class=\"fontstyle3\">\u25a0 Junta<br \/>\n<\/span><span class=\"fontstyle2\">\u00b7 Junta de EPDM<\/span><\/p>\n<p><span class=\"fontstyle2\"><br \/>\n<\/span><span class=\"fontstyle3\">\u25a0 Dimens\u00f5es (MM)<br \/>\n<\/span><\/p>\n<table class=\"NormalTable\">\n<tbody>\n<tr>\n<td width=\"136\"><span class=\"fontstyle0\">DN <\/span><\/td>\n<td width=\"136\"><span class=\"fontstyle0\">Fio <\/span><\/td>\n<\/tr>\n<tr>\n<td width=\"136\"><span class=\"fontstyle2\">40 <\/span><\/td>\n<td width=\"136\"><span class=\"fontstyle2\">3\/4\u2033 <\/span><\/td>\n<\/tr>\n<tr>\n<td width=\"136\"><span class=\"fontstyle2\">50 <\/span><\/td>\n<td width=\"136\"><span class=\"fontstyle2\">3\/4\u2033 <\/span><\/td>\n<\/tr>\n<tr>\n<td width=\"136\"><span class=\"fontstyle2\">50 <\/span><\/td>\n<td width=\"136\"><span class=\"fontstyle2\">1\u2033 <\/span><\/td>\n<\/tr>\n<tr>\n<td width=\"136\"><span class=\"fontstyle2\">63 <\/span><\/td>\n<td width=\"136\"><span class=\"fontstyle2\">3\/4\u2033 <\/span><\/td>\n<\/tr>\n<tr>\n<td width=\"136\"><span class=\"fontstyle2\">63 <\/span><\/td>\n<td width=\"136\"><span class=\"fontstyle2\">1\u2033 <\/span><\/td>\n<\/tr>\n<tr>\n<td width=\"136\"><span class=\"fontstyle2\">63 <\/span><\/td>\n<td width=\"136\"><span class=\"fontstyle2\">1 1\/4\u2033 <\/span><\/td>\n<\/tr>\n<tr>\n<td width=\"136\"><span class=\"fontstyle2\">75 <\/span><\/td>\n<td width=\"136\"><span class=\"fontstyle2\">3\/4\u2033 <\/span><\/td>\n<\/tr>\n<tr>\n<td width=\"136\"><span class=\"fontstyle2\">75 <\/span><\/td>\n<td width=\"136\"><span class=\"fontstyle2\">1\u2033 <\/span><\/td>\n<\/tr>\n<tr>\n<td width=\"136\"><span class=\"fontstyle2\">75 <\/span><\/td>\n<td width=\"136\"><span class=\"fontstyle2\">1 1\/4\u2033 <\/span><\/td>\n<\/tr>\n<tr>\n<td width=\"136\"><span class=\"fontstyle2\">90 <\/span><\/td>\n<td width=\"136\"><span class=\"fontstyle2\">3\/4\u2033 <\/span><\/td>\n<\/tr>\n<tr>\n<td width=\"136\"><span class=\"fontstyle2\">90 <\/span><\/td>\n<td width=\"136\"><span class=\"fontstyle2\">1\u2033 <\/span><\/td>\n<\/tr>\n<tr>\n<td width=\"136\"><span class=\"fontstyle2\">90 <\/span><\/td>\n<td width=\"136\"><span class=\"fontstyle2\">1 1\/4\u2033 <\/span><\/td>\n<\/tr>\n<tr>\n<td width=\"136\"><span class=\"fontstyle2\">90 <\/span><\/td>\n<td width=\"136\"><span class=\"fontstyle2\">1 1\/2\u2033 <\/span><\/td>\n<\/tr>\n<tr>\n<td width=\"136\"><span class=\"fontstyle2\">90 <\/span><\/td>\n<td width=\"136\"><span class=\"fontstyle2\">2\u2033 <\/span><\/td>\n<\/tr>\n<tr>\n<td width=\"136\"><span class=\"fontstyle2\">110 <\/span><\/td>\n<td width=\"136\"><span class=\"fontstyle2\">3\/4\u2033 <\/span><\/td>\n<\/tr>\n<tr>\n<td width=\"136\"><span class=\"fontstyle2\">110 <\/span><\/td>\n<td width=\"136\"><span class=\"fontstyle2\">1\u2033 <\/span><\/td>\n<\/tr>\n<tr>\n<td width=\"136\"><span class=\"fontstyle2\">110 <\/span><\/td>\n<td width=\"136\"><span class=\"fontstyle2\">1 1\/4\u2033 <\/span><\/td>\n<\/tr>\n<tr>\n<td width=\"136\"><span class=\"fontstyle2\">110 <\/span><\/td>\n<td width=\"136\"><span class=\"fontstyle2\">1 1\/2\u2033 <\/span><\/td>\n<\/tr>\n<tr>\n<td width=\"136\"><span class=\"fontstyle2\">110 <\/span><\/td>\n<td width=\"136\"><span class=\"fontstyle2\">2\u2033 <\/span><\/td>\n<\/tr>\n<tr>\n<td width=\"136\"><span class=\"fontstyle2\">125 <\/span><\/td>\n<td width=\"136\"><span class=\"fontstyle2\">3\/4\u2033 <\/span><\/td>\n<\/tr>\n<\/tbody>\n<\/table>\n<p>&nbsp;<\/p>\n<table class=\"NormalTable\">\n<tbody>\n<tr>\n<td width=\"137\"><span class=\"fontstyle0\">DN <\/span><\/td>\n<td width=\"136\"><span class=\"fontstyle0\">Fio <\/span><\/td>\n<\/tr>\n<tr>\n<td width=\"137\"><span class=\"fontstyle2\">125 <\/span><\/td>\n<td width=\"136\"><span class=\"fontstyle2\">1\u2033 <\/span><\/td>\n<\/tr>\n<tr>\n<td width=\"137\"><span class=\"fontstyle2\">125 <\/span><\/td>\n<td width=\"136\"><span class=\"fontstyle2\">1 1\/4\u2033 <\/span><\/td>\n<\/tr>\n<tr>\n<td width=\"137\"><span class=\"fontstyle2\">125 <\/span><\/td>\n<td width=\"136\"><span class=\"fontstyle2\">1 1\/2\u2033 <\/span><\/td>\n<\/tr>\n<tr>\n<td width=\"137\"><span class=\"fontstyle2\">125 <\/span><\/td>\n<td width=\"136\"><span class=\"fontstyle2\">2\u2033 <\/span><\/td>\n<\/tr>\n<tr>\n<td width=\"137\"><span class=\"fontstyle2\">125 <\/span><\/td>\n<td width=\"136\"><span class=\"fontstyle2\">2 1\/2\u2033 <\/span><\/td>\n<\/tr>\n<tr>\n<td width=\"137\"><span class=\"fontstyle2\">125 <\/span><\/td>\n<td width=\"136\"><span class=\"fontstyle2\">3\u2033 <\/span><\/td>\n<\/tr>\n<tr>\n<td width=\"137\"><span class=\"fontstyle2\">140 <\/span><\/td>\n<td width=\"136\"><span class=\"fontstyle2\">1\u2033 <\/span><\/td>\n<\/tr>\n<tr>\n<td width=\"137\"><span class=\"fontstyle2\">140 <\/span><\/td>\n<td width=\"136\"><span class=\"fontstyle2\">1 1\/4\u2033 <\/span><\/td>\n<\/tr>\n<tr>\n<td width=\"137\"><span class=\"fontstyle2\">140 <\/span><\/td>\n<td width=\"136\"><span class=\"fontstyle2\">1 1\/2\u2033 <\/span><\/td>\n<\/tr>\n<tr>\n<td width=\"137\"><span class=\"fontstyle2\">140 <\/span><\/td>\n<td width=\"136\"><span class=\"fontstyle2\">2\u2033 <\/span><\/td>\n<\/tr>\n<tr>\n<td width=\"137\"><span class=\"fontstyle2\">140 <\/span><\/td>\n<td width=\"136\"><span class=\"fontstyle2\">2 1\/2\u2033 <\/span><\/td>\n<\/tr>\n<tr>\n<td width=\"137\"><span class=\"fontstyle2\">140 <\/span><\/td>\n<td width=\"136\"><span class=\"fontstyle2\">3\u2033 <\/span><\/td>\n<\/tr>\n<tr>\n<td width=\"137\"><span class=\"fontstyle2\">160 <\/span><\/td>\n<td width=\"136\"><span class=\"fontstyle2\">3\/4\u2033 <\/span><\/td>\n<\/tr>\n<tr>\n<td width=\"137\"><span class=\"fontstyle2\">160 <\/span><\/td>\n<td width=\"136\"><span class=\"fontstyle2\">1\u2033 <\/span><\/td>\n<\/tr>\n<tr>\n<td width=\"137\"><span class=\"fontstyle2\">160 <\/span><\/td>\n<td width=\"136\"><span class=\"fontstyle2\">1 1\/4\u2033 <\/span><\/td>\n<\/tr>\n<tr>\n<td width=\"137\"><span class=\"fontstyle2\">160 <\/span><\/td>\n<td width=\"136\"><span class=\"fontstyle2\">1 1\/2\u2033 <\/span><\/td>\n<\/tr>\n<tr>\n<td width=\"137\"><span class=\"fontstyle2\">160 <\/span><\/td>\n<td width=\"136\"><span class=\"fontstyle2\">2\u2033 <\/span><\/td>\n<\/tr>\n<tr>\n<td width=\"137\"><span class=\"fontstyle2\">160 <\/span><\/td>\n<td width=\"136\"><span class=\"fontstyle2\">2 1\/2\u2033 <\/span><\/td>\n<\/tr>\n<tr>\n<td width=\"137\"><span class=\"fontstyle2\">160 <\/span><\/td>\n<td width=\"136\"><span class=\"fontstyle2\">3\u2033 <\/span><\/td>\n<\/tr>\n<tr>\n<td width=\"137\"><span class=\"fontstyle2\">180 <\/span><\/td>\n<td width=\"136\"><span class=\"fontstyle2\">1\u2033 <\/span><\/td>\n<\/tr>\n<\/tbody>\n<\/table>\n<p>&nbsp;<\/p>\n<table class=\"NormalTable\">\n<tbody>\n<tr>\n<td width=\"136\"><span class=\"fontstyle0\">DN <\/span><\/td>\n<td width=\"136\"><span class=\"fontstyle0\">Fio<\/span><\/td>\n<\/tr>\n<tr>\n<td width=\"136\"><span class=\"fontstyle2\">180 <\/span><\/td>\n<td width=\"136\"><span class=\"fontstyle2\">1 1\/4\u2033<\/span><\/td>\n<\/tr>\n<tr>\n<td width=\"136\"><span class=\"fontstyle2\">180 <\/span><\/td>\n<td width=\"136\"><span class=\"fontstyle2\">1 1\/2\u2033<\/span><\/td>\n<\/tr>\n<tr>\n<td width=\"136\"><span class=\"fontstyle2\">180 <\/span><\/td>\n<td width=\"136\"><span class=\"fontstyle2\">2\u2033<\/span><\/td>\n<\/tr>\n<tr>\n<td width=\"136\"><span class=\"fontstyle2\">180 <\/span><\/td>\n<td width=\"136\"><span class=\"fontstyle2\">3\u2033<\/span><\/td>\n<\/tr>\n<tr>\n<td width=\"136\"><span class=\"fontstyle2\">200 <\/span><\/td>\n<td width=\"136\"><span class=\"fontstyle2\">3\/4\u2033<\/span><\/td>\n<\/tr>\n<tr>\n<td width=\"136\"><span class=\"fontstyle2\">200 <\/span><\/td>\n<td width=\"136\"><span class=\"fontstyle2\">1\u2033<\/span><\/td>\n<\/tr>\n<tr>\n<td width=\"136\"><span class=\"fontstyle2\">200 <\/span><\/td>\n<td width=\"136\"><span class=\"fontstyle2\">1 1\/4\u2033<\/span><\/td>\n<\/tr>\n<tr>\n<td width=\"136\"><span class=\"fontstyle2\">200 <\/span><\/td>\n<td width=\"136\"><span class=\"fontstyle2\">1 1\/2\u2033<\/span><\/td>\n<\/tr>\n<tr>\n<td width=\"136\"><span class=\"fontstyle2\">200 <\/span><\/td>\n<td width=\"136\"><span class=\"fontstyle2\">2\u2033<\/span><\/td>\n<\/tr>\n<tr>\n<td width=\"136\"><span class=\"fontstyle2\">200 <\/span><\/td>\n<td width=\"136\"><span class=\"fontstyle2\">2 1\/2\u2033<\/span><\/td>\n<\/tr>\n<tr>\n<td width=\"136\"><span class=\"fontstyle2\">200 <\/span><\/td>\n<td width=\"136\"><span class=\"fontstyle2\">3\u2033<\/span><\/td>\n<\/tr>\n<tr>\n<td width=\"136\"><span class=\"fontstyle2\">250 <\/span><\/td>\n<td width=\"136\"><span class=\"fontstyle2\">1\u2033<\/span><\/td>\n<\/tr>\n<tr>\n<td width=\"136\"><span class=\"fontstyle2\">250 <\/span><\/td>\n<td width=\"136\"><span class=\"fontstyle2\">1 1\/4\u2033<\/span><\/td>\n<\/tr>\n<tr>\n<td width=\"136\"><span class=\"fontstyle2\">250 <\/span><\/td>\n<td width=\"136\"><span class=\"fontstyle2\">1 1\/2\u2033<\/span><\/td>\n<\/tr>\n<tr>\n<td width=\"136\"><span class=\"fontstyle2\">250 <\/span><\/td>\n<td width=\"136\"><span class=\"fontstyle2\">2\u2033<\/span><\/td>\n<\/tr>\n<tr>\n<td width=\"136\"><span class=\"fontstyle2\">250 <\/span><\/td>\n<td width=\"136\"><span class=\"fontstyle2\">2 1\/2\u2033<\/span><\/td>\n<\/tr>\n<tr>\n<td width=\"136\"><span class=\"fontstyle2\">250 <\/span><\/td>\n<td width=\"136\"><span class=\"fontstyle2\">3\u2033<\/span><\/td>\n<\/tr>\n<tr>\n<td width=\"136\"><span class=\"fontstyle2\">315 <\/span><\/td>\n<td width=\"136\"><span class=\"fontstyle2\">2\u2033<\/span><\/td>\n<\/tr>\n<tr>\n<td width=\"136\"><span class=\"fontstyle2\">315 <\/span><\/td>\n<td width=\"136\"><span class=\"fontstyle2\">2 1\/2\u2033<\/span><\/td>\n<\/tr>\n<tr>\n<td width=\"136\"><span class=\"fontstyle2\">315 <\/span><\/td>\n<td width=\"136\"><span class=\"fontstyle2\">3\u2033<\/span><\/td>\n<\/tr>\n<\/tbody>\n<\/table>\n<p>&nbsp;<\/p>","protected":false},"excerpt":{"rendered":"<p>Grampos de sela s\u00e3o dispositivos de fixa\u00e7\u00e3o vers\u00e1teis usados para fixar tubos ou tubula\u00e7\u00f5es. Esses grampos proporcionam estabilidade, suporte e um ponto de fixa\u00e7\u00e3o seguro para tubos, silenciadores e outros componentes. Seja em aplica\u00e7\u00f5es industriais ou em sistemas de exaust\u00e3o, os grampos de sela desempenham um papel crucial na manuten\u00e7\u00e3o da integridade estrutural.<\/p>","protected":false},"featured_media":2822,"template":"","meta":[],"product_brand":[],"product_cat":[37,172],"product_tag":[245],"class_list":{"0":"post-2820","1":"product","2":"type-product","3":"status-publish","4":"has-post-thumbnail","6":"product_cat-pipe-joints","7":"product_cat-saddle-clamp","8":"product_tag-saddle-clamp","10":"first","11":"instock","12":"shipping-taxable","13":"product-type-simple"},"aioseo_notices":[],"_links":{"self":[{"href":"https:\/\/www.okval.com\/pt\/wp-json\/wp\/v2\/product\/2820","targetHints":{"allow":["GET"]}}],"collection":[{"href":"https:\/\/www.okval.com\/pt\/wp-json\/wp\/v2\/product"}],"about":[{"href":"https:\/\/www.okval.com\/pt\/wp-json\/wp\/v2\/types\/product"}],"wp:featuredmedia":[{"embeddable":true,"href":"https:\/\/www.okval.com\/pt\/wp-json\/wp\/v2\/media\/2822"}],"wp:attachment":[{"href":"https:\/\/www.okval.com\/pt\/wp-json\/wp\/v2\/media?parent=2820"}],"wp:term":[{"taxonomy":"product_brand","embeddable":true,"href":"https:\/\/www.okval.com\/pt\/wp-json\/wp\/v2\/product_brand?post=2820"},{"taxonomy":"product_cat","embeddable":true,"href":"https:\/\/www.okval.com\/pt\/wp-json\/wp\/v2\/product_cat?post=2820"},{"taxonomy":"product_tag","embeddable":true,"href":"https:\/\/www.okval.com\/pt\/wp-json\/wp\/v2\/product_tag?post=2820"}],"curies":[{"name":"wp","href":"https:\/\/api.w.org\/{rel}","templated":true}]}}