{"id":2791,"date":"2024-04-09T18:03:07","date_gmt":"2024-04-09T10:03:07","guid":{"rendered":"https:\/\/www.okval.com\/?post_type=product&#038;p=2791"},"modified":"2024-04-09T18:25:11","modified_gmt":"2024-04-09T10:25:11","slug":"adaptador-de-flange-rapido-para-tubo-de-ferro-ductil","status":"publish","type":"product","link":"https:\/\/www.okval.com\/pt\/adaptador-de-flange-rapido-para-tubo-de-ferro-ductil-html","title":{"rendered":"Adaptador de flange r\u00e1pido para tubo de ferro d\u00factil"},"content":{"rendered":"<p><strong>Caracter\u00edsticas:<\/strong><br \/>\n\u00b7 Material de ferro d\u00factil GGG50 com revestimento FBE<br \/>\n\u00b7 Junta EPDM+<br \/>\n\u00b7 Press\u00e3o de trabalho PN10, PN16<br \/>\n\u00b7 Fura\u00e7\u00e3o de flange ISO PN10\/16<br \/>\n\u00b7 Deflex\u00e3o angular +\/- 6\u00b0<\/p>\n<p><strong>Desenho:<\/strong><\/p>\n<p><strong><img decoding=\"async\" class=\"alignnone wp-image-2794\" src=\"https:\/\/www.okval.com\/wp-content\/uploads\/2024\/04\/quick-drawing-for-DI.png\" alt=\"\" width=\"442\" height=\"365\" srcset=\"https:\/\/www.okval.com\/wp-content\/uploads\/2024\/04\/quick-drawing-for-DI.png 849w, https:\/\/www.okval.com\/wp-content\/uploads\/2024\/04\/quick-drawing-for-DI-300x248.png 300w, https:\/\/www.okval.com\/wp-content\/uploads\/2024\/04\/quick-drawing-for-DI-768x634.png 768w, https:\/\/www.okval.com\/wp-content\/uploads\/2024\/04\/quick-drawing-for-DI-15x12.png 15w, https:\/\/www.okval.com\/wp-content\/uploads\/2024\/04\/quick-drawing-for-DI-600x495.png 600w, https:\/\/www.okval.com\/wp-content\/uploads\/2024\/04\/quick-drawing-for-DI-150x124.png 150w\" sizes=\"(max-width: 442px) 100vw, 442px\" \/><\/strong><\/p>\n<p>&nbsp;<\/p>\n<p><strong>Dimens\u00f5es (mm):<\/strong><\/p>\n<table style=\"border-collapse: collapse; width: 465.52pt;\" border=\"0\" width=\"931\" cellspacing=\"0\" cellpadding=\"0\">\n<tbody>\n<tr style=\"height: 16.00pt;\">\n<td class=\"et3\" style=\"height: 16.00pt; width: 51.50pt;\" width=\"103\" height=\"32\">DN<\/td>\n<td class=\"et3\" style=\"width: 63.55pt;\" width=\"127\">OD do tubo<\/td>\n<td class=\"et3\" style=\"width: 67.85pt;\" width=\"135\">Comprimento<\/td>\n<td class=\"et3\" style=\"width: 51.50pt;\" width=\"103\"><\/td>\n<td class=\"et3\" style=\"width: 51.50pt;\" width=\"103\"><\/td>\n<td class=\"et3\" style=\"width: 51.50pt;\" width=\"103\"><\/td>\n<td class=\"et3\" style=\"width: 63.50pt;\" width=\"127\"><\/td>\n<td class=\"et3\" style=\"width: 65.00pt;\" width=\"130\"><\/td>\n<\/tr>\n<tr style=\"height: 16.00pt;\">\n<td class=\"et3\" style=\"height: 16.00pt;\" height=\"32\"><\/td>\n<td class=\"et3\"><\/td>\n<td class=\"et3\">eu<\/td>\n<td class=\"et3\">D<\/td>\n<td class=\"et3\">D&#039;<\/td>\n<td class=\"et3\">b<\/td>\n<td class=\"et3\">K<\/td>\n<td class=\"et3\">K<\/td>\n<\/tr>\n<tr style=\"height: 16.00pt;\">\n<td class=\"et3\" style=\"height: 16.00pt;\" height=\"32\">60\/65<\/td>\n<td class=\"et3\">82<\/td>\n<td class=\"et3\">47<\/td>\n<td class=\"et3\">185<\/td>\n<td class=\"et3\">110<\/td>\n<td class=\"et3\">16<\/td>\n<td class=\"et3\">145<\/td>\n<td class=\"et3\">145<\/td>\n<\/tr>\n<tr style=\"height: 16.00pt;\">\n<td class=\"et3\" style=\"height: 16.00pt;\" height=\"32\">80<\/td>\n<td class=\"et3\">98<\/td>\n<td class=\"et3\">50<\/td>\n<td class=\"et3\">200<\/td>\n<td class=\"et3\">125<\/td>\n<td class=\"et3\">16<\/td>\n<td class=\"et3\">160<\/td>\n<td class=\"et3\">160<\/td>\n<\/tr>\n<tr style=\"height: 16.00pt;\">\n<td class=\"et3\" style=\"height: 16.00pt;\" height=\"32\">100<\/td>\n<td class=\"et3\">118<\/td>\n<td class=\"et3\">55<\/td>\n<td class=\"et3\">220<\/td>\n<td class=\"et3\">150<\/td>\n<td class=\"et3\">16<\/td>\n<td class=\"et3\">180<\/td>\n<td class=\"et3\">180<\/td>\n<\/tr>\n<tr style=\"height: 16.00pt;\">\n<td class=\"et3\" style=\"height: 16.00pt;\" height=\"32\">125<\/td>\n<td class=\"et3\">144<\/td>\n<td class=\"et3\">65<\/td>\n<td class=\"et3\">250<\/td>\n<td class=\"et3\">175<\/td>\n<td class=\"et3\">16<\/td>\n<td class=\"et3\">210<\/td>\n<td class=\"et3\">210<\/td>\n<\/tr>\n<tr style=\"height: 16.00pt;\">\n<td class=\"et3\" style=\"height: 16.00pt;\" height=\"32\">150<\/td>\n<td class=\"et3\">170<\/td>\n<td class=\"et3\">70<\/td>\n<td class=\"et3\">285<\/td>\n<td class=\"et3\">200<\/td>\n<td class=\"et3\">16<\/td>\n<td class=\"et3\">240<\/td>\n<td class=\"et3\">240<\/td>\n<\/tr>\n<tr style=\"height: 16.00pt;\">\n<td class=\"et3\" style=\"height: 16.00pt;\" height=\"32\">200<\/td>\n<td class=\"et3\">222<\/td>\n<td class=\"et3\">80<\/td>\n<td class=\"et3\">340<\/td>\n<td class=\"et3\">255<\/td>\n<td class=\"et3\">17<\/td>\n<td class=\"et3\">295<\/td>\n<td class=\"et3\">295<\/td>\n<\/tr>\n<tr style=\"height: 16.00pt;\">\n<td class=\"et3\" style=\"height: 16.00pt;\" height=\"32\">250<\/td>\n<td class=\"et3\">274<\/td>\n<td class=\"et3\">80<\/td>\n<td class=\"et3\">400<\/td>\n<td class=\"et3\">322<\/td>\n<td class=\"et3\">19<\/td>\n<td class=\"et3\">PN10 350<\/td>\n<td class=\"et3\">PN16 355<\/td>\n<\/tr>\n<tr style=\"height: 16.00pt;\">\n<td class=\"et3\" style=\"height: 16.00pt;\" height=\"32\">300<\/td>\n<td class=\"et3\">326<\/td>\n<td class=\"et3\">86<\/td>\n<td class=\"et3\">455<\/td>\n<td class=\"et3\">360<\/td>\n<td class=\"et3\">21<\/td>\n<td class=\"et3\">PN10 400<\/td>\n<td class=\"et3\">PN16 410<\/td>\n<\/tr>\n<tr style=\"height: 16.00pt;\">\n<td class=\"et3\" style=\"height: 16.00pt;\" height=\"32\">400<\/td>\n<td class=\"et3\">429<\/td>\n<td class=\"et3\">95<\/td>\n<td class=\"et3\">580<\/td>\n<td class=\"et3\">465<\/td>\n<td class=\"et3\">22<\/td>\n<td class=\"et3\">PN10 515<\/td>\n<td class=\"et3\">PN16 525<\/td>\n<\/tr>\n<\/tbody>\n<\/table>","protected":false},"excerpt":{"rendered":"<p>Somos um dos principais fabricantes de flanges de parada para tubos de ferro d\u00factil, e uma f\u00e1brica de flanges de parada para tubos de ferro d\u00factil na China. Podemos fabricar e fornecer flanges de parada para tubos de ferro d\u00factil, de acordo com suas necessidades. Se voc\u00ea precisa de mais tipos de flanges de parada para tubos de ferro d\u00factil, entre em contato conosco agora mesmo!<\/p>\n<p>Adaptador de flange r\u00e1pido para tubo de ferro d\u00factil PN16<br \/>\nRaccord Brides Major pare tubo de ferro d\u00factil<br \/>\nAdaptadores para noiva para tubo de ferro d\u00factil<br \/>\nAdaptador autobloquant Unibrideasy Stop<br \/>\nAdaptadores Noivas<br \/>\nAdu\u00e7\u00e3o de \u00e1gua<br \/>\nFonte D\u00factil GJS500 ,Dn40-Dn500<br \/>\nAcordo com todas as pe\u00e7as para noivas equipadas de noivas normalizadas de acordo com ISO 7005. ISO 2531 e DIN 2501 EN545 EN598 EN1092<\/p>","protected":false},"featured_media":2792,"template":"","meta":[],"product_brand":[],"product_cat":[169],"product_tag":[],"class_list":{"0":"post-2791","1":"product","2":"type-product","3":"status-publish","4":"has-post-thumbnail","6":"product_cat-quick-flange-for-pvc-pe-pi-pipe","8":"first","9":"instock","10":"featured","11":"shipping-taxable","12":"product-type-simple"},"aioseo_notices":[],"_links":{"self":[{"href":"https:\/\/www.okval.com\/pt\/wp-json\/wp\/v2\/product\/2791","targetHints":{"allow":["GET"]}}],"collection":[{"href":"https:\/\/www.okval.com\/pt\/wp-json\/wp\/v2\/product"}],"about":[{"href":"https:\/\/www.okval.com\/pt\/wp-json\/wp\/v2\/types\/product"}],"wp:featuredmedia":[{"embeddable":true,"href":"https:\/\/www.okval.com\/pt\/wp-json\/wp\/v2\/media\/2792"}],"wp:attachment":[{"href":"https:\/\/www.okval.com\/pt\/wp-json\/wp\/v2\/media?parent=2791"}],"wp:term":[{"taxonomy":"product_brand","embeddable":true,"href":"https:\/\/www.okval.com\/pt\/wp-json\/wp\/v2\/product_brand?post=2791"},{"taxonomy":"product_cat","embeddable":true,"href":"https:\/\/www.okval.com\/pt\/wp-json\/wp\/v2\/product_cat?post=2791"},{"taxonomy":"product_tag","embeddable":true,"href":"https:\/\/www.okval.com\/pt\/wp-json\/wp\/v2\/product_tag?post=2791"}],"curies":[{"name":"wp","href":"https:\/\/api.w.org\/{rel}","templated":true}]}}