{"id":2786,"date":"2024-04-09T17:35:26","date_gmt":"2024-04-09T09:35:26","guid":{"rendered":"https:\/\/www.okval.com\/?post_type=product&#038;p=2786"},"modified":"2024-04-12T11:42:55","modified_gmt":"2024-04-12T03:42:55","slug":"adaptador-de-flange-rapido-para-tubo-de-pe","status":"publish","type":"product","link":"https:\/\/www.okval.com\/pt\/adaptador-de-flange-rapido-para-tubo-de-pe-html","title":{"rendered":"Adaptador de flange r\u00e1pido para tubo de PE"},"content":{"rendered":"<p><strong>Caracter\u00edsticas:<\/strong><\/p>\n<p>\u2022 Ferro d\u00factil com revestimento FBE<br \/>\n\u2022 Press\u00e3o de trabalho PN10,PN16<br \/>\n\u2022 Anel de veda\u00e7\u00e3o EPDM<br \/>\n\u2022 Equipado com anel de lat\u00e3o para tubo de PE<br \/>\n\u2022 Fura\u00e7\u00e3o de flanges ISO PN 10\/16<br \/>\n\u2022 Deflex\u00e3o angular +\/- 6\u00b0<\/p>\n<p><strong>Dimens\u00f5es (mm)<\/strong><\/p>\n<table width=\"599\">\n<tbody>\n<tr>\n<td rowspan=\"3\" width=\"83\">DN<\/td>\n<td rowspan=\"3\" width=\"74\">OD do tubo<\/td>\n<td rowspan=\"3\" width=\"74\">eu<\/td>\n<td rowspan=\"3\" width=\"43\">F<\/td>\n<td colspan=\"3\" width=\"325\">Perfura\u00e7\u00e3o de flange<\/td>\n<\/tr>\n<tr>\n<td colspan=\"3\" width=\"325\">PN10\/16<\/td>\n<\/tr>\n<tr>\n<td width=\"70\">D<\/td>\n<td width=\"106\">D1<\/td>\n<td width=\"149\">nM<\/td>\n<\/tr>\n<tr>\n<td width=\"83\">40<\/td>\n<td width=\"74\">40<\/td>\n<td width=\"74\">50<\/td>\n<td width=\"43\">16<\/td>\n<td width=\"70\">135<\/td>\n<td width=\"106\">110<\/td>\n<td width=\"149\">4\u00d719<\/td>\n<\/tr>\n<tr>\n<td width=\"83\">40\/50<\/td>\n<td width=\"74\">50<\/td>\n<td width=\"74\">50<\/td>\n<td width=\"43\">16<\/td>\n<td width=\"70\">157<\/td>\n<td width=\"106\">110\/125<\/td>\n<td width=\"149\">4\u00d719<\/td>\n<\/tr>\n<tr>\n<td width=\"83\">50\/60\/65<\/td>\n<td width=\"74\">63<\/td>\n<td width=\"74\">50<\/td>\n<td width=\"43\">16<\/td>\n<td width=\"70\">182<\/td>\n<td width=\"106\">125\/135\/145<\/td>\n<td width=\"149\">4\u00d719<\/td>\n<\/tr>\n<tr>\n<td width=\"83\">60\/65<\/td>\n<td width=\"74\">75<\/td>\n<td width=\"74\">55<\/td>\n<td width=\"43\">18<\/td>\n<td width=\"70\">185<\/td>\n<td width=\"106\">135\/145<\/td>\n<td width=\"149\">4\u00d719<\/td>\n<\/tr>\n<tr>\n<td width=\"83\">80<\/td>\n<td width=\"74\">90<\/td>\n<td width=\"74\">60<\/td>\n<td width=\"43\">18<\/td>\n<td width=\"70\">195<\/td>\n<td width=\"106\">160<\/td>\n<td width=\"149\">8\u00d719<\/td>\n<\/tr>\n<tr>\n<td width=\"83\">100<\/td>\n<td width=\"74\">110<\/td>\n<td width=\"74\">63<\/td>\n<td width=\"43\">19<\/td>\n<td width=\"70\">216<\/td>\n<td width=\"106\">180<\/td>\n<td width=\"149\">8\u00d719<\/td>\n<\/tr>\n<tr>\n<td width=\"83\">125<\/td>\n<td width=\"74\">125<\/td>\n<td width=\"74\">70<\/td>\n<td width=\"43\">19<\/td>\n<td width=\"70\">253<\/td>\n<td width=\"106\">210<\/td>\n<td width=\"149\">8\u00d719<\/td>\n<\/tr>\n<tr>\n<td width=\"83\">125<\/td>\n<td width=\"74\">140<\/td>\n<td width=\"74\">78<\/td>\n<td width=\"43\">19<\/td>\n<td width=\"70\">253<\/td>\n<td width=\"106\">210<\/td>\n<td width=\"149\">8\u00d719<\/td>\n<\/tr>\n<tr>\n<td width=\"83\">150<\/td>\n<td width=\"74\">160<\/td>\n<td width=\"74\">78<\/td>\n<td width=\"43\">20<\/td>\n<td width=\"70\">280<\/td>\n<td width=\"106\">240<\/td>\n<td width=\"149\">8\u00d723<\/td>\n<\/tr>\n<tr>\n<td width=\"83\">200<\/td>\n<td width=\"74\">200<\/td>\n<td width=\"74\">88<\/td>\n<td width=\"43\">20<\/td>\n<td width=\"70\">336<\/td>\n<td width=\"106\">295<\/td>\n<td width=\"149\">8\u00d723\/12X23<\/td>\n<\/tr>\n<tr>\n<td width=\"83\">200<\/td>\n<td width=\"74\">225<\/td>\n<td width=\"74\">88<\/td>\n<td width=\"43\">20<\/td>\n<td width=\"70\">336<\/td>\n<td width=\"106\">295<\/td>\n<td width=\"149\">8\u00d723\/12X23<\/td>\n<\/tr>\n<tr>\n<td width=\"83\">250<\/td>\n<td width=\"74\">250<\/td>\n<td width=\"74\">94<\/td>\n<td width=\"43\">22<\/td>\n<td width=\"70\">398<\/td>\n<td width=\"106\">350\/355<\/td>\n<td width=\"149\">12X28<\/td>\n<\/tr>\n<tr>\n<td width=\"83\">300<\/td>\n<td width=\"74\">315<\/td>\n<td width=\"74\">106<\/td>\n<td width=\"43\">24<\/td>\n<td width=\"70\">455<\/td>\n<td width=\"106\">400\/410<\/td>\n<td width=\"149\">12\u00d723\/12X28<\/td>\n<\/tr>\n<tr>\n<td width=\"83\">400<\/td>\n<td width=\"74\">400<\/td>\n<td width=\"74\">120<\/td>\n<td width=\"43\">25<\/td>\n<td width=\"70\">580<\/td>\n<td width=\"106\">515\/525<\/td>\n<td width=\"149\">16X31<\/td>\n<\/tr>\n<tr>\n<td width=\"83\">500<\/td>\n<td width=\"74\">500<\/td>\n<td width=\"74\">131<\/td>\n<td width=\"43\">25<\/td>\n<td width=\"70\">715<\/td>\n<td width=\"106\">620\/650<\/td>\n<td width=\"149\">20X28,5\/20X35<\/td>\n<\/tr>\n<\/tbody>\n<\/table>","protected":false},"excerpt":{"rendered":"<p>O adaptador de flange r\u00e1pido \u00e9 usado principalmente em tubos de PVC\/PE. Ele cont\u00e9m uma junta e um anel de lat\u00e3o (alternativa). Coloque o tubo no corpo do adaptador de flange r\u00e1pido e aperte os parafusos. O anel de lat\u00e3o fixar\u00e1 o tubo, evitando que ele se solte. Pode ser fabricado com fura\u00e7\u00e3o de flange especificada, como BS4504, EN1092, ISO2531 PN10, 16, 25, 40 ou ANSI. A faixa de tamanho varia de DN40 a DN400.<\/p>","protected":false},"featured_media":2789,"template":"","meta":[],"product_brand":[],"product_cat":[37,169],"product_tag":[251],"class_list":{"0":"post-2786","1":"product","2":"type-product","3":"status-publish","4":"has-post-thumbnail","6":"product_cat-pipe-joints","7":"product_cat-quick-flange-for-pvc-pe-pi-pipe","8":"product_tag-quick-flange","10":"first","11":"instock","12":"shipping-taxable","13":"product-type-simple"},"aioseo_notices":[],"_links":{"self":[{"href":"https:\/\/www.okval.com\/pt\/wp-json\/wp\/v2\/product\/2786","targetHints":{"allow":["GET"]}}],"collection":[{"href":"https:\/\/www.okval.com\/pt\/wp-json\/wp\/v2\/product"}],"about":[{"href":"https:\/\/www.okval.com\/pt\/wp-json\/wp\/v2\/types\/product"}],"wp:featuredmedia":[{"embeddable":true,"href":"https:\/\/www.okval.com\/pt\/wp-json\/wp\/v2\/media\/2789"}],"wp:attachment":[{"href":"https:\/\/www.okval.com\/pt\/wp-json\/wp\/v2\/media?parent=2786"}],"wp:term":[{"taxonomy":"product_brand","embeddable":true,"href":"https:\/\/www.okval.com\/pt\/wp-json\/wp\/v2\/product_brand?post=2786"},{"taxonomy":"product_cat","embeddable":true,"href":"https:\/\/www.okval.com\/pt\/wp-json\/wp\/v2\/product_cat?post=2786"},{"taxonomy":"product_tag","embeddable":true,"href":"https:\/\/www.okval.com\/pt\/wp-json\/wp\/v2\/product_tag?post=2786"}],"curies":[{"name":"wp","href":"https:\/\/api.w.org\/{rel}","templated":true}]}}