{"id":2775,"date":"2024-04-09T13:04:55","date_gmt":"2024-04-09T05:04:55","guid":{"rendered":"https:\/\/www.okval.com\/?post_type=product&#038;p=2775"},"modified":"2024-04-09T13:36:49","modified_gmt":"2024-04-09T05:36:49","slug":"junta-gibault-para-tubo-de-pvc-com-junta-tipo-gaxeta","status":"publish","type":"product","link":"https:\/\/www.okval.com\/pt\/junta-gibault-para-tubo-de-pvc-com-junta-tipo-gaxeta-html","title":{"rendered":"Junta Gibault para tubo de PVC com junta tipo A"},"content":{"rendered":"<p><meta name=\"keywords\" content=\"gibault\uff0cGibault joints \uff0cConnection Joints\uff0ccampana gibault\uff0cUnion Gibault copia\uff0cDismantling Joints,Ductile Iron Grooved Fittings,Fundici\u00f3n,brida,PVC Ductile Iron Pipe Fitting,Flexible Coupling,Flanged Adaptor,Dismantling Joint,GIBAULT JOINT,ISO 2531, EN 545\uff0cen598,rubber gaskets,BS 4772,AINSI \/AWWA C151,AWWA C104,pipe fittings,Gibault Joints,Union gibault,Uni\u00f3n Gibault ,mec\u00e1nica universal,Junta gibault,\u0e22\u0e35\u0e42\u0e1a\u0e25\u0e17\u0e4c,Pipe Repair Coupling,Joints gibault Adduction eau potable,Gibault joints for PVC pipe,Gibault joints for AC pipe,Gasket epdm O ring, A gasket,Gibault joints and couplings,EN545,ISO2531,Pipe joints\"><\/p>\n<p><strong><span class=\"fontstyle0\">Caracter\u00edsticas<\/span><\/strong><\/p>\n<p><span class=\"fontstyle0\">\u00b7 Manga: Ferro d\u00factil GGG50<br \/>\n\u00b7 Anel final: Ferro d\u00factil GGG50<br \/>\n\u00b7 Junta: EPDM\/NBR tipo A<br \/>\n\u00b7 Porca de parafuso: A\u00e7o galvanizado<br \/>\n\u00b7 Press\u00e3o PN10 PN16<\/span><\/p>\n<p><strong>Dimens\u00f5es (mm)<\/strong><\/p>\n<table width=\"313\">\n<tbody>\n<tr>\n<td width=\"59\">OD do tubo<\/td>\n<td width=\"59\">C<\/td>\n<td width=\"59\">UM<\/td>\n<td width=\"59\">eu<\/td>\n<td width=\"77\">Parafusos Qtd.<\/td>\n<\/tr>\n<tr>\n<td>50<\/td>\n<td>85<\/td>\n<td>130<\/td>\n<td>170<\/td>\n<td>2<\/td>\n<\/tr>\n<tr>\n<td>63<\/td>\n<td>85<\/td>\n<td>142<\/td>\n<td>155<\/td>\n<td>2<\/td>\n<\/tr>\n<tr>\n<td>75<\/td>\n<td>100<\/td>\n<td>157<\/td>\n<td>170<\/td>\n<td>2<\/td>\n<\/tr>\n<tr>\n<td>90<\/td>\n<td>100<\/td>\n<td>172<\/td>\n<td>170<\/td>\n<td>2<\/td>\n<\/tr>\n<tr>\n<td>110<\/td>\n<td>100<\/td>\n<td>175<\/td>\n<td>170<\/td>\n<td>3<\/td>\n<\/tr>\n<tr>\n<td>125<\/td>\n<td>100<\/td>\n<td>192<\/td>\n<td>170<\/td>\n<td>3<\/td>\n<\/tr>\n<tr>\n<td>140<\/td>\n<td>100<\/td>\n<td>200<\/td>\n<td>170<\/td>\n<td>3<\/td>\n<\/tr>\n<tr>\n<td>160<\/td>\n<td>130<\/td>\n<td>250<\/td>\n<td>210<\/td>\n<td>4<\/td>\n<\/tr>\n<tr>\n<td>200<\/td>\n<td>140<\/td>\n<td>290<\/td>\n<td>210<\/td>\n<td>4<\/td>\n<\/tr>\n<tr>\n<td>225<\/td>\n<td>140<\/td>\n<td>315<\/td>\n<td>210<\/td>\n<td>4<\/td>\n<\/tr>\n<tr>\n<td>250<\/td>\n<td>140<\/td>\n<td>340<\/td>\n<td>210<\/td>\n<td>6<\/td>\n<\/tr>\n<tr>\n<td>315<\/td>\n<td>140<\/td>\n<td>410<\/td>\n<td>210<\/td>\n<td>6<\/td>\n<\/tr>\n<tr>\n<td>400<\/td>\n<td>180<\/td>\n<td>510<\/td>\n<td>280<\/td>\n<td>8<\/td>\n<\/tr>\n<tr>\n<td>500<\/td>\n<td>180<\/td>\n<td>618<\/td>\n<td>280<\/td>\n<td>10<\/td>\n<\/tr>\n<\/tbody>\n<\/table>","protected":false},"excerpt":{"rendered":"<p>A junta Gibault \u00e9 projetada especificamente para a extremidade lisa de tubos de PVC. Para outros tubos, normalmente chamamos de acoplamento, que \u00e9 usado para conectar as extremidades lisas dos tubos. Comparada ao acoplamento universal, a junta Gibault \u00e9 projetada especificamente para o di\u00e2metro externo de um tubo, de modo que sua dimens\u00e3o se ajusta ao di\u00e2metro externo do tubo com precis\u00e3o, tornando o aperto muito r\u00e1pido e f\u00e1cil. O desempenho de veda\u00e7\u00e3o \u00e9 muito bom. A junta Gibault pode suportar press\u00f5es mais altas do que uma <a href=\"https:\/\/pipefittingandvalve.com\/flexible-pipe-coupling\/\" target=\"_blank\" rel=\"noopener\">Acoplamento de ampla faixa<\/a>\u00a0do mesmo tamanho.<\/p>","protected":false},"featured_media":2777,"template":"","meta":[],"product_brand":[],"product_cat":[37,173],"product_tag":[244],"class_list":{"0":"post-2775","1":"product","2":"type-product","3":"status-publish","4":"has-post-thumbnail","6":"product_cat-pipe-joints","7":"product_cat-gibault-joints","8":"product_tag-gibault-joints","10":"first","11":"instock","12":"shipping-taxable","13":"product-type-simple"},"aioseo_notices":[],"_links":{"self":[{"href":"https:\/\/www.okval.com\/pt\/wp-json\/wp\/v2\/product\/2775","targetHints":{"allow":["GET"]}}],"collection":[{"href":"https:\/\/www.okval.com\/pt\/wp-json\/wp\/v2\/product"}],"about":[{"href":"https:\/\/www.okval.com\/pt\/wp-json\/wp\/v2\/types\/product"}],"wp:featuredmedia":[{"embeddable":true,"href":"https:\/\/www.okval.com\/pt\/wp-json\/wp\/v2\/media\/2777"}],"wp:attachment":[{"href":"https:\/\/www.okval.com\/pt\/wp-json\/wp\/v2\/media?parent=2775"}],"wp:term":[{"taxonomy":"product_brand","embeddable":true,"href":"https:\/\/www.okval.com\/pt\/wp-json\/wp\/v2\/product_brand?post=2775"},{"taxonomy":"product_cat","embeddable":true,"href":"https:\/\/www.okval.com\/pt\/wp-json\/wp\/v2\/product_cat?post=2775"},{"taxonomy":"product_tag","embeddable":true,"href":"https:\/\/www.okval.com\/pt\/wp-json\/wp\/v2\/product_tag?post=2775"}],"curies":[{"name":"wp","href":"https:\/\/api.w.org\/{rel}","templated":true}]}}