{"id":2599,"date":"2024-03-28T22:02:30","date_gmt":"2024-03-28T14:02:30","guid":{"rendered":"https:\/\/www.okval.com\/?post_type=product&#038;p=2599"},"modified":"2024-03-31T13:58:45","modified_gmt":"2024-03-31T05:58:45","slug":"junta-de-dilatacao-de-borracha","status":"publish","type":"product","link":"https:\/\/www.okval.com\/pt\/junta-de-dilatacao-de-borracha-html","title":{"rendered":"Junta de expans\u00e3o de borracha"},"content":{"rendered":"","protected":false},"excerpt":{"rendered":"<p>As juntas de dilata\u00e7\u00e3o de borracha s\u00e3o formadas por uma cobertura externa e uma cobertura interna de resist\u00eancia m\u00e9dia, al\u00e9m de um refor\u00e7o resistente \u00e0 press\u00e3o.<\/p>","protected":false},"featured_media":2600,"template":"","meta":[],"product_brand":[],"product_cat":[164],"product_tag":[233],"class_list":{"0":"post-2599","1":"product","2":"type-product","3":"status-publish","4":"has-post-thumbnail","6":"product_cat-rubber-expansion-joint","7":"product_tag-rubber-expansion-joint","9":"first","10":"instock","11":"shipping-taxable","12":"product-type-simple"},"aioseo_notices":[],"_links":{"self":[{"href":"https:\/\/www.okval.com\/pt\/wp-json\/wp\/v2\/product\/2599","targetHints":{"allow":["GET"]}}],"collection":[{"href":"https:\/\/www.okval.com\/pt\/wp-json\/wp\/v2\/product"}],"about":[{"href":"https:\/\/www.okval.com\/pt\/wp-json\/wp\/v2\/types\/product"}],"wp:featuredmedia":[{"embeddable":true,"href":"https:\/\/www.okval.com\/pt\/wp-json\/wp\/v2\/media\/2600"}],"wp:attachment":[{"href":"https:\/\/www.okval.com\/pt\/wp-json\/wp\/v2\/media?parent=2599"}],"wp:term":[{"taxonomy":"product_brand","embeddable":true,"href":"https:\/\/www.okval.com\/pt\/wp-json\/wp\/v2\/product_brand?post=2599"},{"taxonomy":"product_cat","embeddable":true,"href":"https:\/\/www.okval.com\/pt\/wp-json\/wp\/v2\/product_cat?post=2599"},{"taxonomy":"product_tag","embeddable":true,"href":"https:\/\/www.okval.com\/pt\/wp-json\/wp\/v2\/product_tag?post=2599"}],"curies":[{"name":"wp","href":"https:\/\/api.w.org\/{rel}","templated":true}]}}