{"id":2591,"date":"2024-03-28T21:29:49","date_gmt":"2024-03-28T13:29:49","guid":{"rendered":"https:\/\/www.okval.com\/?post_type=product&#038;p=2591"},"modified":"2024-06-19T14:37:33","modified_gmt":"2024-06-19T06:37:33","slug":"valvula-de-retencao-de-pe","status":"publish","type":"product","link":"https:\/\/www.okval.com\/pt\/valvula-de-pe-html","title":{"rendered":"V\u00e1lvula de p\u00e9"},"content":{"rendered":"<p>&nbsp;<\/p>\n<p>V\u00e1lvula de p\u00e9 OKVAL<br \/>\nV\u00e1lvula de reten\u00e7\u00e3o de p\u00e9<br \/>\nAcess\u00f3rios para bombas<br \/>\nClassifica\u00e7\u00e3o de press\u00e3o: PN16 \/ PN10<br \/>\nMeio de trabalho: \u00c1gua<br \/>\nTemperatura de trabalho: -20\u02daC\u202680\u02daC para EPDM<br \/>\nTela de a\u00e7o inoxid\u00e1vel<br \/>\nFlangeado conforme BS 4504 \/ BS EN1092<\/p>\n<p>V\u00e1lvula de reten\u00e7\u00e3o pie<br \/>\n#Bombas<br \/>\nDisco de ferro d\u00factil GJS 500-7.<br \/>\nColarinho em lat\u00e3o forjado BS2874 CA104.<br \/>\nEje em a\u00e7o inoxid\u00e1vel BS970.<br \/>\nVedado em EPDM EN 681-1.<br \/>\nFiltro em a\u00e7o inoxid\u00e1vel SS431.<\/p>\n<p>CLAPET DE PIED CR\u00c9PINE<\/p>\n<p>Acordo de noiva PN10 perfurado, para la\u00e7o de condu\u00edte<br \/>\nGrande di\u00e2metro da perfura\u00e7\u00e3o do filtro<br \/>\nFalha na resist\u00eancia de admiss\u00e3o gra\u00e7as a uma configura\u00e7\u00e3o favor\u00e1vel ao toque<br \/>\nFonte moul\u00e9e\/caoutchouc \u00e0 joint sopale<br \/>\nNoivas segundo EN 1092-2<br \/>\nCorpo fonte EN GJL-250 rev\u00eatu \u00e9poxy (Sauf DN 500: EN-GJS-400).<br \/>\nRessort en acier inoxydable.<br \/>\nCr\u00e9pine en acier galvanis\u00e9.<img decoding=\"async\" class=\"alignnone size-full wp-image-2880\" src=\"https:\/\/www.okval.com\/wp-content\/uploads\/2024\/03\/FOOT-VALVE-S1-1.jpg\" alt=\"V\u00e1lvula de p\u00e9 V\u00e1lvula de reten\u00e7\u00e3o de p\u00e9 OKVAL Acess\u00f3rios da bomba Classifica\u00e7\u00e3o de press\u00e3o: PN16 \/ PN10 Meio de trabalho: \u00c1gua Temperatura de trabalho: -20\u02daC...80\u02daC para EPDM Tela de a\u00e7o inoxid\u00e1vel flangeada para BS 4504 \/ BS EN1092 V\u00e1lvula de reten\u00e7\u00e3o torta #Bombas Disco em hierro d\u00factil GJS 500-7. Colarinho em lat\u00e3o forjado BS2874 CA104. Eje em a\u00e7o inoxid\u00e1vel BS970. Vendido em EPDM EN 681-1. Filtro em a\u00e7o inoxid\u00e1vel SS431. CLAPET DE PIED CR\u00c9PINE Raccordement \u00e0 noiva PN10 perfurado, para raccord de conduite Grande di\u00e2metro da perfura\u00e7\u00e3o do filtro Resist\u00eancia de admiss\u00e3o fraca gra\u00e7as a uma configura\u00e7\u00e3o favor\u00e1vel ao toque Fonte moul\u00e9e\/caoutchouc \u00e0 joint sopa Noivas selon EN 1092-2 Corps fonte EN GJL-250 rev\u00eatu \u00e9poxy (Sauf DN 500: EN-GJS-400). Ressort en acier inoxid\u00e1vel. Cr\u00e9pine em a\u00e7o galvanizado.\" \/><\/p>\n<p>&nbsp;<\/p>","protected":false},"excerpt":{"rendered":"<p>V\u00e1lvulas de p\u00e9 s\u00e3o usadas no final de uma linha de suc\u00e7\u00e3o de uma fonte de \u00e1gua externa para manter a bomba sempre preparada com a v\u00e1lvula de reten\u00e7\u00e3o integrada e para evitar que qualquer lodo, detritos, folhas ou biomassa indesejados entrem na bomba pela linha, usando um filtro.<\/p>","protected":false},"featured_media":2879,"template":"","meta":[],"product_brand":[],"product_cat":[159,187],"product_tag":[269],"class_list":{"0":"post-2591","1":"product","2":"type-product","3":"status-publish","4":"has-post-thumbnail","6":"product_cat-valves","7":"product_cat-foot-valve","8":"product_tag-foot-valvefoot-check-valvepump-accessoriesvalvula-de-retencion-pie","10":"first","11":"instock","12":"shipping-taxable","13":"product-type-simple"},"aioseo_notices":[],"_links":{"self":[{"href":"https:\/\/www.okval.com\/pt\/wp-json\/wp\/v2\/product\/2591","targetHints":{"allow":["GET"]}}],"collection":[{"href":"https:\/\/www.okval.com\/pt\/wp-json\/wp\/v2\/product"}],"about":[{"href":"https:\/\/www.okval.com\/pt\/wp-json\/wp\/v2\/types\/product"}],"wp:featuredmedia":[{"embeddable":true,"href":"https:\/\/www.okval.com\/pt\/wp-json\/wp\/v2\/media\/2879"}],"wp:attachment":[{"href":"https:\/\/www.okval.com\/pt\/wp-json\/wp\/v2\/media?parent=2591"}],"wp:term":[{"taxonomy":"product_brand","embeddable":true,"href":"https:\/\/www.okval.com\/pt\/wp-json\/wp\/v2\/product_brand?post=2591"},{"taxonomy":"product_cat","embeddable":true,"href":"https:\/\/www.okval.com\/pt\/wp-json\/wp\/v2\/product_cat?post=2591"},{"taxonomy":"product_tag","embeddable":true,"href":"https:\/\/www.okval.com\/pt\/wp-json\/wp\/v2\/product_tag?post=2591"}],"curies":[{"name":"wp","href":"https:\/\/api.w.org\/{rel}","templated":true}]}}