{"id":2590,"date":"2024-03-28T21:25:21","date_gmt":"2024-03-28T13:25:21","guid":{"rendered":"https:\/\/www.okval.com\/?post_type=product&#038;p=2590"},"modified":"2024-03-31T15:39:07","modified_gmt":"2024-03-31T07:39:07","slug":"filtro-de-cesta-t-peneira","status":"publish","type":"product","link":"https:\/\/www.okval.com\/pt\/filtro-de-cesta-t-peneira-html","title":{"rendered":"Filtro de cesta em T"},"content":{"rendered":"<ul>\n<li>Norma de flange: EN1092-2<\/li>\n<li>Conex\u00e3o: Extremidade flangeada<\/li>\n<li>Selo: EPDM\/NBR<\/li>\n<li>Press\u00e3o: PN10, PN16,<\/li>\n<li>Tamanho: DN40 \u2013 600 (1-1\/2\u201d \u2013 24\u201d)<\/li>\n<\/ul>","protected":false},"excerpt":{"rendered":"<p>Um filtro em T \u00e9 um filtro comum em aplica\u00e7\u00f5es industriais e comerciais para remover detritos e contaminantes de l\u00edquidos e gases.<\/p>","protected":false},"featured_media":2554,"template":"","meta":[],"product_brand":[],"product_cat":[159,183],"product_tag":[224],"class_list":{"0":"post-2590","1":"product","2":"type-product","3":"status-publish","4":"has-post-thumbnail","6":"product_cat-valves","7":"product_cat-basket-filter-t-strainer","8":"product_tag-basket-filter-t-strainer","10":"first","11":"instock","12":"shipping-taxable","13":"product-type-simple"},"aioseo_notices":[],"_links":{"self":[{"href":"https:\/\/www.okval.com\/pt\/wp-json\/wp\/v2\/product\/2590","targetHints":{"allow":["GET"]}}],"collection":[{"href":"https:\/\/www.okval.com\/pt\/wp-json\/wp\/v2\/product"}],"about":[{"href":"https:\/\/www.okval.com\/pt\/wp-json\/wp\/v2\/types\/product"}],"wp:featuredmedia":[{"embeddable":true,"href":"https:\/\/www.okval.com\/pt\/wp-json\/wp\/v2\/media\/2554"}],"wp:attachment":[{"href":"https:\/\/www.okval.com\/pt\/wp-json\/wp\/v2\/media?parent=2590"}],"wp:term":[{"taxonomy":"product_brand","embeddable":true,"href":"https:\/\/www.okval.com\/pt\/wp-json\/wp\/v2\/product_brand?post=2590"},{"taxonomy":"product_cat","embeddable":true,"href":"https:\/\/www.okval.com\/pt\/wp-json\/wp\/v2\/product_cat?post=2590"},{"taxonomy":"product_tag","embeddable":true,"href":"https:\/\/www.okval.com\/pt\/wp-json\/wp\/v2\/product_tag?post=2590"}],"curies":[{"name":"wp","href":"https:\/\/api.w.org\/{rel}","templated":true}]}}