{"id":2587,"date":"2024-03-28T20:57:03","date_gmt":"2024-03-28T12:57:03","guid":{"rendered":"https:\/\/www.okval.com\/?post_type=product&#038;p=2587"},"modified":"2024-03-31T15:41:33","modified_gmt":"2024-03-31T07:41:33","slug":"valvula-de-aba","status":"publish","type":"product","link":"https:\/\/www.okval.com\/pt\/valvula-de-aba-html","title":{"rendered":"V\u00e1lvula de aba"},"content":{"rendered":"<p>Norma de flange: EN1092-2, ANSI B16.1<\/p>\n<p>Conex\u00e3o: extremidade flangeada<\/p>\n<p>Veda\u00e7\u00e3o: Borracha\/Metal<\/p>\n<p>Press\u00e3o: PN10, PN16, 125LB, 150LB<\/p>\n<p>Tamanho: DN40 \u2013 600 (1-1\/2\u201d-24\u201d)<\/p>","protected":false},"excerpt":{"rendered":"<p>V\u00e1lvulas unidirecionais instaladas na extremidade aberta de uma tubula\u00e7\u00e3o ou bueiro s\u00e3o conhecidas como v\u00e1lvulas de reten\u00e7\u00e3o. Sua fun\u00e7\u00e3o \u00e9 permitir que a \u00e1gua a jusante saia do tubo atrav\u00e9s de uma porta de reten\u00e7\u00e3o unidirecional, evitando que o n\u00edvel de \u00e1gua acima do n\u00edvel do tubo entre no tubo e inunde a \u00e1rea protegida.<\/p>","protected":false},"featured_media":2550,"template":"","meta":[],"product_brand":[],"product_cat":[159,185],"product_tag":[222],"class_list":{"0":"post-2587","1":"product","2":"type-product","3":"status-publish","4":"has-post-thumbnail","6":"product_cat-valves","7":"product_cat-flap-valve","8":"product_tag-flap-valve","10":"first","11":"instock","12":"shipping-taxable","13":"product-type-simple"},"aioseo_notices":[],"_links":{"self":[{"href":"https:\/\/www.okval.com\/pt\/wp-json\/wp\/v2\/product\/2587","targetHints":{"allow":["GET"]}}],"collection":[{"href":"https:\/\/www.okval.com\/pt\/wp-json\/wp\/v2\/product"}],"about":[{"href":"https:\/\/www.okval.com\/pt\/wp-json\/wp\/v2\/types\/product"}],"wp:featuredmedia":[{"embeddable":true,"href":"https:\/\/www.okval.com\/pt\/wp-json\/wp\/v2\/media\/2550"}],"wp:attachment":[{"href":"https:\/\/www.okval.com\/pt\/wp-json\/wp\/v2\/media?parent=2587"}],"wp:term":[{"taxonomy":"product_brand","embeddable":true,"href":"https:\/\/www.okval.com\/pt\/wp-json\/wp\/v2\/product_brand?post=2587"},{"taxonomy":"product_cat","embeddable":true,"href":"https:\/\/www.okval.com\/pt\/wp-json\/wp\/v2\/product_cat?post=2587"},{"taxonomy":"product_tag","embeddable":true,"href":"https:\/\/www.okval.com\/pt\/wp-json\/wp\/v2\/product_tag?post=2587"}],"curies":[{"name":"wp","href":"https:\/\/api.w.org\/{rel}","templated":true}]}}