{"id":2576,"date":"2024-03-28T20:09:38","date_gmt":"2024-03-28T12:09:38","guid":{"rendered":"https:\/\/www.okval.com\/?post_type=product&#038;p=2576"},"modified":"2024-03-31T15:43:16","modified_gmt":"2024-03-31T07:43:16","slug":"valvula-globo","status":"publish","type":"product","link":"https:\/\/www.okval.com\/pt\/valvula-globo-html","title":{"rendered":"V\u00e1lvula Globo"},"content":{"rendered":"<p><strong>Par\u00e2metros t\u00e9cnicos<\/strong><\/p>\n<div class=\"table-responsive\">\n<table class=\"table\" border=\"1\" cellspacing=\"1\" cellpadding=\"1\">\n<tbody>\n<tr>\n<td>DIMENS\u00d5ES<\/p>\n<div class=\"table-responsive\">\n<table class=\"table\" border=\"1\" cellspacing=\"1\" cellpadding=\"1\">\n<tbody>\n<tr>\n<td class=\"et2\" rowspan=\"2\">DN<\/td>\n<td class=\"et2\">40<\/td>\n<td class=\"et2\">50<\/td>\n<td class=\"et2\">65<\/td>\n<td class=\"et2\">80<\/td>\n<td class=\"et2\">100<\/td>\n<td class=\"et2\">125<\/td>\n<td class=\"et2\">150<\/td>\n<td class=\"et2\">200<\/td>\n<td class=\"et2\">250<\/td>\n<td class=\"et2\">300<\/td>\n<\/tr>\n<tr>\n<td class=\"et2\">1,5\u2033<\/td>\n<td class=\"et2\">2\u2033<\/td>\n<td class=\"et2\">2,5\u2033<\/td>\n<td class=\"et2\">3\u2033<\/td>\n<td class=\"et2\">4\u2033<\/td>\n<td class=\"et2\">5\u2033<\/td>\n<td class=\"et2\">6\u2033<\/td>\n<td class=\"et2\">8\u2033<\/td>\n<td class=\"et2\">10\u2033<\/td>\n<td class=\"et2\">12\u2033<\/td>\n<\/tr>\n<tr>\n<td class=\"et2\">eu<\/td>\n<td class=\"et2\">190<\/td>\n<td class=\"et2\">203<\/td>\n<td class=\"et2\">216<\/td>\n<td class=\"et2\">241<\/td>\n<td class=\"et2\">292<\/td>\n<td class=\"et2\">360<\/td>\n<td class=\"et2\">410<\/td>\n<td class=\"et2\">495<\/td>\n<td class=\"et2\">620<\/td>\n<td class=\"et2\">700<\/td>\n<\/tr>\n<tr>\n<td class=\"et2\">H<\/td>\n<td class=\"et2\">260<\/td>\n<td class=\"et2\">277<\/td>\n<td class=\"et2\">307<\/td>\n<td class=\"et2\">353<\/td>\n<td class=\"et2\">404<\/td>\n<td class=\"et2\">454<\/td>\n<td class=\"et2\">533<\/td>\n<td class=\"et2\">642<\/td>\n<td class=\"et2\">665<\/td>\n<td class=\"et2\">755<\/td>\n<\/tr>\n<tr>\n<td class=\"et2\">D(PN10)<\/td>\n<td class=\"et2\">150<\/td>\n<td class=\"et2\">165<\/td>\n<td class=\"et2\">185<\/td>\n<td class=\"et2\">200<\/td>\n<td class=\"et2\">220<\/td>\n<td class=\"et2\">250<\/td>\n<td class=\"et2\">285<\/td>\n<td class=\"et2\">340<\/td>\n<td class=\"et2\">395<\/td>\n<td class=\"et2\">445<\/td>\n<\/tr>\n<tr>\n<td class=\"et2\">D(PN16)<\/td>\n<td class=\"et2\">150<\/td>\n<td class=\"et2\">165<\/td>\n<td class=\"et2\">185<\/td>\n<td class=\"et2\">200<\/td>\n<td class=\"et2\">220<\/td>\n<td class=\"et2\">250<\/td>\n<td class=\"et2\">285<\/td>\n<td class=\"et2\">340<\/td>\n<td class=\"et2\">405<\/td>\n<td class=\"et2\">460<\/td>\n<\/tr>\n<\/tbody>\n<\/table>\n<\/div>\n<\/td>\n<td><img decoding=\"async\" title=\"v\u00e1lvula globo\" src=\"https:\/\/www.ametekiron.com\/Content\/uploads\/2023677727\/202310201620130288e823d11048e08bae54c8a7c615c9.png?size=350x0\" alt=\"v\u00e1lvula globo\" width=\"350\" height=\"393\" \/><\/td>\n<\/tr>\n<\/tbody>\n<\/table>\n<p><strong>TESTE<\/strong><\/p>\n<div class=\"table-responsive\">\n<table class=\"table\" border=\"1\" cellspacing=\"1\" cellpadding=\"1\">\n<tbody>\n<tr>\n<td>Press\u00e3o de trabalho<\/td>\n<td>PN10 \/ PN16<\/td>\n<\/tr>\n<tr>\n<td>Teste de Press\u00e3o de Casca<\/td>\n<td>21,1 kgf\/cm\u00b2 24 kgf\/cm\u00b2<\/td>\n<\/tr>\n<tr>\n<td>Assento<\/td>\n<td>15,0 kgf\/cm\u00b2 17,6 kgf\/cm\u00b2<\/td>\n<\/tr>\n<\/tbody>\n<\/table>\n<\/div>\n<p>&nbsp;<\/p>\n<p><strong>COMPONENTES<\/strong><\/p>\n<div class=\"table-responsive\">\n<table class=\"table\" border=\"1\" cellspacing=\"1\" cellpadding=\"1\">\n<tbody>\n<tr>\n<td>1<\/td>\n<td>CORPO<\/td>\n<td>FERRO FUNDIDO<\/td>\n<\/tr>\n<tr>\n<td>2<\/td>\n<td>CAP\u00d4<\/td>\n<td>FERRO FUNDIDO<\/td>\n<\/tr>\n<tr>\n<td>3<\/td>\n<td>TRONCO<\/td>\n<td>A\u00c7O INOXID\u00c1VEL<\/td>\n<\/tr>\n<tr>\n<td>4<\/td>\n<td>DISCO<\/td>\n<td>FERRO FUNDIDO<\/td>\n<\/tr>\n<tr>\n<td>5<\/td>\n<td>ANEL DE ASSENTO<\/td>\n<td>BRONZE FUNDIDO \/ A\u00c7O INOXID\u00c1VEL<\/td>\n<\/tr>\n<tr>\n<td>6<\/td>\n<td>GL\u00c2NDULA<\/td>\n<td>FERRO D\u00daCTIL<\/td>\n<\/tr>\n<tr>\n<td>7<\/td>\n<td>EMBALAGEM<\/td>\n<td>N\u00c3O \u00c9 AMIANTO<\/td>\n<\/tr>\n<tr>\n<td>8<\/td>\n<td>VOLANTE<\/td>\n<td>FERRO FUNDIDO<\/td>\n<\/tr>\n<\/tbody>\n<\/table>\n<p><strong>Vantagens do produto<\/strong><\/p>\n<p><strong>Compatibilidade ambiental:<\/strong>\u00a0Atende \u00e0s normas ambientais e minimiza o impacto nos ecossistemas.<\/p>\n<p><strong>Resposta r\u00e1pida:<\/strong>\u00a0Facilita ajustes r\u00e1pidos, essenciais para emerg\u00eancias ou mudan\u00e7as nas condi\u00e7\u00f5es operacionais.<\/p>\n<p><strong>Longa vida \u00fatil:<\/strong>\u00a0Garante maior vida \u00fatil, reduzindo a frequ\u00eancia de substitui\u00e7\u00f5es.<\/p>\n<p><strong>Perda m\u00ednima de energia:<\/strong>\u00a0Minimiza o desperd\u00edcio de energia, contribuindo para a economia de custos e sustentabilidade.<\/p>\n<p><strong>Design amig\u00e1vel:<\/strong>\u00a0Possui controles intuitivos e rotulagem clara para facilitar a opera\u00e7\u00e3o e a manuten\u00e7\u00e3o.<\/p>\n<\/div>\n<\/div>","protected":false},"excerpt":{"rendered":"<p>V\u00e1lvulas globo s\u00e3o usadas para regular o fluxo de um fluido e para fech\u00e1-lo (mesmo que, para opera\u00e7\u00f5es de fechamento, v\u00e1lvulas de esfera e v\u00e1lvulas de gaveta sejam sempre preferidas). V\u00e1lvulas globo s\u00e3o v\u00e1lvulas bidirecionais, diferentemente das v\u00e1lvulas de reten\u00e7\u00e3o, o que significa que o fluido pode fluir em qualquer dire\u00e7\u00e3o dentro da v\u00e1lvula.<\/p>\n<p>&nbsp;<\/p>","protected":false},"featured_media":2579,"template":"","meta":[],"product_brand":[],"product_cat":[159,184],"product_tag":[220],"class_list":{"0":"post-2576","1":"product","2":"type-product","3":"status-publish","4":"has-post-thumbnail","6":"product_cat-valves","7":"product_cat-globe-valve","8":"product_tag-globe-valve","10":"first","11":"instock","12":"shipping-taxable","13":"product-type-simple"},"aioseo_notices":[],"_links":{"self":[{"href":"https:\/\/www.okval.com\/pt\/wp-json\/wp\/v2\/product\/2576","targetHints":{"allow":["GET"]}}],"collection":[{"href":"https:\/\/www.okval.com\/pt\/wp-json\/wp\/v2\/product"}],"about":[{"href":"https:\/\/www.okval.com\/pt\/wp-json\/wp\/v2\/types\/product"}],"wp:featuredmedia":[{"embeddable":true,"href":"https:\/\/www.okval.com\/pt\/wp-json\/wp\/v2\/media\/2579"}],"wp:attachment":[{"href":"https:\/\/www.okval.com\/pt\/wp-json\/wp\/v2\/media?parent=2576"}],"wp:term":[{"taxonomy":"product_brand","embeddable":true,"href":"https:\/\/www.okval.com\/pt\/wp-json\/wp\/v2\/product_brand?post=2576"},{"taxonomy":"product_cat","embeddable":true,"href":"https:\/\/www.okval.com\/pt\/wp-json\/wp\/v2\/product_cat?post=2576"},{"taxonomy":"product_tag","embeddable":true,"href":"https:\/\/www.okval.com\/pt\/wp-json\/wp\/v2\/product_tag?post=2576"}],"curies":[{"name":"wp","href":"https:\/\/api.w.org\/{rel}","templated":true}]}}