{"id":2574,"date":"2024-03-28T17:31:01","date_gmt":"2024-03-28T09:31:01","guid":{"rendered":"https:\/\/www.okval.com\/?post_type=product&#038;p=2574"},"modified":"2024-03-31T15:48:30","modified_gmt":"2024-03-31T07:48:30","slug":"filtro-de-cesta","status":"publish","type":"product","link":"https:\/\/www.okval.com\/pt\/filtro-de-cesta-html","title":{"rendered":"Filtro em Y"},"content":{"rendered":"<ul>\n<li>Norma de flange: EN1092-2<\/li>\n<li>Conex\u00e3o: Extremidade flangeada<\/li>\n<li>Selo: EPDM\/NBR<\/li>\n<li>Press\u00e3o: PN10, PN16,<\/li>\n<li>Tamanho: DN40 \u2013 600 (1-1\/2\u201d \u2013 24\u201d)<\/li>\n<\/ul>","protected":false},"excerpt":{"rendered":"<p>Os filtros tipo Y recebem esse nome devido ao seu formato e s\u00e3o usados para filtragem de cursos e para proteger sistemas de manuseio de fluidos contra danos causados por v\u00e1lvulas, bombas, medidores de vaz\u00e3o e outros equipamentos da planta de processo, causados por part\u00edculas estranhas, como incrusta\u00e7\u00f5es, sujeira e rebarbas de solda que passam pelo tubo.<\/p>","protected":false},"featured_media":2553,"template":"","meta":[],"product_brand":[],"product_cat":[159,182],"product_tag":[219],"class_list":{"0":"post-2574","1":"product","2":"type-product","3":"status-publish","4":"has-post-thumbnail","6":"product_cat-valves","7":"product_cat-y-strainer","8":"product_tag-y-strainer","10":"first","11":"instock","12":"shipping-taxable","13":"product-type-simple"},"aioseo_notices":[],"_links":{"self":[{"href":"https:\/\/www.okval.com\/pt\/wp-json\/wp\/v2\/product\/2574","targetHints":{"allow":["GET"]}}],"collection":[{"href":"https:\/\/www.okval.com\/pt\/wp-json\/wp\/v2\/product"}],"about":[{"href":"https:\/\/www.okval.com\/pt\/wp-json\/wp\/v2\/types\/product"}],"wp:featuredmedia":[{"embeddable":true,"href":"https:\/\/www.okval.com\/pt\/wp-json\/wp\/v2\/media\/2553"}],"wp:attachment":[{"href":"https:\/\/www.okval.com\/pt\/wp-json\/wp\/v2\/media?parent=2574"}],"wp:term":[{"taxonomy":"product_brand","embeddable":true,"href":"https:\/\/www.okval.com\/pt\/wp-json\/wp\/v2\/product_brand?post=2574"},{"taxonomy":"product_cat","embeddable":true,"href":"https:\/\/www.okval.com\/pt\/wp-json\/wp\/v2\/product_cat?post=2574"},{"taxonomy":"product_tag","embeddable":true,"href":"https:\/\/www.okval.com\/pt\/wp-json\/wp\/v2\/product_tag?post=2574"}],"curies":[{"name":"wp","href":"https:\/\/api.w.org\/{rel}","templated":true}]}}