{"id":2536,"date":"2024-03-28T16:32:50","date_gmt":"2024-03-28T08:32:50","guid":{"rendered":"https:\/\/www.okval.com\/?post_type=product&#038;p=2536"},"modified":"2024-03-31T15:54:47","modified_gmt":"2024-03-31T07:54:47","slug":"valvula-de-liberacao-de-ar","status":"publish","type":"product","link":"https:\/\/www.okval.com\/pt\/valvula-de-liberacao-de-ar-html","title":{"rendered":"V\u00e1lvula de libera\u00e7\u00e3o de ar"},"content":{"rendered":"<p><strong>V\u00e1lvula de ar de orif\u00edcio duplo<\/strong><\/p>\n<ul>\n<li>Norma de flange: EN1092 -2, ANSI B16.1<\/li>\n<li>Conex\u00e3o: Extremidade flangeada e roscada<\/li>\n<li>Press\u00e3o: PN10, PN16, 125LB, 150LB<\/li>\n<li>Tamanho: DN50 \u2013 200(2\u201d -8\u201d)<\/li>\n<\/ul>\n<p><strong>V\u00e1lvula de escape multifuncional<\/strong><\/p>\n<ul>\n<li>Norma de flange: EN1092 -2, ANSI B16.1<\/li>\n<li>Conex\u00e3o: Extremidade flangeada e roscada<\/li>\n<li>Press\u00e3o: PN10, PN16, 125LB, 150LB<\/li>\n<li>Tamanho: DN50 \u2013 200(2\u201d -8\u201d)<\/li>\n<\/ul>","protected":false},"excerpt":{"rendered":"<p>A V\u00e1lvula de Libera\u00e7\u00e3o de Ar \u00e9 um componente vital projetado para a libera\u00e7\u00e3o eficiente de ar em sistemas de prote\u00e7\u00e3o contra inc\u00eandio. Ela garante o desempenho ideal, ventilando automaticamente bolsas de ar, evitando a forma\u00e7\u00e3o de bolhas de ar e mantendo a integridade do sistema. Com suas certifica\u00e7\u00f5es UL e FM, garante a conformidade com os padr\u00f5es da ind\u00fastria em termos de seguran\u00e7a e confiabilidade. Constru\u00edda para suportar condi\u00e7\u00f5es adversas, esta v\u00e1lvula \u00e9 uma solu\u00e7\u00e3o confi\u00e1vel para manter a efic\u00e1cia dos sistemas de supress\u00e3o de inc\u00eandio.<\/p>","protected":false},"featured_media":2537,"template":"","meta":[],"product_brand":[],"product_cat":[180,159],"product_tag":[235],"class_list":{"0":"post-2536","1":"product","2":"type-product","3":"status-publish","4":"has-post-thumbnail","6":"product_cat-air-release-valve","7":"product_cat-valves","8":"product_tag-air-release-valve","10":"first","11":"instock","12":"shipping-taxable","13":"product-type-simple"},"aioseo_notices":[],"_links":{"self":[{"href":"https:\/\/www.okval.com\/pt\/wp-json\/wp\/v2\/product\/2536","targetHints":{"allow":["GET"]}}],"collection":[{"href":"https:\/\/www.okval.com\/pt\/wp-json\/wp\/v2\/product"}],"about":[{"href":"https:\/\/www.okval.com\/pt\/wp-json\/wp\/v2\/types\/product"}],"wp:featuredmedia":[{"embeddable":true,"href":"https:\/\/www.okval.com\/pt\/wp-json\/wp\/v2\/media\/2537"}],"wp:attachment":[{"href":"https:\/\/www.okval.com\/pt\/wp-json\/wp\/v2\/media?parent=2536"}],"wp:term":[{"taxonomy":"product_brand","embeddable":true,"href":"https:\/\/www.okval.com\/pt\/wp-json\/wp\/v2\/product_brand?post=2536"},{"taxonomy":"product_cat","embeddable":true,"href":"https:\/\/www.okval.com\/pt\/wp-json\/wp\/v2\/product_cat?post=2536"},{"taxonomy":"product_tag","embeddable":true,"href":"https:\/\/www.okval.com\/pt\/wp-json\/wp\/v2\/product_tag?post=2536"}],"curies":[{"name":"wp","href":"https:\/\/api.w.org\/{rel}","templated":true}]}}