{"id":2530,"date":"2024-03-28T16:13:00","date_gmt":"2024-03-28T08:13:00","guid":{"rendered":"https:\/\/www.okval.com\/?post_type=product&#038;p=2530"},"modified":"2024-03-31T15:54:24","modified_gmt":"2024-03-31T07:54:24","slug":"valvula-borboleta","status":"publish","type":"product","link":"https:\/\/www.okval.com\/pt\/valvula-borboleta-html","title":{"rendered":"V\u00e1lvula borboleta"},"content":{"rendered":"<p><strong>V\u00e1lvula borboleta de flange dupla<\/strong><\/p>\n<ul>\n<li>Projeto: DIN\/BS\/JIS\/ANSI<\/li>\n<li>Disco:DI+Nie\/ep\u00f3xi,SS304, SS316, Brone<\/li>\n<li>Operar: Alavanca, caixa de engrenagens, atuador el\u00e9trico<\/li>\n<li>Press\u00e3o: PN10, PN16, PN25, 150LB<\/li>\n<li>Tamanho: DN40-1200 (1-1\/2\u201d \u2013 48\u201d)<\/li>\n<li>V\u00e1lvula borboleta conc\u00eantrica<\/li>\n<\/ul>\n<p><strong>V\u00e1lvula borboleta conc\u00eantrica<\/strong><\/p>\n<ul>\n<li>Projeto: DIN\/BS\/JIS\/ANSI<\/li>\n<li>Disco:DI+Nie\/ep\u00f3xi,SS304, SS316, Brone<\/li>\n<li>Operar: Alavanca, caixa de engrenagens, atuador el\u00e9trico<\/li>\n<li>Press\u00e3o: PN10, PN16, PN25, 150LB<\/li>\n<li>Tamanho: DN40-1200 (1-1\/2\u201d \u2013 48\u201d)<\/li>\n<\/ul>","protected":false},"excerpt":{"rendered":"<p>V\u00e1lvulas do tipo borboleta s\u00e3o dispositivos compactos de controle de fluxo utilizados em aplica\u00e7\u00f5es industriais. S\u00e3o projetadas para regular ou isolar o fluxo de l\u00edquidos ou gases em tubula\u00e7\u00f5es. Essas v\u00e1lvulas possuem uma constru\u00e7\u00e3o leve, permitindo sua instala\u00e7\u00e3o entre flanges sem necessidade de suporte adicional. Compostas por disco, haste, corpo e atuador, essas v\u00e1lvulas oferecem opera\u00e7\u00e3o eficiente. O disco, conectado \u00e0 haste, gira dentro do corpo da v\u00e1lvula para controlar o fluxo. Ideais para ind\u00fastrias como tratamento de \u00e1gua, processamento qu\u00edmico e outras. Essas v\u00e1lvulas s\u00e3o amplamente utilizadas em aplica\u00e7\u00f5es que exigem altas vaz\u00f5es e condi\u00e7\u00f5es de baixa press\u00e3o.<\/p>","protected":false},"featured_media":2531,"template":"","meta":[],"product_brand":[],"product_cat":[179,159],"product_tag":[236],"class_list":{"0":"post-2530","1":"product","2":"type-product","3":"status-publish","4":"has-post-thumbnail","6":"product_cat-butterfly-valve","7":"product_cat-valves","8":"product_tag-butterfly-valve","10":"first","11":"instock","12":"shipping-taxable","13":"product-type-simple"},"aioseo_notices":[],"_links":{"self":[{"href":"https:\/\/www.okval.com\/pt\/wp-json\/wp\/v2\/product\/2530","targetHints":{"allow":["GET"]}}],"collection":[{"href":"https:\/\/www.okval.com\/pt\/wp-json\/wp\/v2\/product"}],"about":[{"href":"https:\/\/www.okval.com\/pt\/wp-json\/wp\/v2\/types\/product"}],"wp:featuredmedia":[{"embeddable":true,"href":"https:\/\/www.okval.com\/pt\/wp-json\/wp\/v2\/media\/2531"}],"wp:attachment":[{"href":"https:\/\/www.okval.com\/pt\/wp-json\/wp\/v2\/media?parent=2530"}],"wp:term":[{"taxonomy":"product_brand","embeddable":true,"href":"https:\/\/www.okval.com\/pt\/wp-json\/wp\/v2\/product_brand?post=2530"},{"taxonomy":"product_cat","embeddable":true,"href":"https:\/\/www.okval.com\/pt\/wp-json\/wp\/v2\/product_cat?post=2530"},{"taxonomy":"product_tag","embeddable":true,"href":"https:\/\/www.okval.com\/pt\/wp-json\/wp\/v2\/product_tag?post=2530"}],"curies":[{"name":"wp","href":"https:\/\/api.w.org\/{rel}","templated":true}]}}