{"id":2449,"date":"2024-03-28T00:33:58","date_gmt":"2024-03-27T16:33:58","guid":{"rendered":"https:\/\/www.okval.com\/?post_type=product&#038;p=2449"},"modified":"2024-03-31T15:56:40","modified_gmt":"2024-03-31T07:56:40","slug":"valvula-de-gaveta","status":"publish","type":"product","link":"https:\/\/www.okval.com\/pt\/valvula-de-gaveta-html","title":{"rendered":"V\u00e1lvula de gaveta"},"content":{"rendered":"<p><strong>V\u00e1lvula de gaveta de assento macio resiliente<\/strong><\/p>\n<ul>\n<li>Projeto:BS5163,DIN3352-F4\/F5,ANSI<\/li>\n<li>Conex\u00e3o: NRS, OS&amp;Y Extremidade flangeada<\/li>\n<li>Operar: Volante, tampa, flanges ISO, caixa de engrenagens, atuador el\u00e9trico<\/li>\n<li>Press\u00e3o: PN10, PN16, PN25, 125LB, 150LB<\/li>\n<li>Tamanho: DN40-1200(1-1\/2\u201d-48\u201d)<\/li>\n<\/ul>\n<p><strong>V\u00e1lvula de gaveta com sede met\u00e1lica<\/strong><\/p>\n<ul>\n<li>Projeto:BS5163,DIN3352-F4\/F5,ANSI<\/li>\n<li>Conex\u00e3o: NRS, OS&amp;Y Extremidade flangeada<\/li>\n<li>Operar: Volante, tampa, flanges ISO, caixa de engrenagens, atuador el\u00e9trico<\/li>\n<li>Press\u00e3o: PN10, PN16, PN25, 125LB, 150LB<\/li>\n<li>Tamanho: DN40-1200(1-1\/2\u201d-48\u201d)<\/li>\n<\/ul>","protected":false},"excerpt":{"rendered":"<p>Uma v\u00e1lvula de gaveta \u00e9 geralmente usada para interromper completamente o fluxo de fluido ou, na posi\u00e7\u00e3o totalmente aberta, fornecer fluxo total em uma tubula\u00e7\u00e3o. Portanto, ela \u00e9 usada tanto na posi\u00e7\u00e3o totalmente fechada quanto na posi\u00e7\u00e3o totalmente aberta. Uma v\u00e1lvula de gaveta consiste em um corpo de v\u00e1lvula, sede e disco, um fuso, uma sobreposta e uma roda para operar a v\u00e1lvula.<\/p>","protected":false},"featured_media":2527,"template":"","meta":[],"product_brand":[],"product_cat":[178,159],"product_tag":[237],"class_list":{"0":"post-2449","1":"product","2":"type-product","3":"status-publish","4":"has-post-thumbnail","6":"product_cat-gate-valve","7":"product_cat-valves","8":"product_tag-gate-valve","10":"first","11":"instock","12":"shipping-taxable","13":"product-type-simple"},"aioseo_notices":[],"_links":{"self":[{"href":"https:\/\/www.okval.com\/pt\/wp-json\/wp\/v2\/product\/2449","targetHints":{"allow":["GET"]}}],"collection":[{"href":"https:\/\/www.okval.com\/pt\/wp-json\/wp\/v2\/product"}],"about":[{"href":"https:\/\/www.okval.com\/pt\/wp-json\/wp\/v2\/types\/product"}],"wp:featuredmedia":[{"embeddable":true,"href":"https:\/\/www.okval.com\/pt\/wp-json\/wp\/v2\/media\/2527"}],"wp:attachment":[{"href":"https:\/\/www.okval.com\/pt\/wp-json\/wp\/v2\/media?parent=2449"}],"wp:term":[{"taxonomy":"product_brand","embeddable":true,"href":"https:\/\/www.okval.com\/pt\/wp-json\/wp\/v2\/product_brand?post=2449"},{"taxonomy":"product_cat","embeddable":true,"href":"https:\/\/www.okval.com\/pt\/wp-json\/wp\/v2\/product_cat?post=2449"},{"taxonomy":"product_tag","embeddable":true,"href":"https:\/\/www.okval.com\/pt\/wp-json\/wp\/v2\/product_tag?post=2449"}],"curies":[{"name":"wp","href":"https:\/\/api.w.org\/{rel}","templated":true}]}}