{"id":2439,"date":"2024-03-27T22:16:11","date_gmt":"2024-03-27T14:16:11","guid":{"rendered":"https:\/\/www.okval.com\/?post_type=product&#038;p=2439"},"modified":"2024-03-31T15:59:37","modified_gmt":"2024-03-31T07:59:37","slug":"conexoes-de-tubos-de-ferro-ductil-para-soquete-de-pvc","status":"publish","type":"product","link":"https:\/\/www.okval.com\/pt\/conexoes-de-tubos-de-ferro-ductil-para-soquete-de-pvc-html","title":{"rendered":"Conex\u00f5es de tubo de ferro d\u00factil para soquete de PVC"},"content":{"rendered":"<p><strong>Caracter\u00edsticas<\/strong><\/p>\n<p>1-Prote\u00e7\u00e3o duradoura: com ferro d\u00factil revestido com FBE de 250um, altamente resistente \u00e0 agressividade do solo.<\/p>\n<p>2-Montagem f\u00e1cil e confi\u00e1vel: a montagem plug-in requer pouco esfor\u00e7o para encaixar.<\/p>\n<p>3-Pronto para instalar: as conex\u00f5es s\u00e3o vendidas com juntas. Portanto, os produtos est\u00e3o prontos para instala\u00e7\u00e3o quando voc\u00ea os recebe.<\/p>\n<p><strong>Par\u00e2metros t\u00e9cnicos<\/strong><\/p>\n<p>1-Desenho<\/p>\n<p><img decoding=\"async\" title=\"Desenho de All Socket Tee\" src=\"https:\/\/www.ametekiron.com\/Content\/uploads\/2020677727\/20200902114558a17a6d16b9a34795835a80a518b1c35b.jpg\" alt=\"Conex\u00f5es de tubo de ferro d\u00factil para soquete de PVC\" \/><\/p>\n<p>2-Especifica\u00e7\u00e3o do material<\/p>\n<div class=\"table-responsive\">\n<table class=\"table\" border=\"0\" width=\"100%\" cellspacing=\"0\" cellpadding=\"0\">\n<tbody>\n<tr class=\"firstRow\">\n<td valign=\"top\" width=\"142\">Item n\u00ba.<\/td>\n<td valign=\"top\" width=\"142\">Nome do item<\/td>\n<td valign=\"top\" width=\"196\">Material<\/td>\n<\/tr>\n<tr>\n<td valign=\"top\" width=\"142\">1<\/td>\n<td valign=\"top\" width=\"142\">Corpo<\/td>\n<td valign=\"top\" width=\"196\">Ferro fundido\/ferro d\u00factil<\/td>\n<\/tr>\n<tr>\n<td valign=\"top\" width=\"142\">2<\/td>\n<td valign=\"top\" width=\"142\">Borracha<\/td>\n<td valign=\"top\" width=\"196\">EPDM\/NBR<\/td>\n<\/tr>\n<\/tbody>\n<\/table>\n<\/div>\n<p>3-Dimens\u00f5es (mm)<\/p>\n<div class=\"table-responsive\">\n<table class=\"table\" border=\"0\" width=\"100%\" cellspacing=\"0\" cellpadding=\"0\">\n<tbody>\n<tr class=\"firstRow\">\n<td valign=\"top\" width=\"88\">Polegada<\/td>\n<td valign=\"top\" width=\"94\">DN<\/td>\n<td valign=\"top\" width=\"54\">OD-1<\/td>\n<td valign=\"top\" width=\"45\">OD-2<\/td>\n<td valign=\"top\" width=\"45\">eu<\/td>\n<\/tr>\n<tr>\n<td valign=\"top\" width=\"88\">2\u2033*2\u2033<\/td>\n<td valign=\"top\" width=\"94\">50*50<\/td>\n<td valign=\"top\" width=\"54\">63<\/td>\n<td valign=\"top\" width=\"45\">63<\/td>\n<td valign=\"top\" width=\"45\">255<\/td>\n<\/tr>\n<tr>\n<td valign=\"top\" width=\"88\">3\u2033*2\u2033<\/td>\n<td valign=\"top\" width=\"94\">75*50<\/td>\n<td valign=\"top\" width=\"54\">63<\/td>\n<td valign=\"top\" width=\"45\">90<\/td>\n<td valign=\"top\" width=\"45\">275<\/td>\n<\/tr>\n<tr>\n<td valign=\"top\" width=\"88\">3\u2033*3\u2033<\/td>\n<td valign=\"top\" width=\"94\">75*75<\/td>\n<td valign=\"top\" width=\"54\">90<\/td>\n<td valign=\"top\" width=\"45\">90<\/td>\n<td valign=\"top\" width=\"45\">291<\/td>\n<\/tr>\n<tr>\n<td valign=\"top\" width=\"88\">4\u2033*2\u2033<\/td>\n<td valign=\"top\" width=\"94\">100*50<\/td>\n<td valign=\"top\" width=\"54\">63<\/td>\n<td valign=\"top\" width=\"45\">110<\/td>\n<td valign=\"top\" width=\"45\">300<\/td>\n<\/tr>\n<tr>\n<td valign=\"top\" width=\"88\">4\u2033*3\u2033<\/td>\n<td valign=\"top\" width=\"94\">100*75<\/td>\n<td valign=\"top\" width=\"54\">90<\/td>\n<td valign=\"top\" width=\"45\">110<\/td>\n<td valign=\"top\" width=\"45\">315<\/td>\n<\/tr>\n<tr>\n<td valign=\"top\" width=\"88\">4\u2033*4\u2033<\/td>\n<td valign=\"top\" width=\"94\">100*100<\/td>\n<td valign=\"top\" width=\"54\">110<\/td>\n<td valign=\"top\" width=\"45\">110<\/td>\n<td valign=\"top\" width=\"45\">345<\/td>\n<\/tr>\n<tr>\n<td valign=\"top\" width=\"88\">6\u2033*2\u2033<\/td>\n<td valign=\"top\" width=\"94\">150*50<\/td>\n<td valign=\"top\" width=\"54\">63<\/td>\n<td valign=\"top\" width=\"45\">160<\/td>\n<td valign=\"top\" width=\"45\">350<\/td>\n<\/tr>\n<tr>\n<td valign=\"top\" width=\"88\">6\u2033*3\u2033<\/td>\n<td valign=\"top\" width=\"94\">150*75<\/td>\n<td valign=\"top\" width=\"54\">90<\/td>\n<td valign=\"top\" width=\"45\">160<\/td>\n<td valign=\"top\" width=\"45\">365<\/td>\n<\/tr>\n<tr>\n<td valign=\"top\" width=\"88\">6\u2033*4\u2033<\/td>\n<td valign=\"top\" width=\"94\">150*100<\/td>\n<td valign=\"top\" width=\"54\">110<\/td>\n<td valign=\"top\" width=\"45\">160<\/td>\n<td valign=\"top\" width=\"45\">400<\/td>\n<\/tr>\n<tr>\n<td valign=\"top\" width=\"88\">6\u2033*6\u2033<\/td>\n<td valign=\"top\" width=\"94\">150*150<\/td>\n<td valign=\"top\" width=\"54\">160<\/td>\n<td valign=\"top\" width=\"45\">160<\/td>\n<td valign=\"top\" width=\"45\">446<\/td>\n<\/tr>\n<tr>\n<td valign=\"top\" width=\"88\">8\u2033*2\u2033<\/td>\n<td valign=\"top\" width=\"94\">200*50<\/td>\n<td valign=\"top\" width=\"54\">63<\/td>\n<td valign=\"top\" width=\"45\">225<\/td>\n<td valign=\"top\" width=\"45\">380<\/td>\n<\/tr>\n<tr>\n<td valign=\"top\" width=\"88\">8\u2033*3\u2033<\/td>\n<td valign=\"top\" width=\"94\">200*75<\/td>\n<td valign=\"top\" width=\"54\">90<\/td>\n<td valign=\"top\" width=\"45\">225<\/td>\n<td valign=\"top\" width=\"45\">390<\/td>\n<\/tr>\n<tr>\n<td valign=\"top\" width=\"88\">8\u2033*4\u2033<\/td>\n<td valign=\"top\" width=\"94\">200*100<\/td>\n<td valign=\"top\" width=\"54\">110<\/td>\n<td valign=\"top\" width=\"45\">225<\/td>\n<td valign=\"top\" width=\"45\">430<\/td>\n<\/tr>\n<tr>\n<td valign=\"top\" width=\"88\">8\u2033*6\u2033<\/td>\n<td valign=\"top\" width=\"94\">200*150<\/td>\n<td valign=\"top\" width=\"54\">160<\/td>\n<td valign=\"top\" width=\"45\">225<\/td>\n<td valign=\"top\" width=\"45\">480<\/td>\n<\/tr>\n<tr>\n<td valign=\"top\" width=\"88\">8\u2033*8\u2033<\/td>\n<td valign=\"top\" width=\"94\">200*200<\/td>\n<td valign=\"top\" width=\"54\">225<\/td>\n<td valign=\"top\" width=\"45\">225<\/td>\n<td valign=\"top\" width=\"45\">520<\/td>\n<\/tr>\n<\/tbody>\n<\/table>\n<\/div>\n<p>Os desenhos e par\u00e2metros acima s\u00e3o apenas para refer\u00eancia. Consulte-nos para obter dados exatos.<\/p>\n<p>&nbsp;<\/p>","protected":false},"excerpt":{"rendered":"<p>A conex\u00e3o de tubo de ferro d\u00factil para soquete de PVC \u00e9 feita de ferro d\u00factil com di\u00e2metro externo de 63 mm a 225 mm. Press\u00e3o de PN10 a PN16. \u00c9 projetada e fabricada para tubos de PVC. \u00c9 amplamente utilizada em aplica\u00e7\u00f5es como: abastecimento de \u00e1gua, \u00e1gua reciclada, irriga\u00e7\u00e3o, tratamento de esgoto, drenagem, tubula\u00e7\u00f5es de \u00e1guas pluviais, g\u00e1s e aplica\u00e7\u00f5es industriais.<\/p>","protected":false},"featured_media":2441,"template":"","meta":[],"product_brand":[],"product_cat":[176,158],"product_tag":[238,240,241],"class_list":{"0":"post-2439","1":"product","2":"type-product","3":"status-publish","4":"has-post-thumbnail","6":"product_cat-ductile-iron-pipe-fittings-for-pvc-socket","7":"product_cat-pipe-fittings","8":"product_tag-ductile-iron","9":"product_tag-pipe-fittings","10":"product_tag-pvc-socket","12":"first","13":"instock","14":"shipping-taxable","15":"product-type-simple"},"aioseo_notices":[],"_links":{"self":[{"href":"https:\/\/www.okval.com\/pt\/wp-json\/wp\/v2\/product\/2439","targetHints":{"allow":["GET"]}}],"collection":[{"href":"https:\/\/www.okval.com\/pt\/wp-json\/wp\/v2\/product"}],"about":[{"href":"https:\/\/www.okval.com\/pt\/wp-json\/wp\/v2\/types\/product"}],"wp:featuredmedia":[{"embeddable":true,"href":"https:\/\/www.okval.com\/pt\/wp-json\/wp\/v2\/media\/2441"}],"wp:attachment":[{"href":"https:\/\/www.okval.com\/pt\/wp-json\/wp\/v2\/media?parent=2439"}],"wp:term":[{"taxonomy":"product_brand","embeddable":true,"href":"https:\/\/www.okval.com\/pt\/wp-json\/wp\/v2\/product_brand?post=2439"},{"taxonomy":"product_cat","embeddable":true,"href":"https:\/\/www.okval.com\/pt\/wp-json\/wp\/v2\/product_cat?post=2439"},{"taxonomy":"product_tag","embeddable":true,"href":"https:\/\/www.okval.com\/pt\/wp-json\/wp\/v2\/product_tag?post=2439"}],"curies":[{"name":"wp","href":"https:\/\/api.w.org\/{rel}","templated":true}]}}