{"id":2426,"date":"2024-03-27T10:11:17","date_gmt":"2024-03-27T02:11:17","guid":{"rendered":"https:\/\/www.okval.com\/?post_type=product&#038;p=2426"},"modified":"2024-04-09T13:38:45","modified_gmt":"2024-04-09T05:38:45","slug":"juntas-de-gibault","status":"publish","type":"product","link":"https:\/\/www.okval.com\/pt\/juntas-gibault-html","title":{"rendered":"Junta Gibault para tubo de PVC com junta tipo O"},"content":{"rendered":"<p><meta name=\"keywords\" content=\"gibault\uff0cGibault joints \uff0cConnection Joints\uff0ccampana gibault\uff0cUnion Gibault copia\uff0cDismantling Joints,Ductile Iron Grooved Fittings,Fundici\u00f3n,brida,PVC Ductile Iron Pipe Fitting,Flexible Coupling,Flanged Adaptor,Dismantling Joint,GIBAULT JOINT,ISO 2531, EN 545\uff0cen598,rubber gaskets,BS 4772,AINSI \/AWWA C151,AWWA C104,pipe fittings,Gibault Joints,Union gibault,Uni\u00f3n Gibault ,mec\u00e1nica universal,Junta gibault,\u0e22\u0e35\u0e42\u0e1a\u0e25\u0e17\u0e4c,Pipe Repair Coupling,Joints gibault Adduction eau potable,Gibault joints for PVC pipe,Gibault joints for AC pipe,Gasket epdm O ring, A gasket,Gibault joints and couplings,EN545,ISO2531,Pipe joints\"><\/p>\n<div class=\"elementor-element elementor-element-ee2e42a elementor-widget elementor-widget-heading nitro-offscreen nitro-lazy-render\" data-id=\"ee2e42a\" data-element_type=\"widget\" data-widget_type=\"heading.default\">\n<div class=\"elementor-widget-container\">\n<p><strong>Caracter\u00edsticas<\/strong><\/p>\n<p style=\"padding-left: 40px;\">\u2022 Ferro d\u00factil com revestimento FBE.<br \/>\n\u2022 Press\u00e3o de trabalho PN10,PN16.<br \/>\n\u2022 Equipado com parafusos e porcas de a\u00e7o galvanizado.<br \/>\n\u2022 Veda\u00e7\u00f5es de borracha EPDM ou NBR tipo O<br \/>\n\u2022 Faixa de tamanho de 2\u2033 a 12\u2033<\/p>\n<p><strong>Par\u00e2metros t\u00e9cnicos<\/strong><\/p>\n<p>1-Desenho<\/p>\n<p><img decoding=\"async\" title=\"Desenho da junta de Gibault\" src=\"https:\/\/www.ametekiron.com\/Content\/uploads\/2020677727\/202009011725218110444feaaa4594a7672101e428ce6b.jpg\" \/><\/p>\n<p>2-Especifica\u00e7\u00e3o do material<\/p>\n<div class=\"table-responsive\">\n<table class=\"table\" border=\"0\" width=\"100%\" cellspacing=\"0\" cellpadding=\"0\">\n<tbody>\n<tr class=\"firstRow\">\n<td valign=\"top\" width=\"142\">Item n\u00ba.<\/td>\n<td valign=\"top\" width=\"142\">Nome do item<\/td>\n<td valign=\"top\" width=\"142\">Material<\/td>\n<td valign=\"top\" width=\"142\">Especifica\u00e7\u00e3o<\/td>\n<\/tr>\n<tr>\n<td valign=\"top\" width=\"142\">1<\/td>\n<td valign=\"top\" width=\"142\">Manga<\/td>\n<td valign=\"top\" width=\"142\">Ferro d\u00factil<\/td>\n<td valign=\"top\" width=\"142\">GGG50<\/td>\n<\/tr>\n<tr>\n<td valign=\"top\" width=\"142\">2<\/td>\n<td valign=\"top\" width=\"142\">Anel final<\/td>\n<td valign=\"top\" width=\"142\">Ferro d\u00factil<\/td>\n<td valign=\"top\" width=\"142\">GGG50<\/td>\n<\/tr>\n<tr>\n<td valign=\"top\" width=\"142\">3<\/td>\n<td valign=\"top\" width=\"142\">Junta<\/td>\n<td valign=\"top\" width=\"142\">Borracha<\/td>\n<td valign=\"top\" width=\"142\">EPDM<\/td>\n<\/tr>\n<tr>\n<td valign=\"top\" width=\"142\">4<\/td>\n<td valign=\"top\" width=\"142\">Parafuso<\/td>\n<td valign=\"top\" width=\"142\">A\u00e7o galvanizado<\/td>\n<td valign=\"top\" width=\"142\">ISO898-1:1999<\/td>\n<\/tr>\n<tr>\n<td valign=\"top\" width=\"142\">5<\/td>\n<td valign=\"top\" width=\"142\">M\u00e1quina de lavar<\/td>\n<td valign=\"top\" width=\"142\">A\u00e7o galvanizado<\/td>\n<td valign=\"top\" width=\"142\"><\/td>\n<\/tr>\n<tr>\n<td valign=\"top\" width=\"142\">6<\/td>\n<td valign=\"top\" width=\"142\">Noz<\/td>\n<td valign=\"top\" width=\"142\">A\u00e7o galvanizado<\/td>\n<td valign=\"top\" width=\"142\">ISO898-1:1992<\/td>\n<\/tr>\n<tr>\n<td valign=\"top\" width=\"142\">7<\/td>\n<td valign=\"top\" width=\"142\">Bon\u00e9<\/td>\n<td valign=\"top\" width=\"142\">Pl\u00e1stico<\/td>\n<td valign=\"top\" width=\"142\"><\/td>\n<\/tr>\n<\/tbody>\n<\/table>\n<\/div>\n<p>3-Dimens\u00f5es (mm)<\/p>\n<div class=\"table-responsive\">\n<table class=\"table\" border=\"0\" width=\"100%\" cellspacing=\"0\" cellpadding=\"0\">\n<tbody>\n<tr class=\"firstRow\">\n<td valign=\"top\" width=\"73\">Polegada<\/td>\n<td valign=\"top\" width=\"71\">DN<\/td>\n<td valign=\"top\" width=\"71\">OD<\/td>\n<td valign=\"top\" width=\"70\">eu<\/td>\n<td valign=\"top\" width=\"70\">Parafuso n\u00ba.<\/td>\n<td valign=\"top\" width=\"70\">Parafuso L<\/td>\n<\/tr>\n<tr>\n<td valign=\"top\" width=\"73\">2\u2033<\/td>\n<td valign=\"top\" width=\"71\">50<\/td>\n<td valign=\"top\" width=\"71\">63<\/td>\n<td valign=\"top\" width=\"70\">125<\/td>\n<td valign=\"top\" width=\"70\">2<\/td>\n<td valign=\"top\" width=\"70\">M12*180<\/td>\n<\/tr>\n<tr>\n<td valign=\"top\" width=\"73\">2-1\/2\u2033<\/td>\n<td valign=\"top\" width=\"71\">65<\/td>\n<td valign=\"top\" width=\"71\">75<\/td>\n<td valign=\"top\" width=\"70\">130<\/td>\n<td valign=\"top\" width=\"70\">2<\/td>\n<td valign=\"top\" width=\"70\">M12*180<\/td>\n<\/tr>\n<tr>\n<td valign=\"top\" width=\"73\">3\u2033<\/td>\n<td valign=\"top\" width=\"71\">80<\/td>\n<td valign=\"top\" width=\"71\">90<\/td>\n<td valign=\"top\" width=\"70\">130<\/td>\n<td valign=\"top\" width=\"70\">3<\/td>\n<td valign=\"top\" width=\"70\">M12*190<\/td>\n<\/tr>\n<tr>\n<td valign=\"top\" width=\"73\">4\u2033<\/td>\n<td valign=\"top\" width=\"71\">100<\/td>\n<td valign=\"top\" width=\"71\">110<\/td>\n<td valign=\"top\" width=\"70\">130<\/td>\n<td valign=\"top\" width=\"70\">3<\/td>\n<td valign=\"top\" width=\"70\">M12*210<\/td>\n<\/tr>\n<tr>\n<td valign=\"top\" width=\"73\">5\u2033<\/td>\n<td valign=\"top\" width=\"71\">125<\/td>\n<td valign=\"top\" width=\"71\">125<\/td>\n<td valign=\"top\" width=\"70\">150<\/td>\n<td valign=\"top\" width=\"70\">4<\/td>\n<td valign=\"top\" width=\"70\">M12*210<\/td>\n<\/tr>\n<tr>\n<td valign=\"top\" width=\"73\">5\u2033<\/td>\n<td valign=\"top\" width=\"71\">125<\/td>\n<td valign=\"top\" width=\"71\">140<\/td>\n<td valign=\"top\" width=\"70\">150<\/td>\n<td valign=\"top\" width=\"70\">4<\/td>\n<td valign=\"top\" width=\"70\">M12*210<\/td>\n<\/tr>\n<tr>\n<td valign=\"top\" width=\"73\">6\u2033<\/td>\n<td valign=\"top\" width=\"71\">150<\/td>\n<td valign=\"top\" width=\"71\">160<\/td>\n<td valign=\"top\" width=\"70\">150<\/td>\n<td valign=\"top\" width=\"70\">4<\/td>\n<td valign=\"top\" width=\"70\">M12*210<\/td>\n<\/tr>\n<tr>\n<td valign=\"top\" width=\"73\">6\u2033<\/td>\n<td valign=\"top\" width=\"71\">150<\/td>\n<td valign=\"top\" width=\"71\">180<\/td>\n<td valign=\"top\" width=\"70\">170<\/td>\n<td valign=\"top\" width=\"70\">4<\/td>\n<td valign=\"top\" width=\"70\">M12*240<\/td>\n<\/tr>\n<tr>\n<td valign=\"top\" width=\"73\">8\u2033<\/td>\n<td valign=\"top\" width=\"71\">200<\/td>\n<td valign=\"top\" width=\"71\">200<\/td>\n<td valign=\"top\" width=\"70\">180<\/td>\n<td valign=\"top\" width=\"70\">4<\/td>\n<td valign=\"top\" width=\"70\">M12*240<\/td>\n<\/tr>\n<tr>\n<td valign=\"top\" width=\"73\">8\u2033<\/td>\n<td valign=\"top\" width=\"71\">200<\/td>\n<td valign=\"top\" width=\"71\">225<\/td>\n<td valign=\"top\" width=\"70\">180<\/td>\n<td valign=\"top\" width=\"70\">4<\/td>\n<td valign=\"top\" width=\"70\">M12*250<\/td>\n<\/tr>\n<tr>\n<td valign=\"top\" width=\"73\">10\u2033<\/td>\n<td valign=\"top\" width=\"71\">250<\/td>\n<td valign=\"top\" width=\"71\">250<\/td>\n<td valign=\"top\" width=\"70\">180<\/td>\n<td valign=\"top\" width=\"70\">6<\/td>\n<td valign=\"top\" width=\"70\">M12*260<\/td>\n<\/tr>\n<tr>\n<td valign=\"top\" width=\"73\">10\u2033<\/td>\n<td valign=\"top\" width=\"71\">250<\/td>\n<td valign=\"top\" width=\"71\">280<\/td>\n<td valign=\"top\" width=\"70\">180<\/td>\n<td valign=\"top\" width=\"70\">6<\/td>\n<td valign=\"top\" width=\"70\">M12*260<\/td>\n<\/tr>\n<tr>\n<td valign=\"top\" width=\"73\">12\u2033<\/td>\n<td valign=\"top\" width=\"71\">300<\/td>\n<td valign=\"top\" width=\"71\">315<\/td>\n<td valign=\"top\" width=\"70\">180<\/td>\n<td valign=\"top\" width=\"70\">6<\/td>\n<td valign=\"top\" width=\"70\">M12*260<\/td>\n<\/tr>\n<\/tbody>\n<\/table>\n<\/div>\n<p>&nbsp;<\/p>\n<\/div>\n<\/div>","protected":false},"excerpt":{"rendered":"<p>A junta Gibault \u00e9 projetada especificamente para a extremidade lisa de tubos de PVC e PEAD. Para outros tubos, normalmente a chamamos de acoplamento, que \u00e9 usado para conectar as extremidades lisas dos tubos. Comparada ao acoplamento universal, a junta Gibault \u00e9 projetada especificamente para o di\u00e2metro externo de um tubo, de modo que sua dimens\u00e3o se ajusta ao di\u00e2metro externo do tubo com precis\u00e3o, tornando o aperto muito r\u00e1pido e f\u00e1cil. O desempenho de veda\u00e7\u00e3o \u00e9 muito bom. A junta Gibault pode suportar press\u00f5es mais altas do que uma\u00a0<a href=\"https:\/\/pipefittingandvalve.com\/flexible-pipe-coupling\/\" target=\"_blank\" rel=\"noopener\">Acoplamento de ampla faixa<\/a>\u00a0do mesmo tamanho.<\/p>","protected":false},"featured_media":2723,"template":"","meta":[],"product_brand":[],"product_cat":[37,173],"product_tag":[244],"class_list":{"0":"post-2426","1":"product","2":"type-product","3":"status-publish","4":"has-post-thumbnail","6":"product_cat-pipe-joints","7":"product_cat-gibault-joints","8":"product_tag-gibault-joints","10":"first","11":"instock","12":"featured","13":"shipping-taxable","14":"product-type-simple"},"aioseo_notices":[],"_links":{"self":[{"href":"https:\/\/www.okval.com\/pt\/wp-json\/wp\/v2\/product\/2426","targetHints":{"allow":["GET"]}}],"collection":[{"href":"https:\/\/www.okval.com\/pt\/wp-json\/wp\/v2\/product"}],"about":[{"href":"https:\/\/www.okval.com\/pt\/wp-json\/wp\/v2\/types\/product"}],"wp:featuredmedia":[{"embeddable":true,"href":"https:\/\/www.okval.com\/pt\/wp-json\/wp\/v2\/media\/2723"}],"wp:attachment":[{"href":"https:\/\/www.okval.com\/pt\/wp-json\/wp\/v2\/media?parent=2426"}],"wp:term":[{"taxonomy":"product_brand","embeddable":true,"href":"https:\/\/www.okval.com\/pt\/wp-json\/wp\/v2\/product_brand?post=2426"},{"taxonomy":"product_cat","embeddable":true,"href":"https:\/\/www.okval.com\/pt\/wp-json\/wp\/v2\/product_cat?post=2426"},{"taxonomy":"product_tag","embeddable":true,"href":"https:\/\/www.okval.com\/pt\/wp-json\/wp\/v2\/product_tag?post=2426"}],"curies":[{"name":"wp","href":"https:\/\/api.w.org\/{rel}","templated":true}]}}