{"id":2422,"date":"2024-03-27T09:41:08","date_gmt":"2024-03-27T01:41:08","guid":{"rendered":"https:\/\/www.okval.com\/?post_type=product&#038;p=2422"},"modified":"2024-04-09T20:02:30","modified_gmt":"2024-04-09T12:02:30","slug":"bracadeira-de-sela","status":"publish","type":"product","link":"https:\/\/www.okval.com\/pt\/bracadeira-de-sela-html","title":{"rendered":"Grampos de sela"},"content":{"rendered":"<p><meta name=\"Keywords\" content=\"fittings,pipe fittings,fitting\uff0cpipe fitting,bathroom fittings ,hose fittings ,compression fittings ,plumbing fittings ,tube fittings ,pipes and fittings ,valves,valve, Saddle Clamp ,Tapping Saddle \uff0cSaddle clamp for pvc pipe\uff0cSaddle camlock for AC pipe\uff0cSaddle clamp for DI pipe\uff0cSaddle Clamp ,Tapping Saddle \u2800\uff0cSaddle clamp for pvc pipe\uff0cSaddle camlock for AC pipe\uff0cSaddle clamp for DI pipe\uff0cclampsaddle\uff0csaddleclamp \u2800\u2800\uff0ctappingsaddle #pvc #pe \uff0cCollar\u00edn \uff0cColliers de \uff0ctappingsaddle\uff0csaddle\u2800\uff0cCollier de prise en charge \u2800\uff0cRobinet \u2800\uff0cbrides \u2800\uff0cClapet \u2800\uff0cRaccords #fonte \u2800\"><\/p>\n<div class=\"elementor-element elementor-element-9597f3c elementor-widget elementor-widget-heading\" data-id=\"9597f3c\" data-element_type=\"widget\" data-widget_type=\"heading.default\">\n<div class=\"elementor-widget-container\">\n<p><strong>Caracter\u00edsticas<\/strong><\/p>\n<p>\u25a0 Principais pe\u00e7as e materiais<br \/>\n\u00b7 Material de ferro d\u00factil com revestimento FBE<br \/>\n\u00b7 Parafusos e porcas de a\u00e7o galvanizado<br \/>\n\u25a0 Junta<br \/>\n\u00b7 Junta de EPDM<br \/>\n\u25a0 Dimens\u00f5es (MM)<br \/>\n\u25a0 Caracter\u00edsticas<br \/>\n\u00b7 Revestimento ep\u00f3xi m\u00edn. 250 m\u00edcrons.<br \/>\n\u00b7 Press\u00e3o de trabalho PN10, PN16<\/p>\n<p><strong>Par\u00e2metros t\u00e9cnicos<\/strong><\/p>\n<p>1-Desenho<\/p>\n<p>&nbsp;<\/p>\n<p>2-Especifica\u00e7\u00e3o do material<\/p>\n<div class=\"table-responsive\">\n<table class=\"table\" border=\"0\" width=\"100%\" cellspacing=\"0\" cellpadding=\"0\">\n<tbody>\n<tr class=\"firstRow\">\n<td valign=\"top\" width=\"142\">Item n\u00ba.<\/td>\n<td valign=\"top\" width=\"142\">Nome do item<\/td>\n<td valign=\"top\" width=\"196\">Material<\/td>\n<\/tr>\n<tr>\n<td valign=\"top\" width=\"142\">1<\/td>\n<td valign=\"top\" width=\"142\">Corpo<\/td>\n<td valign=\"top\" width=\"196\">Ferro fundido\/ferro d\u00factil<\/td>\n<\/tr>\n<tr>\n<td valign=\"top\" width=\"142\">2<\/td>\n<td valign=\"top\" width=\"142\">Flange<\/td>\n<td valign=\"top\" width=\"196\">Ferro fundido\/ferro d\u00factil<\/td>\n<\/tr>\n<tr>\n<td valign=\"top\" width=\"142\">3<\/td>\n<td valign=\"top\" width=\"142\">Borracha<\/td>\n<td valign=\"top\" width=\"196\">EPDM\/NBR\/LAT\u00c3O\/SS<\/td>\n<\/tr>\n<tr>\n<td valign=\"top\" width=\"142\">4<\/td>\n<td valign=\"top\" width=\"142\">Parafuso<\/td>\n<td valign=\"top\" width=\"196\">A\u00e7o galvanizado<\/td>\n<\/tr>\n<tr>\n<td valign=\"top\" width=\"142\">5<\/td>\n<td valign=\"top\" width=\"142\">Noz<\/td>\n<td valign=\"top\" width=\"196\">A\u00e7o galvanizado<\/td>\n<\/tr>\n<\/tbody>\n<\/table>\n<\/div>\n<p>3-Dimens\u00f5es (mm)<\/p>\n<table width=\"606\">\n<tbody>\n<tr>\n<td style=\"font-weight: 400;\" width=\"101\">Tamanho<\/td>\n<td style=\"font-weight: 400;\" width=\"101\">G<\/td>\n<td style=\"font-weight: 400;\" width=\"101\">h1<\/td>\n<td style=\"font-weight: 400;\" width=\"101\">h2<\/td>\n<td style=\"font-weight: 400;\" width=\"101\">h3<\/td>\n<td style=\"font-weight: 400;\" width=\"101\">r1<\/td>\n<\/tr>\n<tr>\n<td style=\"font-weight: 400;\" width=\"101\">50\u00d720<\/td>\n<td style=\"font-weight: 400;\" width=\"101\">M40x3<\/td>\n<td style=\"font-weight: 400;\" width=\"101\">22<\/td>\n<td style=\"font-weight: 400;\" width=\"101\">15.5<\/td>\n<td style=\"font-weight: 400;\" width=\"101\">15.5<\/td>\n<td style=\"font-weight: 400;\" width=\"101\">27<\/td>\n<\/tr>\n<tr>\n<td style=\"font-weight: 400;\" width=\"101\">63\u00d720<\/td>\n<td style=\"font-weight: 400;\" width=\"101\">M40x3<\/td>\n<td style=\"font-weight: 400;\" width=\"101\">22<\/td>\n<td style=\"font-weight: 400;\" width=\"101\">22<\/td>\n<td style=\"font-weight: 400;\" width=\"101\">22<\/td>\n<td style=\"font-weight: 400;\" width=\"101\">33.5<\/td>\n<\/tr>\n<tr>\n<td style=\"font-weight: 400;\" width=\"101\">75\u00d720<\/td>\n<td style=\"font-weight: 400;\" width=\"101\">M40x3<\/td>\n<td style=\"font-weight: 400;\" width=\"101\">22<\/td>\n<td style=\"font-weight: 400;\" width=\"101\">28<\/td>\n<td style=\"font-weight: 400;\" width=\"101\">28<\/td>\n<td style=\"font-weight: 400;\" width=\"101\">39.5<\/td>\n<\/tr>\n<tr>\n<td style=\"font-weight: 400;\" width=\"101\">90\u00d720<\/td>\n<td style=\"font-weight: 400;\" width=\"101\">M40x3<\/td>\n<td style=\"font-weight: 400;\" width=\"101\">22<\/td>\n<td style=\"font-weight: 400;\" width=\"101\">35.5<\/td>\n<td style=\"font-weight: 400;\" width=\"101\">35.5<\/td>\n<td style=\"font-weight: 400;\" width=\"101\">47<\/td>\n<\/tr>\n<tr>\n<td style=\"font-weight: 400;\" width=\"101\">110\u00d720<\/td>\n<td style=\"font-weight: 400;\" width=\"101\">M40x3<\/td>\n<td style=\"font-weight: 400;\" width=\"101\">22<\/td>\n<td style=\"font-weight: 400;\" width=\"101\">45.5<\/td>\n<td style=\"font-weight: 400;\" width=\"101\">45.5<\/td>\n<td style=\"font-weight: 400;\" width=\"101\">57<\/td>\n<\/tr>\n<tr>\n<td style=\"font-weight: 400;\" width=\"101\">125\u00d720<\/td>\n<td style=\"font-weight: 400;\" width=\"101\">M40x3<\/td>\n<td style=\"font-weight: 400;\" width=\"101\">22<\/td>\n<td style=\"font-weight: 400;\" width=\"101\">53<\/td>\n<td style=\"font-weight: 400;\" width=\"101\">53<\/td>\n<td style=\"font-weight: 400;\" width=\"101\">64.5<\/td>\n<\/tr>\n<tr>\n<td style=\"font-weight: 400;\" width=\"101\">140\u00d720<\/td>\n<td style=\"font-weight: 400;\" width=\"101\">M40x3<\/td>\n<td style=\"font-weight: 400;\" width=\"101\">22<\/td>\n<td style=\"font-weight: 400;\" width=\"101\">60.5<\/td>\n<td style=\"font-weight: 400;\" width=\"101\">60.5<\/td>\n<td style=\"font-weight: 400;\" width=\"101\">72<\/td>\n<\/tr>\n<tr>\n<td style=\"font-weight: 400;\" width=\"101\">160\u00d720<\/td>\n<td style=\"font-weight: 400;\" width=\"101\">M40x3<\/td>\n<td style=\"font-weight: 400;\" width=\"101\">22<\/td>\n<td style=\"font-weight: 400;\" width=\"101\">70.5<\/td>\n<td style=\"font-weight: 400;\" width=\"101\">70.5<\/td>\n<td style=\"font-weight: 400;\" width=\"101\">82<\/td>\n<\/tr>\n<tr>\n<td style=\"font-weight: 400;\" width=\"101\">200\u00d720<\/td>\n<td style=\"font-weight: 400;\" width=\"101\">M40x3<\/td>\n<td style=\"font-weight: 400;\" width=\"101\">22<\/td>\n<td style=\"font-weight: 400;\" width=\"101\">90.5<\/td>\n<td style=\"font-weight: 400;\" width=\"101\">90.5<\/td>\n<td style=\"font-weight: 400;\" width=\"101\">102<\/td>\n<\/tr>\n<tr>\n<td style=\"font-weight: 400;\" width=\"101\">225\u00d720<\/td>\n<td style=\"font-weight: 400;\" width=\"101\">M40x3<\/td>\n<td style=\"font-weight: 400;\" width=\"101\">22<\/td>\n<td style=\"font-weight: 400;\" width=\"101\">103<\/td>\n<td style=\"font-weight: 400;\" width=\"101\">103<\/td>\n<td style=\"font-weight: 400;\" width=\"101\">114.5<\/td>\n<\/tr>\n<tr>\n<td style=\"font-weight: 400;\" width=\"101\">250\u00d720<\/td>\n<td style=\"font-weight: 400;\" width=\"101\">M40x3<\/td>\n<td style=\"font-weight: 400;\" width=\"101\">22<\/td>\n<td style=\"font-weight: 400;\" width=\"101\">115.5<\/td>\n<td style=\"font-weight: 400;\" width=\"101\">115.5<\/td>\n<td style=\"font-weight: 400;\" width=\"101\">127<\/td>\n<\/tr>\n<tr>\n<td style=\"font-weight: 400;\" width=\"101\">315\u00d720<\/td>\n<td style=\"font-weight: 400;\" width=\"101\">M40x3<\/td>\n<td style=\"font-weight: 400;\" width=\"101\">22<\/td>\n<td style=\"font-weight: 400;\" width=\"101\">148<\/td>\n<td style=\"font-weight: 400;\" width=\"101\">148<\/td>\n<td style=\"font-weight: 400;\" width=\"101\">159.5<\/td>\n<\/tr>\n<tr>\n<td style=\"font-weight: 400;\" width=\"101\">63\u00d740<\/td>\n<td style=\"font-weight: 400;\" width=\"101\">M55x3<\/td>\n<td style=\"font-weight: 400;\" width=\"101\">22<\/td>\n<td style=\"font-weight: 400;\" width=\"101\">22<\/td>\n<td style=\"font-weight: 400;\" width=\"101\">22<\/td>\n<td style=\"font-weight: 400;\" width=\"101\">33.5<\/td>\n<\/tr>\n<tr>\n<td style=\"font-weight: 400;\" width=\"101\">75\u00d740<\/td>\n<td style=\"font-weight: 400;\" width=\"101\">M55x3<\/td>\n<td style=\"font-weight: 400;\" width=\"101\">22<\/td>\n<td style=\"font-weight: 400;\" width=\"101\">28<\/td>\n<td style=\"font-weight: 400;\" width=\"101\">28<\/td>\n<td style=\"font-weight: 400;\" width=\"101\">39.5<\/td>\n<\/tr>\n<tr>\n<td style=\"font-weight: 400;\" width=\"101\">90\u00d740<\/td>\n<td style=\"font-weight: 400;\" width=\"101\">M55x3<\/td>\n<td style=\"font-weight: 400;\" width=\"101\">22<\/td>\n<td style=\"font-weight: 400;\" width=\"101\">35.5<\/td>\n<td style=\"font-weight: 400;\" width=\"101\">35.5<\/td>\n<td style=\"font-weight: 400;\" width=\"101\">47<\/td>\n<\/tr>\n<tr>\n<td style=\"font-weight: 400;\" width=\"101\">110\u00d740<\/td>\n<td style=\"font-weight: 400;\" width=\"101\">M55x3<\/td>\n<td style=\"font-weight: 400;\" width=\"101\">22<\/td>\n<td style=\"font-weight: 400;\" width=\"101\">45.5<\/td>\n<td style=\"font-weight: 400;\" width=\"101\">45.5<\/td>\n<td style=\"font-weight: 400;\" width=\"101\">57<\/td>\n<\/tr>\n<tr>\n<td style=\"font-weight: 400;\" width=\"101\">125\u00d740<\/td>\n<td style=\"font-weight: 400;\" width=\"101\">M55x3<\/td>\n<td style=\"font-weight: 400;\" width=\"101\">22<\/td>\n<td style=\"font-weight: 400;\" width=\"101\">53<\/td>\n<td style=\"font-weight: 400;\" width=\"101\">53<\/td>\n<td style=\"font-weight: 400;\" width=\"101\">64.5<\/td>\n<\/tr>\n<tr>\n<td style=\"font-weight: 400;\" width=\"101\">140\u00d740<\/td>\n<td style=\"font-weight: 400;\" width=\"101\">M55x3<\/td>\n<td style=\"font-weight: 400;\" width=\"101\">22<\/td>\n<td style=\"font-weight: 400;\" width=\"101\">60.5<\/td>\n<td style=\"font-weight: 400;\" width=\"101\">60.5<\/td>\n<td style=\"font-weight: 400;\" width=\"101\">72<\/td>\n<\/tr>\n<tr>\n<td style=\"font-weight: 400;\" width=\"101\">160\u00d740<\/td>\n<td style=\"font-weight: 400;\" width=\"101\">M55x3<\/td>\n<td style=\"font-weight: 400;\" width=\"101\">22<\/td>\n<td style=\"font-weight: 400;\" width=\"101\">70.5<\/td>\n<td style=\"font-weight: 400;\" width=\"101\">70.5<\/td>\n<td style=\"font-weight: 400;\" width=\"101\">82<\/td>\n<\/tr>\n<tr>\n<td style=\"font-weight: 400;\" width=\"101\">200\u00d740<\/td>\n<td style=\"font-weight: 400;\" width=\"101\">M55x3<\/td>\n<td style=\"font-weight: 400;\" width=\"101\">22<\/td>\n<td style=\"font-weight: 400;\" width=\"101\">90.5<\/td>\n<td style=\"font-weight: 400;\" width=\"101\">90.5<\/td>\n<td style=\"font-weight: 400;\" width=\"101\">102<\/td>\n<\/tr>\n<tr>\n<td style=\"font-weight: 400;\" width=\"101\">225\u00d740<\/td>\n<td style=\"font-weight: 400;\" width=\"101\">M55x3<\/td>\n<td style=\"font-weight: 400;\" width=\"101\">22<\/td>\n<td style=\"font-weight: 400;\" width=\"101\">103<\/td>\n<td style=\"font-weight: 400;\" width=\"101\">103<\/td>\n<td style=\"font-weight: 400;\" width=\"101\">114.5<\/td>\n<\/tr>\n<tr>\n<td style=\"font-weight: 400;\" width=\"101\">250\u00d740<\/td>\n<td style=\"font-weight: 400;\" width=\"101\">M55x3<\/td>\n<td style=\"font-weight: 400;\" width=\"101\">22<\/td>\n<td style=\"font-weight: 400;\" width=\"101\">115.5<\/td>\n<td style=\"font-weight: 400;\" width=\"101\">115.5<\/td>\n<td style=\"font-weight: 400;\" width=\"101\">127<\/td>\n<\/tr>\n<tr>\n<td style=\"font-weight: 400;\" width=\"101\">315\u00d740<\/td>\n<td style=\"font-weight: 400;\" width=\"101\">M55x3<\/td>\n<td style=\"font-weight: 400;\" width=\"101\">22<\/td>\n<td style=\"font-weight: 400;\" width=\"101\">148<\/td>\n<td style=\"font-weight: 400;\" width=\"101\">148<\/td>\n<td style=\"font-weight: 400;\" width=\"101\">159.5<\/td>\n<\/tr>\n<\/tbody>\n<\/table>\n<\/div>\n<\/div>","protected":false},"excerpt":{"rendered":"<p>Uma bra\u00e7adeira de sela \u00e9 um suporte semicircular para tubos projetado para se ajustar ao redor de tubos ou canos. Sua principal fun\u00e7\u00e3o \u00e9 fornecer um ponto de fixa\u00e7\u00e3o seguro para diversas tarefas, incluindo:<br \/>\nRosqueamento de sela: cria\u00e7\u00e3o de uma conex\u00e3o de deriva\u00e7\u00e3o em um tubo existente.<br \/>\nSuporte de tubos: Estabiliza\u00e7\u00e3o de tubos em superf\u00edcies planas.<br \/>\nConex\u00f5es de deriva\u00e7\u00e3o: uni\u00e3o de tubos adicionais \u00e0 tubula\u00e7\u00e3o principal.<br \/>\nEssas bra\u00e7adeiras v\u00eam em diferentes materiais, como a\u00e7o ou a\u00e7o inoxid\u00e1vel, e podem suportar altas press\u00f5es e temperaturas.<\/p>","protected":false},"featured_media":2423,"template":"","meta":[],"product_brand":[],"product_cat":[37,172],"product_tag":[245],"class_list":{"0":"post-2422","1":"product","2":"type-product","3":"status-publish","4":"has-post-thumbnail","6":"product_cat-pipe-joints","7":"product_cat-saddle-clamp","8":"product_tag-saddle-clamp","10":"first","11":"instock","12":"shipping-taxable","13":"product-type-simple"},"aioseo_notices":[],"_links":{"self":[{"href":"https:\/\/www.okval.com\/pt\/wp-json\/wp\/v2\/product\/2422","targetHints":{"allow":["GET"]}}],"collection":[{"href":"https:\/\/www.okval.com\/pt\/wp-json\/wp\/v2\/product"}],"about":[{"href":"https:\/\/www.okval.com\/pt\/wp-json\/wp\/v2\/types\/product"}],"wp:featuredmedia":[{"embeddable":true,"href":"https:\/\/www.okval.com\/pt\/wp-json\/wp\/v2\/media\/2423"}],"wp:attachment":[{"href":"https:\/\/www.okval.com\/pt\/wp-json\/wp\/v2\/media?parent=2422"}],"wp:term":[{"taxonomy":"product_brand","embeddable":true,"href":"https:\/\/www.okval.com\/pt\/wp-json\/wp\/v2\/product_brand?post=2422"},{"taxonomy":"product_cat","embeddable":true,"href":"https:\/\/www.okval.com\/pt\/wp-json\/wp\/v2\/product_cat?post=2422"},{"taxonomy":"product_tag","embeddable":true,"href":"https:\/\/www.okval.com\/pt\/wp-json\/wp\/v2\/product_tag?post=2422"}],"curies":[{"name":"wp","href":"https:\/\/api.w.org\/{rel}","templated":true}]}}