{"id":2415,"date":"2024-03-26T22:58:45","date_gmt":"2024-03-26T14:58:45","guid":{"rendered":"https:\/\/www.okval.com\/?post_type=product&#038;p=2415"},"modified":"2024-04-13T15:01:54","modified_gmt":"2024-04-13T07:01:54","slug":"acoplamento-flexivel","status":"publish","type":"product","link":"https:\/\/www.okval.com\/pt\/acoplamento-flexivel-html","title":{"rendered":"Acoplamento Flex\u00edvel"},"content":{"rendered":"<p><span class=\"fontstyle2\">\u25a0 Caracter\u00edsticas:<br \/>\n<\/span><span class=\"fontstyle0\">\u00b7 Revestimento ep\u00f3xi m\u00edn. 250 m\u00edcrons<br \/>\n\u00b7 Press\u00e3o de trabalho PN10, PN16<br \/>\n\u00b7 WRAS est\u00e1 dispon\u00edvel mediante solicita\u00e7\u00e3o<\/span><\/p>\n<p><span class=\"fontstyle2\">\u25a0 Principais pe\u00e7as e materiais:<br \/>\n<\/span><span class=\"fontstyle0\">\u00b7 Bucha de ferro d\u00factil e luva central com revestimento FBE<br \/>\nA luva central de a\u00e7o est\u00e1 dispon\u00edvel mediante solicita\u00e7\u00e3o<br \/>\n\u00b7 Parafusos e porcas de a\u00e7o carbono galvanizado<br \/>\nDacromet est\u00e1 dispon\u00edvel mediante solicita\u00e7\u00e3o<br \/>\n<\/span><span class=\"fontstyle2\">\u25a0 Junta<br \/>\n<\/span><span class=\"fontstyle0\">\u00b7 Junta de EPDM<br \/>\n<\/span><span class=\"fontstyle2\"><br \/>\n<\/span><span class=\"fontstyle0\"><span class=\"fontstyle2\"><strong>\u25a0 Dimens\u00f5es (mm):<\/strong><\/span><\/span><\/p>\n<table width=\"614\">\n<tbody>\n<tr>\n<td colspan=\"2\" width=\"240\">Tamanho<\/td>\n<td colspan=\"2\" width=\"240\">Alcance (mm)<\/td>\n<td rowspan=\"2\" width=\"134\">Parafusos x No.<\/td>\n<\/tr>\n<tr>\n<td>Polegada<\/td>\n<td>DN<\/td>\n<td>M\u00ednimo<\/td>\n<td>M\u00e1x.<\/td>\n<\/tr>\n<tr>\n<td>1 1\/2\u2033<\/td>\n<td>DN40<\/td>\n<td>48<\/td>\n<td>58<\/td>\n<td>M12 x 2<\/td>\n<\/tr>\n<tr>\n<td>2\u2033<\/td>\n<td>DN50<\/td>\n<td>59<\/td>\n<td>73<\/td>\n<td>M12 x 4<\/td>\n<\/tr>\n<tr>\n<td>2 1\/2\u2033<\/td>\n<td>DN65<\/td>\n<td>72<\/td>\n<td>85<\/td>\n<td>M12 x 4<\/td>\n<\/tr>\n<tr>\n<td>3\u2033<\/td>\n<td>DN80<\/td>\n<td>88<\/td>\n<td>103<\/td>\n<td>M12 x 4<\/td>\n<\/tr>\n<tr>\n<td>4\u2033<\/td>\n<td>DN100<\/td>\n<td>109<\/td>\n<td>128<\/td>\n<td>M12 x 4<\/td>\n<\/tr>\n<tr>\n<td>5\u2033<\/td>\n<td>DN125<\/td>\n<td>132<\/td>\n<td>154<\/td>\n<td>M12 x 4<\/td>\n<\/tr>\n<tr>\n<td>6\u2033<\/td>\n<td>DN150<\/td>\n<td>159<\/td>\n<td>182<\/td>\n<td>M12 x 4<\/td>\n<\/tr>\n<tr>\n<td>7\u2033<\/td>\n<td>DN175<\/td>\n<td>192<\/td>\n<td>210<\/td>\n<td>M12 x 4<\/td>\n<\/tr>\n<tr>\n<td>8\u2033<\/td>\n<td>DN200<\/td>\n<td>218<\/td>\n<td>235<\/td>\n<td>M12 x 4<\/td>\n<\/tr>\n<tr>\n<td>10\u2033<\/td>\n<td>DN250<\/td>\n<td>266<\/td>\n<td>291<\/td>\n<td>M12 x 6<\/td>\n<\/tr>\n<tr>\n<td>12\u2033<\/td>\n<td>DN300<\/td>\n<td>315<\/td>\n<td>332<\/td>\n<td>M12 x 6<\/td>\n<\/tr>\n<tr>\n<td>14\u2033<\/td>\n<td>DN350<\/td>\n<td>374<\/td>\n<td>391<\/td>\n<td>M12 x 8<\/td>\n<\/tr>\n<tr>\n<td>16\u2033<\/td>\n<td>DN400<\/td>\n<td>417<\/td>\n<td>437<\/td>\n<td>M12 x 8<\/td>\n<\/tr>\n<tr>\n<td>18\u2033<\/td>\n<td>DN450<\/td>\n<td>480<\/td>\n<td>500<\/td>\n<td>M12 x 10<\/td>\n<\/tr>\n<tr>\n<td>20\u2033<\/td>\n<td>DN500<\/td>\n<td>526<\/td>\n<td>546<\/td>\n<td>M12 x 12<\/td>\n<\/tr>\n<tr>\n<td>24\u2033<\/td>\n<td>DN600<\/td>\n<td>630<\/td>\n<td>650<\/td>\n<td>M12 x 12<\/td>\n<\/tr>\n<\/tbody>\n<\/table>","protected":false},"excerpt":{"rendered":"<p>O acoplamento flex\u00edvel de ferro d\u00factil (tamb\u00e9m chamado de acoplamento universal) \u00e9 projetado para acomodar tubos de extremidade plana de diferentes di\u00e2metros externos. Um acoplamento pode conectar tubos de a\u00e7o, ferro d\u00factil, PVC, ferro fundido e fibrocimento, etc.<\/p>","protected":false},"featured_media":2421,"template":"","meta":[],"product_brand":[],"product_cat":[37,168],"product_tag":[248,249,265],"class_list":{"0":"post-2415","1":"product","2":"type-product","3":"status-publish","4":"has-post-thumbnail","6":"product_cat-pipe-joints","7":"product_cat-flexible-coupling","8":"product_tag-flexible","9":"product_tag-coupling","10":"product_tag-universal-coupling","12":"first","13":"instock","14":"shipping-taxable","15":"product-type-simple"},"aioseo_notices":[],"_links":{"self":[{"href":"https:\/\/www.okval.com\/pt\/wp-json\/wp\/v2\/product\/2415","targetHints":{"allow":["GET"]}}],"collection":[{"href":"https:\/\/www.okval.com\/pt\/wp-json\/wp\/v2\/product"}],"about":[{"href":"https:\/\/www.okval.com\/pt\/wp-json\/wp\/v2\/types\/product"}],"wp:featuredmedia":[{"embeddable":true,"href":"https:\/\/www.okval.com\/pt\/wp-json\/wp\/v2\/media\/2421"}],"wp:attachment":[{"href":"https:\/\/www.okval.com\/pt\/wp-json\/wp\/v2\/media?parent=2415"}],"wp:term":[{"taxonomy":"product_brand","embeddable":true,"href":"https:\/\/www.okval.com\/pt\/wp-json\/wp\/v2\/product_brand?post=2415"},{"taxonomy":"product_cat","embeddable":true,"href":"https:\/\/www.okval.com\/pt\/wp-json\/wp\/v2\/product_cat?post=2415"},{"taxonomy":"product_tag","embeddable":true,"href":"https:\/\/www.okval.com\/pt\/wp-json\/wp\/v2\/product_tag?post=2415"}],"curies":[{"name":"wp","href":"https:\/\/api.w.org\/{rel}","templated":true}]}}