{"id":2413,"date":"2024-03-26T22:57:58","date_gmt":"2024-03-26T14:57:58","guid":{"rendered":"https:\/\/www.okval.com\/?post_type=product&#038;p=2413"},"modified":"2024-04-13T13:20:47","modified_gmt":"2024-04-13T05:20:47","slug":"adaptador-de-flange-2","status":"publish","type":"product","link":"https:\/\/www.okval.com\/pt\/adaptador-de-flange-2-html","title":{"rendered":"Adaptador de flange universal"},"content":{"rendered":"<p><span class=\"fontstyle0\"><span class=\"fontstyle3\"><strong>\u25a0 Caracter\u00edsticas:<\/strong><br \/>\n<\/span><span class=\"fontstyle1\">\u00b7 Revestimento ep\u00f3xi m\u00edn. 250 m\u00edcrons<br \/>\n\u00b7 Press\u00e3o de trabalho PN10, PN16<br \/>\n\u00b7 WRAS est\u00e1 dispon\u00edvel mediante solicita\u00e7\u00e3o<\/span><\/span><span class=\"fontstyle1\">\u00b7 Bucha de ferro d\u00factil e luva central com revestimento FBE<\/span><\/p>\n<p><span class=\"fontstyle1\"><strong> <span class=\"fontstyle3\">\u25a0 Principais pe\u00e7as e materiais:<\/span><\/strong><\/span><\/p>\n<p><span class=\"fontstyle1\"> <span class=\"fontstyle0\">\u00b7 Bucha de ferro d\u00factil e luva central com revestimento FBE<\/span><br \/>\nA luva central de a\u00e7o est\u00e1 dispon\u00edvel mediante solicita\u00e7\u00e3o<br \/>\n\u00b7 Parafusos e porcas de a\u00e7o carbono galvanizado<br \/>\nDacromet est\u00e1 dispon\u00edvel mediante solicita\u00e7\u00e3o<\/span><span class=\"fontstyle4\"><br \/>\n<\/span><span class=\"fontstyle3\">\u25a0 Junta<br \/>\n<\/span><span class=\"fontstyle1\">\u00b7 Junta de EPDM<br \/>\n<\/span><span class=\"fontstyle3\"><br \/>\n<\/span><strong><span class=\"fontstyle3\">\u25a0 Dimens\u00f5es (mm):<\/span><\/strong><\/p>\n<table width=\"614\">\n<tbody>\n<tr>\n<td colspan=\"2\" width=\"240\">Tamanho<\/td>\n<td colspan=\"2\" width=\"240\">Alcance (mm)<\/td>\n<td rowspan=\"2\" width=\"134\">Parafusos x No.<\/td>\n<\/tr>\n<tr>\n<td>Polegada<\/td>\n<td>DN<\/td>\n<td>M\u00ednimo<\/td>\n<td>M\u00e1x.<\/td>\n<\/tr>\n<tr>\n<td>1 1\/2\u2033<\/td>\n<td>DN40<\/td>\n<td>48<\/td>\n<td>58<\/td>\n<td>M12 x 2<\/td>\n<\/tr>\n<tr>\n<td>2\u2033<\/td>\n<td>DN50<\/td>\n<td>59<\/td>\n<td>73<\/td>\n<td>M12 x 4<\/td>\n<\/tr>\n<tr>\n<td>2 1\/2\u2033<\/td>\n<td>DN65<\/td>\n<td>72<\/td>\n<td>85<\/td>\n<td>M12 x 4<\/td>\n<\/tr>\n<tr>\n<td>3\u2033<\/td>\n<td>DN80<\/td>\n<td>88<\/td>\n<td>103<\/td>\n<td>M12 x 4<\/td>\n<\/tr>\n<tr>\n<td>4\u2033<\/td>\n<td>DN100<\/td>\n<td>109<\/td>\n<td>128<\/td>\n<td>M12 x 4<\/td>\n<\/tr>\n<tr>\n<td>5\u2033<\/td>\n<td>DN125<\/td>\n<td>132<\/td>\n<td>154<\/td>\n<td>M12 x 4<\/td>\n<\/tr>\n<tr>\n<td>6\u2033<\/td>\n<td>DN150<\/td>\n<td>159<\/td>\n<td>182<\/td>\n<td>M12 x 4<\/td>\n<\/tr>\n<tr>\n<td>7\u2033<\/td>\n<td>DN175<\/td>\n<td>192<\/td>\n<td>210<\/td>\n<td>M12 x 4<\/td>\n<\/tr>\n<tr>\n<td>8\u2033<\/td>\n<td>DN200<\/td>\n<td>218<\/td>\n<td>235<\/td>\n<td>M12 x 4<\/td>\n<\/tr>\n<tr>\n<td>10\u2033<\/td>\n<td>DN250<\/td>\n<td>266<\/td>\n<td>291<\/td>\n<td>M12 x 6<\/td>\n<\/tr>\n<tr>\n<td>12\u2033<\/td>\n<td>DN300<\/td>\n<td>315<\/td>\n<td>332<\/td>\n<td>M12 x 6<\/td>\n<\/tr>\n<tr>\n<td>14\u2033<\/td>\n<td>DN350<\/td>\n<td>374<\/td>\n<td>391<\/td>\n<td>M12 x 8<\/td>\n<\/tr>\n<tr>\n<td>16\u2033<\/td>\n<td>DN400<\/td>\n<td>417<\/td>\n<td>437<\/td>\n<td>M12 x 8<\/td>\n<\/tr>\n<tr>\n<td>18\u2033<\/td>\n<td>DN450<\/td>\n<td>480<\/td>\n<td>500<\/td>\n<td>M12 x 10<\/td>\n<\/tr>\n<tr>\n<td>20\u2033<\/td>\n<td>DN500<\/td>\n<td>526<\/td>\n<td>546<\/td>\n<td>M12 x 12<\/td>\n<\/tr>\n<tr>\n<td>24\u2033<\/td>\n<td>DN600<\/td>\n<td>630<\/td>\n<td>650<\/td>\n<td>M12 x 12<\/td>\n<\/tr>\n<\/tbody>\n<\/table>","protected":false},"excerpt":{"rendered":"<p>Os adaptadores de flange s\u00e3o projetados para uso em tubula\u00e7\u00f5es de ar, \u00e1gua, esgoto e g\u00e1s. Os adaptadores possuem ampla toler\u00e2ncia e se adaptam a todos os tamanhos de tubos padr\u00e3o populares, reduzindo drasticamente o estoque de produtos para manuten\u00e7\u00e3o. Os adaptadores s\u00e3o adequados para tubula\u00e7\u00f5es de a\u00e7o, PVC, ferro d\u00factil, fibrocimento, PRFV, ferro fundido e concreto.<\/p>","protected":false},"featured_media":2414,"template":"","meta":[],"product_brand":[],"product_cat":[37,167],"product_tag":[247,264],"class_list":{"0":"post-2413","1":"product","2":"type-product","3":"status-publish","4":"has-post-thumbnail","6":"product_cat-pipe-joints","7":"product_cat-flange-adaptor","8":"product_tag-flange-adaptor","9":"product_tag-universal-flange-adaptor","11":"first","12":"instock","13":"shipping-taxable","14":"product-type-simple"},"aioseo_notices":[],"_links":{"self":[{"href":"https:\/\/www.okval.com\/pt\/wp-json\/wp\/v2\/product\/2413","targetHints":{"allow":["GET"]}}],"collection":[{"href":"https:\/\/www.okval.com\/pt\/wp-json\/wp\/v2\/product"}],"about":[{"href":"https:\/\/www.okval.com\/pt\/wp-json\/wp\/v2\/types\/product"}],"wp:featuredmedia":[{"embeddable":true,"href":"https:\/\/www.okval.com\/pt\/wp-json\/wp\/v2\/media\/2414"}],"wp:attachment":[{"href":"https:\/\/www.okval.com\/pt\/wp-json\/wp\/v2\/media?parent=2413"}],"wp:term":[{"taxonomy":"product_brand","embeddable":true,"href":"https:\/\/www.okval.com\/pt\/wp-json\/wp\/v2\/product_brand?post=2413"},{"taxonomy":"product_cat","embeddable":true,"href":"https:\/\/www.okval.com\/pt\/wp-json\/wp\/v2\/product_cat?post=2413"},{"taxonomy":"product_tag","embeddable":true,"href":"https:\/\/www.okval.com\/pt\/wp-json\/wp\/v2\/product_tag?post=2413"}],"curies":[{"name":"wp","href":"https:\/\/api.w.org\/{rel}","templated":true}]}}