{"id":2411,"date":"2024-03-26T21:59:56","date_gmt":"2024-03-26T13:59:56","guid":{"rendered":"https:\/\/www.okval.com\/?post_type=product&#038;p=2411"},"modified":"2024-04-12T11:37:35","modified_gmt":"2024-04-12T03:37:35","slug":"adaptador-de-flange-para-tubo-de-ferro-ductil","status":"publish","type":"product","link":"https:\/\/www.okval.com\/pt\/adaptador-de-flange-para-tubo-de-ferro-ductil-html","title":{"rendered":"Adaptador de flange para tubo de ferro d\u00factil"},"content":{"rendered":"<p><strong>Caracter\u00edsticas:<\/strong><\/p>\n<p>1-Press\u00e3o de trabalho PN10 e PN16.<\/p>\n<p>2-Ferro d\u00factil GGG50 com revestimento FBE<\/p>\n<p>3-Com parafusos e porcas de a\u00e7o galvanizado.<\/p>\n<p>4-Veda\u00e7\u00f5es de borracha EPDM ou NBR.<\/p>\n<p>5-Adequado para tubos de ferro d\u00factil.<\/p>\n<p>&nbsp;<\/p>\n<p><strong>Desenho:<\/strong><\/p>\n<p><img decoding=\"async\" src=\"https:\/\/www.ametekiron.com\/Content\/uploads\/2020677727\/2020090209224859f004a640a04c69a3e7232d8a939835.jpg\" alt=\"Desenho de adaptador de flange para tubo de ferro d\u00factil\" \/><\/p>\n<p><strong>Material:<\/strong><\/p>\n<div class=\"table-responsive\">\n<table class=\"table\" border=\"0\" width=\"100%\" cellspacing=\"0\" cellpadding=\"0\">\n<tbody>\n<tr class=\"firstRow\">\n<td valign=\"top\" width=\"142\">Item n\u00ba.<\/td>\n<td valign=\"top\" width=\"142\">Nome do item<\/td>\n<td valign=\"top\" width=\"142\">Material<\/td>\n<\/tr>\n<tr>\n<td valign=\"top\" width=\"142\">1<\/td>\n<td valign=\"top\" width=\"142\">Corpo<\/td>\n<td valign=\"top\" width=\"142\">Ferro d\u00factil<\/td>\n<\/tr>\n<tr>\n<td valign=\"top\" width=\"142\">2<\/td>\n<td valign=\"top\" width=\"142\">Anel final<\/td>\n<td valign=\"top\" width=\"142\">Ferro d\u00factil<\/td>\n<\/tr>\n<tr>\n<td valign=\"top\" width=\"142\">3<\/td>\n<td valign=\"top\" width=\"142\">Junta<\/td>\n<td valign=\"top\" width=\"142\">Borracha<\/td>\n<\/tr>\n<tr>\n<td valign=\"top\" width=\"142\">4<\/td>\n<td valign=\"top\" width=\"142\">Parafuso<\/td>\n<td valign=\"top\" width=\"142\">A\u00e7o galvanizado<\/td>\n<\/tr>\n<tr>\n<td valign=\"top\" width=\"142\">5<\/td>\n<td valign=\"top\" width=\"142\">M\u00e1quina de lavar<\/td>\n<td valign=\"top\" width=\"142\">A\u00e7o galvanizado<\/td>\n<\/tr>\n<tr>\n<td valign=\"top\" width=\"142\">6<\/td>\n<td valign=\"top\" width=\"142\">Noz<\/td>\n<td valign=\"top\" width=\"142\">A\u00e7o galvanizado<\/td>\n<\/tr>\n<tr>\n<td valign=\"top\" width=\"142\">7<\/td>\n<td valign=\"top\" width=\"142\">Bon\u00e9<\/td>\n<td valign=\"top\" width=\"142\">Pl\u00e1stico<\/td>\n<\/tr>\n<\/tbody>\n<\/table>\n<\/div>\n<p>&nbsp;<\/p>\n<p><strong>Dimens\u00f5es (mm):<\/strong><\/p>\n<div class=\"table-responsive\">\n<table class=\"table\" border=\"0\" width=\"100%\" cellspacing=\"0\" cellpadding=\"0\">\n<tbody>\n<tr class=\"firstRow\">\n<td valign=\"top\" width=\"81\">Polegada<\/td>\n<td valign=\"top\" width=\"81\">DN<\/td>\n<td valign=\"top\" width=\"81\">OD<\/td>\n<td valign=\"top\" width=\"81\">eu<\/td>\n<\/tr>\n<tr>\n<td valign=\"top\" width=\"81\">1-1\/2\u2033<\/td>\n<td valign=\"top\" width=\"81\">40<\/td>\n<td valign=\"top\" width=\"81\">56<\/td>\n<td valign=\"top\" width=\"81\">105<\/td>\n<\/tr>\n<tr>\n<td valign=\"top\" width=\"81\">2\u2033<\/td>\n<td valign=\"top\" width=\"81\">50<\/td>\n<td valign=\"top\" width=\"81\">66<\/td>\n<td valign=\"top\" width=\"81\">105<\/td>\n<\/tr>\n<tr>\n<td valign=\"top\" width=\"81\">3\u2033<\/td>\n<td valign=\"top\" width=\"81\">80<\/td>\n<td valign=\"top\" width=\"81\">98<\/td>\n<td valign=\"top\" width=\"81\">105<\/td>\n<\/tr>\n<tr>\n<td valign=\"top\" width=\"81\">4\u2033<\/td>\n<td valign=\"top\" width=\"81\">100<\/td>\n<td valign=\"top\" width=\"81\">118<\/td>\n<td valign=\"top\" width=\"81\">105<\/td>\n<\/tr>\n<tr>\n<td valign=\"top\" width=\"81\">5\u2033<\/td>\n<td valign=\"top\" width=\"81\">125<\/td>\n<td valign=\"top\" width=\"81\">144<\/td>\n<td valign=\"top\" width=\"81\">115<\/td>\n<\/tr>\n<tr>\n<td valign=\"top\" width=\"81\">6\u2033<\/td>\n<td valign=\"top\" width=\"81\">150<\/td>\n<td valign=\"top\" width=\"81\">170<\/td>\n<td valign=\"top\" width=\"81\">115<\/td>\n<\/tr>\n<tr>\n<td valign=\"top\" width=\"81\">8\u2033<\/td>\n<td valign=\"top\" width=\"81\">200<\/td>\n<td valign=\"top\" width=\"81\">222<\/td>\n<td valign=\"top\" width=\"81\">115<\/td>\n<\/tr>\n<tr>\n<td valign=\"top\" width=\"81\">10\u2033<\/td>\n<td valign=\"top\" width=\"81\">250<\/td>\n<td valign=\"top\" width=\"81\">274<\/td>\n<td valign=\"top\" width=\"81\">130<\/td>\n<\/tr>\n<tr>\n<td valign=\"top\" width=\"81\">12\u2033<\/td>\n<td valign=\"top\" width=\"81\">300<\/td>\n<td valign=\"top\" width=\"81\">326<\/td>\n<td valign=\"top\" width=\"81\">130<\/td>\n<\/tr>\n<tr>\n<td valign=\"top\" width=\"81\">14\u2033<\/td>\n<td valign=\"top\" width=\"81\">350<\/td>\n<td valign=\"top\" width=\"81\">378<\/td>\n<td valign=\"top\" width=\"81\">180<\/td>\n<\/tr>\n<tr>\n<td valign=\"top\" width=\"81\">16\u2033<\/td>\n<td valign=\"top\" width=\"81\">400<\/td>\n<td valign=\"top\" width=\"81\">429<\/td>\n<td valign=\"top\" width=\"81\">180<\/td>\n<\/tr>\n<tr>\n<td valign=\"top\" width=\"81\">18\u2033<\/td>\n<td valign=\"top\" width=\"81\">450<\/td>\n<td valign=\"top\" width=\"81\">480<\/td>\n<td valign=\"top\" width=\"81\">190<\/td>\n<\/tr>\n<tr>\n<td valign=\"top\" width=\"81\">20\u2033<\/td>\n<td valign=\"top\" width=\"81\">500<\/td>\n<td valign=\"top\" width=\"81\">532<\/td>\n<td valign=\"top\" width=\"81\">190<\/td>\n<\/tr>\n<tr>\n<td valign=\"top\" width=\"81\">24\u2033<\/td>\n<td valign=\"top\" width=\"81\">600<\/td>\n<td valign=\"top\" width=\"81\">635<\/td>\n<td valign=\"top\" width=\"81\">190<\/td>\n<\/tr>\n<tr>\n<td valign=\"top\" width=\"81\">28\u2033<\/td>\n<td valign=\"top\" width=\"81\">700<\/td>\n<td valign=\"top\" width=\"81\">738<\/td>\n<td valign=\"top\" width=\"81\">190<\/td>\n<\/tr>\n<tr>\n<td valign=\"top\" width=\"81\">32\u2033<\/td>\n<td valign=\"top\" width=\"81\">800<\/td>\n<td valign=\"top\" width=\"81\">842<\/td>\n<td valign=\"top\" width=\"81\">190<\/td>\n<\/tr>\n<tr>\n<td valign=\"top\" width=\"81\">36\u2033<\/td>\n<td valign=\"top\" width=\"81\">900<\/td>\n<td valign=\"top\" width=\"81\">942<\/td>\n<td valign=\"top\" width=\"81\">190<\/td>\n<\/tr>\n<tr>\n<td valign=\"top\" width=\"81\">40\u2033<\/td>\n<td valign=\"top\" width=\"81\">1000<\/td>\n<td valign=\"top\" width=\"81\">1048<\/td>\n<td valign=\"top\" width=\"81\">190<\/td>\n<\/tr>\n<tr>\n<td valign=\"top\" width=\"81\">48\u2033<\/td>\n<td valign=\"top\" width=\"81\">1200<\/td>\n<td valign=\"top\" width=\"81\">1255<\/td>\n<td valign=\"top\" width=\"81\">190<\/td>\n<\/tr>\n<tr>\n<td valign=\"top\" width=\"81\">56\u2033<\/td>\n<td valign=\"top\" width=\"81\">1400<\/td>\n<td valign=\"top\" width=\"81\">1462<\/td>\n<td valign=\"top\" width=\"81\">190<\/td>\n<\/tr>\n<tr>\n<td valign=\"top\" width=\"81\">64\u2033<\/td>\n<td valign=\"top\" width=\"81\">1600<\/td>\n<td valign=\"top\" width=\"81\">1668<\/td>\n<td valign=\"top\" width=\"81\">275<\/td>\n<\/tr>\n<tr>\n<td valign=\"top\" width=\"81\">72\u2033<\/td>\n<td valign=\"top\" width=\"81\">1800<\/td>\n<td valign=\"top\" width=\"81\">1875<\/td>\n<td valign=\"top\" width=\"81\">275<\/td>\n<\/tr>\n<tr>\n<td valign=\"top\" width=\"81\">80\u2033<\/td>\n<td valign=\"top\" width=\"81\">2000<\/td>\n<td valign=\"top\" width=\"81\">2082<\/td>\n<td valign=\"top\" width=\"81\">275<\/td>\n<\/tr>\n<\/tbody>\n<\/table>\n<\/div>\n<p>Os desenhos e par\u00e2metros acima s\u00e3o apenas para refer\u00eancia. Consulte-nos para obter dados exatos.<\/p>\n<p>&nbsp;<\/p>","protected":false},"excerpt":{"rendered":"<p>O adaptador de flange para tubos de ferro d\u00factil une tubos de ferro d\u00factil de ponta lisa a v\u00e1lvulas, bombas, conex\u00f5es e tubos flangeados. Possui prote\u00e7\u00e3o contra corros\u00e3o interna e externa FBE 300um, com faixa de tamanho de DN40 a DN2000. A embalagem \u00e9 em caixa de madeira com pl\u00e1stico bolha para cada item ou a pedido do cliente.<\/p>","protected":false},"featured_media":2795,"template":"","meta":[],"product_brand":[],"product_cat":[37,167],"product_tag":[238,247,250],"class_list":{"0":"post-2411","1":"product","2":"type-product","3":"status-publish","4":"has-post-thumbnail","6":"product_cat-pipe-joints","7":"product_cat-flange-adaptor","8":"product_tag-ductile-iron","9":"product_tag-flange-adaptor","10":"product_tag-pipe","12":"first","13":"instock","14":"shipping-taxable","15":"product-type-simple"},"aioseo_notices":[],"_links":{"self":[{"href":"https:\/\/www.okval.com\/pt\/wp-json\/wp\/v2\/product\/2411","targetHints":{"allow":["GET"]}}],"collection":[{"href":"https:\/\/www.okval.com\/pt\/wp-json\/wp\/v2\/product"}],"about":[{"href":"https:\/\/www.okval.com\/pt\/wp-json\/wp\/v2\/types\/product"}],"wp:featuredmedia":[{"embeddable":true,"href":"https:\/\/www.okval.com\/pt\/wp-json\/wp\/v2\/media\/2795"}],"wp:attachment":[{"href":"https:\/\/www.okval.com\/pt\/wp-json\/wp\/v2\/media?parent=2411"}],"wp:term":[{"taxonomy":"product_brand","embeddable":true,"href":"https:\/\/www.okval.com\/pt\/wp-json\/wp\/v2\/product_brand?post=2411"},{"taxonomy":"product_cat","embeddable":true,"href":"https:\/\/www.okval.com\/pt\/wp-json\/wp\/v2\/product_cat?post=2411"},{"taxonomy":"product_tag","embeddable":true,"href":"https:\/\/www.okval.com\/pt\/wp-json\/wp\/v2\/product_tag?post=2411"}],"curies":[{"name":"wp","href":"https:\/\/api.w.org\/{rel}","templated":true}]}}