{"id":2404,"date":"2024-03-26T21:41:11","date_gmt":"2024-03-26T13:41:11","guid":{"rendered":"https:\/\/www.okval.com\/?post_type=product&#038;p=2404"},"modified":"2024-04-12T11:40:47","modified_gmt":"2024-04-12T03:40:47","slug":"adaptador-de-flange","status":"publish","type":"product","link":"https:\/\/www.okval.com\/pt\/adaptador-de-flange-html","title":{"rendered":"Adaptador de flange r\u00e1pido para tubo de PVC"},"content":{"rendered":"<p><strong>Caracter\u00edsticas:<\/strong><\/p>\n<ul>\n<li>Press\u00e3o de trabalho PN10 e PN16.<\/li>\n<li>Material de ferro d\u00factil GGG50 com revestimento FBE.<\/li>\n<li>Anel de veda\u00e7\u00e3o de EPDM ou EPDM + lat\u00e3o.<\/li>\n<\/ul>\n<p><strong>Desenho:<\/strong><\/p>\n<p>&nbsp;<\/p>\n<p><img decoding=\"async\" class=\"alignnone wp-image-2784\" src=\"https:\/\/www.okval.com\/wp-content\/uploads\/2024\/03\/quick-for-pvc-1.jpg\" alt=\"\" width=\"389\" height=\"389\" srcset=\"https:\/\/www.okval.com\/wp-content\/uploads\/2024\/03\/quick-for-pvc-1.jpg 1000w, https:\/\/www.okval.com\/wp-content\/uploads\/2024\/03\/quick-for-pvc-1-300x300.jpg 300w, https:\/\/www.okval.com\/wp-content\/uploads\/2024\/03\/quick-for-pvc-1-150x150.jpg 150w, https:\/\/www.okval.com\/wp-content\/uploads\/2024\/03\/quick-for-pvc-1-768x768.jpg 768w, https:\/\/www.okval.com\/wp-content\/uploads\/2024\/03\/quick-for-pvc-1-12x12.jpg 12w, https:\/\/www.okval.com\/wp-content\/uploads\/2024\/03\/quick-for-pvc-1-600x600.jpg 600w\" sizes=\"(max-width: 389px) 100vw, 389px\" \/><\/p>\n<p><strong>Especifica\u00e7\u00e3o do material:<\/strong><\/p>\n<div class=\"table-responsive\">\n<table class=\"table\" border=\"0\" width=\"100%\" cellspacing=\"0\" cellpadding=\"0\">\n<tbody>\n<tr class=\"firstRow\">\n<td valign=\"top\" width=\"142\">Item n\u00ba.<\/td>\n<td valign=\"top\" width=\"142\">Nome do item<\/td>\n<td valign=\"top\" width=\"142\">Material<\/td>\n<\/tr>\n<tr>\n<td valign=\"top\" width=\"142\">1<\/td>\n<td valign=\"top\" width=\"142\">Corpo<\/td>\n<td valign=\"top\" width=\"142\">Ferro d\u00factil<\/td>\n<\/tr>\n<tr>\n<td valign=\"top\" width=\"142\">2<\/td>\n<td valign=\"top\" width=\"142\">Anel final<\/td>\n<td valign=\"top\" width=\"142\">Ferro d\u00factil<\/td>\n<\/tr>\n<tr>\n<td valign=\"top\" width=\"142\">3<\/td>\n<td valign=\"top\" width=\"142\">Junta<\/td>\n<td valign=\"top\" width=\"142\">Borracha<\/td>\n<\/tr>\n<tr>\n<td valign=\"top\" width=\"142\">4<\/td>\n<td valign=\"top\" width=\"142\">Parafuso<\/td>\n<td valign=\"top\" width=\"142\">A\u00e7o galvanizado<\/td>\n<\/tr>\n<tr>\n<td valign=\"top\" width=\"142\">5<\/td>\n<td valign=\"top\" width=\"142\">M\u00e1quina de lavar<\/td>\n<td valign=\"top\" width=\"142\">A\u00e7o galvanizado<\/td>\n<\/tr>\n<tr>\n<td valign=\"top\" width=\"142\">6<\/td>\n<td valign=\"top\" width=\"142\">Noz<\/td>\n<td valign=\"top\" width=\"142\">A\u00e7o galvanizado<\/td>\n<\/tr>\n<tr>\n<td valign=\"top\" width=\"142\">7<\/td>\n<td valign=\"top\" width=\"142\">Bon\u00e9<\/td>\n<td valign=\"top\" width=\"142\">Pl\u00e1stico<\/td>\n<\/tr>\n<\/tbody>\n<\/table>\n<\/div>\n<p><strong>Dimens\u00f5es (mm):<\/strong><\/p>\n<div class=\"table-responsive\">\n<table width=\"599\">\n<tbody>\n<tr>\n<td style=\"text-align: center;\" rowspan=\"3\" width=\"83\">DN<\/td>\n<td style=\"text-align: center;\" rowspan=\"3\" width=\"74\">OD do tubo<\/td>\n<td style=\"text-align: center;\" rowspan=\"3\" width=\"74\">eu<\/td>\n<td style=\"text-align: center;\" rowspan=\"3\" width=\"43\">F<\/td>\n<td style=\"text-align: center;\" colspan=\"3\" width=\"325\">Perfura\u00e7\u00e3o de flange<\/td>\n<\/tr>\n<tr>\n<td style=\"text-align: center;\" colspan=\"3\" width=\"325\">PN10\/16<\/td>\n<\/tr>\n<tr>\n<td style=\"text-align: center;\" width=\"70\">D<\/td>\n<td style=\"text-align: center;\" width=\"106\">D1<\/td>\n<td style=\"text-align: center;\" width=\"149\">nM<\/td>\n<\/tr>\n<tr>\n<td style=\"text-align: center;\" width=\"83\">40<\/td>\n<td style=\"text-align: center;\" width=\"74\">40<\/td>\n<td style=\"text-align: center;\" width=\"74\">50<\/td>\n<td style=\"text-align: center;\" width=\"43\">16<\/td>\n<td style=\"text-align: center;\" width=\"70\">135<\/td>\n<td style=\"text-align: center;\" width=\"106\">110<\/td>\n<td style=\"text-align: center;\" width=\"149\">4\u00d719<\/td>\n<\/tr>\n<tr>\n<td style=\"text-align: center;\" width=\"83\">40\/50<\/td>\n<td style=\"text-align: center;\" width=\"74\">50<\/td>\n<td style=\"text-align: center;\" width=\"74\">50<\/td>\n<td style=\"text-align: center;\" width=\"43\">16<\/td>\n<td style=\"text-align: center;\" width=\"70\">157<\/td>\n<td style=\"text-align: center;\" width=\"106\">110\/125<\/td>\n<td style=\"text-align: center;\" width=\"149\">4\u00d719<\/td>\n<\/tr>\n<tr>\n<td style=\"text-align: center;\" width=\"83\">50\/60\/65<\/td>\n<td style=\"text-align: center;\" width=\"74\">63<\/td>\n<td style=\"text-align: center;\" width=\"74\">50<\/td>\n<td style=\"text-align: center;\" width=\"43\">16<\/td>\n<td style=\"text-align: center;\" width=\"70\">182<\/td>\n<td style=\"text-align: center;\" width=\"106\">125\/135\/145<\/td>\n<td style=\"text-align: center;\" width=\"149\">4\u00d719<\/td>\n<\/tr>\n<tr>\n<td style=\"text-align: center;\" width=\"83\">60\/65<\/td>\n<td style=\"text-align: center;\" width=\"74\">75<\/td>\n<td style=\"text-align: center;\" width=\"74\">55<\/td>\n<td style=\"text-align: center;\" width=\"43\">18<\/td>\n<td style=\"text-align: center;\" width=\"70\">185<\/td>\n<td style=\"text-align: center;\" width=\"106\">135\/145<\/td>\n<td style=\"text-align: center;\" width=\"149\">4\u00d719<\/td>\n<\/tr>\n<tr>\n<td style=\"text-align: center;\" width=\"83\">80<\/td>\n<td style=\"text-align: center;\" width=\"74\">90<\/td>\n<td style=\"text-align: center;\" width=\"74\">60<\/td>\n<td style=\"text-align: center;\" width=\"43\">18<\/td>\n<td style=\"text-align: center;\" width=\"70\">195<\/td>\n<td style=\"text-align: center;\" width=\"106\">160<\/td>\n<td style=\"text-align: center;\" width=\"149\">8\u00d719<\/td>\n<\/tr>\n<tr>\n<td style=\"text-align: center;\" width=\"83\">100<\/td>\n<td style=\"text-align: center;\" width=\"74\">110<\/td>\n<td style=\"text-align: center;\" width=\"74\">63<\/td>\n<td style=\"text-align: center;\" width=\"43\">19<\/td>\n<td style=\"text-align: center;\" width=\"70\">216<\/td>\n<td style=\"text-align: center;\" width=\"106\">180<\/td>\n<td style=\"text-align: center;\" width=\"149\">8\u00d719<\/td>\n<\/tr>\n<tr>\n<td style=\"text-align: center;\" width=\"83\">125<\/td>\n<td style=\"text-align: center;\" width=\"74\">125<\/td>\n<td style=\"text-align: center;\" width=\"74\">70<\/td>\n<td style=\"text-align: center;\" width=\"43\">19<\/td>\n<td style=\"text-align: center;\" width=\"70\">253<\/td>\n<td style=\"text-align: center;\" width=\"106\">210<\/td>\n<td style=\"text-align: center;\" width=\"149\">8\u00d719<\/td>\n<\/tr>\n<tr>\n<td style=\"text-align: center;\" width=\"83\">125<\/td>\n<td style=\"text-align: center;\" width=\"74\">140<\/td>\n<td style=\"text-align: center;\" width=\"74\">78<\/td>\n<td style=\"text-align: center;\" width=\"43\">19<\/td>\n<td style=\"text-align: center;\" width=\"70\">253<\/td>\n<td style=\"text-align: center;\" width=\"106\">210<\/td>\n<td style=\"text-align: center;\" width=\"149\">8\u00d719<\/td>\n<\/tr>\n<tr>\n<td style=\"text-align: center;\" width=\"83\">150<\/td>\n<td style=\"text-align: center;\" width=\"74\">160<\/td>\n<td style=\"text-align: center;\" width=\"74\">78<\/td>\n<td style=\"text-align: center;\" width=\"43\">20<\/td>\n<td style=\"text-align: center;\" width=\"70\">280<\/td>\n<td style=\"text-align: center;\" width=\"106\">240<\/td>\n<td style=\"text-align: center;\" width=\"149\">8\u00d723<\/td>\n<\/tr>\n<tr>\n<td style=\"text-align: center;\" width=\"83\">200<\/td>\n<td style=\"text-align: center;\" width=\"74\">200<\/td>\n<td style=\"text-align: center;\" width=\"74\">88<\/td>\n<td style=\"text-align: center;\" width=\"43\">20<\/td>\n<td style=\"text-align: center;\" width=\"70\">336<\/td>\n<td style=\"text-align: center;\" width=\"106\">295<\/td>\n<td style=\"text-align: center;\" width=\"149\">8\u00d723\/12X23<\/td>\n<\/tr>\n<tr>\n<td style=\"text-align: center;\" width=\"83\">200<\/td>\n<td style=\"text-align: center;\" width=\"74\">225<\/td>\n<td style=\"text-align: center;\" width=\"74\">88<\/td>\n<td style=\"text-align: center;\" width=\"43\">20<\/td>\n<td style=\"text-align: center;\" width=\"70\">336<\/td>\n<td style=\"text-align: center;\" width=\"106\">295<\/td>\n<td style=\"text-align: center;\" width=\"149\">8\u00d723\/12X23<\/td>\n<\/tr>\n<tr>\n<td style=\"text-align: center;\" width=\"83\">250<\/td>\n<td style=\"text-align: center;\" width=\"74\">250<\/td>\n<td style=\"text-align: center;\" width=\"74\">94<\/td>\n<td style=\"text-align: center;\" width=\"43\">22<\/td>\n<td style=\"text-align: center;\" width=\"70\">398<\/td>\n<td style=\"text-align: center;\" width=\"106\">350\/355<\/td>\n<td style=\"text-align: center;\" width=\"149\">12X28<\/td>\n<\/tr>\n<tr>\n<td style=\"text-align: center;\" width=\"83\">300<\/td>\n<td style=\"text-align: center;\" width=\"74\">315<\/td>\n<td style=\"text-align: center;\" width=\"74\">106<\/td>\n<td style=\"text-align: center;\" width=\"43\">24<\/td>\n<td style=\"text-align: center;\" width=\"70\">455<\/td>\n<td style=\"text-align: center;\" width=\"106\">400\/410<\/td>\n<td style=\"text-align: center;\" width=\"149\">12\u00d723\/12X28<\/td>\n<\/tr>\n<tr>\n<td style=\"text-align: center;\" width=\"83\">400<\/td>\n<td style=\"text-align: center;\" width=\"74\">400<\/td>\n<td style=\"text-align: center;\" width=\"74\">120<\/td>\n<td style=\"text-align: center;\" width=\"43\">25<\/td>\n<td style=\"text-align: center;\" width=\"70\">580<\/td>\n<td style=\"text-align: center;\" width=\"106\">515\/525<\/td>\n<td style=\"text-align: center;\" width=\"149\">16X31<\/td>\n<\/tr>\n<tr>\n<td style=\"text-align: center;\" width=\"83\">500<\/td>\n<td style=\"text-align: center;\" width=\"74\">500<\/td>\n<td style=\"text-align: center;\" width=\"74\">131<\/td>\n<td style=\"text-align: center;\" width=\"43\">25<\/td>\n<td style=\"text-align: center;\" width=\"70\">715<\/td>\n<td style=\"text-align: center;\" width=\"106\">620\/650<\/td>\n<td style=\"text-align: center;\" width=\"149\">20X28,5\/20X35<\/td>\n<\/tr>\n<\/tbody>\n<\/table>\n<\/div>\n<p>&nbsp;<\/p>\n<p>&nbsp;<\/p>","protected":false},"excerpt":{"rendered":"<p>O adaptador de flange r\u00e1pido \u00e9 usado principalmente em tubos de PVC. Ele cont\u00e9m uma junta e um anel de lat\u00e3o (alternativa). Coloque o tubo no corpo do adaptador de flange r\u00e1pido e aperte os parafusos. O anel de lat\u00e3o fixar\u00e1 o tubo, evitando que ele se solte. Pode ser fabricado com fura\u00e7\u00e3o de flange especificada, como BS4504, EN1092, ISO2531 PN10, 16, 25, 40 ou ANSI. A faixa de tamanho varia de DN40 a DN400.<\/p>","protected":false},"featured_media":2406,"template":"","meta":[],"product_brand":[],"product_cat":[37,169],"product_tag":[251,252],"class_list":{"0":"post-2404","1":"product","2":"type-product","3":"status-publish","4":"has-post-thumbnail","6":"product_cat-pipe-joints","7":"product_cat-quick-flange-for-pvc-pe-pi-pipe","8":"product_tag-quick-flange","9":"product_tag-adaptor","11":"first","12":"instock","13":"shipping-taxable","14":"product-type-simple"},"aioseo_notices":[],"_links":{"self":[{"href":"https:\/\/www.okval.com\/pt\/wp-json\/wp\/v2\/product\/2404","targetHints":{"allow":["GET"]}}],"collection":[{"href":"https:\/\/www.okval.com\/pt\/wp-json\/wp\/v2\/product"}],"about":[{"href":"https:\/\/www.okval.com\/pt\/wp-json\/wp\/v2\/types\/product"}],"wp:featuredmedia":[{"embeddable":true,"href":"https:\/\/www.okval.com\/pt\/wp-json\/wp\/v2\/media\/2406"}],"wp:attachment":[{"href":"https:\/\/www.okval.com\/pt\/wp-json\/wp\/v2\/media?parent=2404"}],"wp:term":[{"taxonomy":"product_brand","embeddable":true,"href":"https:\/\/www.okval.com\/pt\/wp-json\/wp\/v2\/product_brand?post=2404"},{"taxonomy":"product_cat","embeddable":true,"href":"https:\/\/www.okval.com\/pt\/wp-json\/wp\/v2\/product_cat?post=2404"},{"taxonomy":"product_tag","embeddable":true,"href":"https:\/\/www.okval.com\/pt\/wp-json\/wp\/v2\/product_tag?post=2404"}],"curies":[{"name":"wp","href":"https:\/\/api.w.org\/{rel}","templated":true}]}}