{"id":2395,"date":"2024-04-02T08:10:26","date_gmt":"2024-04-02T00:10:26","guid":{"rendered":"https:\/\/www.okval.com\/?post_type=product&#038;p=2395"},"modified":"2024-04-12T11:25:43","modified_gmt":"2024-04-12T03:25:43","slug":"junta-de-desmontagem-tipo-1","status":"publish","type":"product","link":"https:\/\/www.okval.com\/pt\/desmontagem-de-junta-tipo-1-html","title":{"rendered":"Desmontagem de junta leve tipo 1"},"content":{"rendered":"<p><strong>Caracter\u00edsticas:<\/strong><\/p>\n<p>Tipo de luz -1<\/p>\n<ul>\n<li>Parafusos longos 25% (n\u00e3o menos que 4 pe\u00e7as) necess\u00e1rios.<\/li>\n<li>adequado para junta de desmontagem sem empuxo se n\u00e3o forem montadas barras de dire\u00e7\u00e3o longas.<\/li>\n<li>Em conformidade com EN545<\/li>\n<li>Tipo de flange: BS EN1092 PN10<\/li>\n<\/ul>\n<p><strong>Materiais:<\/strong><\/p>\n<div class=\"table100\">\n<table class=\"table1\" width=\"302\" data-sort-table=\"no\" data-show-entry=\"no\" data-searchable=\"no\" data-responsive=\"no\">\n<tbody>\n<tr>\n<td width=\"51\">Sr.No.<\/td>\n<td width=\"89\">Nome<\/td>\n<td width=\"93\">Material<\/td>\n<td width=\"69\">Padr\u00e3o<\/td>\n<\/tr>\n<tr data-entry=\"1\">\n<td width=\"51\" data-title=\"Sr.No.\">1<\/td>\n<td width=\"89\" data-title=\"Name\">Corpo longo<\/td>\n<td width=\"93\" data-title=\"Material\">Ferro d\u00factil<\/td>\n<td width=\"69\" data-title=\"Standard\">EN1563<\/td>\n<\/tr>\n<tr data-entry=\"2\">\n<td width=\"51\" data-title=\"Sr.No.\">2<\/td>\n<td width=\"89\" data-title=\"Name\">Corpo curto<\/td>\n<td width=\"93\" data-title=\"Material\">Ferro d\u00factil<\/td>\n<td width=\"69\" data-title=\"Standard\">EN1563<\/td>\n<\/tr>\n<tr data-entry=\"3\">\n<td width=\"51\" data-title=\"Sr.No.\">3<\/td>\n<td width=\"89\" data-title=\"Name\">Retentor<\/td>\n<td width=\"93\" data-title=\"Material\">Ferro d\u00factil<\/td>\n<td width=\"69\" data-title=\"Standard\">EN1563<\/td>\n<\/tr>\n<tr data-entry=\"4\">\n<td width=\"51\" data-title=\"Sr.No.\">4<\/td>\n<td width=\"89\" data-title=\"Name\">Junta<\/td>\n<td width=\"93\" data-title=\"Material\">EPDM\/NBR<\/td>\n<td width=\"69\" data-title=\"Standard\">EN681-1<\/td>\n<\/tr>\n<tr data-entry=\"5\">\n<td width=\"51\" data-title=\"Sr.No.\">5<\/td>\n<td width=\"89\" data-title=\"Name\">Tirantes<\/td>\n<td width=\"93\" data-title=\"Material\">CS\/SS<\/td>\n<td width=\"69\" data-title=\"Standard\">ISO<\/td>\n<\/tr>\n<\/tbody>\n<\/table>\n<p><strong>Dimens\u00f5es (mm)<\/strong><\/p>\n<div class=\"table100\">\n<table class=\"table1\" width=\"392\" data-sort-table=\"no\" data-show-entry=\"no\" data-searchable=\"no\" data-responsive=\"no\">\n<tbody>\n<tr>\n<td width=\"70\">TAMANHO<\/td>\n<td width=\"74\">PN<\/td>\n<td width=\"52\">D<\/td>\n<td width=\"45\">eu<\/td>\n<td width=\"54\">T<\/td>\n<td width=\"45\">L1<\/td>\n<td width=\"52\">D1<\/td>\n<\/tr>\n<tr data-entry=\"1\">\n<td width=\"70\" data-title=\"SIZE\">DN80<\/td>\n<td width=\"74\" data-title=\"PN\">PN10\/16<\/td>\n<td width=\"52\" data-title=\"D\">200<\/td>\n<td width=\"45\" data-title=\"L\">205<\/td>\n<td width=\"54\" data-title=\"T\">+\/-25<\/td>\n<td width=\"45\" data-title=\"L1\">340<\/td>\n<td width=\"52\" data-title=\"D1\">160<\/td>\n<\/tr>\n<tr data-entry=\"2\">\n<td width=\"70\" data-title=\"SIZE\">DN100<\/td>\n<td width=\"74\" data-title=\"PN\">PN10\/16<\/td>\n<td width=\"52\" data-title=\"D\">220<\/td>\n<td width=\"45\" data-title=\"L\">205<\/td>\n<td width=\"54\" data-title=\"T\">+\/-25<\/td>\n<td width=\"45\" data-title=\"L1\">340<\/td>\n<td width=\"52\" data-title=\"D1\">180<\/td>\n<\/tr>\n<tr data-entry=\"3\">\n<td width=\"70\" data-title=\"SIZE\">DN150<\/td>\n<td width=\"74\" data-title=\"PN\">PN10\/16<\/td>\n<td width=\"52\" data-title=\"D\">285<\/td>\n<td width=\"45\" data-title=\"L\">205<\/td>\n<td width=\"54\" data-title=\"T\">+\/-25<\/td>\n<td width=\"45\" data-title=\"L1\">340<\/td>\n<td width=\"52\" data-title=\"D1\">240<\/td>\n<\/tr>\n<tr data-entry=\"4\">\n<td width=\"70\" data-title=\"SIZE\">DN200<\/td>\n<td width=\"74\" data-title=\"PN\">PN10<\/td>\n<td width=\"52\" data-title=\"D\">340<\/td>\n<td width=\"45\" data-title=\"L\">215<\/td>\n<td width=\"54\" data-title=\"T\">+\/-25<\/td>\n<td width=\"45\" data-title=\"L1\">350<\/td>\n<td width=\"52\" data-title=\"D1\">295<\/td>\n<\/tr>\n<tr data-entry=\"5\">\n<td width=\"70\" data-title=\"SIZE\"><\/td>\n<td width=\"74\" data-title=\"PN\">PN16<\/td>\n<td width=\"52\" data-title=\"D\">340<\/td>\n<td width=\"45\" data-title=\"L\">215<\/td>\n<td width=\"54\" data-title=\"T\">+\/-25<\/td>\n<td width=\"45\" data-title=\"L1\">350<\/td>\n<td width=\"52\" data-title=\"D1\">295<\/td>\n<\/tr>\n<tr data-entry=\"6\">\n<td width=\"70\" data-title=\"SIZE\">DN250<\/td>\n<td width=\"74\" data-title=\"PN\">PN10<\/td>\n<td width=\"52\" data-title=\"D\">400<\/td>\n<td width=\"45\" data-title=\"L\">220<\/td>\n<td width=\"54\" data-title=\"T\">+\/-25<\/td>\n<td width=\"45\" data-title=\"L1\">370<\/td>\n<td width=\"52\" data-title=\"D1\">350<\/td>\n<\/tr>\n<tr data-entry=\"7\">\n<td width=\"70\" data-title=\"SIZE\"><\/td>\n<td width=\"74\" data-title=\"PN\">PN16<\/td>\n<td width=\"52\" data-title=\"D\">400<\/td>\n<td width=\"45\" data-title=\"L\">220<\/td>\n<td width=\"54\" data-title=\"T\">+\/-25<\/td>\n<td width=\"45\" data-title=\"L1\">380<\/td>\n<td width=\"52\" data-title=\"D1\">355<\/td>\n<\/tr>\n<tr data-entry=\"8\">\n<td width=\"70\" data-title=\"SIZE\">DN300<\/td>\n<td width=\"74\" data-title=\"PN\">PN10<\/td>\n<td width=\"52\" data-title=\"D\">455<\/td>\n<td width=\"45\" data-title=\"L\">240<\/td>\n<td width=\"54\" data-title=\"T\">+\/-25<\/td>\n<td width=\"45\" data-title=\"L1\">390<\/td>\n<td width=\"52\" data-title=\"D1\">400<\/td>\n<\/tr>\n<tr data-entry=\"9\">\n<td width=\"70\" data-title=\"SIZE\"><\/td>\n<td width=\"74\" data-title=\"PN\">PN16<\/td>\n<td width=\"52\" data-title=\"D\">455<\/td>\n<td width=\"45\" data-title=\"L\">240<\/td>\n<td width=\"54\" data-title=\"T\">+\/-25<\/td>\n<td width=\"45\" data-title=\"L1\">400<\/td>\n<td width=\"52\" data-title=\"D1\">410<\/td>\n<\/tr>\n<tr data-entry=\"10\">\n<td width=\"70\" data-title=\"SIZE\">DN350<\/td>\n<td width=\"74\" data-title=\"PN\">PN10<\/td>\n<td width=\"52\" data-title=\"D\">505<\/td>\n<td width=\"45\" data-title=\"L\">240<\/td>\n<td width=\"54\" data-title=\"T\">+\/-25<\/td>\n<td width=\"45\" data-title=\"L1\">400<\/td>\n<td width=\"52\" data-title=\"D1\">460<\/td>\n<\/tr>\n<tr data-entry=\"11\">\n<td width=\"70\" data-title=\"SIZE\"><\/td>\n<td width=\"74\" data-title=\"PN\">PN16<\/td>\n<td width=\"52\" data-title=\"D\">520<\/td>\n<td width=\"45\" data-title=\"L\">240<\/td>\n<td width=\"54\" data-title=\"T\">+\/-25<\/td>\n<td width=\"45\" data-title=\"L1\">410<\/td>\n<td width=\"52\" data-title=\"D1\">470<\/td>\n<\/tr>\n<tr data-entry=\"12\">\n<td width=\"70\" data-title=\"SIZE\">DN400<\/td>\n<td width=\"74\" data-title=\"PN\">PN10<\/td>\n<td width=\"52\" data-title=\"D\">565<\/td>\n<td width=\"45\" data-title=\"L\">250<\/td>\n<td width=\"54\" data-title=\"T\">+\/-25<\/td>\n<td width=\"45\" data-title=\"L1\">420<\/td>\n<td width=\"52\" data-title=\"D1\">515<\/td>\n<\/tr>\n<tr data-entry=\"13\">\n<td width=\"70\" data-title=\"SIZE\"><\/td>\n<td width=\"74\" data-title=\"PN\">PN16<\/td>\n<td width=\"52\" data-title=\"D\">580<\/td>\n<td width=\"45\" data-title=\"L\">250<\/td>\n<td width=\"54\" data-title=\"T\">+\/-25<\/td>\n<td width=\"45\" data-title=\"L1\">430<\/td>\n<td width=\"52\" data-title=\"D1\">525<\/td>\n<\/tr>\n<tr data-entry=\"14\">\n<td width=\"70\" data-title=\"SIZE\">DN450<\/td>\n<td width=\"74\" data-title=\"PN\">PN10<\/td>\n<td width=\"52\" data-title=\"D\">615<\/td>\n<td width=\"45\" data-title=\"L\">265<\/td>\n<td width=\"54\" data-title=\"T\">+\/-25<\/td>\n<td width=\"45\" data-title=\"L1\">435<\/td>\n<td width=\"52\" data-title=\"D1\">565<\/td>\n<\/tr>\n<tr data-entry=\"15\">\n<td width=\"70\" data-title=\"SIZE\"><\/td>\n<td width=\"74\" data-title=\"PN\">PN16<\/td>\n<td width=\"52\" data-title=\"D\">640<\/td>\n<td width=\"45\" data-title=\"L\">265<\/td>\n<td width=\"54\" data-title=\"T\">+\/-25<\/td>\n<td width=\"45\" data-title=\"L1\">450<\/td>\n<td width=\"52\" data-title=\"D1\">585<\/td>\n<\/tr>\n<tr data-entry=\"16\">\n<td width=\"70\" data-title=\"SIZE\">DN500<\/td>\n<td width=\"74\" data-title=\"PN\">PN10<\/td>\n<td width=\"52\" data-title=\"D\">670<\/td>\n<td width=\"45\" data-title=\"L\">275<\/td>\n<td width=\"54\" data-title=\"T\">+\/-25<\/td>\n<td width=\"45\" data-title=\"L1\">440<\/td>\n<td width=\"52\" data-title=\"D1\">620<\/td>\n<\/tr>\n<tr data-entry=\"17\">\n<td width=\"70\" data-title=\"SIZE\"><\/td>\n<td width=\"74\" data-title=\"PN\">PN16<\/td>\n<td width=\"52\" data-title=\"D\">715<\/td>\n<td width=\"45\" data-title=\"L\">275<\/td>\n<td width=\"54\" data-title=\"T\">+\/-25<\/td>\n<td width=\"45\" data-title=\"L1\">460<\/td>\n<td width=\"52\" data-title=\"D1\">650<\/td>\n<\/tr>\n<tr data-entry=\"18\">\n<td width=\"70\" data-title=\"SIZE\">DN600<\/td>\n<td width=\"74\" data-title=\"PN\">PN10<\/td>\n<td width=\"52\" data-title=\"D\">780<\/td>\n<td width=\"45\" data-title=\"L\">295<\/td>\n<td width=\"54\" data-title=\"T\">+\/-25<\/td>\n<td width=\"45\" data-title=\"L1\">460<\/td>\n<td width=\"52\" data-title=\"D1\">725<\/td>\n<\/tr>\n<tr data-entry=\"19\">\n<td width=\"70\" data-title=\"SIZE\"><\/td>\n<td width=\"74\" data-title=\"PN\">PN16<\/td>\n<td width=\"52\" data-title=\"D\">840<\/td>\n<td width=\"45\" data-title=\"L\">295<\/td>\n<td width=\"54\" data-title=\"T\">+\/-25<\/td>\n<td width=\"45\" data-title=\"L1\">500<\/td>\n<td width=\"52\" data-title=\"D1\">770<\/td>\n<\/tr>\n<tr data-entry=\"20\">\n<td width=\"70\" data-title=\"SIZE\">DN700<\/td>\n<td width=\"74\" data-title=\"PN\">PN10<\/td>\n<td width=\"52\" data-title=\"D\">895<\/td>\n<td width=\"45\" data-title=\"L\">300<\/td>\n<td width=\"54\" data-title=\"T\">+\/-25<\/td>\n<td width=\"45\" data-title=\"L1\">480<\/td>\n<td width=\"52\" data-title=\"D1\">840<\/td>\n<\/tr>\n<tr data-entry=\"21\">\n<td width=\"70\" data-title=\"SIZE\"><\/td>\n<td width=\"74\" data-title=\"PN\">PN16<\/td>\n<td width=\"52\" data-title=\"D\">910<\/td>\n<td width=\"45\" data-title=\"L\">300<\/td>\n<td width=\"54\" data-title=\"T\">+\/-25<\/td>\n<td width=\"45\" data-title=\"L1\">500<\/td>\n<td width=\"52\" data-title=\"D1\">840<\/td>\n<\/tr>\n<tr data-entry=\"22\">\n<td width=\"70\" data-title=\"SIZE\">DN800<\/td>\n<td width=\"74\" data-title=\"PN\">PN10<\/td>\n<td width=\"52\" data-title=\"D\">1015<\/td>\n<td width=\"45\" data-title=\"L\">320<\/td>\n<td width=\"54\" data-title=\"T\">+\/-25<\/td>\n<td width=\"45\" data-title=\"L1\">500<\/td>\n<td width=\"52\" data-title=\"D1\">950<\/td>\n<\/tr>\n<tr data-entry=\"23\">\n<td width=\"70\" data-title=\"SIZE\"><\/td>\n<td width=\"74\" data-title=\"PN\">PN16<\/td>\n<td width=\"52\" data-title=\"D\">1025<\/td>\n<td width=\"45\" data-title=\"L\">320<\/td>\n<td width=\"54\" data-title=\"T\">+\/-25<\/td>\n<td width=\"45\" data-title=\"L1\">530<\/td>\n<td width=\"52\" data-title=\"D1\">950<\/td>\n<\/tr>\n<tr data-entry=\"24\">\n<td width=\"70\" data-title=\"SIZE\">DN900<\/td>\n<td width=\"74\" data-title=\"PN\">PN10<\/td>\n<td width=\"52\" data-title=\"D\">1115<\/td>\n<td width=\"45\" data-title=\"L\">320<\/td>\n<td width=\"54\" data-title=\"T\">+\/-25<\/td>\n<td width=\"45\" data-title=\"L1\">500<\/td>\n<td width=\"52\" data-title=\"D1\">1050<\/td>\n<\/tr>\n<tr data-entry=\"25\">\n<td width=\"70\" data-title=\"SIZE\"><\/td>\n<td width=\"74\" data-title=\"PN\">PN16<\/td>\n<td width=\"52\" data-title=\"D\">1125<\/td>\n<td width=\"45\" data-title=\"L\">320<\/td>\n<td width=\"54\" data-title=\"T\">+\/-25<\/td>\n<td width=\"45\" data-title=\"L1\">530<\/td>\n<td width=\"52\" data-title=\"D1\">1050<\/td>\n<\/tr>\n<tr data-entry=\"26\">\n<td width=\"70\" data-title=\"SIZE\">DN1000<\/td>\n<td width=\"74\" data-title=\"PN\">PN10<\/td>\n<td width=\"52\" data-title=\"D\">1230<\/td>\n<td width=\"45\" data-title=\"L\">330<\/td>\n<td width=\"54\" data-title=\"T\">+\/-25<\/td>\n<td width=\"45\" data-title=\"L1\">545<\/td>\n<td width=\"52\" data-title=\"D1\">1160<\/td>\n<\/tr>\n<tr data-entry=\"27\">\n<td width=\"70\" data-title=\"SIZE\"><\/td>\n<td width=\"74\" data-title=\"PN\">PN16<\/td>\n<td width=\"52\" data-title=\"D\">1255<\/td>\n<td width=\"45\" data-title=\"L\">330<\/td>\n<td width=\"54\" data-title=\"T\">+\/-25<\/td>\n<td width=\"45\" data-title=\"L1\">570<\/td>\n<td width=\"52\" data-title=\"D1\">1170<\/td>\n<\/tr>\n<tr data-entry=\"28\">\n<td width=\"70\" data-title=\"SIZE\">DN1200<\/td>\n<td width=\"74\" data-title=\"PN\">PN10<\/td>\n<td width=\"52\" data-title=\"D\">1455<\/td>\n<td width=\"45\" data-title=\"L\">350<\/td>\n<td width=\"54\" data-title=\"T\">+\/-25<\/td>\n<td width=\"45\" data-title=\"L1\">580<\/td>\n<td width=\"52\" data-title=\"D1\">1380<\/td>\n<\/tr>\n<tr data-entry=\"29\">\n<td width=\"70\" data-title=\"SIZE\"><\/td>\n<td width=\"74\" data-title=\"PN\">PN16<\/td>\n<td width=\"52\" data-title=\"D\">1485<\/td>\n<td width=\"45\" data-title=\"L\">350<\/td>\n<td width=\"54\" data-title=\"T\">+\/-25<\/td>\n<td width=\"45\" data-title=\"L1\">620<\/td>\n<td width=\"52\" data-title=\"D1\">1390<\/td>\n<\/tr>\n<\/tbody>\n<\/table>\n<\/div>\n<\/div>","protected":false},"excerpt":{"rendered":"<p>A OKVAL \u00e9 uma das maiores fabricantes e f\u00e1bricas de juntas de desmontagem da China. Podemos fabricar e fornecer juntas de desmontagem de acordo com as suas necessidades. Se precisar de mais tipos de juntas de desmontagem, entre em contato conosco agora mesmo!<br \/>\nAs juntas de desmontagem s\u00e3o especialmente projetadas para facilitar a remo\u00e7\u00e3o ou instala\u00e7\u00e3o de qualquer tipo de objeto flangeado em uma tubula\u00e7\u00e3o, como v\u00e1lvulas, bombas, conex\u00f5es flangeadas ou outros objetos semelhantes. A ancoragem final \u00e9 garantida pelo fornecimento de tirantes, que tamb\u00e9m s\u00e3o usados como parafusos de uni\u00e3o de flanges, o que reduz o n\u00famero de parafusos necess\u00e1rios.<\/p>","protected":false},"featured_media":2396,"template":"","meta":[],"product_brand":[],"product_cat":[37,211],"product_tag":[212,253],"class_list":{"0":"post-2395","1":"product","2":"type-product","3":"status-publish","4":"has-post-thumbnail","6":"product_cat-pipe-joints","7":"product_cat-dismantling-joint","8":"product_tag-dismantling-joint","9":"product_tag-light","11":"first","12":"instock","13":"shipping-taxable","14":"product-type-simple"},"aioseo_notices":[],"_links":{"self":[{"href":"https:\/\/www.okval.com\/pt\/wp-json\/wp\/v2\/product\/2395","targetHints":{"allow":["GET"]}}],"collection":[{"href":"https:\/\/www.okval.com\/pt\/wp-json\/wp\/v2\/product"}],"about":[{"href":"https:\/\/www.okval.com\/pt\/wp-json\/wp\/v2\/types\/product"}],"wp:featuredmedia":[{"embeddable":true,"href":"https:\/\/www.okval.com\/pt\/wp-json\/wp\/v2\/media\/2396"}],"wp:attachment":[{"href":"https:\/\/www.okval.com\/pt\/wp-json\/wp\/v2\/media?parent=2395"}],"wp:term":[{"taxonomy":"product_brand","embeddable":true,"href":"https:\/\/www.okval.com\/pt\/wp-json\/wp\/v2\/product_brand?post=2395"},{"taxonomy":"product_cat","embeddable":true,"href":"https:\/\/www.okval.com\/pt\/wp-json\/wp\/v2\/product_cat?post=2395"},{"taxonomy":"product_tag","embeddable":true,"href":"https:\/\/www.okval.com\/pt\/wp-json\/wp\/v2\/product_tag?post=2395"}],"curies":[{"name":"wp","href":"https:\/\/api.w.org\/{rel}","templated":true}]}}