{"id":2174,"date":"2024-03-30T09:57:23","date_gmt":"2024-03-30T01:57:23","guid":{"rendered":"https:\/\/www.okval.com\/?post_type=product&#038;p=2174"},"modified":"2024-04-03T14:45:09","modified_gmt":"2024-04-03T06:45:09","slug":"valvula-de-retencao-de-esfera","status":"publish","type":"product","link":"https:\/\/www.okval.com\/pt\/valvula-de-retencao-de-esfera-html","title":{"rendered":"V\u00e1lvula de reten\u00e7\u00e3o de esfera"},"content":{"rendered":"<p class=\"p1\"><strong>Dados t\u00e9cnicos<\/strong><\/p>\n<ul>\n<li class=\"p2\">Faixa.<\/li>\n<li class=\"p2\">Extremidades roscadas de DN32 a DN80.<\/li>\n<li class=\"p2\">Extremidades flangeadas de DN40 a DN300.<\/li>\n<li class=\"p2\">Tipo de rosca: BSP conforme ISO 228-1.<\/li>\n<li class=\"p2\">Tipo flangeado: EN 1092-2 PN16 e AS4087 (AS2129 Talbe E).<\/li>\n<li class=\"p2\">Press\u00e3o m\u00e1xima de trabalho 16 bar.<\/li>\n<li class=\"p2\">Temperaturas operacionais 10\u00baC ~ 80\u00baC.<\/li>\n<li class=\"p2\">Assentos de acordo com a categoria A padr\u00e3o ISO 5208.<\/li>\n<li class=\"p2\">Contrapress\u00e3o m\u00ednima para estanqueidade: 0,3 bar a 0,5 bar.<\/li>\n<li class=\"p2\">Dimens\u00f5es face a face para tipo flangeado de acordo com EN-558-1 s\u00e9rie 48 (DIN3202 F6).<\/li>\n<\/ul>\n<p>&nbsp;<\/p>\n<p class=\"p1\"><strong>Aplica\u00e7\u00f5es<\/strong><\/p>\n<p class=\"p2\">Esta\u00e7\u00f5es de bombeamento para \u00e1guas limpas, esgoto e fluidos carregados ou viscosos.<\/p>\n<p>&nbsp;<\/p>\n<p class=\"p1\"><strong>Teste Hidr\u00e1ulico<\/strong><\/p>\n<ul>\n<li class=\"p2\">Assento: 1,1x press\u00e3o normal.<\/li>\n<li class=\"p2\">Corpo: 1,5x press\u00e3o normal<\/li>\n<\/ul>","protected":false},"excerpt":{"rendered":"<p class=\"p1\"><strong>Desempenhos t\u00e9cnicos<\/strong><\/p>\n<ul>\n<li class=\"p2\">Passagem plena garantida.<\/li>\n<li class=\"p2\">Bola autolimpante.<\/li>\n<li class=\"p2\">Baixa queda de press\u00e3o.<\/li>\n<li class=\"p2\">Silencioso.<\/li>\n<li class=\"p2\">Cap\u00f4 remov\u00edvel para limpeza ou troca da bola sem necessidade de desmontagem da tubula\u00e7\u00e3o.<\/li>\n<li class=\"p2\">Instala\u00e7\u00e3o horizontal e vertical na tubula\u00e7\u00e3o.<\/li>\n<\/ul>","protected":false},"featured_media":2175,"template":"","meta":[],"product_brand":[],"product_cat":[159],"product_tag":[255,259],"class_list":{"0":"post-2174","1":"product","2":"type-product","3":"status-publish","4":"has-post-thumbnail","6":"product_cat-valves","7":"product_tag-valve","8":"product_tag-ball-check","10":"first","11":"instock","12":"shipping-taxable","13":"product-type-simple"},"aioseo_notices":[],"_links":{"self":[{"href":"https:\/\/www.okval.com\/pt\/wp-json\/wp\/v2\/product\/2174","targetHints":{"allow":["GET"]}}],"collection":[{"href":"https:\/\/www.okval.com\/pt\/wp-json\/wp\/v2\/product"}],"about":[{"href":"https:\/\/www.okval.com\/pt\/wp-json\/wp\/v2\/types\/product"}],"wp:featuredmedia":[{"embeddable":true,"href":"https:\/\/www.okval.com\/pt\/wp-json\/wp\/v2\/media\/2175"}],"wp:attachment":[{"href":"https:\/\/www.okval.com\/pt\/wp-json\/wp\/v2\/media?parent=2174"}],"wp:term":[{"taxonomy":"product_brand","embeddable":true,"href":"https:\/\/www.okval.com\/pt\/wp-json\/wp\/v2\/product_brand?post=2174"},{"taxonomy":"product_cat","embeddable":true,"href":"https:\/\/www.okval.com\/pt\/wp-json\/wp\/v2\/product_cat?post=2174"},{"taxonomy":"product_tag","embeddable":true,"href":"https:\/\/www.okval.com\/pt\/wp-json\/wp\/v2\/product_tag?post=2174"}],"curies":[{"name":"wp","href":"https:\/\/api.w.org\/{rel}","templated":true}]}}