{"id":2815,"date":"2024-04-12T15:44:12","date_gmt":"2024-04-12T07:44:12","guid":{"rendered":"https:\/\/www.okval.com\/?post_type=product&#038;p=2815"},"modified":"2025-10-28T11:09:27","modified_gmt":"2025-10-28T03:09:27","slug":"pvc-%ed%8c%8c%ec%9d%b4%ed%94%84%ec%9a%a9-%ec%95%88%ec%9e%a5-%ed%81%b4%eb%9e%a8%ed%94%84","status":"publish","type":"product","link":"https:\/\/www.okval.com\/ko\/pvc-%ed%8c%8c%ec%9d%b4%ed%94%84%ec%9a%a9-%ec%95%88%ec%9e%a5-%ed%81%b4%eb%9e%a8%ed%94%84-html","title":{"rendered":"Saddle Clamp for PVC HDPE Pipe"},"content":{"rendered":"<p><span class=\"fontstyle0\">\u25a0 \ud2b9\uc9d5<br \/>\n<\/span><span class=\"fontstyle2\">\u00b7 \uc5d0\ud3ed\uc2dc \ucf54\ud305 \ucd5c\uc18c 250\ub9c8\uc774\ud06c\ub860.<br \/>\n\u00b7 \uc791\ub3d9 \uc555\ub825 PN10, PN16<\/span><span class=\"fontstyle3\">.<\/span><\/p>\n<p><span class=\"fontstyle0\">\u25a0 \uc8fc\uc694 \ubd80\ud488 \ubc0f \uc18c\uc7ac<br \/>\n<\/span><span class=\"fontstyle2\">\u00b7 FBE \ucf54\ud305\ub41c \uc5f0\uc131 \uc8fc\ucca0 \uc18c\uc7ac<br \/>\n\u00b7 \uc544\uc5f0\ub3c4\uae08\uac15 \ubcfc\ud2b8, \ub108\ud2b8<br \/>\n<\/span><span class=\"fontstyle0\">\u25a0 \uac1c\uc2a4\ud0b7<br \/>\n<\/span><span class=\"fontstyle2\">\u00b7 EPDM \uac1c\uc2a4\ud0b7<br \/>\n<\/span><span class=\"fontstyle0\">\u25a0 \uce58\uc218(mm)<br \/>\n<\/span><\/p>\n<p>Collar\u00edn salida rosca para tuber\u00eda pl\u00e1stica<br \/>\nSoluci\u00f3n r\u00e1pida y fiable para realizar derivaciones y tomas en tuber\u00edas de PVC y PE.<\/p>\n<p>Amplia gama que cubre desde 40 hasta 315 mil\u00edmetros<br \/>\nMecanismo de ajuste m\u00e1ximo del tornillo consiguiendo la estanqueidad<br \/>\nPresi\u00f3n de trabajo PN10 y PN16<br \/>\nFundici\u00f3n nodular GGG50<br \/>\nRevestimiento epoxi de 250\u03bcm de media<br \/>\nTorniller\u00eda inoxidable y juntas de goma EPDM aptas para agua potable<br \/>\nPara instalaci\u00f3n sobre tubos seg\u00fan normas:<br \/>\nPE: EN 12201 \/ ISO 3607 \/ ISO 14236 \/ DIN 8072 \/ DIN 8074 \/ UNI 10910<br \/>\nPP: ISO 3609 \/ DIN 8077 \/ UNI 8318<br \/>\nPVC: EN 1452-2<\/p>\n<table width=\"790\">\n<tbody>\n<tr>\n<td width=\"511\">COLLARIN PARA PVC\/PE DN 40 X 3\/4&#8243; PN16<\/td>\n<td width=\"279\">DN40 X 3\/4&#8243;<\/td>\n<\/tr>\n<tr>\n<td>COLLARIN PARA PVC\/PE DN 40 X 1&#8243; PN16<\/td>\n<td>DN40 X 1&#8243;<\/td>\n<\/tr>\n<tr>\n<td>COLLARIN PARA PVC\/PE DN 50 X 3\/4&#8243; PN16<\/td>\n<td>DN50 X 3\/4&#8243;<\/td>\n<\/tr>\n<tr>\n<td>COLLARIN PARA PVC\/PE DN 50 X 1&#8243; PN16<\/td>\n<td>DN50 X 1&#8243;<\/td>\n<\/tr>\n<tr>\n<td>COLLARIN PARA PVC\/PE DN 63 X 3\/4&#8243; PN16<\/td>\n<td>DN63 X 3\/4&#8243;<\/td>\n<\/tr>\n<tr>\n<td>COLLARIN PARA PVC\/PE DN 63 X 1&#8243; PN16<\/td>\n<td>DN63 X 1&#8243;<\/td>\n<\/tr>\n<tr>\n<td>COLLARIN PARA PVC\/PE DN 63X1 1\/4&#8243; PN16<\/td>\n<td>DN63 X 1 1\/4&#8243;<\/td>\n<\/tr>\n<tr>\n<td>COLLARIN PARA PVC\/PE DN 63X1 1\/2&#8243; PN16<\/td>\n<td>DN63 X 1 1\/2&#8243;<\/td>\n<\/tr>\n<tr>\n<td>COLLARIN PARA PVC\/PE DN 63 X 2&#8243; PN16<\/td>\n<td>DN63 X 2&#8243;<\/td>\n<\/tr>\n<tr>\n<td>COLLARIN PARA PVC\/PE DN 75 X 3\/4&#8243; PN16<\/td>\n<td>DN75 X 3\/4&#8243;<\/td>\n<\/tr>\n<tr>\n<td>COLLARIN PARA PVC\/PE DN 75 X 1&#8243; PN16<\/td>\n<td>DN75 X 1&#8243;<\/td>\n<\/tr>\n<tr>\n<td>COLLARIN PARA PVC\/PE DN 75X1 1\/4&#8243; PN16<\/td>\n<td>DN75 X 1 1\/4&#8243;<\/td>\n<\/tr>\n<tr>\n<td>COLLARIN PARA PVC\/PE DN 75X1 1\/2&#8243; PN16<\/td>\n<td>DN75 X 1 1\/2&#8243;<\/td>\n<\/tr>\n<tr>\n<td>COLLARIN PARA PVC\/PE DN 75 X 2&#8243; PN16<\/td>\n<td>DN75 X 2&#8243;<\/td>\n<\/tr>\n<tr>\n<td>COLLARIN PARA PVC\/PE DN 90 X 3\/4&#8243; PN16<\/td>\n<td>DN90 X 3\/4&#8243;<\/td>\n<\/tr>\n<tr>\n<td>COLLARIN PARA PVC\/PE DN 90 X 1&#8243; PN16<\/td>\n<td>DN90 X 1&#8243;<\/td>\n<\/tr>\n<tr>\n<td>COLLARIN PARA PVC\/PE DN 90X1 1\/4&#8243; PN16<\/td>\n<td>DN90 X 1 1\/4&#8243;<\/td>\n<\/tr>\n<tr>\n<td>COLLARIN PARA PVC\/PE DN 90X1 1\/2&#8243; PN16<\/td>\n<td>DN90 X 1 1\/2&#8243;<\/td>\n<\/tr>\n<tr>\n<td>COLLARIN PARA PVC\/PE DN 90 X 2&#8243; PN16<\/td>\n<td>DN90 X 2&#8243;<\/td>\n<\/tr>\n<tr>\n<td>COLLARIN PARA PVC\/PE DN 110 X 3\/4&#8243; PN16<\/td>\n<td>DN110 X 3\/4&#8243;<\/td>\n<\/tr>\n<tr>\n<td>COLLARIN PARA PVC\/PE DN 110 X 1&#8243; PN16<\/td>\n<td>DN110 X 1&#8243;<\/td>\n<\/tr>\n<tr>\n<td>COLLARIN PARA PVC\/PE DN 110X1 1\/4&#8243; PN16<\/td>\n<td>DN110 X 1 1\/4&#8243;<\/td>\n<\/tr>\n<tr>\n<td>COLLARIN PARA PVC\/PE DN 110X1 1\/2&#8243; PN16<\/td>\n<td>DN110 X 1 1\/2&#8243;<\/td>\n<\/tr>\n<tr>\n<td>COLLARIN PARA PVC\/PE DN 110 X 2&#8243; PN16<\/td>\n<td>DN110 X 2&#8243;<\/td>\n<\/tr>\n<tr>\n<td>COLLARIN PARA PVC\/PE DN 125 X 3\/4&#8243; PN16<\/td>\n<td>DN 125 X 3\/4&#8243;<\/td>\n<\/tr>\n<tr>\n<td>COLLARIN PARA PVC\/PE DN 125 X 1&#8243; PN16<\/td>\n<td>DN 125 X 1&#8243;<\/td>\n<\/tr>\n<tr>\n<td>COLLARIN PARA PVC\/PE DN 125 X1 1\/4&#8243; PN16<\/td>\n<td>DN 125 X 1 1\/4&#8243;<\/td>\n<\/tr>\n<tr>\n<td>COLLARIN PARA PVC\/PE DN 125X1 1\/2&#8243; PN16<\/td>\n<td>DN 125 X 1 1\/2&#8243;<\/td>\n<\/tr>\n<tr>\n<td>COLLARIN PARA PVC\/PE DN 125 X 2&#8243; PN16<\/td>\n<td>DN 125 X 2&#8243;<\/td>\n<\/tr>\n<tr>\n<td>COLLARIN PARA PVC\/PE DN 140 X 3\/4&#8243; PN16<\/td>\n<td>DN 140 X 3\/4&#8243;<\/td>\n<\/tr>\n<tr>\n<td>COLLARIN PARA PVC\/PE DN 140 X 1&#8243; PN16<\/td>\n<td>DN 140 X 1&#8243;<\/td>\n<\/tr>\n<tr>\n<td>COLLARIN PARA PVC\/PE DN 140X1 1\/2&#8243; PN16<\/td>\n<td>DN 140 X 1 1\/2&#8243;<\/td>\n<\/tr>\n<tr>\n<td>COLLARIN PARA PVC\/PE DN 140 X 2&#8243; PN16<\/td>\n<td>DN 140 X 2&#8243;<\/td>\n<\/tr>\n<tr>\n<td>COLLARIN PARA PVC\/PE DN 160 X 3\/4&#8243; PN16<\/td>\n<td>DN 160 X\u00a0 3\/4&#8243;<\/td>\n<\/tr>\n<tr>\n<td>COLLARIN PARA PVC\/PE DN 160 X 1&#8243; PN16<\/td>\n<td>DN 160 X 1&#8243;<\/td>\n<\/tr>\n<tr>\n<td>COLLARIN PARA PVC\/PE DN 160X1 1\/4&#8243; PN16<\/td>\n<td>DN 160 X 1 1\/4&#8243;<\/td>\n<\/tr>\n<tr>\n<td>COLLARIN PARA PVC\/PE DN 160X1 1\/2&#8243; PN16<\/td>\n<td>DN 160 X 1 1\/2&#8243;<\/td>\n<\/tr>\n<tr>\n<td>COLLARIN PARA PVC\/PE DN 160 X 2&#8243; PN16<\/td>\n<td>DN 160 X 2&#8243;<\/td>\n<\/tr>\n<tr>\n<td>COLLARIN PARA PVC\/PE DN 160X2 1\/2&#8243; PN16<\/td>\n<td>DN 160 X 2 1\/2&#8243;<\/td>\n<\/tr>\n<tr>\n<td>COLLARIN PARA PVC\/PE DN 200 X 3\/4&#8243; PN16<\/td>\n<td>DN 200 X 3\/4&#8243;<\/td>\n<\/tr>\n<tr>\n<td>COLLARIN PARA PVC\/PE DN 200 X 1&#8243; PN16<\/td>\n<td>DN 200 X 1&#8243;<\/td>\n<\/tr>\n<tr>\n<td>COLLARIN PARA PVC\/PE DN 200X1 1\/4&#8243; PN16<\/td>\n<td>DN 200 X 1 1\/4&#8243;<\/td>\n<\/tr>\n<tr>\n<td>COLLARIN PARA PVC\/PE DN 200X1 1\/2&#8243; PN16<\/td>\n<td>DN 200 X 1 1\/2&#8243;<\/td>\n<\/tr>\n<tr>\n<td>COLLARIN PARA PVC\/PE DN 200 X 2&#8243; PN16<\/td>\n<td>DN 200 X 2&#8243;<\/td>\n<\/tr>\n<tr>\n<td>COLLARIN PARA PVC\/PE DN 200X2 1\/2&#8243; PN16<\/td>\n<td>DN 200 X 2 1\/2&#8243;<\/td>\n<\/tr>\n<tr>\n<td>COLLARIN PARA PVC\/PE DN 200 X 3&#8243; PN16<\/td>\n<td>DN 200 X 3&#8243;<\/td>\n<\/tr>\n<tr>\n<td>COLLARIN PARA PVC\/PE DN 250 X 3\/4&#8243; PN16<\/td>\n<td>DN 250 X 3\/4&#8243;<\/td>\n<\/tr>\n<tr>\n<td>COLLARIN PARA PVC\/PE DN 250 X 1&#8243; PN16<\/td>\n<td>DN 250 X 1&#8243;<\/td>\n<\/tr>\n<tr>\n<td>COLLARIN PARA PVC\/PE DN 250X1 1\/4&#8243; PN16<\/td>\n<td>DN 250 X 1 1\/4&#8243;<\/td>\n<\/tr>\n<tr>\n<td>COLLARIN PARA PVC\/PE DN 250X1 1\/2&#8243; PN16<\/td>\n<td>DN 250 X 1 1\/2&#8243;<\/td>\n<\/tr>\n<tr>\n<td>COLLARIN PARA PVC\/PE DN 250 X 2&#8243; PN16<\/td>\n<td>DN 250 X 2&#8243;<\/td>\n<\/tr>\n<tr>\n<td>COLLARIN PARA PVC\/PE DN 250X2 1\/2&#8243; PN16 (SR)<\/td>\n<td>DN 250 X 2 1\/2&#8243;<\/td>\n<\/tr>\n<tr>\n<td>COLLARIN PARA PVC\/PE DN 250 X 3&#8243; PN16<\/td>\n<td>DN 250 X 3&#8243;<\/td>\n<\/tr>\n<tr>\n<td>COLLARIN PARA PVC\/PE DN 315 X 3\/4&#8243; PN16<\/td>\n<td>DN 315 X 3\/4&#8243;<\/td>\n<\/tr>\n<tr>\n<td>COLLARIN PARA PVC\/PE DN 315 X 1&#8243; PN16<\/td>\n<td>DN 315 X 1&#8243;<\/td>\n<\/tr>\n<tr>\n<td>COLLARIN PARA PVC\/PE DN 315 X 1 1\/4&#8243; PN16<\/td>\n<td>DN315 X 1 1\/4&#8243;<\/td>\n<\/tr>\n<tr>\n<td>COLLARIN PARA PVC\/PE DN 315X1 1\/2&#8243; PN16<\/td>\n<td>DN 315 X 1 1\/2&#8243;<\/td>\n<\/tr>\n<tr>\n<td>COLLARIN PARA PVC\/PE DN 315 X 2&#8243; PN16<\/td>\n<td>DN 315 X 2&#8243;<\/td>\n<\/tr>\n<tr>\n<td>COLLARIN PARA PVC\/PE DN 315X2 1\/2&#8243; PN16 (SR)<\/td>\n<td>DN 315 X 2 1\/2&#8243;<\/td>\n<\/tr>\n<tr>\n<td>COLLARIN PARA PVC\/PE DN 315 X 3&#8243; PN16<\/td>\n<td>DN 315 X 3&#8243;<\/td>\n<\/tr>\n<\/tbody>\n<\/table>\n<p><span class=\"fontstyle0\">\u00a0<\/span><\/p>","protected":false},"excerpt":{"rendered":"<p>\uc0c8\ub4e4 \ud074\ub7a8\ud504\ub294 \ud30c\uc774\ud504\ub098 \ud29c\ube0c\ub97c \uace0\uc815\ud558\ub294 \ub370 \uc0ac\uc6a9\ub418\ub294 \ub2e4\uc6a9\ub3c4 \uace0\uc815 \uc7a5\uce58\uc785\ub2c8\ub2e4. \uc774 \ud074\ub7a8\ud504\ub294 \ud30c\uc774\ud504, \uba38\ud50c\ub7ec \ubc0f \uae30\ud0c0 \ubd80\ud488\uc5d0 \uc548\uc815\uc131, \uc9c0\uc9c0\ub825, \uadf8\ub9ac\uace0 \uc548\uc804\ud55c \ubd80\ucc29\uc810\uc744 \uc81c\uacf5\ud569\ub2c8\ub2e4. \uc0b0\uc5c5\uc6a9\uc774\ub4e0 \ubc30\uae30 \uc2dc\uc2a4\ud15c\uc774\ub4e0 \uc0c8\ub4e4 \ud074\ub7a8\ud504\ub294 \uad6c\uc870\uc801 \ubb34\uacb0\uc131\uc744 \uc720\uc9c0\ud558\ub294 \ub370 \uc911\uc694\ud55c \uc5ed\ud560\uc744 \ud569\ub2c8\ub2e4.<\/p>","protected":false},"featured_media":3011,"template":"","meta":[],"product_brand":[],"product_cat":[37,172],"product_tag":[],"class_list":{"0":"post-2815","1":"product","2":"type-product","3":"status-publish","4":"has-post-thumbnail","6":"product_cat-pipe-joints","7":"product_cat-saddle-clamp","9":"first","10":"instock","11":"shipping-taxable","12":"product-type-simple"},"aioseo_notices":[],"_links":{"self":[{"href":"https:\/\/www.okval.com\/ko\/wp-json\/wp\/v2\/product\/2815","targetHints":{"allow":["GET"]}}],"collection":[{"href":"https:\/\/www.okval.com\/ko\/wp-json\/wp\/v2\/product"}],"about":[{"href":"https:\/\/www.okval.com\/ko\/wp-json\/wp\/v2\/types\/product"}],"wp:featuredmedia":[{"embeddable":true,"href":"https:\/\/www.okval.com\/ko\/wp-json\/wp\/v2\/media\/3011"}],"wp:attachment":[{"href":"https:\/\/www.okval.com\/ko\/wp-json\/wp\/v2\/media?parent=2815"}],"wp:term":[{"taxonomy":"product_brand","embeddable":true,"href":"https:\/\/www.okval.com\/ko\/wp-json\/wp\/v2\/product_brand?post=2815"},{"taxonomy":"product_cat","embeddable":true,"href":"https:\/\/www.okval.com\/ko\/wp-json\/wp\/v2\/product_cat?post=2815"},{"taxonomy":"product_tag","embeddable":true,"href":"https:\/\/www.okval.com\/ko\/wp-json\/wp\/v2\/product_tag?post=2815"}],"curies":[{"name":"wp","href":"https:\/\/api.w.org\/{rel}","templated":true}]}}