{"id":2815,"date":"2024-04-12T15:44:12","date_gmt":"2024-04-12T07:44:12","guid":{"rendered":"https:\/\/www.okval.com\/?post_type=product&#038;p=2815"},"modified":"2025-10-28T11:09:27","modified_gmt":"2025-10-28T03:09:27","slug":"pvc%e3%83%91%e3%82%a4%e3%83%97%e7%94%a8%e3%82%b5%e3%83%89%e3%83%ab%e3%82%af%e3%83%a9%e3%83%b3%e3%83%97","status":"publish","type":"product","link":"https:\/\/www.okval.com\/ja\/pvc%e3%83%91%e3%82%a4%e3%83%97%e7%94%a8%e3%82%b5%e3%83%89%e3%83%ab%e3%82%af%e3%83%a9%e3%83%b3%e3%83%97-html","title":{"rendered":"Saddle Clamp for PVC HDPE Pipe"},"content":{"rendered":"<p><span class=\"fontstyle0\">\u25a0 \u7279\u5fb4<br \/>\n<\/span><span class=\"fontstyle2\">\u00b7 \u30a8\u30dd\u30ad\u30b7\u30b3\u30fc\u30c6\u30a3\u30f3\u30b0\u6700\u5c0f250\u30df\u30af\u30ed\u30f3\u3002<br \/>\n\u00b7 \u4f5c\u52d5\u5727\u529b PN10\u3001PN16<\/span><span class=\"fontstyle3\">.<\/span><\/p>\n<p><span class=\"fontstyle0\">\u25a0 \u4e3b\u8981\u90e8\u54c1\u30fb\u6750\u8cea<br \/>\n<\/span><span class=\"fontstyle2\">\u00b7 FBE\u30b3\u30fc\u30c6\u30a3\u30f3\u30b0\u3092\u65bd\u3057\u305f\u30c0\u30af\u30bf\u30a4\u30eb\u92f3\u9244<br \/>\n\u00b7 \u4e9c\u925b\u30e1\u30c3\u30ad\u92fc\u30dc\u30eb\u30c8\u3001\u30ca\u30c3\u30c8<br \/>\n<\/span><span class=\"fontstyle0\">\u25a0 \u30ac\u30b9\u30b1\u30c3\u30c8<br \/>\n<\/span><span class=\"fontstyle2\">\u00b7 EPDM\u30ac\u30b9\u30b1\u30c3\u30c8<br \/>\n<\/span><span class=\"fontstyle0\">\u25a0 \u5bf8\u6cd5\uff08MM\uff09<br \/>\n<\/span><\/p>\n<p>Collar\u00edn salida rosca para tuber\u00eda pl\u00e1stica<br \/>\nSoluci\u00f3n r\u00e1pida y fiable para realizar derivaciones y tomas en tuber\u00edas de PVC y PE.<\/p>\n<p>Amplia gama que cubre desde 40 hasta 315 mil\u00edmetros<br \/>\nMecanismo de ajuste m\u00e1ximo del tornillo consiguiendo la estanqueidad<br \/>\nPresi\u00f3n de trabajo PN10 y PN16<br \/>\nFundici\u00f3n nodular GGG50<br \/>\nRevestimiento epoxi de 250\u03bcm de media<br \/>\nTorniller\u00eda inoxidable y juntas de goma EPDM aptas para agua potable<br \/>\nPara instalaci\u00f3n sobre tubos seg\u00fan normas:<br \/>\nPE: EN 12201 \/ ISO 3607 \/ ISO 14236 \/ DIN 8072 \/ DIN 8074 \/ UNI 10910<br \/>\nPP: ISO 3609 \/ DIN 8077 \/ UNI 8318<br \/>\nPVC: EN 1452-2<\/p>\n<table width=\"790\">\n<tbody>\n<tr>\n<td width=\"511\">COLLARIN PARA PVC\/PE DN 40 X 3\/4&#8243; PN16<\/td>\n<td width=\"279\">DN40 X 3\/4&#8243;<\/td>\n<\/tr>\n<tr>\n<td>COLLARIN PARA PVC\/PE DN 40 X 1&#8243; PN16<\/td>\n<td>DN40 X 1&#8243;<\/td>\n<\/tr>\n<tr>\n<td>COLLARIN PARA PVC\/PE DN 50 X 3\/4&#8243; PN16<\/td>\n<td>DN50 X 3\/4&#8243;<\/td>\n<\/tr>\n<tr>\n<td>COLLARIN PARA PVC\/PE DN 50 X 1&#8243; PN16<\/td>\n<td>DN50 X 1&#8243;<\/td>\n<\/tr>\n<tr>\n<td>COLLARIN PARA PVC\/PE DN 63 X 3\/4&#8243; PN16<\/td>\n<td>DN63 X 3\/4&#8243;<\/td>\n<\/tr>\n<tr>\n<td>COLLARIN PARA PVC\/PE DN 63 X 1&#8243; PN16<\/td>\n<td>DN63 X 1&#8243;<\/td>\n<\/tr>\n<tr>\n<td>COLLARIN PARA PVC\/PE DN 63X1 1\/4&#8243; PN16<\/td>\n<td>DN63 X 1 1\/4&#8243;<\/td>\n<\/tr>\n<tr>\n<td>COLLARIN PARA PVC\/PE DN 63X1 1\/2&#8243; PN16<\/td>\n<td>DN63 X 1 1\/2&#8243;<\/td>\n<\/tr>\n<tr>\n<td>COLLARIN PARA PVC\/PE DN 63 X 2&#8243; PN16<\/td>\n<td>DN63 X 2&#8243;<\/td>\n<\/tr>\n<tr>\n<td>COLLARIN PARA PVC\/PE DN 75 X 3\/4&#8243; PN16<\/td>\n<td>DN75 X 3\/4&#8243;<\/td>\n<\/tr>\n<tr>\n<td>COLLARIN PARA PVC\/PE DN 75 X 1&#8243; PN16<\/td>\n<td>DN75 X 1&#8243;<\/td>\n<\/tr>\n<tr>\n<td>COLLARIN PARA PVC\/PE DN 75X1 1\/4&#8243; PN16<\/td>\n<td>DN75 X 1 1\/4&#8243;<\/td>\n<\/tr>\n<tr>\n<td>COLLARIN PARA PVC\/PE DN 75X1 1\/2&#8243; PN16<\/td>\n<td>DN75 X 1 1\/2&#8243;<\/td>\n<\/tr>\n<tr>\n<td>COLLARIN PARA PVC\/PE DN 75 X 2&#8243; PN16<\/td>\n<td>DN75 X 2&#8243;<\/td>\n<\/tr>\n<tr>\n<td>COLLARIN PARA PVC\/PE DN 90 X 3\/4&#8243; PN16<\/td>\n<td>DN90 X 3\/4&#8243;<\/td>\n<\/tr>\n<tr>\n<td>COLLARIN PARA PVC\/PE DN 90 X 1&#8243; PN16<\/td>\n<td>DN90 X 1&#8243;<\/td>\n<\/tr>\n<tr>\n<td>COLLARIN PARA PVC\/PE DN 90X1 1\/4&#8243; PN16<\/td>\n<td>DN90 X 1 1\/4&#8243;<\/td>\n<\/tr>\n<tr>\n<td>COLLARIN PARA PVC\/PE DN 90X1 1\/2&#8243; PN16<\/td>\n<td>DN90 X 1 1\/2&#8243;<\/td>\n<\/tr>\n<tr>\n<td>COLLARIN PARA PVC\/PE DN 90 X 2&#8243; PN16<\/td>\n<td>DN90 X 2&#8243;<\/td>\n<\/tr>\n<tr>\n<td>COLLARIN PARA PVC\/PE DN 110 X 3\/4&#8243; PN16<\/td>\n<td>DN110 X 3\/4&#8243;<\/td>\n<\/tr>\n<tr>\n<td>COLLARIN PARA PVC\/PE DN 110 X 1&#8243; PN16<\/td>\n<td>DN110 X 1&#8243;<\/td>\n<\/tr>\n<tr>\n<td>COLLARIN PARA PVC\/PE DN 110X1 1\/4&#8243; PN16<\/td>\n<td>DN110 X 1 1\/4&#8243;<\/td>\n<\/tr>\n<tr>\n<td>COLLARIN PARA PVC\/PE DN 110X1 1\/2&#8243; PN16<\/td>\n<td>DN110 X 1 1\/2&#8243;<\/td>\n<\/tr>\n<tr>\n<td>COLLARIN PARA PVC\/PE DN 110 X 2&#8243; PN16<\/td>\n<td>DN110 X 2&#8243;<\/td>\n<\/tr>\n<tr>\n<td>COLLARIN PARA PVC\/PE DN 125 X 3\/4&#8243; PN16<\/td>\n<td>DN 125 X 3\/4&#8243;<\/td>\n<\/tr>\n<tr>\n<td>COLLARIN PARA PVC\/PE DN 125 X 1&#8243; PN16<\/td>\n<td>DN 125 X 1&#8243;<\/td>\n<\/tr>\n<tr>\n<td>COLLARIN PARA PVC\/PE DN 125 X1 1\/4&#8243; PN16<\/td>\n<td>DN 125 X 1 1\/4&#8243;<\/td>\n<\/tr>\n<tr>\n<td>COLLARIN PARA PVC\/PE DN 125X1 1\/2&#8243; PN16<\/td>\n<td>DN 125 X 1 1\/2&#8243;<\/td>\n<\/tr>\n<tr>\n<td>COLLARIN PARA PVC\/PE DN 125 X 2&#8243; PN16<\/td>\n<td>DN 125 X 2&#8243;<\/td>\n<\/tr>\n<tr>\n<td>COLLARIN PARA PVC\/PE DN 140 X 3\/4&#8243; PN16<\/td>\n<td>DN 140 X 3\/4&#8243;<\/td>\n<\/tr>\n<tr>\n<td>COLLARIN PARA PVC\/PE DN 140 X 1&#8243; PN16<\/td>\n<td>DN 140 X 1&#8243;<\/td>\n<\/tr>\n<tr>\n<td>COLLARIN PARA PVC\/PE DN 140X1 1\/2&#8243; PN16<\/td>\n<td>DN 140 X 1 1\/2&#8243;<\/td>\n<\/tr>\n<tr>\n<td>COLLARIN PARA PVC\/PE DN 140 X 2&#8243; PN16<\/td>\n<td>DN 140 X 2&#8243;<\/td>\n<\/tr>\n<tr>\n<td>COLLARIN PARA PVC\/PE DN 160 X 3\/4&#8243; PN16<\/td>\n<td>DN 160 X\u00a0 3\/4&#8243;<\/td>\n<\/tr>\n<tr>\n<td>COLLARIN PARA PVC\/PE DN 160 X 1&#8243; PN16<\/td>\n<td>DN 160 X 1&#8243;<\/td>\n<\/tr>\n<tr>\n<td>COLLARIN PARA PVC\/PE DN 160X1 1\/4&#8243; PN16<\/td>\n<td>DN 160 X 1 1\/4&#8243;<\/td>\n<\/tr>\n<tr>\n<td>COLLARIN PARA PVC\/PE DN 160X1 1\/2&#8243; PN16<\/td>\n<td>DN 160 X 1 1\/2&#8243;<\/td>\n<\/tr>\n<tr>\n<td>COLLARIN PARA PVC\/PE DN 160 X 2&#8243; PN16<\/td>\n<td>DN 160 X 2&#8243;<\/td>\n<\/tr>\n<tr>\n<td>COLLARIN PARA PVC\/PE DN 160X2 1\/2&#8243; PN16<\/td>\n<td>DN 160 X 2 1\/2&#8243;<\/td>\n<\/tr>\n<tr>\n<td>COLLARIN PARA PVC\/PE DN 200 X 3\/4&#8243; PN16<\/td>\n<td>DN 200 X 3\/4&#8243;<\/td>\n<\/tr>\n<tr>\n<td>COLLARIN PARA PVC\/PE DN 200 X 1&#8243; PN16<\/td>\n<td>DN 200 X 1&#8243;<\/td>\n<\/tr>\n<tr>\n<td>COLLARIN PARA PVC\/PE DN 200X1 1\/4&#8243; PN16<\/td>\n<td>DN 200 X 1 1\/4&#8243;<\/td>\n<\/tr>\n<tr>\n<td>COLLARIN PARA PVC\/PE DN 200X1 1\/2&#8243; PN16<\/td>\n<td>DN 200 X 1 1\/2&#8243;<\/td>\n<\/tr>\n<tr>\n<td>COLLARIN PARA PVC\/PE DN 200 X 2&#8243; PN16<\/td>\n<td>DN 200 X 2&#8243;<\/td>\n<\/tr>\n<tr>\n<td>COLLARIN PARA PVC\/PE DN 200X2 1\/2&#8243; PN16<\/td>\n<td>DN 200 X 2 1\/2&#8243;<\/td>\n<\/tr>\n<tr>\n<td>COLLARIN PARA PVC\/PE DN 200 X 3&#8243; PN16<\/td>\n<td>DN 200 X 3&#8243;<\/td>\n<\/tr>\n<tr>\n<td>COLLARIN PARA PVC\/PE DN 250 X 3\/4&#8243; PN16<\/td>\n<td>DN 250 X 3\/4&#8243;<\/td>\n<\/tr>\n<tr>\n<td>COLLARIN PARA PVC\/PE DN 250 X 1&#8243; PN16<\/td>\n<td>DN 250 X 1&#8243;<\/td>\n<\/tr>\n<tr>\n<td>COLLARIN PARA PVC\/PE DN 250X1 1\/4&#8243; PN16<\/td>\n<td>DN 250 X 1 1\/4&#8243;<\/td>\n<\/tr>\n<tr>\n<td>COLLARIN PARA PVC\/PE DN 250X1 1\/2&#8243; PN16<\/td>\n<td>DN 250 X 1 1\/2&#8243;<\/td>\n<\/tr>\n<tr>\n<td>COLLARIN PARA PVC\/PE DN 250 X 2&#8243; PN16<\/td>\n<td>DN 250 X 2&#8243;<\/td>\n<\/tr>\n<tr>\n<td>COLLARIN PARA PVC\/PE DN 250X2 1\/2&#8243; PN16 (SR)<\/td>\n<td>DN 250 X 2 1\/2&#8243;<\/td>\n<\/tr>\n<tr>\n<td>COLLARIN PARA PVC\/PE DN 250 X 3&#8243; PN16<\/td>\n<td>DN 250 X 3&#8243;<\/td>\n<\/tr>\n<tr>\n<td>COLLARIN PARA PVC\/PE DN 315 X 3\/4&#8243; PN16<\/td>\n<td>DN 315 X 3\/4&#8243;<\/td>\n<\/tr>\n<tr>\n<td>COLLARIN PARA PVC\/PE DN 315 X 1&#8243; PN16<\/td>\n<td>DN 315 X 1&#8243;<\/td>\n<\/tr>\n<tr>\n<td>COLLARIN PARA PVC\/PE DN 315 X 1 1\/4&#8243; PN16<\/td>\n<td>DN315 X 1 1\/4&#8243;<\/td>\n<\/tr>\n<tr>\n<td>COLLARIN PARA PVC\/PE DN 315X1 1\/2&#8243; PN16<\/td>\n<td>DN 315 X 1 1\/2&#8243;<\/td>\n<\/tr>\n<tr>\n<td>COLLARIN PARA PVC\/PE DN 315 X 2&#8243; PN16<\/td>\n<td>DN 315 X 2&#8243;<\/td>\n<\/tr>\n<tr>\n<td>COLLARIN PARA PVC\/PE DN 315X2 1\/2&#8243; PN16 (SR)<\/td>\n<td>DN 315 X 2 1\/2&#8243;<\/td>\n<\/tr>\n<tr>\n<td>COLLARIN PARA PVC\/PE DN 315 X 3&#8243; PN16<\/td>\n<td>DN 315 X 3&#8243;<\/td>\n<\/tr>\n<\/tbody>\n<\/table>\n<p><span class=\"fontstyle0\">\u00a0<\/span><\/p>","protected":false},"excerpt":{"rendered":"<p>\u30b5\u30c9\u30eb\u30af\u30e9\u30f3\u30d7\u306f\u3001\u30d1\u30a4\u30d7\u3084\u30c1\u30e5\u30fc\u30d6\u3092\u56fa\u5b9a\u3059\u308b\u305f\u3081\u306b\u4f7f\u7528\u3055\u308c\u308b\u6c4e\u7528\u6027\u306e\u9ad8\u3044\u7de0\u7d50\u88c5\u7f6e\u3067\u3059\u3002\u3053\u308c\u3089\u306e\u30af\u30e9\u30f3\u30d7\u306f\u3001\u30d1\u30a4\u30d7\u3001\u30de\u30d5\u30e9\u30fc\u3001\u305d\u306e\u4ed6\u306e\u90e8\u54c1\u306b\u5b89\u5b9a\u6027\u3001\u30b5\u30dd\u30fc\u30c8\u3001\u305d\u3057\u3066\u78ba\u5b9f\u306a\u53d6\u308a\u4ed8\u3051\u30dd\u30a4\u30f3\u30c8\u3092\u63d0\u4f9b\u3057\u307e\u3059\u3002\u7523\u696d\u7528\u9014\u3084\u6392\u6c17\u30b7\u30b9\u30c6\u30e0\u306a\u3069\u3001\u30b5\u30c9\u30eb\u30af\u30e9\u30f3\u30d7\u306f\u69cb\u9020\u306e\u5b8c\u5168\u6027\u3092\u7dad\u6301\u3059\u308b\u4e0a\u3067\u91cd\u8981\u306a\u5f79\u5272\u3092\u679c\u305f\u3057\u307e\u3059\u3002<\/p>","protected":false},"featured_media":3011,"template":"","meta":[],"product_brand":[],"product_cat":[37,172],"product_tag":[],"class_list":{"0":"post-2815","1":"product","2":"type-product","3":"status-publish","4":"has-post-thumbnail","6":"product_cat-pipe-joints","7":"product_cat-saddle-clamp","9":"first","10":"instock","11":"shipping-taxable","12":"product-type-simple"},"aioseo_notices":[],"_links":{"self":[{"href":"https:\/\/www.okval.com\/ja\/wp-json\/wp\/v2\/product\/2815","targetHints":{"allow":["GET"]}}],"collection":[{"href":"https:\/\/www.okval.com\/ja\/wp-json\/wp\/v2\/product"}],"about":[{"href":"https:\/\/www.okval.com\/ja\/wp-json\/wp\/v2\/types\/product"}],"wp:featuredmedia":[{"embeddable":true,"href":"https:\/\/www.okval.com\/ja\/wp-json\/wp\/v2\/media\/3011"}],"wp:attachment":[{"href":"https:\/\/www.okval.com\/ja\/wp-json\/wp\/v2\/media?parent=2815"}],"wp:term":[{"taxonomy":"product_brand","embeddable":true,"href":"https:\/\/www.okval.com\/ja\/wp-json\/wp\/v2\/product_brand?post=2815"},{"taxonomy":"product_cat","embeddable":true,"href":"https:\/\/www.okval.com\/ja\/wp-json\/wp\/v2\/product_cat?post=2815"},{"taxonomy":"product_tag","embeddable":true,"href":"https:\/\/www.okval.com\/ja\/wp-json\/wp\/v2\/product_tag?post=2815"}],"curies":[{"name":"wp","href":"https:\/\/api.w.org\/{rel}","templated":true}]}}