{"id":2591,"date":"2024-03-28T21:29:49","date_gmt":"2024-03-28T13:29:49","guid":{"rendered":"https:\/\/www.okval.com\/?post_type=product&#038;p=2591"},"modified":"2024-06-19T14:37:33","modified_gmt":"2024-06-19T06:37:33","slug":"%e3%83%95%e3%83%83%e3%83%88%e3%83%81%e3%82%a7%e3%83%83%e3%82%af%e3%83%90%e3%83%ab%e3%83%96","status":"publish","type":"product","link":"https:\/\/www.okval.com\/ja\/%e3%83%95%e3%83%83%e3%83%88%e3%83%90%e3%83%ab%e3%83%96-html","title":{"rendered":"\u30d5\u30c3\u30c8\u30d0\u30eb\u30d6"},"content":{"rendered":"<p>&nbsp;<\/p>\n<p>\u30d5\u30c3\u30c8\u30d0\u30eb\u30d6 OKVAL<br \/>\n\u30d5\u30c3\u30c8\u30c1\u30a7\u30c3\u30af\u30d0\u30eb\u30d6<br \/>\n\u30dd\u30f3\u30d7\u30a2\u30af\u30bb\u30b5\u30ea\u30fc<br \/>\n\u5727\u529b\u5b9a\u683c: PN16 \/ PN10<br \/>\n\u4f5c\u52d5\u5a92\u4f53: \u6c34<br \/>\n\u52d5\u4f5c\u6e29\u5ea6\uff1aEPDM\u306e\u5834\u5408-20\u2103\uff5e80\u2103<br \/>\n\u30b9\u30c6\u30f3\u30ec\u30b9\u30b9\u30c1\u30fc\u30eb\u30b9\u30af\u30ea\u30fc\u30f3<br \/>\nBS 4504 \/ BS EN1092 \u6e96\u62e0\u30d5\u30e9\u30f3\u30b8<\/p>\n<p>V\u00e1lvula de retenci\u00f3n pie<br \/>\n#Bombas<br \/>\n\u6700\u9ad8\u306e\u30c7\u30a3\u30b9\u30b3 GJS 500-7\u3002<br \/>\nCollar\u00edn en laton forjado BS2874 CA104\u3002<br \/>\n\u30a8\u30b8\u30a7\u30a2\u30f3\u30a2\u30bb\u30ed\u4e0d\u9178\u5316BS970\u3002<br \/>\nEPDM EN 681-1 \u306b\u9069\u5408\u3057\u307e\u3059\u3002<br \/>\n\u30d5\u30a3\u30eb\u30bf\u30fc \u30a2\u30f3 \u30a2\u30bb\u30ed \u8010\u9178\u5316\u6027 SS431\u3002<\/p>\n<p>\u30af\u30ec\u30da\u30c3\u30c8\u30fb\u30c9\u30fb\u30d4\u30a8\u30fb\u30af\u30ec\u30d1\u30f3<\/p>\n<p>\u30e9\u30b3\u30fc\u30c9\u30e1\u30f3\u30c8\u30fb\u30a2\u30fb\u30d6\u30e9\u30a4\u30c9 PN10 \u30d1\u30fc\u30d5\u30a9\u30ec\u3001\u30e9\u30b3\u30fc\u30c9\u30fb\u30c9\u30fb\u30b3\u30f3\u30b8\u30c3\u30c8\u3092\u6ce8\u3050<br \/>\n\u30d5\u30a3\u30eb\u30bf\u30fc\u306e\u7a7f\u5b54\u5f84<br \/>\nFaible resistance d&#039;admission gr\u00e2ce uneConfigorisant l&#039;\u00e9coulement<br \/>\n\u30d5\u30a9\u30f3\u30c6\u30e0\u30ec\/\u30ab\u30a6\u30b7\u30e5\u30af\u30fb\u30a2\u30fb\u30b8\u30e7\u30a4\u30f3\u30c8\u30b9\u30fc\u30d7\u30eb<br \/>\n\u82b1\u5ac1\u30bb\u30ed\u30f3 EN 1092-2<br \/>\nCorps fonte EN GJL-250 rev\u00eatu \u30a8\u30dd\u30ad\u30b7 (Sauf DN 500 : EN-GJS-400)\u3002<br \/>\nRessort en acier inoxydable.<br \/>\nCr\u00e9pine en acier galvanis\u00e9.<img decoding=\"async\" class=\"alignnone size-full wp-image-2880\" src=\"https:\/\/www.okval.com\/wp-content\/uploads\/2024\/03\/FOOT-VALVE-S1-1.jpg\" alt=\"\u30d5\u30c3\u30c8\u30d0\u30eb\u30d6 OKVAL \u30d5\u30c3\u30c8\u30c1\u30a7\u30c3\u30af\u30d0\u30eb\u30d6 \u30dd\u30f3\u30d7\u4ed8\u5c5e\u54c1 \u5b9a\u683c\u5727\u529b: PN16 \/ PN10 \u4f5c\u52d5\u5a92\u4f53: \u6c34 \u4f5c\u52d5\u6e29\u5ea6: EPDM \u7528 -20\u02daC...80\u02daC BS 4504 \/ BS EN1092 \u306b\u30d5\u30e9\u30f3\u30b8\u4ed8\u304d\u306e\u30b9\u30c6\u30f3\u30ec\u30b9\u92fc\u30b9\u30af\u30ea\u30fc\u30f3 \u30d0\u30eb\u30d6\u4fdd\u6301\u30d1\u30a4 #Bombas Disco en hierro d\u00factil GJS 500-7\u3002 Collar\u00edn en laton forjado BS2874 CA104\u3002\u30a8\u30b8\u30a7\u30a2\u30f3\u30a2\u30bb\u30ed\u4e0d\u9178\u5316BS970\u3002 EPDM EN 681-1 \u306b\u6e96\u62e0\u3057\u307e\u3059\u3002\u30d5\u30a3\u30eb\u30bf\u30fc \u30a2\u30f3 \u30a2\u30bb\u30ed \u8010\u9178\u5316\u6027 SS431\u3002 CLAPE DE PIED CR\u00c9PINE Raccordement \u00e0 Brides PN10 perfor\u00e9, pour raccord de conduite Grand diam\u00e8tre de la perforation de filtre Faible r\u00e9sistance d&#039;admission gr\u00e2ce uneconfiguration Favorite l&#039;\u00e9coulement Fonte moul\u00e9e\/caoutchouc \u00e0 Joint Souple Brides selon EN 1092-2 Corps fonte EN GJL-250 rev\u00eatu \u30a8\u30dd\u30ad\u30b7 (Sauf DN 500 : EN-GJS-400)\u3002\u30ea\u30be\u30fc\u30c8\u30a2\u30f3\u30b7\u30a8\u4e0d\u9178\u5316\u3002\u30af\u30ec\u30d4\u30fc\u30cc \u30a2\u30f3 \u30a2\u30b7\u30a8 \u30ac\u30eb\u30d0\u30cb\u30bc\u3002\" \/><\/p>\n<p>&nbsp;<\/p>","protected":false},"excerpt":{"rendered":"<p>\u30d5\u30c3\u30c8\u30d0\u30eb\u30d6\u306f\u3001\u5916\u90e8\u6c34\u6e90\u304b\u3089\u306e\u5438\u5f15\u30e9\u30a4\u30f3\u306e\u672b\u7aef\u3067\u4f7f\u7528\u3055\u308c\u3001\u5185\u8535\u306e\u9006\u6b62\u5f01\u306b\u3088\u308a\u30dd\u30f3\u30d7\u3092\u5e38\u306b\u30d7\u30e9\u30a4\u30df\u30f3\u30b0\u72b6\u614b\u306b\u4fdd\u3061\u3001\u30b9\u30c8\u30ec\u30fc\u30ca\u30fc\u3084\u30d5\u30a3\u30eb\u30bf\u30fc\u3092\u4f7f\u7528\u3057\u3066\u3001\u4e0d\u8981\u306a\u30b9\u30e9\u30c3\u30b8\u3001\u7834\u7247\u3001\u8449\u3001\u307e\u305f\u306f\u751f\u7269\u7269\u8cea\u304c\u30e9\u30a4\u30f3\u3092\u901a\u3058\u3066\u30dd\u30f3\u30d7\u306b\u5165\u308b\u306e\u3092\u9632\u304e\u307e\u3059\u3002<\/p>","protected":false},"featured_media":2879,"template":"","meta":[],"product_brand":[],"product_cat":[159,187],"product_tag":[269],"class_list":{"0":"post-2591","1":"product","2":"type-product","3":"status-publish","4":"has-post-thumbnail","6":"product_cat-valves","7":"product_cat-foot-valve","8":"product_tag-foot-valvefoot-check-valvepump-accessoriesvalvula-de-retencion-pie","10":"first","11":"instock","12":"shipping-taxable","13":"product-type-simple"},"aioseo_notices":[],"_links":{"self":[{"href":"https:\/\/www.okval.com\/ja\/wp-json\/wp\/v2\/product\/2591","targetHints":{"allow":["GET"]}}],"collection":[{"href":"https:\/\/www.okval.com\/ja\/wp-json\/wp\/v2\/product"}],"about":[{"href":"https:\/\/www.okval.com\/ja\/wp-json\/wp\/v2\/types\/product"}],"wp:featuredmedia":[{"embeddable":true,"href":"https:\/\/www.okval.com\/ja\/wp-json\/wp\/v2\/media\/2879"}],"wp:attachment":[{"href":"https:\/\/www.okval.com\/ja\/wp-json\/wp\/v2\/media?parent=2591"}],"wp:term":[{"taxonomy":"product_brand","embeddable":true,"href":"https:\/\/www.okval.com\/ja\/wp-json\/wp\/v2\/product_brand?post=2591"},{"taxonomy":"product_cat","embeddable":true,"href":"https:\/\/www.okval.com\/ja\/wp-json\/wp\/v2\/product_cat?post=2591"},{"taxonomy":"product_tag","embeddable":true,"href":"https:\/\/www.okval.com\/ja\/wp-json\/wp\/v2\/product_tag?post=2591"}],"curies":[{"name":"wp","href":"https:\/\/api.w.org\/{rel}","templated":true}]}}