{"id":2891,"date":"2024-06-28T22:17:55","date_gmt":"2024-06-28T14:17:55","guid":{"rendered":"https:\/\/www.okval.com\/?post_type=product&#038;p=2891"},"modified":"2024-07-03T18:38:58","modified_gmt":"2024-07-03T10:38:58","slug":"vanne-a-boisseau-excentrique-extremites-flxfl-extremites-mjxmj","status":"publish","type":"product","link":"https:\/\/www.okval.com\/fr\/produit\/vanne-a-boisseau-excentrique-extremites-flxfl-extremites-mjxmj","title":{"rendered":"Vanne \u00e0 boisseau excentrique extr\u00e9mit\u00e9s FLxFL et extr\u00e9mit\u00e9s MJxMJ"},"content":{"rendered":"<p><strong>Fonctionnalit\u00e9:<\/strong><\/p>\n<p>zone d&#039;assise avec rev\u00eatement soud\u00e9 minimum nickel 95%.<\/p>\n<p>arbre scell\u00e9 par un type d&#039;anneau en V multiple.<\/p>\n<p>bouchon rond enti\u00e8rement recouvert de caoutchouc jusqu&#039;\u00e0 12&quot;, les bouchons de 14&quot; \u00e0 24&quot; ont une surface cylindrique scell\u00e9e en caoutchouc.<\/p>\n<p>\u00e0 brides et per\u00e7ages conformes \u00e0 la norme EN 1092-2 PN10\/16, ANSI B16.1 Classe 125.<\/p>\n<p>joint m\u00e9canique conforme \u00e0 la norme AWWA\/ANSI C153.<\/p>\n<p>pression de service 16 bars\/250 psi.<\/p>\n<p><strong>Sp\u00e9cifications mat\u00e9rielles :<\/strong><\/p>\n<table width=\"469\">\n<tbody>\n<tr>\n<td width=\"86\">Partie<\/td>\n<td width=\"173\">Mat\u00e9riel<\/td>\n<td width=\"210\">Sp\u00e9cification ASTM<\/td>\n<\/tr>\n<tr>\n<td width=\"86\">Corps<\/td>\n<td width=\"173\">Fonte Ductile<\/td>\n<td width=\"210\">A536 Niveau 65-45-12<\/td>\n<\/tr>\n<tr>\n<td width=\"86\">Prise<\/td>\n<td colspan=\"2\" width=\"383\">Fonte ductile encapsul\u00e9e EPDM<\/td>\n<\/tr>\n<tr>\n<td width=\"86\">Bonnet<\/td>\n<td width=\"173\">Fonte Ductile<\/td>\n<td width=\"210\">A536 Niveau 65-45-12<\/td>\n<\/tr>\n<tr>\n<td width=\"86\">Bague d&#039;arbre<\/td>\n<td width=\"173\">Acier inoxydable<\/td>\n<td width=\"210\">A276 Type 316<\/td>\n<\/tr>\n<tr>\n<td width=\"86\">Rondelle de but\u00e9e<\/td>\n<td colspan=\"2\" width=\"383\">PTFE<\/td>\n<\/tr>\n<tr>\n<td width=\"86\">Joint<\/td>\n<td width=\"173\">Caoutchouc<\/td>\n<td width=\"210\">02000 NBR<\/td>\n<\/tr>\n<tr>\n<td width=\"86\">Emballage en V<\/td>\n<td width=\"173\">Caoutchouc<\/td>\n<td width=\"210\">02000 NBR<\/td>\n<\/tr>\n<tr>\n<td width=\"86\">Presse-\u00e9toupe<\/td>\n<td width=\"173\">Acier Carbone<\/td>\n<td width=\"210\">A29 1045<\/td>\n<\/tr>\n<\/tbody>\n<\/table>","protected":false},"excerpt":{"rendered":"<p><b>Un style de vanne de r\u00e9gulation rotative avec un \u00e9l\u00e9ment limitant le d\u00e9bit en forme de bouchon qui suit une trajectoire excentrique lors de sa rotation<\/b>. La fiche n&#039;a aucun contact avec son si\u00e8ge jusqu&#039;\u00e0 ce qu&#039;elle tourne \u00e0 quelques degr\u00e9s de la position d&#039;arr\u00eat.<\/p>","protected":false},"featured_media":2893,"template":"","meta":[],"product_brand":[],"product_cat":[159,270],"product_tag":[271],"class_list":{"0":"post-2891","1":"product","2":"type-product","3":"status-publish","4":"has-post-thumbnail","6":"product_cat-valves","7":"product_cat-eccentric-plug-valve","8":"product_tag-eccentric-plug-valve","10":"first","11":"instock","12":"shipping-taxable","13":"product-type-simple"},"aioseo_notices":[],"_links":{"self":[{"href":"https:\/\/www.okval.com\/fr\/wp-json\/wp\/v2\/product\/2891","targetHints":{"allow":["GET"]}}],"collection":[{"href":"https:\/\/www.okval.com\/fr\/wp-json\/wp\/v2\/product"}],"about":[{"href":"https:\/\/www.okval.com\/fr\/wp-json\/wp\/v2\/types\/product"}],"wp:featuredmedia":[{"embeddable":true,"href":"https:\/\/www.okval.com\/fr\/wp-json\/wp\/v2\/media\/2893"}],"wp:attachment":[{"href":"https:\/\/www.okval.com\/fr\/wp-json\/wp\/v2\/media?parent=2891"}],"wp:term":[{"taxonomy":"product_brand","embeddable":true,"href":"https:\/\/www.okval.com\/fr\/wp-json\/wp\/v2\/product_brand?post=2891"},{"taxonomy":"product_cat","embeddable":true,"href":"https:\/\/www.okval.com\/fr\/wp-json\/wp\/v2\/product_cat?post=2891"},{"taxonomy":"product_tag","embeddable":true,"href":"https:\/\/www.okval.com\/fr\/wp-json\/wp\/v2\/product_tag?post=2891"}],"curies":[{"name":"wp","href":"https:\/\/api.w.org\/{rel}","templated":true}]}}