{"id":2857,"date":"2024-04-15T09:18:36","date_gmt":"2024-04-15T01:18:36","guid":{"rendered":"https:\/\/www.okval.com\/?post_type=product&#038;p=2857"},"modified":"2024-04-15T09:20:36","modified_gmt":"2024-04-15T01:20:36","slug":"pince-de-reparation-de-joints-de-cloche","status":"publish","type":"product","link":"https:\/\/www.okval.com\/fr\/pince-de-reparation-pour-joints-de-cloche-html","title":{"rendered":"Pince de r\u00e9paration pour joints de cloche"},"content":{"rendered":"<p>Bride : fonte ductile EN-GJS-500-7 EN1092 EN545<br \/>\nJoint :EPDM-NBR<br \/>\nBoulonnerie, \u00e9crous : Inox, douille Dacromet<br \/>\nRev\u00eatement \u00e9poxy RAL5015, \u00e9paisseur minimum 250 \u03bcm DIN30677<br \/>\nPression normale PN10 Test : EN 12266-1<br \/>\nTemp\u00e9rature maximale -10\u00b0C \u00e0 +70\u00b0C\u00a0;<br \/>\nConvient pour l&#039;eau portable, les liquides neutres et les eaux us\u00e9es<\/p>\n<table width=\"600\">\n<tbody>\n<tr>\n<td width=\"99\">DN<\/td>\n<td width=\"279\">GAMME<\/td>\n<td width=\"222\">Poids<\/td>\n<\/tr>\n<tr>\n<td width=\"99\">50<\/td>\n<td width=\"279\">62-68<\/td>\n<td width=\"222\">3.3<\/td>\n<\/tr>\n<tr>\n<td width=\"99\">65<\/td>\n<td width=\"279\">75-84<\/td>\n<td width=\"222\">4.3<\/td>\n<\/tr>\n<tr>\n<td width=\"99\">80<\/td>\n<td width=\"279\">94-100<\/td>\n<td width=\"222\">8.5<\/td>\n<\/tr>\n<tr>\n<td width=\"99\">100<\/td>\n<td width=\"279\">114-120<\/td>\n<td width=\"222\">9.1<\/td>\n<\/tr>\n<tr>\n<td width=\"99\">150<\/td>\n<td width=\"279\">166-173<\/td>\n<td width=\"222\">11.25<\/td>\n<\/tr>\n<tr>\n<td width=\"99\">200<\/td>\n<td width=\"279\">217-224<\/td>\n<td width=\"222\">13.45<\/td>\n<\/tr>\n<tr>\n<td width=\"99\">250<\/td>\n<td width=\"279\">270-276<\/td>\n<td width=\"222\">18.2<\/td>\n<\/tr>\n<tr>\n<td width=\"99\">300<\/td>\n<td width=\"279\">321-328<\/td>\n<td width=\"222\">19.6<\/td>\n<\/tr>\n<tr>\n<td width=\"99\">350<\/td>\n<td width=\"279\">373-380<\/td>\n<td width=\"222\">26.95<\/td>\n<\/tr>\n<tr>\n<td width=\"99\">400<\/td>\n<td width=\"279\">424-431<\/td>\n<td width=\"222\">30.35<\/td>\n<\/tr>\n<tr>\n<td width=\"99\">500<\/td>\n<td width=\"279\">527-534<\/td>\n<td width=\"222\">37.2<\/td>\n<\/tr>\n<tr>\n<td width=\"99\">600<\/td>\n<td width=\"279\">630-638<\/td>\n<td width=\"222\">50<\/td>\n<\/tr>\n<\/tbody>\n<\/table>","protected":false},"excerpt":{"rendered":"<p>Les colliers de serrage OKVAL Bell Joint Repair ont \u00e9t\u00e9 d\u00e9velopp\u00e9s pour r\u00e9parer les colliers. Il fournit une pince de r\u00e9paration de joint de cloche r\u00e9glable et efficace, pour une r\u00e9paration permanente des joints de robinet et de douille qui fuient. Pince de r\u00e9paration de robinet Une fois install\u00e9, le joint renforce le joint du robinet et du joint de douille. Les joints de cloche r\u00e9parent la pince de fuite R\u00e9parez le joint sous pression, \u00e9liminez la r\u00e9paration de coupe ouverte, encapsulation de cloche \u00e0 manchon rapide. Comp\u00e9titif avec les produits utilis\u00e9s pour une r\u00e9paration de coupe ouverte.<br \/>\nRaccordement ou r\u00e9paration de fuites sur les manchons et les joints \u00e0 embo\u00eetement sur les tuyaux en fonte ductile, r\u00e9paration des fuites sur les joints des tuyaux en autre mat\u00e9riau (A\/C, fibre de verre, acier, plastique)<\/p>\n<p>&nbsp;<\/p>\n<p>&nbsp;<\/p>","protected":false},"featured_media":2858,"template":"","meta":[],"product_brand":[],"product_cat":[157],"product_tag":[266,267],"class_list":{"0":"post-2857","1":"product","2":"type-product","3":"status-publish","4":"has-post-thumbnail","6":"product_cat-repair-clamp","7":"product_tag-bell-joints-repair-clamp","8":"product_tag-spigot-repair-clamp","10":"first","11":"instock","12":"shipping-taxable","13":"product-type-simple"},"aioseo_notices":[],"_links":{"self":[{"href":"https:\/\/www.okval.com\/fr\/wp-json\/wp\/v2\/product\/2857","targetHints":{"allow":["GET"]}}],"collection":[{"href":"https:\/\/www.okval.com\/fr\/wp-json\/wp\/v2\/product"}],"about":[{"href":"https:\/\/www.okval.com\/fr\/wp-json\/wp\/v2\/types\/product"}],"wp:featuredmedia":[{"embeddable":true,"href":"https:\/\/www.okval.com\/fr\/wp-json\/wp\/v2\/media\/2858"}],"wp:attachment":[{"href":"https:\/\/www.okval.com\/fr\/wp-json\/wp\/v2\/media?parent=2857"}],"wp:term":[{"taxonomy":"product_brand","embeddable":true,"href":"https:\/\/www.okval.com\/fr\/wp-json\/wp\/v2\/product_brand?post=2857"},{"taxonomy":"product_cat","embeddable":true,"href":"https:\/\/www.okval.com\/fr\/wp-json\/wp\/v2\/product_cat?post=2857"},{"taxonomy":"product_tag","embeddable":true,"href":"https:\/\/www.okval.com\/fr\/wp-json\/wp\/v2\/product_tag?post=2857"}],"curies":[{"name":"wp","href":"https:\/\/api.w.org\/{rel}","templated":true}]}}