{"id":2848,"date":"2024-04-13T17:06:01","date_gmt":"2024-04-13T09:06:01","guid":{"rendered":"https:\/\/www.okval.com\/?post_type=product&#038;p=2848"},"modified":"2024-04-13T17:06:02","modified_gmt":"2024-04-13T09:06:02","slug":"robinets-vannes-a-extremite-vissee","status":"publish","type":"product","link":"https:\/\/www.okval.com\/fr\/vannes-a-guillotine-a-extremite-vissee-html","title":{"rendered":"Robinets-vannes \u00e0 extr\u00e9mit\u00e9 viss\u00e9e"},"content":{"rendered":"<p><span class=\"fontstyle0\"><strong>Mat\u00e9riaux et caract\u00e9ristiques\u00a0:<br \/>\n<\/strong><\/span><\/p>\n<ul>\n<li>Conception DIN3352 partie 4<\/li>\n<li>Face \u00e0 face selon DIN3202 Filet\u00e9 : Filetage femelle ISO 228<\/li>\n<li>Pression normale\u00a0: 1,0\u00a0Mpa\/1,6\u00a0Mpa<\/li>\n<li>Milieu appropri\u00e9 : eau<\/li>\n<li>Temp\u00e9rature de fonctionnement\u00a0: NBR\u226480\u2103, EPDM\u2264120\u2103<\/li>\n<\/ul>\n<table class=\"NormalTable\">\n<tbody>\n<tr>\n<td width=\"92\"><span class=\"fontstyle0\">Num\u00e9ro d&#039;article. <\/span><\/td>\n<td width=\"123\"><span class=\"fontstyle0\">PARTIE <\/span><\/td>\n<td width=\"123\"><span class=\"fontstyle0\">MAT\u00c9RIEL<\/span><\/td>\n<\/tr>\n<tr>\n<td width=\"92\"><span class=\"fontstyle0\">1 <\/span><\/td>\n<td width=\"123\"><span class=\"fontstyle0\">CORPS <\/span><\/td>\n<td width=\"123\"><span class=\"fontstyle0\">GGG40\/GGG50<\/span><\/td>\n<\/tr>\n<tr>\n<td width=\"92\"><span class=\"fontstyle0\">2 <\/span><\/td>\n<td width=\"123\"><span class=\"fontstyle0\">COIN <\/span><\/td>\n<td width=\"123\"><span class=\"fontstyle0\">EPDM\/NBR<\/span><\/td>\n<\/tr>\n<tr>\n<td width=\"92\"><span class=\"fontstyle0\">3 <\/span><\/td>\n<td width=\"123\"><span class=\"fontstyle0\">NOYAU DE COIN <\/span><\/td>\n<td width=\"123\"><span class=\"fontstyle0\">59-1 LAITON<\/span><\/td>\n<\/tr>\n<tr>\n<td width=\"92\"><span class=\"fontstyle0\">4 <\/span><\/td>\n<td width=\"123\"><span class=\"fontstyle0\">TIGE <\/span><\/td>\n<td width=\"123\"><span class=\"fontstyle0\">2Cr13\/420\/304<\/span><\/td>\n<\/tr>\n<tr>\n<td width=\"92\"><span class=\"fontstyle0\">5 <\/span><\/td>\n<td width=\"123\"><span class=\"fontstyle0\">POUSS\u00c9E <\/span><\/td>\n<td width=\"123\"><span class=\"fontstyle0\">59-1 LAITON<\/span><\/td>\n<\/tr>\n<tr>\n<td width=\"92\"><span class=\"fontstyle0\">6 <\/span><\/td>\n<td width=\"123\"><span class=\"fontstyle0\">\u00c9CROU D&#039;\u00c9TANCH\u00c9IT\u00c9 <\/span><\/td>\n<td width=\"123\"><span class=\"fontstyle0\">59-1 LAITON<\/span><\/td>\n<\/tr>\n<\/tbody>\n<\/table>\n<p><strong><span class=\"fontstyle0\">\u00a0Dimensions (mm):<\/span><\/strong><\/p>\n<table class=\"NormalTable\" style=\"height: 194px;\" width=\"422\">\n<tbody>\n<tr>\n<td width=\"141\"><span class=\"fontstyle0\">DN <\/span><\/td>\n<td width=\"191\"><span class=\"fontstyle0\">L <\/span><\/td>\n<td width=\"190\"><span class=\"fontstyle0\">H <\/span><\/td>\n<td width=\"89\"><span class=\"fontstyle0\">g <\/span><\/td>\n<td width=\"145\"><span class=\"fontstyle0\">F <\/span><\/td>\n<td width=\"146\"><span class=\"fontstyle0\">POIDS (KG)<\/span><\/td>\n<\/tr>\n<tr>\n<td width=\"141\"><span class=\"fontstyle0\">20 <\/span><\/td>\n<td width=\"191\"><span class=\"fontstyle0\">122 <\/span><\/td>\n<td width=\"190\"><span class=\"fontstyle0\">175 <\/span><\/td>\n<td width=\"89\"><span class=\"fontstyle0\">0,75\u2033 <\/span><\/td>\n<td width=\"145\"><span class=\"fontstyle0\">26 <\/span><\/td>\n<td width=\"146\"><span class=\"fontstyle0\">3.6<\/span><\/td>\n<\/tr>\n<tr>\n<td width=\"141\"><span class=\"fontstyle0\">25 <\/span><\/td>\n<td width=\"191\"><span class=\"fontstyle0\">127 <\/span><\/td>\n<td width=\"190\"><span class=\"fontstyle0\">185 <\/span><\/td>\n<td width=\"89\"><span class=\"fontstyle2\">1&quot; <\/span><\/td>\n<td width=\"145\"><span class=\"fontstyle2\">26 <\/span><\/td>\n<td width=\"146\"><span class=\"fontstyle2\">4.1<\/span><\/td>\n<\/tr>\n<tr>\n<td width=\"141\"><span class=\"fontstyle0\">32 <\/span><\/td>\n<td width=\"191\"><span class=\"fontstyle0\">127 <\/span><\/td>\n<td width=\"190\"><span class=\"fontstyle0\">190 <\/span><\/td>\n<td width=\"89\"><span class=\"fontstyle0\">1,25\u2033 <\/span><\/td>\n<td width=\"145\"><span class=\"fontstyle0\">26 <\/span><\/td>\n<td width=\"146\"><span class=\"fontstyle0\">4.6<\/span><\/td>\n<\/tr>\n<tr>\n<td width=\"141\"><span class=\"fontstyle0\">40 <\/span><\/td>\n<td width=\"191\"><span class=\"fontstyle0\">154 <\/span><\/td>\n<td width=\"190\"><span class=\"fontstyle0\">235 <\/span><\/td>\n<td width=\"89\"><span class=\"fontstyle0\">1,5\u2033 <\/span><\/td>\n<td width=\"145\"><span class=\"fontstyle0\">27 <\/span><\/td>\n<td width=\"146\"><span class=\"fontstyle0\">5.2<\/span><\/td>\n<\/tr>\n<tr>\n<td width=\"141\"><span class=\"fontstyle0\">50 <\/span><\/td>\n<td width=\"191\"><span class=\"fontstyle0\">154 <\/span><\/td>\n<td width=\"190\"><span class=\"fontstyle0\">242 <\/span><\/td>\n<td width=\"89\"><span class=\"fontstyle0\">2\u2033 <\/span><\/td>\n<td width=\"145\"><span class=\"fontstyle0\">31 <\/span><\/td>\n<td width=\"146\"><span class=\"fontstyle0\">5.7<\/span><\/td>\n<\/tr>\n<\/tbody>\n<\/table>\n<p>&nbsp;<\/p>","protected":false},"excerpt":{"rendered":"<p>Materials and Features: Design DIN3352 Part 4 Face to face according to DIN3202 Threaded :ISO 228 female threaded Normal Pressure:1.0Mpa\/1.6Mpa<\/p>","protected":false},"featured_media":2849,"template":"","meta":[],"product_brand":[],"product_cat":[178,159],"product_tag":[237],"class_list":{"0":"post-2848","1":"product","2":"type-product","3":"status-publish","4":"has-post-thumbnail","6":"product_cat-gate-valve","7":"product_cat-valves","8":"product_tag-gate-valve","10":"first","11":"instock","12":"shipping-taxable","13":"product-type-simple"},"aioseo_notices":[],"_links":{"self":[{"href":"https:\/\/www.okval.com\/fr\/wp-json\/wp\/v2\/product\/2848","targetHints":{"allow":["GET"]}}],"collection":[{"href":"https:\/\/www.okval.com\/fr\/wp-json\/wp\/v2\/product"}],"about":[{"href":"https:\/\/www.okval.com\/fr\/wp-json\/wp\/v2\/types\/product"}],"wp:featuredmedia":[{"embeddable":true,"href":"https:\/\/www.okval.com\/fr\/wp-json\/wp\/v2\/media\/2849"}],"wp:attachment":[{"href":"https:\/\/www.okval.com\/fr\/wp-json\/wp\/v2\/media?parent=2848"}],"wp:term":[{"taxonomy":"product_brand","embeddable":true,"href":"https:\/\/www.okval.com\/fr\/wp-json\/wp\/v2\/product_brand?post=2848"},{"taxonomy":"product_cat","embeddable":true,"href":"https:\/\/www.okval.com\/fr\/wp-json\/wp\/v2\/product_cat?post=2848"},{"taxonomy":"product_tag","embeddable":true,"href":"https:\/\/www.okval.com\/fr\/wp-json\/wp\/v2\/product_tag?post=2848"}],"curies":[{"name":"wp","href":"https:\/\/api.w.org\/{rel}","templated":true}]}}