{"id":2844,"date":"2024-04-13T16:42:28","date_gmt":"2024-04-13T08:42:28","guid":{"rendered":"https:\/\/www.okval.com\/?post_type=product&#038;p=2844"},"modified":"2024-04-13T16:42:29","modified_gmt":"2024-04-13T08:42:29","slug":"vanne-dair-a-orifice-unique","status":"publish","type":"product","link":"https:\/\/www.okval.com\/fr\/vanne-dair-a-orifice-unique-html","title":{"rendered":"Vanne d&#039;air \u00e0 orifice unique"},"content":{"rendered":"<p><strong>Caract\u00e9ristiques:<\/strong><\/p>\n<ul>\n<li>Conception selon BS EN 1074-4:2000<\/li>\n<li>avec trous oblongs pour bride DN40\/50\/60\/65, EN1092-2 PN10\/16<\/li>\n<li>Test selon EN 12266-1:2012<\/li>\n<li>Pression de travail : 16 kg\/cm<sup>3<\/sup><\/li>\n<li>Pression d&#039;essai de coque: 25 kg\/cm<sup>3<\/sup><\/li>\n<li>Pression d&#039;essai du si\u00e8ge : 18 kg\/cm<sup>3<\/sup><\/li>\n<li>M\u00e9dias\u00a0: eau, huile neutre<\/li>\n<li>Rev\u00eatement externe et interne\u00a0: \u00e9poxy li\u00e9 par fusion 100%<\/li>\n<li>SS304, 316 boulons\/\u00e9crous\/rondelles sont disponibles sur demande<\/li>\n<\/ul>\n<p><strong>Mat\u00e9riaux:<\/strong><\/p>\n<table width=\"264\">\n<tbody>\n<tr>\n<td rowspan=\"2\" width=\"26\">Non..<\/td>\n<td rowspan=\"2\" width=\"67\">Nom de la pi\u00e8ce<\/td>\n<td rowspan=\"2\" width=\"65\">Mat\u00e9riel<\/td>\n<td colspan=\"2\" width=\"106\">Normes<\/td>\n<\/tr>\n<tr>\n<td colspan=\"2\" width=\"106\">Non.<\/td>\n<\/tr>\n<tr>\n<td width=\"26\">1<\/td>\n<td width=\"67\">Corps<\/td>\n<td width=\"65\">Fonte Ductile<\/td>\n<td width=\"64\">EN1563-GJS-450<\/td>\n<td width=\"42\">BS2789<\/td>\n<\/tr>\n<tr>\n<td width=\"26\">2<\/td>\n<td width=\"67\">Flotter<\/td>\n<td width=\"65\">abdos<\/td>\n<td width=\"64\"><\/td>\n<td width=\"42\"><\/td>\n<\/tr>\n<tr>\n<td width=\"26\">3<\/td>\n<td width=\"67\">Noix<\/td>\n<td width=\"65\">Acier Carbone<\/td>\n<td width=\"64\">EN ISO4032<\/td>\n<td width=\"42\">BS3692<\/td>\n<\/tr>\n<tr>\n<td width=\"26\">4<\/td>\n<td width=\"67\">Machine \u00e0 laver<\/td>\n<td width=\"65\">Acier Carbone<\/td>\n<td width=\"64\">EN ISO7089<\/td>\n<td width=\"42\">BS4320<\/td>\n<\/tr>\n<tr>\n<td width=\"26\">5<\/td>\n<td width=\"67\">Joint torique<\/td>\n<td width=\"65\">EPDM<\/td>\n<td width=\"64\">EN681-1<\/td>\n<td width=\"42\">BS2494<\/td>\n<\/tr>\n<tr>\n<td width=\"26\">6<\/td>\n<td width=\"67\">Couverture<\/td>\n<td width=\"65\">Fonte Ductile<\/td>\n<td width=\"64\">EN1563-GJS-450<\/td>\n<td width=\"42\">BS2789<\/td>\n<\/tr>\n<tr>\n<td width=\"26\">7<\/td>\n<td width=\"67\">Boulon hexagonal<\/td>\n<td width=\"65\">Acier Carbone<\/td>\n<td width=\"64\">EN ISO4017<\/td>\n<td width=\"42\">BS3692<\/td>\n<\/tr>\n<tr>\n<td width=\"26\">8<\/td>\n<td width=\"67\">Vis de r\u00e9glage<\/td>\n<td width=\"65\">Acier inoxydable<\/td>\n<td width=\"64\">EN ISO15481<\/td>\n<td width=\"42\">BS4174<\/td>\n<\/tr>\n<tr>\n<td width=\"26\">9<\/td>\n<td width=\"67\">Joint<\/td>\n<td width=\"65\">EPDM<\/td>\n<td width=\"64\">EN681-1<\/td>\n<td width=\"42\">BS2494<\/td>\n<\/tr>\n<tr>\n<td width=\"26\">10<\/td>\n<td width=\"67\">Casquette<\/td>\n<td width=\"65\">Nylon\/Laiton<\/td>\n<td width=\"64\"><\/td>\n<td width=\"42\"><\/td>\n<\/tr>\n<tr>\n<td width=\"26\">11<\/td>\n<td width=\"67\">Si\u00e8ge<\/td>\n<td width=\"65\">EPDM<\/td>\n<td width=\"64\">EN681-1<\/td>\n<td width=\"42\">BS2494<\/td>\n<\/tr>\n<tr>\n<td width=\"26\">12<\/td>\n<td width=\"67\">Support<\/td>\n<td width=\"65\">Nylon<\/td>\n<td width=\"64\"><\/td>\n<td width=\"42\"><\/td>\n<\/tr>\n<tr>\n<td width=\"26\">13<\/td>\n<td width=\"67\">Goupille de charni\u00e8re<\/td>\n<td width=\"65\">Acier inoxydable<\/td>\n<td width=\"64\">EN ISO1234<\/td>\n<td width=\"42\">BS1574<\/td>\n<\/tr>\n<tr>\n<td width=\"26\">14<\/td>\n<td width=\"67\">Vanne d&#039;isolement<\/td>\n<td width=\"65\">Laiton<\/td>\n<td width=\"64\">EN12164<\/td>\n<td width=\"42\">BS2874<\/td>\n<\/tr>\n<tr>\n<td width=\"26\">15<\/td>\n<td width=\"67\">Bride<\/td>\n<td width=\"65\">Fonte Ductile<\/td>\n<td width=\"64\">EN1563-GJS-450<\/td>\n<td width=\"42\">BS2789<\/td>\n<\/tr>\n<\/tbody>\n<\/table>\n<p><strong>Dimensions\u00a0:<\/strong><\/p>\n<table width=\"163\">\n<tbody>\n<tr>\n<td width=\"42\">DN<\/td>\n<td width=\"60\">W<\/td>\n<td width=\"60\">H<\/td>\n<\/tr>\n<tr>\n<td width=\"42\">15<\/td>\n<td width=\"60\">132<\/td>\n<td width=\"60\">224<\/td>\n<\/tr>\n<tr>\n<td width=\"42\">20<\/td>\n<td width=\"60\">132<\/td>\n<td width=\"60\">224<\/td>\n<\/tr>\n<tr>\n<td width=\"42\">25<\/td>\n<td width=\"60\">132<\/td>\n<td width=\"60\">224<\/td>\n<\/tr>\n<tr>\n<td width=\"42\">32<\/td>\n<td width=\"60\">132<\/td>\n<td width=\"60\">224<\/td>\n<\/tr>\n<\/tbody>\n<\/table>","protected":false},"excerpt":{"rendered":"<p><span class=\"fontstyle0\">Vanne d&#039;air simple petit orifice avec vanne d&#039;isolement en laiton, corps en fonte ductile, flotteur\/support\/capuchon en ABS, joint en caoutchouc EPDM, zingu\u00e9<br \/>\nboulons\/\u00e9crous, rev\u00eatement \u00e9poxy bleu fonc\u00e9 (RAL5005).<\/span><\/p>","protected":false},"featured_media":2845,"template":"","meta":[],"product_brand":[],"product_cat":[180,159],"product_tag":[235],"class_list":{"0":"post-2844","1":"product","2":"type-product","3":"status-publish","4":"has-post-thumbnail","6":"product_cat-air-release-valve","7":"product_cat-valves","8":"product_tag-air-release-valve","10":"first","11":"instock","12":"shipping-taxable","13":"product-type-simple"},"aioseo_notices":[],"_links":{"self":[{"href":"https:\/\/www.okval.com\/fr\/wp-json\/wp\/v2\/product\/2844","targetHints":{"allow":["GET"]}}],"collection":[{"href":"https:\/\/www.okval.com\/fr\/wp-json\/wp\/v2\/product"}],"about":[{"href":"https:\/\/www.okval.com\/fr\/wp-json\/wp\/v2\/types\/product"}],"wp:featuredmedia":[{"embeddable":true,"href":"https:\/\/www.okval.com\/fr\/wp-json\/wp\/v2\/media\/2845"}],"wp:attachment":[{"href":"https:\/\/www.okval.com\/fr\/wp-json\/wp\/v2\/media?parent=2844"}],"wp:term":[{"taxonomy":"product_brand","embeddable":true,"href":"https:\/\/www.okval.com\/fr\/wp-json\/wp\/v2\/product_brand?post=2844"},{"taxonomy":"product_cat","embeddable":true,"href":"https:\/\/www.okval.com\/fr\/wp-json\/wp\/v2\/product_cat?post=2844"},{"taxonomy":"product_tag","embeddable":true,"href":"https:\/\/www.okval.com\/fr\/wp-json\/wp\/v2\/product_tag?post=2844"}],"curies":[{"name":"wp","href":"https:\/\/api.w.org\/{rel}","templated":true}]}}