{"id":2841,"date":"2024-04-13T16:16:41","date_gmt":"2024-04-13T08:16:41","guid":{"rendered":"https:\/\/www.okval.com\/?post_type=product&#038;p=2841"},"modified":"2024-04-13T16:16:42","modified_gmt":"2024-04-13T08:16:42","slug":"pince-de-reparation-entierement-en-acier-inoxydable","status":"publish","type":"product","link":"https:\/\/www.okval.com\/fr\/pince-de-reparation-entierement-en-acier-inoxydable-html","title":{"rendered":"Pince de r\u00e9paration enti\u00e8rement en acier inoxydable"},"content":{"rendered":"<p><span class=\"fontstyle0\">\u25a0 Principales pi\u00e8ces et mat\u00e9riaux<br \/>\n<\/span><span class=\"fontstyle2\">\u00b7 La bande, les boulons, les \u00e9crous, la rondelle, la barre de levage et la barre lat\u00e9rale sont<br \/>\ntout en acier inoxydable AISI304.<br \/>\n\u00b7 AISI201 est disponible sur demande.<br \/>\n<\/span><span class=\"fontstyle0\">\u25a0 Joint<br \/>\n<\/span><span class=\"fontstyle2\">\u00b7 EPDM pour application normale, NBR en option.<br \/>\n\u00b7 EPDM selon BS EN681-1 \/ NBR selon EN682 (WRAS)<br \/>\n<\/span><span class=\"fontstyle0\">\u25a0 Cosse<br \/>\n<\/span><span class=\"fontstyle2\">\u00b7 Cosses en acier inoxydable AISI304.<\/span><\/p>\n<p><span class=\"fontstyle0\">\u25a0 RC100<br \/>\n<\/span><\/p>\n<table style=\"border-collapse: collapse; width: 432pt;\" border=\"0\" width=\"576\" cellspacing=\"0\" cellpadding=\"0\">\n<tbody>\n<tr style=\"height: 26.4pt;\">\n<td class=\"xl66\" style=\"height: 26.4pt; width: 54pt;\" width=\"72\" height=\"35\">Gamme DE<\/td>\n<td class=\"xl67\" style=\"border-left: none; width: 54pt;\" width=\"72\">N\u00b0 de bande<\/td>\n<td class=\"xl67\" style=\"border-left: none; width: 54pt;\" width=\"72\">Gamme DE<\/td>\n<td class=\"xl67\" style=\"border-left: none; width: 54pt;\" width=\"72\">N\u00b0 de bande<\/td>\n<td class=\"xl67\" style=\"border-left: none; width: 54pt;\" width=\"72\">Gamme DE<\/td>\n<td class=\"xl67\" style=\"border-left: none; width: 54pt;\" width=\"72\">N\u00b0 de bande<\/td>\n<td class=\"xl67\" style=\"border-left: none; width: 54pt;\" width=\"72\">Pression<\/td>\n<td class=\"xl68\" style=\"border-left: none; width: 54pt;\" width=\"72\">Longueur (mm)<\/td>\n<\/tr>\n<tr style=\"height: 15.6pt;\">\n<td class=\"xl66\" style=\"height: 15.6pt; border-top: none; width: 54pt;\" width=\"72\" height=\"21\">(mm)<\/td>\n<td class=\"xl67\" style=\"border-top: none; border-left: none; width: 54pt;\" width=\"72\"><\/td>\n<td class=\"xl67\" style=\"border-top: none; border-left: none; width: 54pt;\" width=\"72\">(mm)<\/td>\n<td class=\"xl67\" style=\"border-top: none; border-left: none; width: 54pt;\" width=\"72\"><\/td>\n<td class=\"xl67\" style=\"border-top: none; border-left: none; width: 54pt;\" width=\"72\">(mm)<\/td>\n<td class=\"xl67\" style=\"border-top: none; border-left: none; width: 54pt;\" width=\"72\"><\/td>\n<td class=\"xl67\" style=\"border-top: none; border-left: none; width: 54pt;\" width=\"72\"><\/td>\n<td class=\"xl68\" style=\"border-top: none; border-left: none; width: 54pt;\" width=\"72\"><\/td>\n<\/tr>\n<tr style=\"height: 15.6pt;\">\n<td class=\"xl69\" style=\"height: 15.6pt; border-top: none; width: 54pt;\" width=\"72\" height=\"21\">48-58<\/td>\n<td class=\"xl70\" style=\"border-top: none; border-left: none; width: 54pt;\" width=\"72\">1<\/td>\n<td class=\"xl70\" style=\"border-top: none; border-left: none; width: 54pt;\" width=\"72\">195-205<\/td>\n<td class=\"xl70\" style=\"border-top: none; border-left: none; width: 54pt;\" width=\"72\">1<\/td>\n<td class=\"xl70\" style=\"border-top: none; border-left: none; width: 54pt;\" width=\"72\">195-205<\/td>\n<td class=\"xl70\" style=\"border-top: none; border-left: none; width: 54pt;\" width=\"72\">1<\/td>\n<td class=\"xl70\" style=\"border-top: none; border-left: none; width: 54pt;\" width=\"72\">PN10\/16<\/td>\n<td class=\"xl71\" style=\"border-top: none; border-left: none; width: 54pt;\" width=\"72\">150-600<\/td>\n<\/tr>\n<tr style=\"height: 15.6pt;\">\n<td class=\"xl69\" style=\"height: 15.6pt; border-top: none; width: 54pt;\" width=\"72\" height=\"21\">55-65<\/td>\n<td class=\"xl70\" style=\"border-top: none; border-left: none; width: 54pt;\" width=\"72\">1<\/td>\n<td class=\"xl70\" style=\"border-top: none; border-left: none; width: 54pt;\" width=\"72\">218-228<\/td>\n<td class=\"xl70\" style=\"border-top: none; border-left: none; width: 54pt;\" width=\"72\">1<\/td>\n<td class=\"xl70\" style=\"border-top: none; border-left: none; width: 54pt;\" width=\"72\">218-228<\/td>\n<td class=\"xl70\" style=\"border-top: none; border-left: none; width: 54pt;\" width=\"72\">1<\/td>\n<td class=\"xl70\" style=\"border-top: none; border-left: none; width: 54pt;\" width=\"72\">PN10\/16<\/td>\n<td class=\"xl71\" style=\"border-top: none; border-left: none; width: 54pt;\" width=\"72\">150-600<\/td>\n<\/tr>\n<tr style=\"height: 15.6pt;\">\n<td class=\"xl69\" style=\"height: 15.6pt; border-top: none; width: 54pt;\" width=\"72\" height=\"21\">67-77<\/td>\n<td class=\"xl70\" style=\"border-top: none; border-left: none; width: 54pt;\" width=\"72\">1<\/td>\n<td class=\"xl70\" style=\"border-top: none; border-left: none; width: 54pt;\" width=\"72\">228-238<\/td>\n<td class=\"xl70\" style=\"border-top: none; border-left: none; width: 54pt;\" width=\"72\">1<\/td>\n<td class=\"xl70\" style=\"border-top: none; border-left: none; width: 54pt;\" width=\"72\">228-238<\/td>\n<td class=\"xl70\" style=\"border-top: none; border-left: none; width: 54pt;\" width=\"72\">1<\/td>\n<td class=\"xl70\" style=\"border-top: none; border-left: none; width: 54pt;\" width=\"72\">PN10\/16<\/td>\n<td class=\"xl71\" style=\"border-top: none; border-left: none; width: 54pt;\" width=\"72\">150-600<\/td>\n<\/tr>\n<tr style=\"height: 15.6pt;\">\n<td class=\"xl69\" style=\"height: 15.6pt; border-top: none; width: 54pt;\" width=\"72\" height=\"21\">83-93<\/td>\n<td class=\"xl70\" style=\"border-top: none; border-left: none; width: 54pt;\" width=\"72\">1<\/td>\n<td class=\"xl70\" style=\"border-top: none; border-left: none; width: 54pt;\" width=\"72\">238-248<\/td>\n<td class=\"xl70\" style=\"border-top: none; border-left: none; width: 54pt;\" width=\"72\">1<\/td>\n<td class=\"xl70\" style=\"border-top: none; border-left: none; width: 54pt;\" width=\"72\">238-248<\/td>\n<td class=\"xl70\" style=\"border-top: none; border-left: none; width: 54pt;\" width=\"72\">1<\/td>\n<td class=\"xl70\" style=\"border-top: none; border-left: none; width: 54pt;\" width=\"72\">PN10\/16<\/td>\n<td class=\"xl71\" style=\"border-top: none; border-left: none; width: 54pt;\" width=\"72\">150-600<\/td>\n<\/tr>\n<tr style=\"height: 15.6pt;\">\n<td class=\"xl69\" style=\"height: 15.6pt; border-top: none; width: 54pt;\" width=\"72\" height=\"21\">92-102<\/td>\n<td class=\"xl70\" style=\"border-top: none; border-left: none; width: 54pt;\" width=\"72\">1<\/td>\n<td class=\"xl70\" style=\"border-top: none; border-left: none; width: 54pt;\" width=\"72\">247-257<\/td>\n<td class=\"xl70\" style=\"border-top: none; border-left: none; width: 54pt;\" width=\"72\">1<\/td>\n<td class=\"xl70\" style=\"border-top: none; border-left: none; width: 54pt;\" width=\"72\">247-257<\/td>\n<td class=\"xl70\" style=\"border-top: none; border-left: none; width: 54pt;\" width=\"72\">1<\/td>\n<td class=\"xl70\" style=\"border-top: none; border-left: none; width: 54pt;\" width=\"72\">PN10\/16<\/td>\n<td class=\"xl71\" style=\"border-top: none; border-left: none; width: 54pt;\" width=\"72\">150-600<\/td>\n<\/tr>\n<tr style=\"height: 15.6pt;\">\n<td class=\"xl69\" style=\"height: 15.6pt; border-top: none; width: 54pt;\" width=\"72\" height=\"21\">107-117<\/td>\n<td class=\"xl70\" style=\"border-top: none; border-left: none; width: 54pt;\" width=\"72\">1<\/td>\n<td class=\"xl70\" style=\"border-top: none; border-left: none; width: 54pt;\" width=\"72\">258-268<\/td>\n<td class=\"xl70\" style=\"border-top: none; border-left: none; width: 54pt;\" width=\"72\">1<\/td>\n<td class=\"xl70\" style=\"border-top: none; border-left: none; width: 54pt;\" width=\"72\">258-268<\/td>\n<td class=\"xl70\" style=\"border-top: none; border-left: none; width: 54pt;\" width=\"72\">1<\/td>\n<td class=\"xl70\" style=\"border-top: none; border-left: none; width: 54pt;\" width=\"72\">PN10\/16<\/td>\n<td class=\"xl71\" style=\"border-top: none; border-left: none; width: 54pt;\" width=\"72\">150-600<\/td>\n<\/tr>\n<tr style=\"height: 15.6pt;\">\n<td class=\"xl69\" style=\"height: 15.6pt; border-top: none; width: 54pt;\" width=\"72\" height=\"21\">123-130<\/td>\n<td class=\"xl70\" style=\"border-top: none; border-left: none; width: 54pt;\" width=\"72\">1<\/td>\n<td class=\"xl70\" style=\"border-top: none; border-left: none; width: 54pt;\" width=\"72\">271-281<\/td>\n<td class=\"xl70\" style=\"border-top: none; border-left: none; width: 54pt;\" width=\"72\">1<\/td>\n<td class=\"xl70\" style=\"border-top: none; border-left: none; width: 54pt;\" width=\"72\">271-281<\/td>\n<td class=\"xl70\" style=\"border-top: none; border-left: none; width: 54pt;\" width=\"72\">1<\/td>\n<td class=\"xl70\" style=\"border-top: none; border-left: none; width: 54pt;\" width=\"72\">PN10\/16<\/td>\n<td class=\"xl71\" style=\"border-top: none; border-left: none; width: 54pt;\" width=\"72\">150-600<\/td>\n<\/tr>\n<tr style=\"height: 15.6pt;\">\n<td class=\"xl69\" style=\"height: 15.6pt; border-top: none; width: 54pt;\" width=\"72\" height=\"21\">135-145<\/td>\n<td class=\"xl70\" style=\"border-top: none; border-left: none; width: 54pt;\" width=\"72\">1<\/td>\n<td class=\"xl70\" style=\"border-top: none; border-left: none; width: 54pt;\" width=\"72\">282-292<\/td>\n<td class=\"xl70\" style=\"border-top: none; border-left: none; width: 54pt;\" width=\"72\">1<\/td>\n<td class=\"xl70\" style=\"border-top: none; border-left: none; width: 54pt;\" width=\"72\">282-292<\/td>\n<td class=\"xl70\" style=\"border-top: none; border-left: none; width: 54pt;\" width=\"72\">1<\/td>\n<td class=\"xl70\" style=\"border-top: none; border-left: none; width: 54pt;\" width=\"72\">PN10\/16<\/td>\n<td class=\"xl71\" style=\"border-top: none; border-left: none; width: 54pt;\" width=\"72\">150-600<\/td>\n<\/tr>\n<tr style=\"height: 15.6pt;\">\n<td class=\"xl69\" style=\"height: 15.6pt; border-top: none; width: 54pt;\" width=\"72\" height=\"21\">145-155<\/td>\n<td class=\"xl70\" style=\"border-top: none; border-left: none; width: 54pt;\" width=\"72\">1<\/td>\n<td class=\"xl70\" style=\"border-top: none; border-left: none; width: 54pt;\" width=\"72\">294-304<\/td>\n<td class=\"xl70\" style=\"border-top: none; border-left: none; width: 54pt;\" width=\"72\">1<\/td>\n<td class=\"xl70\" style=\"border-top: none; border-left: none; width: 54pt;\" width=\"72\">294-304<\/td>\n<td class=\"xl70\" style=\"border-top: none; border-left: none; width: 54pt;\" width=\"72\">1<\/td>\n<td class=\"xl70\" style=\"border-top: none; border-left: none; width: 54pt;\" width=\"72\">PN10\/16<\/td>\n<td class=\"xl71\" style=\"border-top: none; border-left: none; width: 54pt;\" width=\"72\">150-600<\/td>\n<\/tr>\n<tr style=\"height: 15.6pt;\">\n<td class=\"xl69\" style=\"height: 15.6pt; border-top: none; width: 54pt;\" width=\"72\" height=\"21\">158-168<\/td>\n<td class=\"xl70\" style=\"border-top: none; border-left: none; width: 54pt;\" width=\"72\">1<\/td>\n<td class=\"xl70\" style=\"border-top: none; border-left: none; width: 54pt;\" width=\"72\">302-312<\/td>\n<td class=\"xl70\" style=\"border-top: none; border-left: none; width: 54pt;\" width=\"72\">1<\/td>\n<td class=\"xl70\" style=\"border-top: none; border-left: none; width: 54pt;\" width=\"72\">302-312<\/td>\n<td class=\"xl70\" style=\"border-top: none; border-left: none; width: 54pt;\" width=\"72\">1<\/td>\n<td class=\"xl70\" style=\"border-top: none; border-left: none; width: 54pt;\" width=\"72\">PN10\/16<\/td>\n<td class=\"xl71\" style=\"border-top: none; border-left: none; width: 54pt;\" width=\"72\">150-600<\/td>\n<\/tr>\n<tr style=\"height: 15.6pt;\">\n<td class=\"xl69\" style=\"height: 15.6pt; border-top: none; width: 54pt;\" width=\"72\" height=\"21\">166-176<\/td>\n<td class=\"xl70\" style=\"border-top: none; border-left: none; width: 54pt;\" width=\"72\">1<\/td>\n<td class=\"xl70\" style=\"border-top: none; border-left: none; width: 54pt;\" width=\"72\">310-320<\/td>\n<td class=\"xl70\" style=\"border-top: none; border-left: none; width: 54pt;\" width=\"72\">1<\/td>\n<td class=\"xl70\" style=\"border-top: none; border-left: none; width: 54pt;\" width=\"72\">310-320<\/td>\n<td class=\"xl70\" style=\"border-top: none; border-left: none; width: 54pt;\" width=\"72\">1<\/td>\n<td class=\"xl70\" style=\"border-top: none; border-left: none; width: 54pt;\" width=\"72\">PN10\/16<\/td>\n<td class=\"xl71\" style=\"border-top: none; border-left: none; width: 54pt;\" width=\"72\">150-600<\/td>\n<\/tr>\n<tr style=\"height: 15.6pt;\">\n<td class=\"xl69\" style=\"height: 15.6pt; border-top: none; width: 54pt;\" width=\"72\" height=\"21\">173-183<\/td>\n<td class=\"xl70\" style=\"border-top: none; border-left: none; width: 54pt;\" width=\"72\">1<\/td>\n<td class=\"xl70\" style=\"border-top: none; border-left: none; width: 54pt;\" width=\"72\">327-337<\/td>\n<td class=\"xl70\" style=\"border-top: none; border-left: none; width: 54pt;\" width=\"72\">1<\/td>\n<td class=\"xl70\" style=\"border-top: none; border-left: none; width: 54pt;\" width=\"72\">327-337<\/td>\n<td class=\"xl70\" style=\"border-top: none; border-left: none; width: 54pt;\" width=\"72\">1<\/td>\n<td class=\"xl70\" style=\"border-top: none; border-left: none; width: 54pt;\" width=\"72\">PN10\/16<\/td>\n<td class=\"xl71\" style=\"border-top: none; border-left: none; width: 54pt;\" width=\"72\">150-600<\/td>\n<\/tr>\n<tr style=\"height: 15.6pt;\">\n<td class=\"xl69\" style=\"height: 15.6pt; border-top: none; width: 54pt;\" width=\"72\" height=\"21\">180-190<\/td>\n<td class=\"xl70\" style=\"border-top: none; border-left: none; width: 54pt;\" width=\"72\">1<\/td>\n<td class=\"xl70\" style=\"border-top: none; border-left: none; width: 54pt;\" width=\"72\">342-352<\/td>\n<td class=\"xl70\" style=\"border-top: none; border-left: none; width: 54pt;\" width=\"72\">1<\/td>\n<td class=\"xl70\" style=\"border-top: none; border-left: none; width: 54pt;\" width=\"72\">342-352<\/td>\n<td class=\"xl70\" style=\"border-top: none; border-left: none; width: 54pt;\" width=\"72\">1<\/td>\n<td class=\"xl70\" style=\"border-top: none; border-left: none; width: 54pt;\" width=\"72\">PN10\/16<\/td>\n<td class=\"xl71\" style=\"border-top: none; border-left: none; width: 54pt;\" width=\"72\">150-600<\/td>\n<\/tr>\n<tr style=\"height: 16.2pt;\">\n<td class=\"xl72\" style=\"height: 16.2pt; border-top: none; width: 54pt;\" width=\"72\" height=\"22\">188-198<\/td>\n<td class=\"xl73\" style=\"border-top: none; border-left: none; width: 54pt;\" width=\"72\">1<\/td>\n<td class=\"xl73\" style=\"border-top: none; border-left: none; width: 54pt;\" width=\"72\">356-366<\/td>\n<td class=\"xl73\" style=\"border-top: none; border-left: none; width: 54pt;\" width=\"72\">1<\/td>\n<td class=\"xl73\" style=\"border-top: none; border-left: none; width: 54pt;\" width=\"72\">356-366<\/td>\n<td class=\"xl73\" style=\"border-top: none; border-left: none; width: 54pt;\" width=\"72\">1<\/td>\n<td class=\"xl73\" style=\"border-top: none; border-left: none; width: 54pt;\" width=\"72\">PN10\/16<\/td>\n<td class=\"xl74\" style=\"border-top: none; border-left: none; width: 54pt;\" width=\"72\">150-600<\/td>\n<\/tr>\n<\/tbody>\n<\/table>\n<p><span class=\"fontstyle0\">\u25a0RC200<\/span><\/p>\n<table style=\"border-collapse: collapse; width: 432pt;\" border=\"0\" width=\"576\" cellspacing=\"0\" cellpadding=\"0\">\n<tbody>\n<tr style=\"height: 27.0pt;\">\n<td class=\"xl66\" style=\"height: 27.0pt; width: 54pt;\" width=\"72\" height=\"36\">Gamme DE<\/td>\n<td class=\"xl66\" style=\"border-left: none; width: 54pt;\" width=\"72\">N\u00b0 de bande<\/td>\n<td class=\"xl66\" style=\"border-left: none; width: 54pt;\" width=\"72\">Gamme DE<\/td>\n<td class=\"xl66\" style=\"border-left: none; width: 54pt;\" width=\"72\">N\u00b0 de bande<\/td>\n<td class=\"xl66\" style=\"border-left: none; width: 54pt;\" width=\"72\">Gamme DE<\/td>\n<td class=\"xl66\" style=\"border-left: none; width: 54pt;\" width=\"72\">N\u00b0 de bande<\/td>\n<td class=\"xl67\" style=\"border-left: none; width: 54pt;\" width=\"72\">Pression<\/td>\n<td class=\"xl66\" style=\"border-left: none; width: 54pt;\" width=\"72\">Longueur<\/td>\n<\/tr>\n<tr style=\"height: 16.2pt;\">\n<td class=\"xl66\" style=\"height: 16.2pt; border-top: none; width: 54pt;\" width=\"72\" height=\"22\">(mm)<\/td>\n<td class=\"xl66\" style=\"border-top: none; border-left: none; width: 54pt;\" width=\"72\"><\/td>\n<td class=\"xl66\" style=\"border-top: none; border-left: none; width: 54pt;\" width=\"72\">(mm)<\/td>\n<td class=\"xl66\" style=\"border-top: none; border-left: none; width: 54pt;\" width=\"72\"><\/td>\n<td class=\"xl66\" style=\"border-top: none; border-left: none; width: 54pt;\" width=\"72\">(mm)<\/td>\n<td class=\"xl66\" style=\"border-top: none; border-left: none; width: 54pt;\" width=\"72\"><\/td>\n<td class=\"xl67\" style=\"border-top: none; border-left: none; width: 54pt;\" width=\"72\"><\/td>\n<td class=\"xl66\" style=\"border-top: none; border-left: none; width: 54pt;\" width=\"72\">(mm)<\/td>\n<\/tr>\n<tr style=\"height: 16.2pt;\">\n<td class=\"xl68\" style=\"height: 16.2pt; border-top: none; width: 54pt;\" width=\"72\" height=\"22\">86-106<\/td>\n<td class=\"xl68\" style=\"border-top: none; border-left: none; width: 54pt;\" width=\"72\">2<\/td>\n<td class=\"xl68\" style=\"border-top: none; border-left: none; width: 54pt;\" width=\"72\">282-302<\/td>\n<td class=\"xl68\" style=\"border-top: none; border-left: none; width: 54pt;\" width=\"72\">2<\/td>\n<td class=\"xl69\" style=\"border-top: none; border-left: none; width: 54pt;\" width=\"72\">421-441<\/td>\n<td class=\"xl68\" style=\"border-top: none; border-left: none; width: 54pt;\" width=\"72\">2<\/td>\n<td class=\"xl69\" style=\"border-top: none; border-left: none; width: 54pt;\" width=\"72\">PN10\/16<\/td>\n<td class=\"xl68\" style=\"border-top: none; border-left: none; width: 54pt;\" width=\"72\">150-600<\/td>\n<\/tr>\n<tr style=\"height: 16.2pt;\">\n<td class=\"xl70\" style=\"height: 16.2pt; border-top: none; width: 54pt;\" width=\"72\" height=\"22\">113-133<\/td>\n<td class=\"xl70\" style=\"border-top: none; border-left: none; width: 54pt;\" width=\"72\">2<\/td>\n<td class=\"xl70\" style=\"border-top: none; border-left: none; width: 54pt;\" width=\"72\">295-315<\/td>\n<td class=\"xl70\" style=\"border-top: none; border-left: none; width: 54pt;\" width=\"72\">2<\/td>\n<td class=\"xl71\" style=\"border-top: none; border-left: none; width: 54pt;\" width=\"72\">436-456<\/td>\n<td class=\"xl70\" style=\"border-top: none; border-left: none; width: 54pt;\" width=\"72\">2<\/td>\n<td class=\"xl71\" style=\"border-top: none; border-left: none; width: 54pt;\" width=\"72\">PN10\/16<\/td>\n<td class=\"xl70\" style=\"border-top: none; border-left: none; width: 54pt;\" width=\"72\">150-600<\/td>\n<\/tr>\n<tr style=\"height: 16.2pt;\">\n<td class=\"xl68\" style=\"height: 16.2pt; border-top: none; width: 54pt;\" width=\"72\" height=\"22\">120-141<\/td>\n<td class=\"xl68\" style=\"border-top: none; border-left: none; width: 54pt;\" width=\"72\">2<\/td>\n<td class=\"xl68\" style=\"border-top: none; border-left: none; width: 54pt;\" width=\"72\">324-344<\/td>\n<td class=\"xl68\" style=\"border-top: none; border-left: none; width: 54pt;\" width=\"72\">2<\/td>\n<td class=\"xl69\" style=\"border-top: none; border-left: none; width: 54pt;\" width=\"72\">453-473<\/td>\n<td class=\"xl68\" style=\"border-top: none; border-left: none; width: 54pt;\" width=\"72\">2<\/td>\n<td class=\"xl69\" style=\"border-top: none; border-left: none; width: 54pt;\" width=\"72\">PN10\/16<\/td>\n<td class=\"xl68\" style=\"border-top: none; border-left: none; width: 54pt;\" width=\"72\">150-600<\/td>\n<\/tr>\n<tr style=\"height: 16.2pt;\">\n<td class=\"xl70\" style=\"height: 16.2pt; border-top: none; width: 54pt;\" width=\"72\" height=\"22\">168-188<\/td>\n<td class=\"xl70\" style=\"border-top: none; border-left: none; width: 54pt;\" width=\"72\">2<\/td>\n<td class=\"xl70\" style=\"border-top: none; border-left: none; width: 54pt;\" width=\"72\">335-355<\/td>\n<td class=\"xl70\" style=\"border-top: none; border-left: none; width: 54pt;\" width=\"72\">2<\/td>\n<td class=\"xl71\" style=\"border-top: none; border-left: none; width: 54pt;\" width=\"72\">469-489<\/td>\n<td class=\"xl70\" style=\"border-top: none; border-left: none; width: 54pt;\" width=\"72\">2<\/td>\n<td class=\"xl71\" style=\"border-top: none; border-left: none; width: 54pt;\" width=\"72\">PN10\/16<\/td>\n<td class=\"xl70\" style=\"border-top: none; border-left: none; width: 54pt;\" width=\"72\">150-600<\/td>\n<\/tr>\n<tr style=\"height: 16.2pt;\">\n<td class=\"xl68\" style=\"height: 16.2pt; border-top: none; width: 54pt;\" width=\"72\" height=\"22\">174-194<\/td>\n<td class=\"xl68\" style=\"border-top: none; border-left: none; width: 54pt;\" width=\"72\">2<\/td>\n<td class=\"xl68\" style=\"border-top: none; border-left: none; width: 54pt;\" width=\"72\">347-367<\/td>\n<td class=\"xl68\" style=\"border-top: none; border-left: none; width: 54pt;\" width=\"72\">2<\/td>\n<td class=\"xl69\" style=\"border-top: none; border-left: none; width: 54pt;\" width=\"72\">488-508<\/td>\n<td class=\"xl68\" style=\"border-top: none; border-left: none; width: 54pt;\" width=\"72\">2<\/td>\n<td class=\"xl69\" style=\"border-top: none; border-left: none; width: 54pt;\" width=\"72\">PN10\/16<\/td>\n<td class=\"xl68\" style=\"border-top: none; border-left: none; width: 54pt;\" width=\"72\">150-600<\/td>\n<\/tr>\n<tr style=\"height: 16.2pt;\">\n<td class=\"xl70\" style=\"height: 16.2pt; border-top: none; width: 54pt;\" width=\"72\" height=\"22\">219-239<\/td>\n<td class=\"xl70\" style=\"border-top: none; border-left: none; width: 54pt;\" width=\"72\">2<\/td>\n<td class=\"xl70\" style=\"border-top: none; border-left: none; width: 54pt;\" width=\"72\">357-377<\/td>\n<td class=\"xl70\" style=\"border-top: none; border-left: none; width: 54pt;\" width=\"72\">2<\/td>\n<td class=\"xl71\" style=\"border-top: none; border-left: none; width: 54pt;\" width=\"72\">505-525<\/td>\n<td class=\"xl70\" style=\"border-top: none; border-left: none; width: 54pt;\" width=\"72\">2<\/td>\n<td class=\"xl71\" style=\"border-top: none; border-left: none; width: 54pt;\" width=\"72\">PN10\/16<\/td>\n<td class=\"xl70\" style=\"border-top: none; border-left: none; width: 54pt;\" width=\"72\">150-600<\/td>\n<\/tr>\n<tr style=\"height: 16.2pt;\">\n<td class=\"xl68\" style=\"height: 16.2pt; border-top: none; width: 54pt;\" width=\"72\" height=\"22\">228-249<\/td>\n<td class=\"xl68\" style=\"border-top: none; border-left: none; width: 54pt;\" width=\"72\">2<\/td>\n<td class=\"xl68\" style=\"border-top: none; border-left: none; width: 54pt;\" width=\"72\">365-385<\/td>\n<td class=\"xl68\" style=\"border-top: none; border-left: none; width: 54pt;\" width=\"72\">2<\/td>\n<td class=\"xl69\" style=\"border-top: none; border-left: none; width: 54pt;\" width=\"72\">525-545<\/td>\n<td class=\"xl69\" style=\"border-top: none; border-left: none; width: 54pt;\" width=\"72\">2<\/td>\n<td class=\"xl69\" style=\"border-top: none; border-left: none; width: 54pt;\" width=\"72\">PN10\/16<\/td>\n<td class=\"xl68\" style=\"border-top: none; border-left: none; width: 54pt;\" width=\"72\">150-600<\/td>\n<\/tr>\n<tr style=\"height: 16.2pt;\">\n<td class=\"xl70\" style=\"height: 16.2pt; border-top: none; width: 54pt;\" width=\"72\" height=\"22\">250-260<\/td>\n<td class=\"xl70\" style=\"border-top: none; border-left: none; width: 54pt;\" width=\"72\">2<\/td>\n<td class=\"xl71\" style=\"border-top: none; border-left: none; width: 54pt;\" width=\"72\">383-403<\/td>\n<td class=\"xl70\" style=\"border-top: none; border-left: none; width: 54pt;\" width=\"72\">2<\/td>\n<td class=\"xl71\" style=\"border-top: none; border-left: none; width: 54pt;\" width=\"72\">546-566<\/td>\n<td class=\"xl71\" style=\"border-top: none; border-left: none; width: 54pt;\" width=\"72\">2<\/td>\n<td class=\"xl71\" style=\"border-top: none; border-left: none; width: 54pt;\" width=\"72\">PN10\/16<\/td>\n<td class=\"xl70\" style=\"border-top: none; border-left: none; width: 54pt;\" width=\"72\">150-600<\/td>\n<\/tr>\n<tr style=\"height: 15.6pt;\">\n<td class=\"xl68\" style=\"height: 15.6pt; border-top: none; width: 54pt;\" width=\"72\" height=\"21\">273-293<\/td>\n<td class=\"xl68\" style=\"border-top: none; border-left: none; width: 54pt;\" width=\"72\">2<\/td>\n<td class=\"xl69\" style=\"border-top: none; border-left: none; width: 54pt;\" width=\"72\">404-424<\/td>\n<td class=\"xl68\" style=\"border-top: none; border-left: none; width: 54pt;\" width=\"72\">2<\/td>\n<td class=\"xl69\" style=\"border-top: none; border-left: none; width: 54pt;\" width=\"72\">562-582<\/td>\n<td class=\"xl69\" style=\"border-top: none; border-left: none; width: 54pt;\" width=\"72\">2<\/td>\n<td class=\"xl69\" style=\"border-top: none; border-left: none; width: 54pt;\" width=\"72\">PN10\/16<\/td>\n<td class=\"xl68\" style=\"border-top: none; border-left: none; width: 54pt;\" width=\"72\">150-600<\/td>\n<\/tr>\n<\/tbody>\n<\/table>","protected":false},"excerpt":{"rendered":"<p>Un collier de r\u00e9paration est une solution pratique pour rem\u00e9dier aux fuites, aux fissures ou aux ruptures compl\u00e8tes des canalisations. Ces pinces sont con\u00e7ues pour assurer une r\u00e9paration permanente et sont couramment utilis\u00e9es dans diverses applications.<\/p>","protected":false},"featured_media":2842,"template":"","meta":[],"product_brand":[],"product_cat":[157],"product_tag":[242],"class_list":{"0":"post-2841","1":"product","2":"type-product","3":"status-publish","4":"has-post-thumbnail","6":"product_cat-repair-clamp","7":"product_tag-repair-clamp","9":"first","10":"instock","11":"shipping-taxable","12":"product-type-simple"},"aioseo_notices":[],"_links":{"self":[{"href":"https:\/\/www.okval.com\/fr\/wp-json\/wp\/v2\/product\/2841","targetHints":{"allow":["GET"]}}],"collection":[{"href":"https:\/\/www.okval.com\/fr\/wp-json\/wp\/v2\/product"}],"about":[{"href":"https:\/\/www.okval.com\/fr\/wp-json\/wp\/v2\/types\/product"}],"wp:featuredmedia":[{"embeddable":true,"href":"https:\/\/www.okval.com\/fr\/wp-json\/wp\/v2\/media\/2842"}],"wp:attachment":[{"href":"https:\/\/www.okval.com\/fr\/wp-json\/wp\/v2\/media?parent=2841"}],"wp:term":[{"taxonomy":"product_brand","embeddable":true,"href":"https:\/\/www.okval.com\/fr\/wp-json\/wp\/v2\/product_brand?post=2841"},{"taxonomy":"product_cat","embeddable":true,"href":"https:\/\/www.okval.com\/fr\/wp-json\/wp\/v2\/product_cat?post=2841"},{"taxonomy":"product_tag","embeddable":true,"href":"https:\/\/www.okval.com\/fr\/wp-json\/wp\/v2\/product_tag?post=2841"}],"curies":[{"name":"wp","href":"https:\/\/api.w.org\/{rel}","templated":true}]}}