{"id":2837,"date":"2024-04-13T15:23:46","date_gmt":"2024-04-13T07:23:46","guid":{"rendered":"https:\/\/www.okval.com\/?post_type=product&#038;p=2837"},"modified":"2024-04-13T15:23:47","modified_gmt":"2024-04-13T07:23:47","slug":"accouplement-flexible-avk","status":"publish","type":"product","link":"https:\/\/www.okval.com\/fr\/accouplement-flexible-avk-html","title":{"rendered":"Accouplement flexible-AVK"},"content":{"rendered":"<p><span class=\"fontstyle0\"><strong>Caract\u00e9ristiques:<\/strong><br \/>\n<\/span><span class=\"fontstyle1\">\u00a0 Fonte ductile GGG50 avec rev\u00eatement FBE<br \/>\nPN10, PN16<br \/>\nD\u00e9flexion angulaire +\/- 6\u00b0<\/span><\/p>\n<p><span class=\"fontstyle0\"><strong>Principales pi\u00e8ces et mat\u00e9riaux\u00a0:<\/strong><br \/>\n<\/span><\/p>\n<table width=\"446\">\n<tbody>\n<tr>\n<td width=\"53\">Num\u00e9ro d&#039;article<\/td>\n<td width=\"146\">Nom des pi\u00e8ces<\/td>\n<td width=\"139\">Mat\u00e9riel<\/td>\n<td width=\"108\">sp\u00e9cification<\/td>\n<\/tr>\n<tr>\n<td>1<\/td>\n<td width=\"146\">Manche centrale<\/td>\n<td>Fonte ductile<\/td>\n<td>\u00a0GGG50<\/td>\n<\/tr>\n<tr>\n<td>2<\/td>\n<td width=\"146\">\u00a0Anneau de fin<\/td>\n<td>Fonte ductile<\/td>\n<td>GGG50<\/td>\n<\/tr>\n<tr>\n<td>3<\/td>\n<td width=\"146\">Joint en caoutchouc<\/td>\n<td>Caoutchouc<\/td>\n<td>EPDM<\/td>\n<\/tr>\n<tr>\n<td>4<\/td>\n<td width=\"146\">Boulon<\/td>\n<td>Acier galvanis\u00e9<\/td>\n<td>\u00a0ISO898<\/td>\n<\/tr>\n<tr>\n<td>5<\/td>\n<td width=\"146\">Machine \u00e0 laver<\/td>\n<td>Acier galvanis\u00e9<\/td>\n<td><\/td>\n<\/tr>\n<tr>\n<td>6<\/td>\n<td width=\"146\">Noix<\/td>\n<td>Acier galvanis\u00e9<\/td>\n<td>ISO898<\/td>\n<\/tr>\n<tr>\n<td>7<\/td>\n<td width=\"146\">Casquette<\/td>\n<td>Plastique<\/td>\n<td><\/td>\n<\/tr>\n<\/tbody>\n<\/table>\n<p><strong> <span class=\"fontstyle0\">Dimensions (mm):<\/span><\/strong><\/p>\n<table width=\"490\">\n<tbody>\n<tr>\n<td colspan=\"2\" width=\"128\">Taille<\/td>\n<td rowspan=\"2\" width=\"64\">Diam\u00e8tre ext\u00e9rieur du tuyau (mm)<\/td>\n<td rowspan=\"2\" width=\"64\">L<\/td>\n<td rowspan=\"2\" width=\"64\">L1<\/td>\n<td rowspan=\"2\" width=\"92\">Boulon x Non<\/td>\n<td rowspan=\"2\" width=\"78\">Poids (kg)<\/td>\n<\/tr>\n<tr>\n<td>Pouce<\/td>\n<td>DN<\/td>\n<\/tr>\n<tr>\n<td>2\u2033<\/td>\n<td>DN50<\/td>\n<td>58-74<\/td>\n<td>100<\/td>\n<td>190<\/td>\n<td>M12x4<\/td>\n<td>2.5<\/td>\n<\/tr>\n<tr>\n<td>2 1\/2\u2033<\/td>\n<td>DN65<\/td>\n<td>68-84<\/td>\n<td>100<\/td>\n<td>190<\/td>\n<td>M12x4<\/td>\n<td>2.9<\/td>\n<\/tr>\n<tr>\n<td>3\u2033<\/td>\n<td>DN80<\/td>\n<td>84-105<\/td>\n<td>100<\/td>\n<td>190<\/td>\n<td>M12x4<\/td>\n<td>4.7<\/td>\n<\/tr>\n<tr>\n<td>4\u2033<\/td>\n<td>DN100<\/td>\n<td>99-118<\/td>\n<td>100<\/td>\n<td>190<\/td>\n<td>M12x4<\/td>\n<td>5<\/td>\n<\/tr>\n<tr>\n<td>4\u2033<\/td>\n<td>DN100<\/td>\n<td>109-133<\/td>\n<td>100<\/td>\n<td>190<\/td>\n<td>M12x4<\/td>\n<td>5.3<\/td>\n<\/tr>\n<tr>\n<td>5\u2033<\/td>\n<td>DN125<\/td>\n<td>133-157<\/td>\n<td>100<\/td>\n<td>190<\/td>\n<td>M12x4<\/td>\n<td>6.4<\/td>\n<\/tr>\n<tr>\n<td>6\u2033<\/td>\n<td>DN150<\/td>\n<td>157-182<\/td>\n<td>115<\/td>\n<td>210<\/td>\n<td>M12x4<\/td>\n<td>8.7<\/td>\n<\/tr>\n<tr>\n<td>6\u2033<\/td>\n<td>DN150<\/td>\n<td>177-201<\/td>\n<td>115<\/td>\n<td>210<\/td>\n<td>M12x4<\/td>\n<td>9.1<\/td>\n<\/tr>\n<tr>\n<td>7&quot;<\/td>\n<td>DN200<\/td>\n<td>194-215<\/td>\n<td>115<\/td>\n<td>210<\/td>\n<td>M12x4<\/td>\n<td>9.2<\/td>\n<\/tr>\n<tr>\n<td>8\u2033<\/td>\n<td>DN200<\/td>\n<td>218-242<\/td>\n<td>160<\/td>\n<td>230<\/td>\n<td>M12x4<\/td>\n<td>13.1<\/td>\n<\/tr>\n<tr>\n<td>9\u2033<\/td>\n<td>DN225<\/td>\n<td>242-268<\/td>\n<td>160<\/td>\n<td>230<\/td>\n<td>M12x6<\/td>\n<td>16.5<\/td>\n<\/tr>\n<tr>\n<td>dix&quot;<\/td>\n<td>DN250<\/td>\n<td>266-291<\/td>\n<td>160<\/td>\n<td>250<\/td>\n<td>M12x6<\/td>\n<td>16.9<\/td>\n<\/tr>\n<tr>\n<td>12\u2033<\/td>\n<td>DN250<\/td>\n<td>280-305<\/td>\n<td>160<\/td>\n<td>250<\/td>\n<td>M12x6<\/td>\n<td>18.4<\/td>\n<\/tr>\n<tr>\n<td>12\u2033<\/td>\n<td>DN300<\/td>\n<td>302-327<\/td>\n<td>160<\/td>\n<td>250<\/td>\n<td>M12x6<\/td>\n<td>19.9<\/td>\n<\/tr>\n<tr>\n<td>12\u2033<\/td>\n<td>DN300<\/td>\n<td>324-350<\/td>\n<td>160<\/td>\n<td>260<\/td>\n<td>M14x6<\/td>\n<td>22.7<\/td>\n<\/tr>\n<tr>\n<td>14\u2033<\/td>\n<td>DN350<\/td>\n<td>351-378<\/td>\n<td>160<\/td>\n<td>260<\/td>\n<td>M14x8<\/td>\n<td>30.2<\/td>\n<\/tr>\n<tr>\n<td>14\u2033<\/td>\n<td>DN350<\/td>\n<td>386-410<\/td>\n<td>160<\/td>\n<td>260<\/td>\n<td>M14x8<\/td>\n<td>29<\/td>\n<\/tr>\n<tr>\n<td>16\u2033<\/td>\n<td>DN400<\/td>\n<td>410-436<\/td>\n<td>160<\/td>\n<td>260<\/td>\n<td>M14x8<\/td>\n<td>29.6<\/td>\n<\/tr>\n<tr>\n<td>16\u2033<\/td>\n<td>DN400<\/td>\n<td>436-462<\/td>\n<td>160<\/td>\n<td>260<\/td>\n<td>M14x8<\/td>\n<td>38.4<\/td>\n<\/tr>\n<\/tbody>\n<\/table>","protected":false},"excerpt":{"rendered":"<p>Les raccords flexibles en fonte ductile (\u00e9galement appel\u00e9s raccords universels) sont con\u00e7us pour accueillir des tubes \u00e0 extr\u00e9mit\u00e9 plate de diff\u00e9rents diam\u00e8tres ext\u00e9rieurs. Un raccord peut raccorder des tuyaux en acier, en fonte ductile, en PVC, en fonte, en amiante-ciment, etc.<\/p>","protected":false},"featured_media":2838,"template":"","meta":[],"product_brand":[],"product_cat":[37,168],"product_tag":[],"class_list":{"0":"post-2837","1":"product","2":"type-product","3":"status-publish","4":"has-post-thumbnail","6":"product_cat-pipe-joints","7":"product_cat-flexible-coupling","9":"first","10":"instock","11":"shipping-taxable","12":"product-type-simple"},"aioseo_notices":[],"_links":{"self":[{"href":"https:\/\/www.okval.com\/fr\/wp-json\/wp\/v2\/product\/2837","targetHints":{"allow":["GET"]}}],"collection":[{"href":"https:\/\/www.okval.com\/fr\/wp-json\/wp\/v2\/product"}],"about":[{"href":"https:\/\/www.okval.com\/fr\/wp-json\/wp\/v2\/types\/product"}],"wp:featuredmedia":[{"embeddable":true,"href":"https:\/\/www.okval.com\/fr\/wp-json\/wp\/v2\/media\/2838"}],"wp:attachment":[{"href":"https:\/\/www.okval.com\/fr\/wp-json\/wp\/v2\/media?parent=2837"}],"wp:term":[{"taxonomy":"product_brand","embeddable":true,"href":"https:\/\/www.okval.com\/fr\/wp-json\/wp\/v2\/product_brand?post=2837"},{"taxonomy":"product_cat","embeddable":true,"href":"https:\/\/www.okval.com\/fr\/wp-json\/wp\/v2\/product_cat?post=2837"},{"taxonomy":"product_tag","embeddable":true,"href":"https:\/\/www.okval.com\/fr\/wp-json\/wp\/v2\/product_tag?post=2837"}],"curies":[{"name":"wp","href":"https:\/\/api.w.org\/{rel}","templated":true}]}}