{"id":2824,"date":"2024-04-13T00:10:51","date_gmt":"2024-04-12T16:10:51","guid":{"rendered":"https:\/\/www.okval.com\/?post_type=product&#038;p=2824"},"modified":"2024-04-13T15:54:37","modified_gmt":"2024-04-13T07:54:37","slug":"pince-universelle-double-uu","status":"publish","type":"product","link":"https:\/\/www.okval.com\/fr\/pince-double-universelle-uu-html","title":{"rendered":"Pince double universelle (UU)"},"content":{"rendered":"<p><strong>Caract\u00e9ristiques:<\/strong><\/p>\n<ul>\n<li>Demi-coquille en fonte ductile.<\/li>\n<li>Rev\u00eatement\u00a0: rev\u00eatement \u00e9poxy li\u00e9 par fusion RAL5017 RAL5005 RAL5015<\/li>\n<li>\u00c9l\u00e9ment d&#039;\u00e9tanch\u00e9it\u00e9\u00a0: EPDM\/NBR\/SBR<\/li>\n<li>Boulonnerie : acier au carbone Galvanisation<\/li>\n<li>PFA 16 du DN 40 au DN 150<\/li>\n<li>PFA 10 du DN 175 au DN 300<\/li>\n<li>Temp\u00e9ratures de fonctionnement : + 0\u00b0 \u00e0 + 60\u00b0C.<\/li>\n<\/ul>\n<p><strong>Dessin:<\/strong><\/p>\n<div id=\"attachment_2825\" style=\"width: 664px\" class=\"wp-caption alignnone\"><img decoding=\"async\" aria-describedby=\"caption-attachment-2825\" class=\"size-full wp-image-2825\" src=\"https:\/\/www.okval.com\/wp-content\/uploads\/2024\/04\/REPAIR-CLAMP.jpg\" alt=\"Collier de r\u00e9paration de tuyaux en fonte ductile \u00e0 double collier universel (UU) Collier de r\u00e9paration de tuyaux pour une r\u00e9paration rapide, s\u00fbre et permanente dans le secteur de l&#039;eau potable. OKVAL Couplings Universal Dual Clamp, colliers de r\u00e9paration de tuyaux disponibles de la taille DN80 \u00e0 DN300. Collier de serrage d&#039;urgence pour r\u00e9paration de fuite de tuyau OKVAL Bo\u00eetiers en deux parties, reli\u00e9s ensemble en serrant 6 \u00e9crous et boulons. OKVAL Pince de r\u00e9paration large gamme en fonte ductile, manchon de r\u00e9paration long Permet la r\u00e9paration de tous types de canalisations Description Pour canalisations en acier, fonte, PVC\/PE et fibrociment. Grande tol\u00e9rance : nombre de mod\u00e8les r\u00e9duit pour un diam\u00e8tre nominal Installation facile : D\u00e9viation angulaire \u00b1 4\u00b0\" width=\"654\" height=\"431\" srcset=\"https:\/\/www.okval.com\/wp-content\/uploads\/2024\/04\/REPAIR-CLAMP.jpg 654w, https:\/\/www.okval.com\/wp-content\/uploads\/2024\/04\/REPAIR-CLAMP-300x198.jpg 300w, https:\/\/www.okval.com\/wp-content\/uploads\/2024\/04\/REPAIR-CLAMP-18x12.jpg 18w, https:\/\/www.okval.com\/wp-content\/uploads\/2024\/04\/REPAIR-CLAMP-600x395.jpg 600w, https:\/\/www.okval.com\/wp-content\/uploads\/2024\/04\/REPAIR-CLAMP-150x99.jpg 150w\" sizes=\"(max-width: 654px) 100vw, 654px\" \/><p id=\"caption-attachment-2825\" class=\"wp-caption-text\">Pince double universelle (UU)<br \/>Collier de r\u00e9paration de tuyaux en fonte ductile<br \/>Collier de r\u00e9paration de tuyaux pour une r\u00e9paration rapide, s\u00fbre et permanente dans le secteur de l&#039;eau potable.<br \/>OKVAL Couplings Universal Dual Clamp, colliers de r\u00e9paration de tuyaux disponibles de la taille DN80 \u00e0 DN300.<br \/>Collier de serrage d&#039;urgence pour r\u00e9paration de fuite de tuyau OKVAL Bo\u00eetiers en deux parties, reli\u00e9s ensemble en serrant 6 \u00e9crous et boulons.<br \/>OKVAL Pince de r\u00e9paration large gamme en fonte ductile, manchon de r\u00e9paration long Permet la r\u00e9paration de tous types de canalisations Description Pour canalisations en acier, fonte, PVC\/PE et fibrociment.<br \/>Grande tol\u00e9rance : nombre de mod\u00e8les r\u00e9duit pour un diam\u00e8tre nominal<br \/>Installation facile : D\u00e9viation angulaire \u00b1 4\u00b0<\/p><\/div>\n<p>&nbsp;<\/p>\n<p>&nbsp;<\/p>","protected":false},"excerpt":{"rendered":"<p>Pince double universelle (UU)<br \/>\nCollier de r\u00e9paration de tuyaux en fonte ductile<br \/>\nCollier de r\u00e9paration de tuyaux pour une r\u00e9paration rapide, s\u00fbre et permanente dans le secteur de l&#039;eau potable.<br \/>\nOKVAL Couplings Universal Dual Clamp, colliers de r\u00e9paration de tuyaux disponibles de la taille DN80 \u00e0 DN300.<br \/>\nCollier de serrage d&#039;urgence pour r\u00e9paration de fuite de tuyau OKVAL Bo\u00eetiers en deux parties, reli\u00e9s ensemble en serrant 6 \u00e9crous et boulons.<br \/>\nOKVAL Pince de r\u00e9paration large gamme en fonte ductile, manchon de r\u00e9paration long Permet la r\u00e9paration de tous types de canalisations Description Pour canalisations en acier, fonte, PVC\/PE et fibrociment.<br \/>\nGrande tol\u00e9rance : nombre de mod\u00e8les r\u00e9duit pour un diam\u00e8tre nominal<br \/>\nInstallation facile : D\u00e9viation angulaire \u00b1 4\u00b0<\/p>","protected":false},"featured_media":2826,"template":"","meta":[],"product_brand":[],"product_cat":[157],"product_tag":[242,262,263],"class_list":{"0":"post-2824","1":"product","2":"type-product","3":"status-publish","4":"has-post-thumbnail","6":"product_cat-repair-clamp","7":"product_tag-repair-clamp","8":"product_tag-pipe-repair-clamp","9":"product_tag-pipe-leak-repair-clamp","11":"first","12":"instock","13":"shipping-taxable","14":"product-type-simple"},"aioseo_notices":[],"_links":{"self":[{"href":"https:\/\/www.okval.com\/fr\/wp-json\/wp\/v2\/product\/2824","targetHints":{"allow":["GET"]}}],"collection":[{"href":"https:\/\/www.okval.com\/fr\/wp-json\/wp\/v2\/product"}],"about":[{"href":"https:\/\/www.okval.com\/fr\/wp-json\/wp\/v2\/types\/product"}],"wp:featuredmedia":[{"embeddable":true,"href":"https:\/\/www.okval.com\/fr\/wp-json\/wp\/v2\/media\/2826"}],"wp:attachment":[{"href":"https:\/\/www.okval.com\/fr\/wp-json\/wp\/v2\/media?parent=2824"}],"wp:term":[{"taxonomy":"product_brand","embeddable":true,"href":"https:\/\/www.okval.com\/fr\/wp-json\/wp\/v2\/product_brand?post=2824"},{"taxonomy":"product_cat","embeddable":true,"href":"https:\/\/www.okval.com\/fr\/wp-json\/wp\/v2\/product_cat?post=2824"},{"taxonomy":"product_tag","embeddable":true,"href":"https:\/\/www.okval.com\/fr\/wp-json\/wp\/v2\/product_tag?post=2824"}],"curies":[{"name":"wp","href":"https:\/\/api.w.org\/{rel}","templated":true}]}}