{"id":2810,"date":"2024-04-12T15:11:05","date_gmt":"2024-04-12T07:11:05","guid":{"rendered":"https:\/\/www.okval.com\/?post_type=product&#038;p=2810"},"modified":"2024-04-12T18:14:55","modified_gmt":"2024-04-12T10:14:55","slug":"collier-de-selle-avec-2-trous-pour-tuyau-di","status":"publish","type":"product","link":"https:\/\/www.okval.com\/fr\/collier-de-serrage-a-2-trous-pour-tuyau-di-html","title":{"rendered":"Collier de serrage avec 2 trous pour tuyau AC"},"content":{"rendered":"<p><span class=\"fontstyle3\">\u25a0 Caract\u00e9ristiques<br \/>\n<\/span><span class=\"fontstyle2\">\u00b7 Rev\u00eatement \u00e9poxy min. 250 microns.<br \/>\n\u00b7 Pression de service PN10, PN16<\/span><span class=\"fontstyle4\">.<\/span><\/p>\n<p><span class=\"fontstyle3\">\u25a0 Principales pi\u00e8ces et mat\u00e9riaux<br \/>\n<\/span><span class=\"fontstyle2\">\u00b7 Mat\u00e9riau en fonte ductile avec rev\u00eatement FBE<br \/>\n\u00b7 Boulons et \u00e9crous en acier galvanis\u00e9<br \/>\n<\/span><span class=\"fontstyle3\">\u25a0 Joint<br \/>\n<\/span><span class=\"fontstyle2\">\u00b7 Joint EPDM<br \/>\n<\/span><span class=\"fontstyle3\">\u25a0 Dimensions (MM)<br \/>\n<\/span><\/p>\n<table class=\"NormalTable\">\n<tbody>\n<tr>\n<td width=\"126\"><span class=\"fontstyle0\">Taille <\/span><\/td>\n<td width=\"126\"><span class=\"fontstyle0\">g <\/span><\/td>\n<td width=\"126\"><span class=\"fontstyle0\">h1 <\/span><\/td>\n<td width=\"126\"><span class=\"fontstyle0\">h2 <\/span><\/td>\n<td width=\"126\"><span class=\"fontstyle0\">h3 <\/span><\/td>\n<td width=\"126\"><span class=\"fontstyle0\">r1<\/span><\/td>\n<\/tr>\n<tr>\n<td width=\"126\"><span class=\"fontstyle2\">60\u00d720 <\/span><\/td>\n<td width=\"126\"><span class=\"fontstyle2\">M40x3 <\/span><\/td>\n<td width=\"126\"><span class=\"fontstyle2\">22 <\/span><\/td>\n<td width=\"126\"><span class=\"fontstyle2\">31.5 <\/span><\/td>\n<td width=\"126\"><span class=\"fontstyle2\">31.5 <\/span><\/td>\n<td width=\"126\"><span class=\"fontstyle2\">43<\/span><\/td>\n<\/tr>\n<tr>\n<td width=\"126\"><span class=\"fontstyle2\">80\u00d720 <\/span><\/td>\n<td width=\"126\"><span class=\"fontstyle2\">M40x3 <\/span><\/td>\n<td width=\"126\"><span class=\"fontstyle2\">22 <\/span><\/td>\n<td width=\"126\"><span class=\"fontstyle2\">42.5 <\/span><\/td>\n<td width=\"126\"><span class=\"fontstyle2\">42.5 <\/span><\/td>\n<td width=\"126\"><span class=\"fontstyle2\">54<\/span><\/td>\n<\/tr>\n<tr>\n<td width=\"126\"><span class=\"fontstyle2\">100\u00d720 <\/span><\/td>\n<td width=\"126\"><span class=\"fontstyle2\">M40x3 <\/span><\/td>\n<td width=\"126\"><span class=\"fontstyle2\">22 <\/span><\/td>\n<td width=\"126\"><span class=\"fontstyle2\">54.5 <\/span><\/td>\n<td width=\"126\"><span class=\"fontstyle2\">54.5 <\/span><\/td>\n<td width=\"126\"><span class=\"fontstyle2\">66<\/span><\/td>\n<\/tr>\n<tr>\n<td width=\"126\"><span class=\"fontstyle2\">125\u00d720 <\/span><\/td>\n<td width=\"126\"><span class=\"fontstyle2\">M40x3 <\/span><\/td>\n<td width=\"126\"><span class=\"fontstyle2\">22 <\/span><\/td>\n<td width=\"126\"><span class=\"fontstyle2\">68.5 <\/span><\/td>\n<td width=\"126\"><span class=\"fontstyle2\">68.5 <\/span><\/td>\n<td width=\"126\"><span class=\"fontstyle2\">79<\/span><\/td>\n<\/tr>\n<tr>\n<td width=\"126\"><span class=\"fontstyle2\">150\u00d720 <\/span><\/td>\n<td width=\"126\"><span class=\"fontstyle2\">M40x3 <\/span><\/td>\n<td width=\"126\"><span class=\"fontstyle2\">22 <\/span><\/td>\n<td width=\"126\"><span class=\"fontstyle2\">82.5 <\/span><\/td>\n<td width=\"126\"><span class=\"fontstyle2\">82.5 <\/span><\/td>\n<td width=\"126\"><span class=\"fontstyle2\">94<\/span><\/td>\n<\/tr>\n<tr>\n<td width=\"126\"><span class=\"fontstyle2\">200\u00d720 <\/span><\/td>\n<td width=\"126\"><span class=\"fontstyle2\">M40x3 <\/span><\/td>\n<td width=\"126\"><span class=\"fontstyle2\">22 <\/span><\/td>\n<td width=\"126\"><span class=\"fontstyle2\">113.5 <\/span><\/td>\n<td width=\"126\"><span class=\"fontstyle2\">113.5 <\/span><\/td>\n<td width=\"126\"><span class=\"fontstyle2\">125<\/span><\/td>\n<\/tr>\n<tr>\n<td width=\"126\"><span class=\"fontstyle2\">250\u00d720 <\/span><\/td>\n<td width=\"126\"><span class=\"fontstyle2\">M40x3 <\/span><\/td>\n<td width=\"126\"><span class=\"fontstyle2\">22 <\/span><\/td>\n<td width=\"126\"><span class=\"fontstyle2\">139.5 <\/span><\/td>\n<td width=\"126\"><span class=\"fontstyle2\">139.5 <\/span><\/td>\n<td width=\"126\"><span class=\"fontstyle2\">151<\/span><\/td>\n<\/tr>\n<tr>\n<td width=\"126\"><span class=\"fontstyle2\">300\u00d720 <\/span><\/td>\n<td width=\"126\"><span class=\"fontstyle2\">M40x3 <\/span><\/td>\n<td width=\"126\"><span class=\"fontstyle2\">22 <\/span><\/td>\n<td width=\"126\"><span class=\"fontstyle2\">169 <\/span><\/td>\n<td width=\"126\"><span class=\"fontstyle2\">169 <\/span><\/td>\n<td width=\"126\"><span class=\"fontstyle2\">180.5<\/span><\/td>\n<\/tr>\n<tr>\n<td width=\"126\"><span class=\"fontstyle2\">60\u00d740 <\/span><\/td>\n<td width=\"126\"><span class=\"fontstyle2\">M55x3 <\/span><\/td>\n<td width=\"126\"><span class=\"fontstyle2\">22 <\/span><\/td>\n<td width=\"126\"><span class=\"fontstyle2\">31.5 <\/span><\/td>\n<td width=\"126\"><span class=\"fontstyle2\">31.5 <\/span><\/td>\n<td width=\"126\"><span class=\"fontstyle2\">43<\/span><\/td>\n<\/tr>\n<tr>\n<td width=\"126\"><span class=\"fontstyle2\">80\u00d740 <\/span><\/td>\n<td width=\"126\"><span class=\"fontstyle2\">M55x3 <\/span><\/td>\n<td width=\"126\"><span class=\"fontstyle2\">22 <\/span><\/td>\n<td width=\"126\"><span class=\"fontstyle2\">42.5 <\/span><\/td>\n<td width=\"126\"><span class=\"fontstyle2\">42.5 <\/span><\/td>\n<td width=\"126\"><span class=\"fontstyle2\">54<\/span><\/td>\n<\/tr>\n<tr>\n<td width=\"126\"><span class=\"fontstyle2\">100\u00d740 <\/span><\/td>\n<td width=\"126\"><span class=\"fontstyle2\">M55x3 <\/span><\/td>\n<td width=\"126\"><span class=\"fontstyle2\">22 <\/span><\/td>\n<td width=\"126\"><span class=\"fontstyle2\">54.5 <\/span><\/td>\n<td width=\"126\"><span class=\"fontstyle2\">54.5 <\/span><\/td>\n<td width=\"126\"><span class=\"fontstyle2\">66<\/span><\/td>\n<\/tr>\n<tr>\n<td width=\"126\"><span class=\"fontstyle2\">125\u00d740 <\/span><\/td>\n<td width=\"126\"><span class=\"fontstyle2\">M55x3 <\/span><\/td>\n<td width=\"126\"><span class=\"fontstyle2\">22 <\/span><\/td>\n<td width=\"126\"><span class=\"fontstyle2\">68 <\/span><\/td>\n<td width=\"126\"><span class=\"fontstyle2\">68 <\/span><\/td>\n<td width=\"126\"><span class=\"fontstyle2\">79<\/span><\/td>\n<\/tr>\n<tr>\n<td width=\"126\"><span class=\"fontstyle2\">150\u00d740 <\/span><\/td>\n<td width=\"126\"><span class=\"fontstyle2\">M55x3 <\/span><\/td>\n<td width=\"126\"><span class=\"fontstyle2\">22 <\/span><\/td>\n<td width=\"126\"><span class=\"fontstyle2\">82.5 <\/span><\/td>\n<td width=\"126\"><span class=\"fontstyle2\">82.5 <\/span><\/td>\n<td width=\"126\"><span class=\"fontstyle2\">94<\/span><\/td>\n<\/tr>\n<tr>\n<td width=\"126\"><span class=\"fontstyle2\">200\u00d740 <\/span><\/td>\n<td width=\"126\"><span class=\"fontstyle2\">M55x3 <\/span><\/td>\n<td width=\"126\"><span class=\"fontstyle2\">22 <\/span><\/td>\n<td width=\"126\"><span class=\"fontstyle2\">113.5 <\/span><\/td>\n<td width=\"126\"><span class=\"fontstyle2\">113.5 <\/span><\/td>\n<td width=\"126\"><span class=\"fontstyle2\">125<\/span><\/td>\n<\/tr>\n<tr>\n<td width=\"126\"><span class=\"fontstyle2\">250\u00d740 <\/span><\/td>\n<td width=\"126\"><span class=\"fontstyle2\">M55x3 <\/span><\/td>\n<td width=\"126\"><span class=\"fontstyle2\">22 <\/span><\/td>\n<td width=\"126\"><span class=\"fontstyle2\">139.5 <\/span><\/td>\n<td width=\"126\"><span class=\"fontstyle2\">139.5 <\/span><\/td>\n<td width=\"126\"><span class=\"fontstyle2\">151<\/span><\/td>\n<\/tr>\n<tr>\n<td width=\"126\"><span class=\"fontstyle2\">300\u00d740 <\/span><\/td>\n<td width=\"126\"><span class=\"fontstyle2\">M55x3 <\/span><\/td>\n<td width=\"126\"><span class=\"fontstyle2\">22 <\/span><\/td>\n<td width=\"126\"><span class=\"fontstyle2\">169 <\/span><\/td>\n<td width=\"126\"><span class=\"fontstyle2\">169 <\/span><\/td>\n<td width=\"126\"><span class=\"fontstyle2\">180.5<\/span><\/td>\n<\/tr>\n<\/tbody>\n<\/table>\n<p>&nbsp;<\/p>","protected":false},"excerpt":{"rendered":"<p>Les colliers de serrage sont des dispositifs de fixation polyvalents utilis\u00e9s pour fixer des tuyaux ou des tubes. Ces colliers offrent stabilit\u00e9, support et point de fixation s\u00e9curis\u00e9 pour les tuyaux, silencieux et autres composants. Que ce soit dans les applications industrielles ou dans les syst\u00e8mes d&#039;\u00e9chappement, les colliers de serrage jouent un r\u00f4le crucial dans le maintien de l&#039;int\u00e9grit\u00e9 structurelle.<\/p>","protected":false},"featured_media":2812,"template":"","meta":[],"product_brand":[],"product_cat":[37,172],"product_tag":[245],"class_list":{"0":"post-2810","1":"product","2":"type-product","3":"status-publish","4":"has-post-thumbnail","6":"product_cat-pipe-joints","7":"product_cat-saddle-clamp","8":"product_tag-saddle-clamp","10":"first","11":"instock","12":"shipping-taxable","13":"product-type-simple"},"aioseo_notices":[],"_links":{"self":[{"href":"https:\/\/www.okval.com\/fr\/wp-json\/wp\/v2\/product\/2810","targetHints":{"allow":["GET"]}}],"collection":[{"href":"https:\/\/www.okval.com\/fr\/wp-json\/wp\/v2\/product"}],"about":[{"href":"https:\/\/www.okval.com\/fr\/wp-json\/wp\/v2\/types\/product"}],"wp:featuredmedia":[{"embeddable":true,"href":"https:\/\/www.okval.com\/fr\/wp-json\/wp\/v2\/media\/2812"}],"wp:attachment":[{"href":"https:\/\/www.okval.com\/fr\/wp-json\/wp\/v2\/media?parent=2810"}],"wp:term":[{"taxonomy":"product_brand","embeddable":true,"href":"https:\/\/www.okval.com\/fr\/wp-json\/wp\/v2\/product_brand?post=2810"},{"taxonomy":"product_cat","embeddable":true,"href":"https:\/\/www.okval.com\/fr\/wp-json\/wp\/v2\/product_cat?post=2810"},{"taxonomy":"product_tag","embeddable":true,"href":"https:\/\/www.okval.com\/fr\/wp-json\/wp\/v2\/product_tag?post=2810"}],"curies":[{"name":"wp","href":"https:\/\/api.w.org\/{rel}","templated":true}]}}