{"id":2804,"date":"2024-04-12T15:00:57","date_gmt":"2024-04-12T07:00:57","guid":{"rendered":"https:\/\/www.okval.com\/?post_type=product&#038;p=2804"},"modified":"2024-04-12T15:01:01","modified_gmt":"2024-04-12T07:01:01","slug":"collier-de-selle-avec-bande-ss","status":"publish","type":"product","link":"https:\/\/www.okval.com\/fr\/collier-de-serrage-de-selle-avec-bande-ss-html","title":{"rendered":"Collier de serrage avec bande SS"},"content":{"rendered":"<p><span class=\"fontstyle0\"><strong>Caract\u00e9ristiques:<\/strong><br \/>\n<\/span><span class=\"fontstyle1\">\u00b7 Corps de sortie selon la norme EN 545.<br \/>\n\u00b7 Largeur de bande 40 mm et 60 mm, \u00e9paisseur 1,\uff08minimum\uff09<br \/>\n\u00b7 Rev\u00eatement \u00e9poxy min. 250 microns.<br \/>\n\u00b7 Pression de service PN16<\/span><br \/>\n<span class=\"fontstyle0\">\u00b7 EPDM selon BS EN681-1 (WRAS)<\/span><\/p>\n<p><strong>Mat\u00e9riaux:<\/strong><\/p>\n<p><span class=\"fontstyle1\">\u00b7 Corps en fonte ductile.<br \/>\n\u00b7 La bande, les boulons, les \u00e9crous et la rondelle sont en acier inoxydable.<\/span><\/p>\n<p><strong><span class=\"fontstyle0\">\u00a0Dimensions (MM):<\/span><\/strong><\/p>\n<table class=\"NormalTable\">\n<tbody>\n<tr>\n<td width=\"89\"><span class=\"fontstyle0\">Taille <\/span><\/td>\n<td width=\"120\"><span class=\"fontstyle0\">Normale <\/span><\/td>\n<td width=\"90\"><span class=\"fontstyle0\">Gamme <\/span><\/td>\n<td width=\"116\"><span class=\"fontstyle0\">Boulons <\/span><\/td>\n<td width=\"89\"><span class=\"fontstyle0\">Taille <\/span><\/td>\n<td width=\"121\"><span class=\"fontstyle0\">Normale <\/span><\/td>\n<td width=\"89\"><span class=\"fontstyle0\">Gamme <\/span><\/td>\n<td width=\"115\"><span class=\"fontstyle0\">Boulons<\/span><\/td>\n<\/tr>\n<tr>\n<td width=\"120\"><span class=\"fontstyle0\">DN <\/span><\/td>\n<td width=\"90\"><span class=\"fontstyle0\">mm <\/span><\/td>\n<td width=\"116\"><span class=\"fontstyle0\">Diam\u00e8tre et longueur <\/span><\/td>\n<td width=\"121\"><span class=\"fontstyle0\">DN <\/span><\/td>\n<td width=\"89\"><span class=\"fontstyle0\">mm <\/span><\/td>\n<td width=\"115\"><span class=\"fontstyle0\">Diam\u00e8tre et longueur<\/span><\/td>\n<\/tr>\n<tr>\n<td width=\"89\"><span class=\"fontstyle2\">DN50 <\/span><\/td>\n<td width=\"120\"><span class=\"fontstyle2\">340 x 1, 1 1\/4 <\/span><\/td>\n<td width=\"90\"><span class=\"fontstyle2\">55-75 <\/span><\/td>\n<td width=\"116\"><span class=\"fontstyle2\">M12x130 <\/span><\/td>\n<td width=\"89\"><span class=\"fontstyle2\">DN200 <\/span><\/td>\n<td width=\"121\"><span class=\"fontstyle2\">350 x 1 1\/2, 2 <\/span><\/td>\n<td width=\"89\"><span class=\"fontstyle2\">200-227 <\/span><\/td>\n<td width=\"115\"><span class=\"fontstyle2\">M16x120<\/span><\/td>\n<\/tr>\n<tr>\n<td width=\"89\"><span class=\"fontstyle2\">DN65 <\/span><\/td>\n<td width=\"120\"><span class=\"fontstyle2\">340 x 1, 1 1\/4 <\/span><\/td>\n<td width=\"90\"><span class=\"fontstyle2\">70-90 <\/span><\/td>\n<td width=\"116\"><span class=\"fontstyle2\">M12x130 <\/span><\/td>\n<td width=\"89\"><span class=\"fontstyle2\">DN200 <\/span><\/td>\n<td width=\"121\"><span class=\"fontstyle2\">350 x 1 1\/2, 2 <\/span><\/td>\n<td width=\"89\"><span class=\"fontstyle2\">215-240 <\/span><\/td>\n<td width=\"115\"><span class=\"fontstyle2\">M16x120<\/span><\/td>\n<\/tr>\n<tr>\n<td width=\"89\"><span class=\"fontstyle2\">DN80 <\/span><\/td>\n<td width=\"120\"><span class=\"fontstyle2\">340 x 1, 1 1\/4 <\/span><\/td>\n<td width=\"90\"><span class=\"fontstyle2\">75-98 <\/span><\/td>\n<td width=\"116\"><span class=\"fontstyle2\">M12x130 <\/span><\/td>\n<td width=\"89\"><span class=\"fontstyle2\">DN200 <\/span><\/td>\n<td width=\"121\"><span class=\"fontstyle2\">350 x 1 1\/2, 2 <\/span><\/td>\n<td width=\"89\"><span class=\"fontstyle2\">230-255 <\/span><\/td>\n<td width=\"115\"><span class=\"fontstyle2\">M16x120<\/span><\/td>\n<\/tr>\n<tr>\n<td width=\"89\"><span class=\"fontstyle2\">DN80 <\/span><\/td>\n<td width=\"120\"><span class=\"fontstyle2\">340 x 1, 1 1\/4 <\/span><\/td>\n<td width=\"90\"><span class=\"fontstyle2\">87-107 <\/span><\/td>\n<td width=\"116\"><span class=\"fontstyle2\">M12x130 <\/span><\/td>\n<td width=\"89\"><span class=\"fontstyle2\">DN250 <\/span><\/td>\n<td width=\"121\"><span class=\"fontstyle2\">350 x 1 1\/2, 2 <\/span><\/td>\n<td width=\"89\"><span class=\"fontstyle2\">260-285 <\/span><\/td>\n<td width=\"115\"><span class=\"fontstyle2\">M16x120<\/span><\/td>\n<\/tr>\n<tr>\n<td width=\"89\"><span class=\"fontstyle2\">DN100 <\/span><\/td>\n<td width=\"120\"><span class=\"fontstyle2\">340 x 1, 1 1\/4 <\/span><\/td>\n<td width=\"90\"><span class=\"fontstyle2\">97-118 <\/span><\/td>\n<td width=\"116\"><span class=\"fontstyle2\">M12x130 <\/span><\/td>\n<td width=\"89\"><span class=\"fontstyle2\">DN250 <\/span><\/td>\n<td width=\"121\"><span class=\"fontstyle2\">350 x 1 1\/2, 2 <\/span><\/td>\n<td width=\"89\"><span class=\"fontstyle2\">285-310 <\/span><\/td>\n<td width=\"115\"><span class=\"fontstyle2\">M16x120<\/span><\/td>\n<\/tr>\n<tr>\n<td width=\"89\"><span class=\"fontstyle2\">DN100 <\/span><\/td>\n<td width=\"120\"><span class=\"fontstyle2\">340 x 1, 1 1\/4 <\/span><\/td>\n<td width=\"90\"><span class=\"fontstyle2\">105-125 <\/span><\/td>\n<td width=\"116\"><span class=\"fontstyle2\">M12x130 <\/span><\/td>\n<td width=\"89\"><span class=\"fontstyle2\">DN300 <\/span><\/td>\n<td width=\"121\"><span class=\"fontstyle2\">350 x 1 1\/2, 2 <\/span><\/td>\n<td width=\"89\"><span class=\"fontstyle2\">315-340 <\/span><\/td>\n<td width=\"115\"><span class=\"fontstyle2\">M16x120<\/span><\/td>\n<\/tr>\n<tr>\n<td width=\"89\"><span class=\"fontstyle2\">DN100 <\/span><\/td>\n<td width=\"120\"><span class=\"fontstyle2\">340 x 1, 1 1\/4 <\/span><\/td>\n<td width=\"90\"><span class=\"fontstyle2\">110-133 <\/span><\/td>\n<td width=\"116\"><span class=\"fontstyle2\">M12x130 <\/span><\/td>\n<td width=\"89\"><span class=\"fontstyle2\">DN300 <\/span><\/td>\n<td width=\"121\"><span class=\"fontstyle2\">350 x 1 1\/2, 2 <\/span><\/td>\n<td width=\"89\"><span class=\"fontstyle2\">338-365 <\/span><\/td>\n<td width=\"115\"><span class=\"fontstyle2\">M16x120<\/span><\/td>\n<\/tr>\n<tr>\n<td width=\"89\"><span class=\"fontstyle2\">DN125 <\/span><\/td>\n<td width=\"120\"><span class=\"fontstyle2\">340 x 1, 1 1\/4 <\/span><\/td>\n<td width=\"90\"><span class=\"fontstyle2\">130-155 <\/span><\/td>\n<td width=\"116\"><span class=\"fontstyle2\">M12x130 <\/span><\/td>\n<td width=\"89\"><span class=\"fontstyle2\">DN350 <\/span><\/td>\n<td width=\"121\"><span class=\"fontstyle2\">350 x 1 1\/2, 2 <\/span><\/td>\n<td width=\"89\"><span class=\"fontstyle2\">344-372 <\/span><\/td>\n<td width=\"115\"><span class=\"fontstyle2\">M16x120<\/span><\/td>\n<\/tr>\n<tr>\n<td width=\"89\"><span class=\"fontstyle2\">DN150 <\/span><\/td>\n<td width=\"120\"><span class=\"fontstyle2\">350 x 1 1\/2, 2 <\/span><\/td>\n<td width=\"90\"><span class=\"fontstyle2\">158-177 <\/span><\/td>\n<td width=\"116\"><span class=\"fontstyle2\">M12x130 <\/span><\/td>\n<td width=\"89\"><span class=\"fontstyle2\">DN350 <\/span><\/td>\n<td width=\"121\"><span class=\"fontstyle2\">350 x 1 1\/2, 2 <\/span><\/td>\n<td width=\"89\"><span class=\"fontstyle2\">368-384 <\/span><\/td>\n<td width=\"115\"><span class=\"fontstyle2\">M16x120<\/span><\/td>\n<\/tr>\n<tr>\n<td width=\"89\"><span class=\"fontstyle2\">DN150 <\/span><\/td>\n<td width=\"120\"><span class=\"fontstyle2\">350 x 1 1\/2, 2 <\/span><\/td>\n<td width=\"90\"><span class=\"fontstyle2\">158-190 <\/span><\/td>\n<td width=\"116\"><span class=\"fontstyle2\">M12x130 <\/span><\/td>\n<td width=\"89\"><span class=\"fontstyle2\">DN400 <\/span><\/td>\n<td width=\"121\"><span class=\"fontstyle2\">350 x 1 1\/2, 2 <\/span><\/td>\n<td width=\"89\"><span class=\"fontstyle2\">394-420 <\/span><\/td>\n<td width=\"115\"><span class=\"fontstyle2\">M16x120<\/span><\/td>\n<\/tr>\n<tr>\n<td width=\"89\"><span class=\"fontstyle2\">DN150 <\/span><\/td>\n<td width=\"120\"><span class=\"fontstyle2\">350 x 1 1\/2, 2 <\/span><\/td>\n<td width=\"90\"><span class=\"fontstyle2\">161-186 <\/span><\/td>\n<td width=\"116\"><span class=\"fontstyle2\">M16x120 <\/span><\/td>\n<td width=\"89\"><span class=\"fontstyle2\">DN400 <\/span><\/td>\n<td width=\"121\"><span class=\"fontstyle2\">350 x 1 1\/2, 2 <\/span><\/td>\n<td width=\"89\"><span class=\"fontstyle2\">404-430 <\/span><\/td>\n<td width=\"115\"><span class=\"fontstyle2\">M16x120<\/span><\/td>\n<\/tr>\n<tr>\n<td width=\"89\"><span class=\"fontstyle2\">DN175 <\/span><\/td>\n<td width=\"120\"><span class=\"fontstyle2\">350 x 1 1\/2, 2 <\/span><\/td>\n<td width=\"90\"><span class=\"fontstyle2\">185-210 <\/span><\/td>\n<td width=\"116\"><span class=\"fontstyle2\">M16x120 <\/span><\/td>\n<td width=\"89\"><span class=\"fontstyle2\">DN400 <\/span><\/td>\n<td width=\"121\"><span class=\"fontstyle2\">350 x 1 1\/2, 2 <\/span><\/td>\n<td width=\"89\"><span class=\"fontstyle2\">418-443 <\/span><\/td>\n<td width=\"115\"><span class=\"fontstyle2\">M16x120<\/span><\/td>\n<\/tr>\n<tr>\n<td width=\"89\"><span class=\"fontstyle2\">DN200 <\/span><\/td>\n<td width=\"120\"><span class=\"fontstyle2\">350 x 1 1\/2, 2 <\/span><\/td>\n<td width=\"90\"><span class=\"fontstyle2\">190-230 <\/span><\/td>\n<td width=\"116\"><span class=\"fontstyle2\">M16x120 <\/span><\/td>\n<td width=\"89\"><span class=\"fontstyle2\">DN450 <\/span><\/td>\n<td width=\"121\"><span class=\"fontstyle2\">350 x 1 1\/2, 2 <\/span><\/td>\n<td width=\"89\"><span class=\"fontstyle2\">474-493 <\/span><\/td>\n<td width=\"115\"><span class=\"fontstyle2\">M16x120<\/span><\/td>\n<\/tr>\n<\/tbody>\n<\/table>\n<p>&nbsp;<\/p>","protected":false},"excerpt":{"rendered":"<p>Les colliers de serrage sont des dispositifs de fixation polyvalents utilis\u00e9s pour fixer des tuyaux ou des tubes. Ces colliers offrent stabilit\u00e9, support et point de fixation s\u00e9curis\u00e9 pour les tuyaux, silencieux et autres composants. Que ce soit dans les applications industrielles ou dans les syst\u00e8mes d&#039;\u00e9chappement, les colliers de serrage jouent un r\u00f4le crucial dans le maintien de l&#039;int\u00e9grit\u00e9 structurelle.<\/p>","protected":false},"featured_media":2807,"template":"","meta":[],"product_brand":[],"product_cat":[37,172],"product_tag":[245],"class_list":{"0":"post-2804","1":"product","2":"type-product","3":"status-publish","4":"has-post-thumbnail","6":"product_cat-pipe-joints","7":"product_cat-saddle-clamp","8":"product_tag-saddle-clamp","10":"first","11":"instock","12":"shipping-taxable","13":"product-type-simple"},"aioseo_notices":[],"_links":{"self":[{"href":"https:\/\/www.okval.com\/fr\/wp-json\/wp\/v2\/product\/2804","targetHints":{"allow":["GET"]}}],"collection":[{"href":"https:\/\/www.okval.com\/fr\/wp-json\/wp\/v2\/product"}],"about":[{"href":"https:\/\/www.okval.com\/fr\/wp-json\/wp\/v2\/types\/product"}],"wp:featuredmedia":[{"embeddable":true,"href":"https:\/\/www.okval.com\/fr\/wp-json\/wp\/v2\/media\/2807"}],"wp:attachment":[{"href":"https:\/\/www.okval.com\/fr\/wp-json\/wp\/v2\/media?parent=2804"}],"wp:term":[{"taxonomy":"product_brand","embeddable":true,"href":"https:\/\/www.okval.com\/fr\/wp-json\/wp\/v2\/product_brand?post=2804"},{"taxonomy":"product_cat","embeddable":true,"href":"https:\/\/www.okval.com\/fr\/wp-json\/wp\/v2\/product_cat?post=2804"},{"taxonomy":"product_tag","embeddable":true,"href":"https:\/\/www.okval.com\/fr\/wp-json\/wp\/v2\/product_tag?post=2804"}],"curies":[{"name":"wp","href":"https:\/\/api.w.org\/{rel}","templated":true}]}}