{"id":2779,"date":"2024-04-09T13:30:59","date_gmt":"2024-04-09T05:30:59","guid":{"rendered":"https:\/\/www.okval.com\/?post_type=product&#038;p=2779"},"modified":"2024-04-09T13:36:08","modified_gmt":"2024-04-09T05:36:08","slug":"joint-gibault-pour-tuyau-de-climatisation","status":"publish","type":"product","link":"https:\/\/www.okval.com\/fr\/joint-gibault-pour-tuyau-ca-html","title":{"rendered":"Joint Gibault pour tuyau AC"},"content":{"rendered":"<p><strong>Caract\u00e9ristiques:<\/strong><\/p>\n<ul>\n<li>Fonte robuste, r\u00e9paration de tuyaux de style ancien<\/li>\n<li>Enduit de bitume pour pr\u00e9venir la rouille et la corrosion<\/li>\n<li>Livr\u00e9 avec \u00e9crous et boulons galvanis\u00e9s<\/li>\n<li>Anneaux en caoutchouc de rechange disponibles pour toutes les tailles, veuillez nous renseigner<\/li>\n<li>DN80-DN300<\/li>\n<\/ul>\n<p><meta name=\"keywords\" content=\"gibault\uff0cGibault joints \uff0cConnection Joints\uff0ccampana gibault\uff0cUnion Gibault copia\uff0cDismantling Joints,Ductile Iron Grooved Fittings,Fundici\u00f3n,brida,PVC Ductile Iron Pipe Fitting,Flexible Coupling,Flanged Adaptor,Dismantling Joint,GIBAULT JOINT,ISO 2531, EN 545\uff0cen598,rubber gaskets,BS 4772,AINSI \/AWWA C151,AWWA C104,pipe fittings,Gibault Joints,Union gibault,Uni\u00f3n Gibault ,mec\u00e1nica universal,Junta gibault,\u0e22\u0e35\u0e42\u0e1a\u0e25\u0e17\u0e4c,Pipe Repair Coupling,Joints gibault Adduction eau potable,Gibault joints for PVC pipe,Gibault joints for AC pipe,Gasket epdm O ring, A gasket,Gibault joints and couplings,EN545,ISO2531,Pipe joints\"><\/p>","protected":false},"excerpt":{"rendered":"<p>Ce joint Gibault est con\u00e7u sp\u00e9cifiquement pour l&#039;extr\u00e9mit\u00e9 lisse des tuyaux AC. Pour les autres tuyaux, nous les appelons normalement raccord qui est utilis\u00e9 pour connecter les extr\u00e9mit\u00e9s lisses des tuyaux. Compar\u00e9 au raccord universel, le joint Gibault est con\u00e7u sp\u00e9cifiquement pour le diam\u00e8tre ext\u00e9rieur d&#039;un tuyau, de sorte que sa dimension s&#039;adapte avec pr\u00e9cision au diam\u00e8tre ext\u00e9rieur du tuyau. rendant le serrage tr\u00e8s rapide et facile. Les performances d&#039;\u00e9tanch\u00e9it\u00e9 sont tr\u00e8s bonnes. Le joint gibault peut r\u00e9sister \u00e0 des pressions plus \u00e9lev\u00e9es qu&#039;un <a href=\"https:\/\/pipefittingandvalve.com\/flexible-pipe-coupling\/\" target=\"_blank\" rel=\"noopener\">Couplage \u00e0 large plage<\/a>\u00a0de la m\u00eame taille.<\/p>","protected":false},"featured_media":2780,"template":"","meta":[],"product_brand":[],"product_cat":[37,173],"product_tag":[244],"class_list":{"0":"post-2779","1":"product","2":"type-product","3":"status-publish","4":"has-post-thumbnail","6":"product_cat-pipe-joints","7":"product_cat-gibault-joints","8":"product_tag-gibault-joints","10":"first","11":"instock","12":"shipping-taxable","13":"product-type-simple"},"aioseo_notices":[],"_links":{"self":[{"href":"https:\/\/www.okval.com\/fr\/wp-json\/wp\/v2\/product\/2779","targetHints":{"allow":["GET"]}}],"collection":[{"href":"https:\/\/www.okval.com\/fr\/wp-json\/wp\/v2\/product"}],"about":[{"href":"https:\/\/www.okval.com\/fr\/wp-json\/wp\/v2\/types\/product"}],"wp:featuredmedia":[{"embeddable":true,"href":"https:\/\/www.okval.com\/fr\/wp-json\/wp\/v2\/media\/2780"}],"wp:attachment":[{"href":"https:\/\/www.okval.com\/fr\/wp-json\/wp\/v2\/media?parent=2779"}],"wp:term":[{"taxonomy":"product_brand","embeddable":true,"href":"https:\/\/www.okval.com\/fr\/wp-json\/wp\/v2\/product_brand?post=2779"},{"taxonomy":"product_cat","embeddable":true,"href":"https:\/\/www.okval.com\/fr\/wp-json\/wp\/v2\/product_cat?post=2779"},{"taxonomy":"product_tag","embeddable":true,"href":"https:\/\/www.okval.com\/fr\/wp-json\/wp\/v2\/product_tag?post=2779"}],"curies":[{"name":"wp","href":"https:\/\/api.w.org\/{rel}","templated":true}]}}