{"id":2775,"date":"2024-04-09T13:04:55","date_gmt":"2024-04-09T05:04:55","guid":{"rendered":"https:\/\/www.okval.com\/?post_type=product&#038;p=2775"},"modified":"2024-04-09T13:36:49","modified_gmt":"2024-04-09T05:36:49","slug":"joint-gibault-pour-tuyau-pvc-avec-joint-type","status":"publish","type":"product","link":"https:\/\/www.okval.com\/fr\/joint-gibault-pour-tuyau-pvc-avec-un-joint-de-type-html","title":{"rendered":"Joint Gibault pour tuyau PVC avec joint type A"},"content":{"rendered":"<p><meta name=\"keywords\" content=\"gibault\uff0cGibault joints \uff0cConnection Joints\uff0ccampana gibault\uff0cUnion Gibault copia\uff0cDismantling Joints,Ductile Iron Grooved Fittings,Fundici\u00f3n,brida,PVC Ductile Iron Pipe Fitting,Flexible Coupling,Flanged Adaptor,Dismantling Joint,GIBAULT JOINT,ISO 2531, EN 545\uff0cen598,rubber gaskets,BS 4772,AINSI \/AWWA C151,AWWA C104,pipe fittings,Gibault Joints,Union gibault,Uni\u00f3n Gibault ,mec\u00e1nica universal,Junta gibault,\u0e22\u0e35\u0e42\u0e1a\u0e25\u0e17\u0e4c,Pipe Repair Coupling,Joints gibault Adduction eau potable,Gibault joints for PVC pipe,Gibault joints for AC pipe,Gasket epdm O ring, A gasket,Gibault joints and couplings,EN545,ISO2531,Pipe joints\"><\/p>\n<p><strong><span class=\"fontstyle0\">Caract\u00e9ristiques<\/span><\/strong><\/p>\n<p><span class=\"fontstyle0\">\u00b7 Manchette :Fonte ductile GGG50<br \/>\n\u00b7 Bague d&#039;extr\u00e9mit\u00e9 :Fonte ductile GGG50<br \/>\n\u00b7 Joint\u00a0:EPDM\/NBR type A<br \/>\n\u00b7 \u00c9crou de boulon\u00a0: acier galvanis\u00e9<br \/>\n\u00b7 Pression PN10 PN16<\/span><\/p>\n<p><strong>Dimensions(mm)<\/strong><\/p>\n<table width=\"313\">\n<tbody>\n<tr>\n<td width=\"59\">Diam\u00e8tre ext\u00e9rieur du tuyau<\/td>\n<td width=\"59\">C<\/td>\n<td width=\"59\">UN<\/td>\n<td width=\"59\">L<\/td>\n<td width=\"77\">Quantit\u00e9 de boulons<\/td>\n<\/tr>\n<tr>\n<td>50<\/td>\n<td>85<\/td>\n<td>130<\/td>\n<td>170<\/td>\n<td>2<\/td>\n<\/tr>\n<tr>\n<td>63<\/td>\n<td>85<\/td>\n<td>142<\/td>\n<td>155<\/td>\n<td>2<\/td>\n<\/tr>\n<tr>\n<td>75<\/td>\n<td>100<\/td>\n<td>157<\/td>\n<td>170<\/td>\n<td>2<\/td>\n<\/tr>\n<tr>\n<td>90<\/td>\n<td>100<\/td>\n<td>172<\/td>\n<td>170<\/td>\n<td>2<\/td>\n<\/tr>\n<tr>\n<td>110<\/td>\n<td>100<\/td>\n<td>175<\/td>\n<td>170<\/td>\n<td>3<\/td>\n<\/tr>\n<tr>\n<td>125<\/td>\n<td>100<\/td>\n<td>192<\/td>\n<td>170<\/td>\n<td>3<\/td>\n<\/tr>\n<tr>\n<td>140<\/td>\n<td>100<\/td>\n<td>200<\/td>\n<td>170<\/td>\n<td>3<\/td>\n<\/tr>\n<tr>\n<td>160<\/td>\n<td>130<\/td>\n<td>250<\/td>\n<td>210<\/td>\n<td>4<\/td>\n<\/tr>\n<tr>\n<td>200<\/td>\n<td>140<\/td>\n<td>290<\/td>\n<td>210<\/td>\n<td>4<\/td>\n<\/tr>\n<tr>\n<td>225<\/td>\n<td>140<\/td>\n<td>315<\/td>\n<td>210<\/td>\n<td>4<\/td>\n<\/tr>\n<tr>\n<td>250<\/td>\n<td>140<\/td>\n<td>340<\/td>\n<td>210<\/td>\n<td>6<\/td>\n<\/tr>\n<tr>\n<td>315<\/td>\n<td>140<\/td>\n<td>410<\/td>\n<td>210<\/td>\n<td>6<\/td>\n<\/tr>\n<tr>\n<td>400<\/td>\n<td>180<\/td>\n<td>510<\/td>\n<td>280<\/td>\n<td>8<\/td>\n<\/tr>\n<tr>\n<td>500<\/td>\n<td>180<\/td>\n<td>618<\/td>\n<td>280<\/td>\n<td>10<\/td>\n<\/tr>\n<\/tbody>\n<\/table>","protected":false},"excerpt":{"rendered":"<p>Le joint Gibault est con\u00e7u sp\u00e9cifiquement pour l\u2019extr\u00e9mit\u00e9 lisse des tuyaux en PVC. Pour les autres tuyaux, nous les appelons normalement raccord qui est utilis\u00e9 pour connecter les extr\u00e9mit\u00e9s lisses des tuyaux. Compar\u00e9 au raccord universel, le joint gibault est con\u00e7u sp\u00e9cifiquement pour le diam\u00e8tre ext\u00e9rieur d&#039;un tuyau, de sorte que sa dimension s&#039;adapte avec pr\u00e9cision au diam\u00e8tre ext\u00e9rieur du tuyau. rendant le serrage tr\u00e8s rapide et facile. Les performances d&#039;\u00e9tanch\u00e9it\u00e9 sont tr\u00e8s bonnes. Le joint gibault peut r\u00e9sister \u00e0 des pressions plus \u00e9lev\u00e9es qu&#039;un <a href=\"https:\/\/pipefittingandvalve.com\/flexible-pipe-coupling\/\" target=\"_blank\" rel=\"noopener\">Couplage \u00e0 large plage<\/a>\u00a0de la m\u00eame taille.<\/p>","protected":false},"featured_media":2777,"template":"","meta":[],"product_brand":[],"product_cat":[37,173],"product_tag":[244],"class_list":{"0":"post-2775","1":"product","2":"type-product","3":"status-publish","4":"has-post-thumbnail","6":"product_cat-pipe-joints","7":"product_cat-gibault-joints","8":"product_tag-gibault-joints","10":"first","11":"instock","12":"shipping-taxable","13":"product-type-simple"},"aioseo_notices":[],"_links":{"self":[{"href":"https:\/\/www.okval.com\/fr\/wp-json\/wp\/v2\/product\/2775","targetHints":{"allow":["GET"]}}],"collection":[{"href":"https:\/\/www.okval.com\/fr\/wp-json\/wp\/v2\/product"}],"about":[{"href":"https:\/\/www.okval.com\/fr\/wp-json\/wp\/v2\/types\/product"}],"wp:featuredmedia":[{"embeddable":true,"href":"https:\/\/www.okval.com\/fr\/wp-json\/wp\/v2\/media\/2777"}],"wp:attachment":[{"href":"https:\/\/www.okval.com\/fr\/wp-json\/wp\/v2\/media?parent=2775"}],"wp:term":[{"taxonomy":"product_brand","embeddable":true,"href":"https:\/\/www.okval.com\/fr\/wp-json\/wp\/v2\/product_brand?post=2775"},{"taxonomy":"product_cat","embeddable":true,"href":"https:\/\/www.okval.com\/fr\/wp-json\/wp\/v2\/product_cat?post=2775"},{"taxonomy":"product_tag","embeddable":true,"href":"https:\/\/www.okval.com\/fr\/wp-json\/wp\/v2\/product_tag?post=2775"}],"curies":[{"name":"wp","href":"https:\/\/api.w.org\/{rel}","templated":true}]}}