{"id":2753,"date":"2024-04-07T14:44:11","date_gmt":"2024-04-07T06:44:11","guid":{"rendered":"https:\/\/www.okval.com\/?post_type=product&#038;p=2753"},"modified":"2024-04-07T20:25:54","modified_gmt":"2024-04-07T12:25:54","slug":"vanne-dair-combinee-pour-eaux-usees","status":"publish","type":"product","link":"https:\/\/www.okval.com\/fr\/vanne-dair-combinee-pour-eaux-usees-html","title":{"rendered":"SOUPAPE D&#039;AIR COMBIN\u00c9E POUR EAUX US\u00c9ES"},"content":{"rendered":"<p>\u6c61\u6c34\u7528\u590d\u5408\u5f0f\u7a7a\u6c14\u9600<br \/>\nSOUPAPE D&#039;AIR COMBIN\u00c9E POUR EAUX US\u00c9ES<br \/>\n\u6027\u80fd\u4f18\u52bf:<br \/>\n-Type combin\u00e9, lib\u00e9ration d&#039;air \u00e0 grande vitesse, triple fonction<br \/>\n-Combinaisons enti\u00e8rement en acier inoxydable pour les liquides d&#039;\u00e9gout<br \/>\nAVANTAGE:<br \/>\nCostumes pour pression de service jusqu&#039;\u00e0 PN40 (600PSI)<br \/>\nOrifice de 2 \u00e0 6 mm de diam\u00e8tre pour une ventilation \u00e0 grande vitesse<br \/>\nCombinaisons enti\u00e8rement en acier inoxydable pour les eaux us\u00e9es\/liquides chimiques<br \/>\nAVANTAGE:<br \/>\nR\u00e9f\u00e9rence\u00a0:AWWA C512\/EN1074-4\/CJ-T 217<br \/>\nNorme \uff1aEN1092, B16.5<br \/>\nNorme \uff1aEN1074-1 &amp; 4 \/EN12266<br \/>\nMat\u00e9riau : PN10\/16, CLASSE 125\/150<br \/>\n\u6280\u672f\u53c2\u6570\uff1a<br \/>\nConception selon. \u00c0\u00a0:\u00a0AWWA C512\/EN1074-4\/CJ-T 217<br \/>\nNorme de bride\u00a0: EN1092, B16.5<br \/>\nTest selon. \u00c0\u00a0:\u00a0EN1074-1 et 4 \/EN12266<br \/>\nPression de service\u00a0: PN10\/16, CLASSE 125\/150<\/p>\n<p>&nbsp;<\/p>\n<p><img decoding=\"async\" class=\"size-full wp-image-2755 alignleft\" src=\"https:\/\/www.okval.com\/wp-content\/uploads\/2024\/04\/AIR-VALVE-FOR-SEWAGE-WATER.jpg\" alt=\"\" width=\"702\" height=\"822\" srcset=\"https:\/\/www.okval.com\/wp-content\/uploads\/2024\/04\/AIR-VALVE-FOR-SEWAGE-WATER.jpg 702w, https:\/\/www.okval.com\/wp-content\/uploads\/2024\/04\/AIR-VALVE-FOR-SEWAGE-WATER-256x300.jpg 256w, https:\/\/www.okval.com\/wp-content\/uploads\/2024\/04\/AIR-VALVE-FOR-SEWAGE-WATER-10x12.jpg 10w, https:\/\/www.okval.com\/wp-content\/uploads\/2024\/04\/AIR-VALVE-FOR-SEWAGE-WATER-600x703.jpg 600w, https:\/\/www.okval.com\/wp-content\/uploads\/2024\/04\/AIR-VALVE-FOR-SEWAGE-WATER-150x176.jpg 150w\" sizes=\"(max-width: 702px) 100vw, 702px\" \/><\/p>","protected":false},"excerpt":{"rendered":"<p>\u6c61\u6c34\u7528\u590d\u5408\u5f0f\u7a7a\u6c14\u9600 COMBINATION AIR VALVE FOR SEWAGE WATER \u6027\u80fd\u4f18\u52bf\uff1a -Combination type,high speed air release,triple function -Full stainless steel suits for sewerage<\/p>","protected":false},"featured_media":2750,"template":"","meta":[],"product_brand":[],"product_cat":[180],"product_tag":[],"class_list":{"0":"post-2753","1":"product","2":"type-product","3":"status-publish","4":"has-post-thumbnail","6":"product_cat-air-release-valve","8":"first","9":"instock","10":"featured","11":"shipping-taxable","12":"product-type-simple"},"aioseo_notices":[],"_links":{"self":[{"href":"https:\/\/www.okval.com\/fr\/wp-json\/wp\/v2\/product\/2753","targetHints":{"allow":["GET"]}}],"collection":[{"href":"https:\/\/www.okval.com\/fr\/wp-json\/wp\/v2\/product"}],"about":[{"href":"https:\/\/www.okval.com\/fr\/wp-json\/wp\/v2\/types\/product"}],"wp:featuredmedia":[{"embeddable":true,"href":"https:\/\/www.okval.com\/fr\/wp-json\/wp\/v2\/media\/2750"}],"wp:attachment":[{"href":"https:\/\/www.okval.com\/fr\/wp-json\/wp\/v2\/media?parent=2753"}],"wp:term":[{"taxonomy":"product_brand","embeddable":true,"href":"https:\/\/www.okval.com\/fr\/wp-json\/wp\/v2\/product_brand?post=2753"},{"taxonomy":"product_cat","embeddable":true,"href":"https:\/\/www.okval.com\/fr\/wp-json\/wp\/v2\/product_cat?post=2753"},{"taxonomy":"product_tag","embeddable":true,"href":"https:\/\/www.okval.com\/fr\/wp-json\/wp\/v2\/product_tag?post=2753"}],"curies":[{"name":"wp","href":"https:\/\/api.w.org\/{rel}","templated":true}]}}