{"id":2599,"date":"2024-03-28T22:02:30","date_gmt":"2024-03-28T14:02:30","guid":{"rendered":"https:\/\/www.okval.com\/?post_type=product&#038;p=2599"},"modified":"2024-03-31T13:58:45","modified_gmt":"2024-03-31T05:58:45","slug":"joint-de-dilatation-en-caoutchouc","status":"publish","type":"product","link":"https:\/\/www.okval.com\/fr\/joint-de-dilatation-en-caoutchouc-html","title":{"rendered":"Joint de dilatation en caoutchouc"},"content":{"rendered":"","protected":false},"excerpt":{"rendered":"<p>Les joints de dilatation en caoutchouc sont constitu\u00e9s d&#039;un rev\u00eatement ext\u00e9rieur et d&#039;un rev\u00eatement int\u00e9rieur moyennement r\u00e9sistants, puis d&#039;un renfort r\u00e9sistant \u00e0 la pression.<\/p>","protected":false},"featured_media":2600,"template":"","meta":[],"product_brand":[],"product_cat":[164],"product_tag":[233],"class_list":{"0":"post-2599","1":"product","2":"type-product","3":"status-publish","4":"has-post-thumbnail","6":"product_cat-rubber-expansion-joint","7":"product_tag-rubber-expansion-joint","9":"first","10":"instock","11":"shipping-taxable","12":"product-type-simple"},"aioseo_notices":[],"_links":{"self":[{"href":"https:\/\/www.okval.com\/fr\/wp-json\/wp\/v2\/product\/2599","targetHints":{"allow":["GET"]}}],"collection":[{"href":"https:\/\/www.okval.com\/fr\/wp-json\/wp\/v2\/product"}],"about":[{"href":"https:\/\/www.okval.com\/fr\/wp-json\/wp\/v2\/types\/product"}],"wp:featuredmedia":[{"embeddable":true,"href":"https:\/\/www.okval.com\/fr\/wp-json\/wp\/v2\/media\/2600"}],"wp:attachment":[{"href":"https:\/\/www.okval.com\/fr\/wp-json\/wp\/v2\/media?parent=2599"}],"wp:term":[{"taxonomy":"product_brand","embeddable":true,"href":"https:\/\/www.okval.com\/fr\/wp-json\/wp\/v2\/product_brand?post=2599"},{"taxonomy":"product_cat","embeddable":true,"href":"https:\/\/www.okval.com\/fr\/wp-json\/wp\/v2\/product_cat?post=2599"},{"taxonomy":"product_tag","embeddable":true,"href":"https:\/\/www.okval.com\/fr\/wp-json\/wp\/v2\/product_tag?post=2599"}],"curies":[{"name":"wp","href":"https:\/\/api.w.org\/{rel}","templated":true}]}}