{"id":2596,"date":"2024-03-28T21:53:18","date_gmt":"2024-03-28T13:53:18","guid":{"rendered":"https:\/\/www.okval.com\/?post_type=product&#038;p=2596"},"modified":"2024-03-31T14:03:52","modified_gmt":"2024-03-31T06:03:52","slug":"bride","status":"publish","type":"product","link":"https:\/\/www.okval.com\/fr\/bride-html","title":{"rendered":"Bride"},"content":{"rendered":"","protected":false},"excerpt":{"rendered":"<p>Une bride est une cr\u00eate, une l\u00e8vre ou un bord en saillie, externe ou interne, qui sert \u00e0 augmenter la r\u00e9sistance\u00a0; pour une fixation\/transfert facile de la force de contact avec un autre objet ; ou pour stabiliser et guider les mouvements d&#039;une machine ou de ses pi\u00e8ces.<\/p>","protected":false},"featured_media":2651,"template":"","meta":[],"product_brand":[],"product_cat":[162],"product_tag":[231],"class_list":{"0":"post-2596","1":"product","2":"type-product","3":"status-publish","4":"has-post-thumbnail","6":"product_cat-flanges","7":"product_tag-flange","9":"first","10":"instock","11":"shipping-taxable","12":"product-type-simple"},"aioseo_notices":[],"_links":{"self":[{"href":"https:\/\/www.okval.com\/fr\/wp-json\/wp\/v2\/product\/2596","targetHints":{"allow":["GET"]}}],"collection":[{"href":"https:\/\/www.okval.com\/fr\/wp-json\/wp\/v2\/product"}],"about":[{"href":"https:\/\/www.okval.com\/fr\/wp-json\/wp\/v2\/types\/product"}],"wp:featuredmedia":[{"embeddable":true,"href":"https:\/\/www.okval.com\/fr\/wp-json\/wp\/v2\/media\/2651"}],"wp:attachment":[{"href":"https:\/\/www.okval.com\/fr\/wp-json\/wp\/v2\/media?parent=2596"}],"wp:term":[{"taxonomy":"product_brand","embeddable":true,"href":"https:\/\/www.okval.com\/fr\/wp-json\/wp\/v2\/product_brand?post=2596"},{"taxonomy":"product_cat","embeddable":true,"href":"https:\/\/www.okval.com\/fr\/wp-json\/wp\/v2\/product_cat?post=2596"},{"taxonomy":"product_tag","embeddable":true,"href":"https:\/\/www.okval.com\/fr\/wp-json\/wp\/v2\/product_tag?post=2596"}],"curies":[{"name":"wp","href":"https:\/\/api.w.org\/{rel}","templated":true}]}}