{"id":2595,"date":"2024-03-28T21:52:37","date_gmt":"2024-03-28T13:52:37","guid":{"rendered":"https:\/\/www.okval.com\/?post_type=product&#038;p=2595"},"modified":"2024-04-03T14:45:43","modified_gmt":"2024-04-03T06:45:43","slug":"couvercle-de-trou-dhomme","status":"publish","type":"product","link":"https:\/\/www.okval.com\/fr\/plaque-degout-html","title":{"rendered":"Couvercle de trou d&#039;homme"},"content":{"rendered":"<p>DESCRIPTION<br \/>\nDispositif circulaire en acier ductile.<br \/>\nConforme \u00e0 la classe D.400 de la norme UNI AT 124.<br \/>\nForce d&#039;essai 400 KN. Anneau en t\u00f4le d&#039;acier plat de 5 mm d&#039;\u00e9paisseur. Renforcement de barres d&#039;acier rondes de 012 mm.<\/p>\n<p>ZONE D&#039;INSTALLATION<br \/>\nL&#039;installation est recommand\u00e9e pour le NCH2080 sur les trottoirs des parkings et les all\u00e9es avec circulation en ville. De plus, les zones pi\u00e9tonnes et zones assimil\u00e9es.<\/p>\n<p>ENROBAGE<br \/>\nLe rev\u00eatement anticorrosion.<\/p>","protected":false},"excerpt":{"rendered":"<p>Le couvercle de trou d&#039;homme ou couvercle de trou de maintenance est une plaque amovible formant le couvercle sur l&#039;ouverture d&#039;un trou d&#039;homme, une ouverture suffisamment grande pour qu&#039;une personne puisse passer et utilis\u00e9e comme point d&#039;acc\u00e8s pour une vo\u00fbte ou un tuyau souterrain. Il est con\u00e7u pour emp\u00eacher quiconque ou quoi que ce soit de tomber, ainsi que pour \u00e9loigner les personnes et le mat\u00e9riel non autoris\u00e9s.<\/p>","protected":false},"featured_media":2642,"template":"","meta":[],"product_brand":[],"product_cat":[161],"product_tag":[230],"class_list":{"0":"post-2595","1":"product","2":"type-product","3":"status-publish","4":"has-post-thumbnail","6":"product_cat-manhole-cover","7":"product_tag-manhole-cover","9":"first","10":"instock","11":"featured","12":"shipping-taxable","13":"product-type-simple"},"aioseo_notices":[],"_links":{"self":[{"href":"https:\/\/www.okval.com\/fr\/wp-json\/wp\/v2\/product\/2595","targetHints":{"allow":["GET"]}}],"collection":[{"href":"https:\/\/www.okval.com\/fr\/wp-json\/wp\/v2\/product"}],"about":[{"href":"https:\/\/www.okval.com\/fr\/wp-json\/wp\/v2\/types\/product"}],"wp:featuredmedia":[{"embeddable":true,"href":"https:\/\/www.okval.com\/fr\/wp-json\/wp\/v2\/media\/2642"}],"wp:attachment":[{"href":"https:\/\/www.okval.com\/fr\/wp-json\/wp\/v2\/media?parent=2595"}],"wp:term":[{"taxonomy":"product_brand","embeddable":true,"href":"https:\/\/www.okval.com\/fr\/wp-json\/wp\/v2\/product_brand?post=2595"},{"taxonomy":"product_cat","embeddable":true,"href":"https:\/\/www.okval.com\/fr\/wp-json\/wp\/v2\/product_cat?post=2595"},{"taxonomy":"product_tag","embeddable":true,"href":"https:\/\/www.okval.com\/fr\/wp-json\/wp\/v2\/product_tag?post=2595"}],"curies":[{"name":"wp","href":"https:\/\/api.w.org\/{rel}","templated":true}]}}