{"id":2593,"date":"2024-03-28T21:44:51","date_gmt":"2024-03-28T13:44:51","guid":{"rendered":"https:\/\/www.okval.com\/?post_type=product&#038;p=2593"},"modified":"2024-03-31T14:57:41","modified_gmt":"2024-03-31T06:57:41","slug":"vanne-a-membrane","status":"publish","type":"product","link":"https:\/\/www.okval.com\/fr\/vanne-a-membrane-html","title":{"rendered":"Vanne \u00e0 membrane"},"content":{"rendered":"","protected":false},"excerpt":{"rendered":"<p>Les vannes \u00e0 membrane sont des papillons bidirectionnels tout ou rien. Ils sont utilis\u00e9s pour contr\u00f4ler le d\u00e9bit de fluide en r\u00e9gulant la zone avec laquelle le fluide peut entrer et sortir de la vanne, modifiant ainsi efficacement sa vitesse et sa v\u00e9locit\u00e9.<\/p>","protected":false},"featured_media":2614,"template":"","meta":[],"product_brand":[],"product_cat":[159,189],"product_tag":[227],"class_list":{"0":"post-2593","1":"product","2":"type-product","3":"status-publish","4":"has-post-thumbnail","6":"product_cat-valves","7":"product_cat-diaphragm-valve","8":"product_tag-diaphragm-valve","10":"first","11":"instock","12":"shipping-taxable","13":"product-type-simple"},"aioseo_notices":[],"_links":{"self":[{"href":"https:\/\/www.okval.com\/fr\/wp-json\/wp\/v2\/product\/2593","targetHints":{"allow":["GET"]}}],"collection":[{"href":"https:\/\/www.okval.com\/fr\/wp-json\/wp\/v2\/product"}],"about":[{"href":"https:\/\/www.okval.com\/fr\/wp-json\/wp\/v2\/types\/product"}],"wp:featuredmedia":[{"embeddable":true,"href":"https:\/\/www.okval.com\/fr\/wp-json\/wp\/v2\/media\/2614"}],"wp:attachment":[{"href":"https:\/\/www.okval.com\/fr\/wp-json\/wp\/v2\/media?parent=2593"}],"wp:term":[{"taxonomy":"product_brand","embeddable":true,"href":"https:\/\/www.okval.com\/fr\/wp-json\/wp\/v2\/product_brand?post=2593"},{"taxonomy":"product_cat","embeddable":true,"href":"https:\/\/www.okval.com\/fr\/wp-json\/wp\/v2\/product_cat?post=2593"},{"taxonomy":"product_tag","embeddable":true,"href":"https:\/\/www.okval.com\/fr\/wp-json\/wp\/v2\/product_tag?post=2593"}],"curies":[{"name":"wp","href":"https:\/\/api.w.org\/{rel}","templated":true}]}}