{"id":2591,"date":"2024-03-28T21:29:49","date_gmt":"2024-03-28T13:29:49","guid":{"rendered":"https:\/\/www.okval.com\/?post_type=product&#038;p=2591"},"modified":"2024-06-19T14:37:33","modified_gmt":"2024-06-19T06:37:33","slug":"clapet-anti-retour-a-pied","status":"publish","type":"product","link":"https:\/\/www.okval.com\/fr\/clapet-de-pied-html","title":{"rendered":"Clapet de pied"},"content":{"rendered":"<p>&nbsp;<\/p>\n<p>Clapet de pied OKVAL<br \/>\nClapet anti-retour \u00e0 pied<br \/>\nAccessoires de pompe<br \/>\nPression nominale\u00a0: PN16 \/ PN10<br \/>\nMilieu de travail\u00a0:\u00a0eau<br \/>\nTemp\u00e9rature de fonctionnement : -20\u02daC\u202680\u02daC pour EPDM<br \/>\n\u00c9cran en acier inoxydable<br \/>\n\u00c0 bride selon BS 4504 \/ BS EN1092<\/p>\n<p>Tarte \u00e0 valve de r\u00e9tention<br \/>\n#Bombas<br \/>\nDisco en hierro d\u00factil GJS 500-7.<br \/>\nCollar\u00edn en lat\u00f3n forjado BS2874 CA104.<br \/>\nIl est en acier inoxydable BS970.<br \/>\nVendu en EPDM EN 681-1.<br \/>\nFiltre en acier inoxydable SS431.<\/p>\n<p>CLAPET DE PIED CR\u00c9PINE<\/p>\n<p>Raccordement \u00e0 bride PN10 perfor\u00e9, pour raccord de conduite<br \/>\nGrand diam\u00e8tre de la perforation du filtre<br \/>\nFaible r\u00e9sistance d&#039;admission gr\u00e2ce \u00e0 une configuration favorisant l&#039;\u00e9coulement<br \/>\nFonte moul\u00e9e\/caoutchouc \u00e0 joint souple<br \/>\nMari\u00e9es selon EN 1092-2<br \/>\nCorps fonte EN GJL-250 rev\u00eatu \u00e9poxy (Sauf DN 500 : EN-GJS-400).<br \/>\nRessort en acier inoxydable.<br \/>\nCr\u00e9pine en acier galvanis\u00e9.<img decoding=\"async\" class=\"alignnone size-full wp-image-2880\" src=\"https:\/\/www.okval.com\/wp-content\/uploads\/2024\/03\/FOOT-VALVE-S1-1.jpg\" alt=\"Clapet de pied OKVAL Clapet anti-retour Accessoires de pompe Pression nominale : PN16 \/ PN10 Fluide de travail : Eau Temp\u00e9rature de fonctionnement : -20\u02daC...80\u02daC pour \u00e9cran en acier inoxydable EPDM \u00e0 bride selon BS 4504 \/ BS EN1092 V\u00e1lvula de retenci\u00f3n pie #Bombas Disco fr hierro d\u00factil GJS 500-7. Collar\u00edn en lat\u00f3n forjado BS2874 CA104. Il est en acier inoxydable BS970. Vendu en EPDM EN 681-1. Filtre en acier inoxydable SS431. CLAPET DE PIED CR\u00c9PINE Raccordement \u00e0 bride PN10 perfor\u00e9, pour raccord de conduite Grand diam\u00e8tre de la perforation de filtre Faible r\u00e9sistance d&#039;admission gr\u00e2ce \u00e0 une configuration favorisant l&#039;\u00e9coulement Fonte moul\u00e9e\/caoutchouc \u00e0 joint souple Brides selon EN 1092-2 Corps fonte EN GJL -250 rev\u00eatu \u00e9poxy (Sauf DN 500 : EN-GJS-400). Ressort en acier inoxydable. Cr\u00e9pine en acier galvanis\u00e9.\" \/><\/p>\n<p>&nbsp;<\/p>","protected":false},"excerpt":{"rendered":"<p>Les clapets de pied sont utilis\u00e9s \u00e0 l&#039;extr\u00e9mit\u00e9 d&#039;une conduite d&#039;aspiration provenant d&#039;une source d&#039;eau externe pour maintenir la pompe amorc\u00e9e \u00e0 tout moment gr\u00e2ce au clapet anti-retour int\u00e9gr\u00e9 et pour \u00e9viter que des boues, d\u00e9bris, feuilles ou biomati\u00e8res ind\u00e9sirables ne p\u00e9n\u00e8trent dans la pompe. la conduite, \u00e0 l&#039;aide d&#039;une cr\u00e9pine ou d&#039;un filtre.<\/p>","protected":false},"featured_media":2879,"template":"","meta":[],"product_brand":[],"product_cat":[159,187],"product_tag":[269],"class_list":{"0":"post-2591","1":"product","2":"type-product","3":"status-publish","4":"has-post-thumbnail","6":"product_cat-valves","7":"product_cat-foot-valve","8":"product_tag-foot-valvefoot-check-valvepump-accessoriesvalvula-de-retencion-pie","10":"first","11":"instock","12":"shipping-taxable","13":"product-type-simple"},"aioseo_notices":[],"_links":{"self":[{"href":"https:\/\/www.okval.com\/fr\/wp-json\/wp\/v2\/product\/2591","targetHints":{"allow":["GET"]}}],"collection":[{"href":"https:\/\/www.okval.com\/fr\/wp-json\/wp\/v2\/product"}],"about":[{"href":"https:\/\/www.okval.com\/fr\/wp-json\/wp\/v2\/types\/product"}],"wp:featuredmedia":[{"embeddable":true,"href":"https:\/\/www.okval.com\/fr\/wp-json\/wp\/v2\/media\/2879"}],"wp:attachment":[{"href":"https:\/\/www.okval.com\/fr\/wp-json\/wp\/v2\/media?parent=2591"}],"wp:term":[{"taxonomy":"product_brand","embeddable":true,"href":"https:\/\/www.okval.com\/fr\/wp-json\/wp\/v2\/product_brand?post=2591"},{"taxonomy":"product_cat","embeddable":true,"href":"https:\/\/www.okval.com\/fr\/wp-json\/wp\/v2\/product_cat?post=2591"},{"taxonomy":"product_tag","embeddable":true,"href":"https:\/\/www.okval.com\/fr\/wp-json\/wp\/v2\/product_tag?post=2591"}],"curies":[{"name":"wp","href":"https:\/\/api.w.org\/{rel}","templated":true}]}}