{"id":2590,"date":"2024-03-28T21:25:21","date_gmt":"2024-03-28T13:25:21","guid":{"rendered":"https:\/\/www.okval.com\/?post_type=product&#038;p=2590"},"modified":"2024-03-31T15:39:07","modified_gmt":"2024-03-31T07:39:07","slug":"panier-filtre-t-crepine","status":"publish","type":"product","link":"https:\/\/www.okval.com\/fr\/filtre-a-panier-t-tamis-html","title":{"rendered":"Filtre \u00e0 panier Filtre en T"},"content":{"rendered":"<ul>\n<li>Norme de bride\u00a0: EN1092-2<\/li>\n<li>Connexion\u00a0: Extr\u00e9mit\u00e9 \u00e0 bride<\/li>\n<li>Joint : EPDM\/NBR<\/li>\n<li>Pression\u00a0: PN10, PN16,<\/li>\n<li>Taille : DN40 \u2013 600 (1-1\/2\u201d \u2013 24\u201d)<\/li>\n<\/ul>","protected":false},"excerpt":{"rendered":"<p>Un filtre en T est un filtre courant dans les applications industrielles et commerciales pour \u00e9liminer les d\u00e9bris et les contaminants des liquides et des gaz.<\/p>","protected":false},"featured_media":2554,"template":"","meta":[],"product_brand":[],"product_cat":[159,183],"product_tag":[224],"class_list":{"0":"post-2590","1":"product","2":"type-product","3":"status-publish","4":"has-post-thumbnail","6":"product_cat-valves","7":"product_cat-basket-filter-t-strainer","8":"product_tag-basket-filter-t-strainer","10":"first","11":"instock","12":"shipping-taxable","13":"product-type-simple"},"aioseo_notices":[],"_links":{"self":[{"href":"https:\/\/www.okval.com\/fr\/wp-json\/wp\/v2\/product\/2590","targetHints":{"allow":["GET"]}}],"collection":[{"href":"https:\/\/www.okval.com\/fr\/wp-json\/wp\/v2\/product"}],"about":[{"href":"https:\/\/www.okval.com\/fr\/wp-json\/wp\/v2\/types\/product"}],"wp:featuredmedia":[{"embeddable":true,"href":"https:\/\/www.okval.com\/fr\/wp-json\/wp\/v2\/media\/2554"}],"wp:attachment":[{"href":"https:\/\/www.okval.com\/fr\/wp-json\/wp\/v2\/media?parent=2590"}],"wp:term":[{"taxonomy":"product_brand","embeddable":true,"href":"https:\/\/www.okval.com\/fr\/wp-json\/wp\/v2\/product_brand?post=2590"},{"taxonomy":"product_cat","embeddable":true,"href":"https:\/\/www.okval.com\/fr\/wp-json\/wp\/v2\/product_cat?post=2590"},{"taxonomy":"product_tag","embeddable":true,"href":"https:\/\/www.okval.com\/fr\/wp-json\/wp\/v2\/product_tag?post=2590"}],"curies":[{"name":"wp","href":"https:\/\/api.w.org\/{rel}","templated":true}]}}