{"id":2588,"date":"2024-03-28T21:05:16","date_gmt":"2024-03-28T13:05:16","guid":{"rendered":"https:\/\/www.okval.com\/?post_type=product&#038;p=2588"},"modified":"2024-03-31T15:42:19","modified_gmt":"2024-03-31T07:42:19","slug":"soupape-de-commande","status":"publish","type":"product","link":"https:\/\/www.okval.com\/fr\/vanne-de-regulation-html","title":{"rendered":"Soupape de commande"},"content":{"rendered":"<p>Conception\u00a0: DN1074, ANSI<\/p>\n<p>Connexion\u00a0: Extr\u00e9mit\u00e9 \u00e0 bride<\/p>\n<p>Pression\u00a0: PN10, PN16, PN25, 125LB, 150LB<\/p>\n<p>Taille : DN40 \u2013 DN600 (1-1\/2&quot;-24&quot;)<\/p>","protected":false},"excerpt":{"rendered":"<p>Les vannes de r\u00e9gulation sont des dispositifs de contr\u00f4le utilis\u00e9s pour g\u00e9rer et contr\u00f4ler le d\u00e9bit, la pression, la temp\u00e9rature ou le niveau de liquide en faisant varier la taille du passage d&#039;\u00e9coulement. Dans les syst\u00e8mes de traitement des puits de production, des usines p\u00e9troli\u00e8res et gazi\u00e8res, des industries chimiques et p\u00e9trochimiques, des raffineries et des centrales \u00e9lectriques, les vannes de r\u00e9gulation sont fr\u00e9quemment utilis\u00e9es pour contr\u00f4ler ou g\u00e9rer l&#039;un des param\u00e8tres du processus.<\/p>","protected":false},"featured_media":2558,"template":"","meta":[],"product_brand":[],"product_cat":[159,208],"product_tag":[223],"class_list":{"0":"post-2588","1":"product","2":"type-product","3":"status-publish","4":"has-post-thumbnail","6":"product_cat-valves","7":"product_cat-control-valve","8":"product_tag-control-valve","10":"first","11":"instock","12":"shipping-taxable","13":"product-type-simple"},"aioseo_notices":[],"_links":{"self":[{"href":"https:\/\/www.okval.com\/fr\/wp-json\/wp\/v2\/product\/2588","targetHints":{"allow":["GET"]}}],"collection":[{"href":"https:\/\/www.okval.com\/fr\/wp-json\/wp\/v2\/product"}],"about":[{"href":"https:\/\/www.okval.com\/fr\/wp-json\/wp\/v2\/types\/product"}],"wp:featuredmedia":[{"embeddable":true,"href":"https:\/\/www.okval.com\/fr\/wp-json\/wp\/v2\/media\/2558"}],"wp:attachment":[{"href":"https:\/\/www.okval.com\/fr\/wp-json\/wp\/v2\/media?parent=2588"}],"wp:term":[{"taxonomy":"product_brand","embeddable":true,"href":"https:\/\/www.okval.com\/fr\/wp-json\/wp\/v2\/product_brand?post=2588"},{"taxonomy":"product_cat","embeddable":true,"href":"https:\/\/www.okval.com\/fr\/wp-json\/wp\/v2\/product_cat?post=2588"},{"taxonomy":"product_tag","embeddable":true,"href":"https:\/\/www.okval.com\/fr\/wp-json\/wp\/v2\/product_tag?post=2588"}],"curies":[{"name":"wp","href":"https:\/\/api.w.org\/{rel}","templated":true}]}}