{"id":2587,"date":"2024-03-28T20:57:03","date_gmt":"2024-03-28T12:57:03","guid":{"rendered":"https:\/\/www.okval.com\/?post_type=product&#038;p=2587"},"modified":"2024-03-31T15:41:33","modified_gmt":"2024-03-31T07:41:33","slug":"clapet","status":"publish","type":"product","link":"https:\/\/www.okval.com\/fr\/clapet-a-clapet-html","title":{"rendered":"Clapet"},"content":{"rendered":"<p>Norme de bride\u00a0: EN1092-2, ANSI B16.1<\/p>\n<p>Connexion : extr\u00e9mit\u00e9 \u00e0 bride<\/p>\n<p>Joint : Caoutchouc\/M\u00e9tal<\/p>\n<p>Pression\u00a0: PN10, PN16, 125LB, 150LB<\/p>\n<p>Taille : DN40 \u2013 600 (1-1\/2&quot;-24&quot;)<\/p>","protected":false},"excerpt":{"rendered":"<p>Les vannes unidirectionnelles plac\u00e9es \u00e0 l&#039;extr\u00e9mit\u00e9 ouverte d&#039;un pipeline ou d&#039;un ponceau sont appel\u00e9es vannes \u00e0 clapet. Leur fonction est de permettre \u00e0 l&#039;eau en aval de quitter le tuyau par une porte \u00e0 clapet unidirectionnelle tout en emp\u00eachant la mont\u00e9e des niveaux d&#039;eau \u00e0 l&#039;ext\u00e9rieur du tuyau d&#039;entrer dans le tuyau et d&#039;inonder la zone prot\u00e9g\u00e9e.<\/p>","protected":false},"featured_media":2550,"template":"","meta":[],"product_brand":[],"product_cat":[159,185],"product_tag":[222],"class_list":{"0":"post-2587","1":"product","2":"type-product","3":"status-publish","4":"has-post-thumbnail","6":"product_cat-valves","7":"product_cat-flap-valve","8":"product_tag-flap-valve","10":"first","11":"instock","12":"shipping-taxable","13":"product-type-simple"},"aioseo_notices":[],"_links":{"self":[{"href":"https:\/\/www.okval.com\/fr\/wp-json\/wp\/v2\/product\/2587","targetHints":{"allow":["GET"]}}],"collection":[{"href":"https:\/\/www.okval.com\/fr\/wp-json\/wp\/v2\/product"}],"about":[{"href":"https:\/\/www.okval.com\/fr\/wp-json\/wp\/v2\/types\/product"}],"wp:featuredmedia":[{"embeddable":true,"href":"https:\/\/www.okval.com\/fr\/wp-json\/wp\/v2\/media\/2550"}],"wp:attachment":[{"href":"https:\/\/www.okval.com\/fr\/wp-json\/wp\/v2\/media?parent=2587"}],"wp:term":[{"taxonomy":"product_brand","embeddable":true,"href":"https:\/\/www.okval.com\/fr\/wp-json\/wp\/v2\/product_brand?post=2587"},{"taxonomy":"product_cat","embeddable":true,"href":"https:\/\/www.okval.com\/fr\/wp-json\/wp\/v2\/product_cat?post=2587"},{"taxonomy":"product_tag","embeddable":true,"href":"https:\/\/www.okval.com\/fr\/wp-json\/wp\/v2\/product_tag?post=2587"}],"curies":[{"name":"wp","href":"https:\/\/api.w.org\/{rel}","templated":true}]}}